{"id":1323,"date":"2026-01-19T14:43:53","date_gmt":"2026-01-19T13:43:53","guid":{"rendered":"https:\/\/agora.xtec.cat\/llar-barrufets\/?page_id=1323"},"modified":"2026-01-19T14:49:27","modified_gmt":"2026-01-19T13:49:27","slug":"documents-de-centre","status":"publish","type":"page","link":"https:\/\/agora.xtec.cat\/llar-barrufets\/documents-de-centre\/","title":{"rendered":"Documents de centre"},"content":{"rendered":"<p>Actualment, la secci\u00f3 est\u00e0 en construcci\u00f3 i en breu s\u2019hi aniran publicant els documents.<\/p>\n","protected":false},"excerpt":{"rendered":"<p>Actualment, la secci\u00f3 est\u00e0 en construcci\u00f3 i en breu s\u2019hi aniran publicant els documents.<\/p>\n","protected":false},"author":1,"featured_media":0,"parent":0,"menu_order":0,"comment_status":"closed","ping_status":"closed","template":"","meta":{"_bbp_topic_count":0,"_bbp_reply_count":0,"_bbp_total_topic_count":0,"_bbp_total_reply_count":0,"_bbp_voice_count":0,"_bbp_anonymous_reply_count":0,"_bbp_topic_count_hidden":0,"_bbp_reply_count_hidden":0,"_bbp_forum_subforum_count":0,"footnotes":""},"class_list":["post-1323","page","type-page","status-publish","hentry"],"post_mailing_queue_ids":[],"_links":{"self":[{"href":"https:\/\/agora.xtec.cat\/llar-barrufets\/wp-json\/wp\/v2\/pages\/1323","targetHints":{"allow":["GET"]}}],"collection":[{"href":"https:\/\/agora.xtec.cat\/llar-barrufets\/wp-json\/wp\/v2\/pages"}],"about":[{"href":"https:\/\/agora.xtec.cat\/llar-barrufets\/wp-json\/wp\/v2\/types\/page"}],"author":[{"embeddable":true,"href":"https:\/\/agora.xtec.cat\/llar-barrufets\/wp-json\/wp\/v2\/users\/1"}],"replies":[{"embeddable":true,"href":"https:\/\/agora.xtec.cat\/llar-barrufets\/wp-json\/wp\/v2\/comments?post=1323"}],"version-history":[{"count":4,"href":"https:\/\/agora.xtec.cat\/llar-barrufets\/wp-json\/wp\/v2\/pages\/1323\/revisions"}],"predecessor-version":[{"id":1333,"href":"https:\/\/agora.xtec.cat\/llar-barrufets\/wp-json\/wp\/v2\/pages\/1323\/revisions\/1333"}],"wp:attachment":[{"href":"https:\/\/agora.xtec.cat\/llar-barrufets\/wp-json\/wp\/v2\/media?parent=1323"}],"curies":[{"name":"wp","href":"https:\/\/api.w.org\/{rel}","templated":true}]}}