{"id":73,"date":"2014-09-18T14:01:51","date_gmt":"2014-09-18T13:01:51","guid":{"rendered":"http:\/\/agora.xtec.cat\/llar-arrel-cervera\/?page_id=73"},"modified":"2025-09-18T11:00:00","modified_gmt":"2025-09-18T09:00:00","slug":"menjador-escolar","status":"publish","type":"page","link":"https:\/\/agora.xtec.cat\/llar-arrel-cervera\/serveis\/menjador-escolar\/","title":{"rendered":"Menjador escolar"},"content":{"rendered":"<hr \/>\n<ul>\n<li>El menjar s&#8217;elabora a la mateixa llar per la cuinera i tamb\u00e9 l&#8217;ajudant de cuina\/feinera en les hores m\u00e9s puntuals.<\/li>\n<li>Els men\u00fas s\u00f3n confeccionats per l\u2019equip, sota el criteri de la secci\u00f3 de salut del Departament d\u2019Ensenyament i Formaci\u00f3 Professional de la Generalitat de Catalunya.<\/li>\n<li>Els r\u00e8gims per controlar un cas de descomposici\u00f3 (diarrea) no podr\u00e0 durar m\u00e9s de 3 dies.<\/li>\n<li>En cas d&#8217;haver de realitzar dietes o r\u00e8gims especials, per motius de salut (<strong>al\u00b7l\u00e8rgies\/intoler\u00e0ncies<\/strong>), cal dur la prescripci\u00f3 del\/la pediatre\/a.<\/li>\n<li>Al grup de Lactants (Infantil 0), es respectaran les introduccions aliment\u00e0ries que dicti el seu\/seva pediatre\/a i els horaris que estiguin acostumats, fins que, a poc a poc, i a mesura que vagin creixent, s\u2019aniran habituant al ritme de l\u2019escola.<\/li>\n<li>L\u2019horari dels \u00e0pats, s\u00f3n:<strong>\u00a0 \u00a0 <\/strong>\n<ul>\n<li><strong>12:00 <\/strong>hores el dinar<\/li>\n<li><strong style=\"font-family: inherit; font-size: 1em;\">16:00 <\/strong><span style=\"font-family: inherit; font-size: 1em;\">hores el berenar<\/span><\/li>\n<\/ul>\n<\/li>\n<\/ul>\n<p>&nbsp;<\/p>\n<p>&nbsp;<\/p>\n<p style=\"text-align: center;\"><a href=\"https:\/\/agora.xtec.cat\/llar-arrel-cervera\/wp-content\/uploads\/usu2579\/2025\/09\/1.png\"><img loading=\"lazy\" decoding=\"async\" class=\"aligncenter wp-image-801 size-large\" src=\"https:\/\/agora.xtec.cat\/llar-arrel-cervera\/wp-content\/uploads\/usu2579\/2025\/09\/1-e1758182262843-1024x621.png\" alt=\"\" width=\"1024\" height=\"621\" srcset=\"https:\/\/agora.xtec.cat\/llar-arrel-cervera\/wp-content\/uploads\/usu2579\/2025\/09\/1-e1758182262843-1024x621.png 1024w, https:\/\/agora.xtec.cat\/llar-arrel-cervera\/wp-content\/uploads\/usu2579\/2025\/09\/1-e1758182262843-300x182.png 300w, https:\/\/agora.xtec.cat\/llar-arrel-cervera\/wp-content\/uploads\/usu2579\/2025\/09\/1-e1758182262843-768x466.png 768w, https:\/\/agora.xtec.cat\/llar-arrel-cervera\/wp-content\/uploads\/usu2579\/2025\/09\/1-e1758182262843-1536x932.png 1536w, https:\/\/agora.xtec.cat\/llar-arrel-cervera\/wp-content\/uploads\/usu2579\/2025\/09\/1-e1758182262843-2048x1242.png 2048w\" sizes=\"auto, (max-width: 1024px) 100vw, 1024px\" \/><\/a><a href=\"https:\/\/agora.xtec.cat\/llar-arrel-cervera\/wp-content\/uploads\/usu2579\/2025\/09\/2-1.png\"><img loading=\"lazy\" decoding=\"async\" class=\"alignnone size-large wp-image-809 aligncenter\" src=\"https:\/\/agora.xtec.cat\/llar-arrel-cervera\/wp-content\/uploads\/usu2579\/2025\/09\/2-1-1024x724.png\" alt=\"\" width=\"1024\" height=\"724\" srcset=\"https:\/\/agora.xtec.cat\/llar-arrel-cervera\/wp-content\/uploads\/usu2579\/2025\/09\/2-1-1024x724.png 1024w, https:\/\/agora.xtec.cat\/llar-arrel-cervera\/wp-content\/uploads\/usu2579\/2025\/09\/2-1-300x212.png 300w, https:\/\/agora.xtec.cat\/llar-arrel-cervera\/wp-content\/uploads\/usu2579\/2025\/09\/2-1-768x543.png 768w, https:\/\/agora.xtec.cat\/llar-arrel-cervera\/wp-content\/uploads\/usu2579\/2025\/09\/2-1-1536x1086.png 1536w, https:\/\/agora.xtec.cat\/llar-arrel-cervera\/wp-content\/uploads\/usu2579\/2025\/09\/2-1-2048x1448.png 2048w\" sizes=\"auto, (max-width: 1024px) 100vw, 1024px\" \/><\/a><\/p>\n<p style=\"text-align: center;\"><a href=\"https:\/\/agora.xtec.cat\/llar-arrel-cervera\/wp-content\/uploads\/usu2579\/2025\/09\/3-1.png\"><img loading=\"lazy\" decoding=\"async\" class=\"alignnone size-large wp-image-810\" src=\"https:\/\/agora.xtec.cat\/llar-arrel-cervera\/wp-content\/uploads\/usu2579\/2025\/09\/3-1-1024x724.png\" alt=\"\" width=\"1024\" height=\"724\" srcset=\"https:\/\/agora.xtec.cat\/llar-arrel-cervera\/wp-content\/uploads\/usu2579\/2025\/09\/3-1-1024x724.png 1024w, https:\/\/agora.xtec.cat\/llar-arrel-cervera\/wp-content\/uploads\/usu2579\/2025\/09\/3-1-300x212.png 300w, https:\/\/agora.xtec.cat\/llar-arrel-cervera\/wp-content\/uploads\/usu2579\/2025\/09\/3-1-768x543.png 768w, https:\/\/agora.xtec.cat\/llar-arrel-cervera\/wp-content\/uploads\/usu2579\/2025\/09\/3-1-1536x1086.png 1536w, https:\/\/agora.xtec.cat\/llar-arrel-cervera\/wp-content\/uploads\/usu2579\/2025\/09\/3-1-2048x1448.png 2048w\" sizes=\"auto, (max-width: 1024px) 100vw, 1024px\" \/><\/a><\/p>\n<p style=\"text-align: center;\"><a href=\"https:\/\/agora.xtec.cat\/llar-arrel-cervera\/wp-content\/uploads\/usu2579\/2025\/09\/4-1.png\"><img loading=\"lazy\" decoding=\"async\" class=\"alignnone size-large wp-image-811\" src=\"https:\/\/agora.xtec.cat\/llar-arrel-cervera\/wp-content\/uploads\/usu2579\/2025\/09\/4-1-1024x724.png\" alt=\"\" width=\"1024\" height=\"724\" srcset=\"https:\/\/agora.xtec.cat\/llar-arrel-cervera\/wp-content\/uploads\/usu2579\/2025\/09\/4-1-1024x724.png 1024w, https:\/\/agora.xtec.cat\/llar-arrel-cervera\/wp-content\/uploads\/usu2579\/2025\/09\/4-1-300x212.png 300w, https:\/\/agora.xtec.cat\/llar-arrel-cervera\/wp-content\/uploads\/usu2579\/2025\/09\/4-1-768x543.png 768w, https:\/\/agora.xtec.cat\/llar-arrel-cervera\/wp-content\/uploads\/usu2579\/2025\/09\/4-1-1536x1086.png 1536w, https:\/\/agora.xtec.cat\/llar-arrel-cervera\/wp-content\/uploads\/usu2579\/2025\/09\/4-1-2048x1448.png 2048w\" sizes=\"auto, (max-width: 1024px) 100vw, 1024px\" \/><\/a><\/p>\n<hr \/>\n<p>&nbsp;<\/p>\n","protected":false},"excerpt":{"rendered":"<ul>\n<li>El menjar s&#8217;elabora a la mateixa llar per la cuinera i tamb\u00e9 l&#8217;ajudant de cuina\/feinera en les hores m\u00e9s puntuals.<\/li>\n<li>Els men\u00fas s\u00f3n confeccionats per l\u2019equip, sota el criteri de la secci\u00f3 de salut del Departament d\u2019Ensenyament i Formaci\u00f3 Professional de la Generalitat de Catalunya.<\/li>\n<li>Els r\u00e8gims&hellip;  <a href=\"https:\/\/agora.xtec.cat\/llar-arrel-cervera\/serveis\/menjador-escolar\/\" title=\"Read Menjador escolar\">Llegeix m\u00e9s\u00bb<\/a><br \/>\n","protected":false},"author":1,"featured_media":0,"parent":66,"menu_order":30,"comment_status":"closed","ping_status":"closed","template":"page-templates\/side-menu.php","meta":{"_bbp_topic_count":0,"_bbp_reply_count":0,"_bbp_total_topic_count":0,"_bbp_total_reply_count":0,"_bbp_voice_count":0,"_bbp_anonymous_reply_count":0,"_bbp_topic_count_hidden":0,"_bbp_reply_count_hidden":0,"_bbp_forum_subforum_count":0,"footnotes":""},"class_list":["post-73","page","type-page","status-publish","hentry"],"post_mailing_queue_ids":[],"_links":{"self":[{"href":"https:\/\/agora.xtec.cat\/llar-arrel-cervera\/wp-json\/wp\/v2\/pages\/73","targetHints":{"allow":["GET"]}}],"collection":[{"href":"https:\/\/agora.xtec.cat\/llar-arrel-cervera\/wp-json\/wp\/v2\/pages"}],"about":[{"href":"https:\/\/agora.xtec.cat\/llar-arrel-cervera\/wp-json\/wp\/v2\/types\/page"}],"author":[{"embeddable":true,"href":"https:\/\/agora.xtec.cat\/llar-arrel-cervera\/wp-json\/wp\/v2\/users\/1"}],"replies":[{"embeddable":true,"href":"https:\/\/agora.xtec.cat\/llar-arrel-cervera\/wp-json\/wp\/v2\/comments?post=73"}],"version-history":[{"count":6,"href":"https:\/\/agora.xtec.cat\/llar-arrel-cervera\/wp-json\/wp\/v2\/pages\/73\/revisions"}],"predecessor-version":[{"id":812,"href":"https:\/\/agora.xtec.cat\/llar-arrel-cervera\/wp-json\/wp\/v2\/pages\/73\/revisions\/812"}],"up":[{"embeddable":true,"href":"https:\/\/agora.xtec.cat\/llar-arrel-cervera\/wp-json\/wp\/v2\/pages\/66"}],"wp:attachment":[{"href":"https:\/\/agora.xtec.cat\/llar-arrel-cervera\/wp-json\/wp\/v2\/media?parent=73"}],"curies":[{"name":"wp","href":"https:\/\/api.w.org\/{rel}","templated":true}]}}