{"id":38,"date":"2014-09-18T12:34:08","date_gmt":"2014-09-18T11:34:08","guid":{"rendered":"http:\/\/agora.xtec.cat\/llar-arrel-cervera\/?page_id=38"},"modified":"2026-04-08T11:58:18","modified_gmt":"2026-04-08T09:58:18","slug":"salut","status":"publish","type":"page","link":"https:\/\/agora.xtec.cat\/llar-arrel-cervera\/lescola\/salut\/","title":{"rendered":"Salut"},"content":{"rendered":"<p>A continuaci\u00f3, trobareu l\u2019enlla\u00e7 amb les recomanacions del Departament d\u2019Educaci\u00f3 en relaci\u00f3 amb la no assist\u00e8ncia a la llar d\u2019infants en cas de diferents malalties.<\/p>\n<p><a href=\"https:\/\/scientiasalut.gencat.cat\/bitstream\/handle\/11351\/3061.4\/criteris-no-assistencia-alumnat-escola-llar-infants-malalties-transmisibles-2025.pdf?sequence=4&amp;isAllowed=y\" target=\"_blank\" rel=\"noopener\">+informaci\u00f3<\/a><\/p>\n<p>&nbsp;<\/p>\n<hr \/>\n<p>&nbsp;<\/p>\n<p>&nbsp;<\/p>\n<p>&nbsp;<\/p>\n<p>&nbsp;<\/p>\n","protected":false},"excerpt":{"rendered":"<p>A continuaci\u00f3, trobareu l\u2019enlla\u00e7 amb les recomanacions del Departament d\u2019Educaci\u00f3 en relaci\u00f3 amb la no assist\u00e8ncia a la llar d\u2019infants en cas de diferents malalties.<br \/>\n<a href=\"https:\/\/scientiasalut.gencat.cat\/bitstream\/handle\/11351\/3061.4\/criteris-no-assistencia-alumnat-escola-llar-infants-malalties-transmisibles-2025.pdf?sequence=4&amp;isAllowed=y\" target=\"_blank\" rel=\"noopener\">+informaci\u00f3<\/a><br \/>\n&nbsp;<\/p>\n<p>&nbsp;<br \/>\n&nbsp;<br \/>\n&nbsp;<br \/>\n&nbsp;<\/p>\n","protected":false},"author":1,"featured_media":0,"parent":22,"menu_order":80,"comment_status":"closed","ping_status":"closed","template":"page-templates\/side-menu.php","meta":{"_bbp_topic_count":0,"_bbp_reply_count":0,"_bbp_total_topic_count":0,"_bbp_total_reply_count":0,"_bbp_voice_count":0,"_bbp_anonymous_reply_count":0,"_bbp_topic_count_hidden":0,"_bbp_reply_count_hidden":0,"_bbp_forum_subforum_count":0,"footnotes":""},"class_list":["post-38","page","type-page","status-publish","hentry"],"post_mailing_queue_ids":[],"_links":{"self":[{"href":"https:\/\/agora.xtec.cat\/llar-arrel-cervera\/wp-json\/wp\/v2\/pages\/38","targetHints":{"allow":["GET"]}}],"collection":[{"href":"https:\/\/agora.xtec.cat\/llar-arrel-cervera\/wp-json\/wp\/v2\/pages"}],"about":[{"href":"https:\/\/agora.xtec.cat\/llar-arrel-cervera\/wp-json\/wp\/v2\/types\/page"}],"author":[{"embeddable":true,"href":"https:\/\/agora.xtec.cat\/llar-arrel-cervera\/wp-json\/wp\/v2\/users\/1"}],"replies":[{"embeddable":true,"href":"https:\/\/agora.xtec.cat\/llar-arrel-cervera\/wp-json\/wp\/v2\/comments?post=38"}],"version-history":[{"count":5,"href":"https:\/\/agora.xtec.cat\/llar-arrel-cervera\/wp-json\/wp\/v2\/pages\/38\/revisions"}],"predecessor-version":[{"id":846,"href":"https:\/\/agora.xtec.cat\/llar-arrel-cervera\/wp-json\/wp\/v2\/pages\/38\/revisions\/846"}],"up":[{"embeddable":true,"href":"https:\/\/agora.xtec.cat\/llar-arrel-cervera\/wp-json\/wp\/v2\/pages\/22"}],"wp:attachment":[{"href":"https:\/\/agora.xtec.cat\/llar-arrel-cervera\/wp-json\/wp\/v2\/media?parent=38"}],"curies":[{"name":"wp","href":"https:\/\/api.w.org\/{rel}","templated":true}]}}