{"id":26,"date":"2014-09-18T12:24:32","date_gmt":"2014-09-18T11:24:32","guid":{"rendered":"http:\/\/agora.xtec.cat\/llar-arrel-cervera\/?page_id=26"},"modified":"2025-09-16T18:58:33","modified_gmt":"2025-09-16T16:58:33","slug":"historia","status":"publish","type":"page","link":"https:\/\/agora.xtec.cat\/llar-arrel-cervera\/lescola\/historia\/","title":{"rendered":"Qui som?"},"content":{"rendered":"<hr \/>\n<p>Som un centre educatiu p\u00fablic del <a href=\"https:\/\/educacio.gencat.cat\/ca\/inici\/index.html\" target=\"_blank\" rel=\"noopener\">Departament d\u2019Educaci\u00f3 i Formaci\u00f3 Professional<\/a> de la Generalitat de Catalunya on s&#8217;atenen infants del primer cicle d&#8217;educaci\u00f3 infantil (de 0 a 3 anys). Per ser admesos, els infants han d&#8217;haver complert 16 setmanes a l&#8217;inici del curs.<\/p>\n<p>La llar d&#8217;infants \u00e9s un dels primers entorns de socialitzaci\u00f3. <strong>Els infants accedeixen per primera vegada al sistema educatiu<\/strong>, on comencen l&#8217;etapa en qu\u00e8 aprenen els valors i desenvolupen les aptituds que els ajudaran a cr\u00e9ixer. Els primers anys de vida dels infants s\u00f3n fonamentals per al seu desenvolupament futur i \u00e9s per aix\u00f2 que us acompanyem en aquest moment tan important per vosaltres i pels vostres infants.<\/p>\n<p>Es prioritza el desenvolupament del moviment i el control corporal, les primeres manifestacions del llenguatge i la comunicaci\u00f3 i les pautes elementals de conviv\u00e8ncia i relaci\u00f3 social, aix\u00ed com el descobriment de l\u2019entorn immediat.<\/p>\n<p>Partint del joc com a base de tot aprenentatge, intentem oferir un espai agradable i adequat que els aporti la possibilitat de tenir experi\u00e8ncies de descoberta i de relaci\u00f3 amb els altres per tal d&#8217;afavorir el seu desenvolupament global.<\/p>\n<p>Tenim com a finalitat col\u00b7laborar amb les fam\u00edlies en l\u2019educaci\u00f3 dels infants amb l\u2019objectiu d&#8217;ajudar-los a cr\u00e9ixer feli\u00e7os i respectuosos amb el m\u00f3n que els envolta i donem especial import\u00e0ncia a l\u2019estreta relaci\u00f3 i comunicaci\u00f3 entre fam\u00edlia i escola basada en el di\u00e0leg, la confian\u00e7a i el respecte mutu.<\/p>\n<p>Comptem tamb\u00e9 amb la col\u00b7laboraci\u00f3 de <a href=\"https:\/\/agora.xtec.cat\/llar-arrel-cervera\/categoria\/afa\/\">l\u2019AFA<\/a> (Associaci\u00f3 de Fam\u00edlies d&#8217;Alumnes) que participa de manera activa en l\u2019educaci\u00f3 de tots els infants de la llar.<\/p>\n<p>Les activitats i les festes populars que treballem (Castanyada, Nadal, Carnaval, Pasqua, Sant Jordi, etc) formen part de la programaci\u00f3 educativa com a actes tradicionals, amb la finalitat d\u2019incrementar els coneixements culturals i socials dels infants en interacci\u00f3 amb l\u2019entorn que els envolta.<\/p>\n<p>Tot l&#8217;equip de la llar d&#8217;infants estem en constant formaci\u00f3 per tal de cr\u00e9ixer professionalment i aix\u00f2 ens ajuda <span class=\"a_GcMg font-feature-liga-off font-feature-clig-off font-feature-calt-off text-decoration-none text-strikethrough-none\">a repensar la nostra pr\u00e0ctica i a fer canvis progressius en la metodologia, l\u2019organitzaci\u00f3 i l\u2019acompanyament als infants.<\/span><\/p>\n<p class=\"cvGsUA direction-ltr align-justify para-style-body\"><span class=\"a_GcMg font-feature-liga-off font-feature-clig-off font-feature-calt-off text-decoration-none text-strikethrough-none\">Per aquest motiu, al llarg del curs es poden anar introduint algunes modificacions que formen part d\u2019aquest proc\u00e9s de creixement i millora continua.\u00a0<\/span><\/p>\n<p>&nbsp;<\/p>\n<hr \/>\n<p>&nbsp;<\/p>\n","protected":false},"excerpt":{"rendered":"<p>Som un centre educatiu p\u00fablic del <a href=\"https:\/\/educacio.gencat.cat\/ca\/inici\/index.html\" target=\"_blank\" rel=\"noopener\">Departament d\u2019Educaci\u00f3 i Formaci\u00f3 Professional<\/a> de la Generalitat de Catalunya on s&#8217;atenen infants del primer cicle d&#8217;educaci\u00f3 infantil (de 0 a 3 anys). Per ser admesos, els infants han d&#8217;haver complert 16 setmanes a l&#8217;inici del&hellip;  <a href=\"https:\/\/agora.xtec.cat\/llar-arrel-cervera\/lescola\/historia\/\" title=\"Read Qui som?\">Llegeix m\u00e9s\u00bb<\/a><\/p>\n","protected":false},"author":1,"featured_media":0,"parent":22,"menu_order":20,"comment_status":"closed","ping_status":"closed","template":"page-templates\/side-menu.php","meta":{"_bbp_topic_count":0,"_bbp_reply_count":0,"_bbp_total_topic_count":0,"_bbp_total_reply_count":0,"_bbp_voice_count":0,"_bbp_anonymous_reply_count":0,"_bbp_topic_count_hidden":0,"_bbp_reply_count_hidden":0,"_bbp_forum_subforum_count":0,"footnotes":""},"class_list":["post-26","page","type-page","status-publish","hentry"],"post_mailing_queue_ids":[],"_links":{"self":[{"href":"https:\/\/agora.xtec.cat\/llar-arrel-cervera\/wp-json\/wp\/v2\/pages\/26","targetHints":{"allow":["GET"]}}],"collection":[{"href":"https:\/\/agora.xtec.cat\/llar-arrel-cervera\/wp-json\/wp\/v2\/pages"}],"about":[{"href":"https:\/\/agora.xtec.cat\/llar-arrel-cervera\/wp-json\/wp\/v2\/types\/page"}],"author":[{"embeddable":true,"href":"https:\/\/agora.xtec.cat\/llar-arrel-cervera\/wp-json\/wp\/v2\/users\/1"}],"replies":[{"embeddable":true,"href":"https:\/\/agora.xtec.cat\/llar-arrel-cervera\/wp-json\/wp\/v2\/comments?post=26"}],"version-history":[{"count":6,"href":"https:\/\/agora.xtec.cat\/llar-arrel-cervera\/wp-json\/wp\/v2\/pages\/26\/revisions"}],"predecessor-version":[{"id":790,"href":"https:\/\/agora.xtec.cat\/llar-arrel-cervera\/wp-json\/wp\/v2\/pages\/26\/revisions\/790"}],"up":[{"embeddable":true,"href":"https:\/\/agora.xtec.cat\/llar-arrel-cervera\/wp-json\/wp\/v2\/pages\/22"}],"wp:attachment":[{"href":"https:\/\/agora.xtec.cat\/llar-arrel-cervera\/wp-json\/wp\/v2\/media?parent=26"}],"curies":[{"name":"wp","href":"https:\/\/api.w.org\/{rel}","templated":true}]}}