{"id":77,"date":"2014-09-18T14:05:08","date_gmt":"2014-09-18T13:05:08","guid":{"rendered":"http:\/\/agora.xtec.cat\/ll-airet-bcn\/?page_id=77"},"modified":"2025-07-09T21:13:27","modified_gmt":"2025-07-09T19:13:27","slug":"acollida","status":"publish","type":"page","link":"https:\/\/agora.xtec.cat\/ll-airet-bcn\/serveis\/acollida\/","title":{"rendered":"Bon dia! matiners (acollida mat\u00ed)"},"content":{"rendered":"<p>El servei d\u2019acollida matinal a la llar l\u2019anomenem \u201cBon dia!, matiners\u201d.<\/p>\n<p><strong>Qu\u00e8 \u00e9s el servei \u201cBon dia!, matiners\u201d (acollida matinal)?<\/strong><\/p>\n<p>Per tal de facilitar la conciliaci\u00f3 de la vida laboral amb els horaris escolars, des de la llar posem a la vostra disposici\u00f3 un servei d\u2019acollida matinal previ a l\u2019inici de l&#8217;horari habitual, comen\u00e7a a les 8:00 i acaba a les 8:55.<\/p>\n<p>Aquest servei el poden utilitzar les fam\u00edlies de la llar, i aix\u00ed els seus fills i filles estan atesos pels professionals un en espai conegut. Tamb\u00e9 est\u00e0 pensat per a les fam\u00edlies que necessiten utilitzar aquest servei d\u2019una manera espor\u00e0dica i puntual.<\/p>\n<p>L&#8217;espai que adeq\u00fcem per aquest servei \u00e9s la sala de psicomotricitat.<\/p>\n<p>La Patricia \u00e9s l&#8217;educadora que est\u00e0 cada dia al mat\u00ed amb ells, i despr\u00e9s amb l&#8217;ajut d&#8217;altres persones acompanyen als infants fins al seu espai i fa un trasp\u00e0s d&#8217;informaci\u00f3 amb les mestres corresponents.<\/p>\n<p><span style=\"font-family: inherit; font-size: 1em;\">Els <\/span><strong style=\"font-family: inherit; font-size: 1em;\">pagaments<\/strong><span style=\"font-family: inherit; font-size: 1em;\"> seran <\/span><strong style=\"font-family: inherit; font-size: 1em;\">mensuals<\/strong><span style=\"font-family: inherit; font-size: 1em;\"> i del mes vigent, es pagar\u00e0 mitjan\u00e7ant domiciliaci\u00f3 banc\u00e0ria entre el 5 i el 10 de cada mes. Quan es tracti d\u2019un dia puntual es pagar\u00e0 en efectiu al mateix moment.<\/span><\/p>\n<p><strong>Com podeu sol\u00b7licitar el servei?<\/strong><\/p>\n<p>Per fer \u00fas del servei d\u2019acollida, cal que us adreceu a les mestres dels vostres fills o filles o que parleu amb Direcci\u00f3, ho podeu fer de la manera que us sigui m\u00e9s f\u00e0cil.<\/p>\n<p>El servei es pot agafar de forma mensual, o b\u00e9 anar dies espor\u00e0dics, sense inscripci\u00f3 pr\u00e8via.<\/p>\n<p>&nbsp;<\/p>\n","protected":false},"excerpt":{"rendered":"<p>El servei d\u2019acollida matinal a la llar l\u2019anomenem \u201cBon dia!, matiners\u201d.<br \/>\nQu\u00e8 \u00e9s el servei \u201cBon dia!, matiners\u201d (acollida matinal)?<br \/>\nPer tal de facilitar la conciliaci\u00f3 de la vida laboral amb els horaris escolars, des de la llar posem a la vostra disposici\u00f3 un servei d\u2019acollida matinal&hellip;  <a href=\"https:\/\/agora.xtec.cat\/ll-airet-bcn\/serveis\/acollida\/\" title=\"Read Bon dia! matiners (acollida mat\u00ed)\">Llegeix m\u00e9s\u00bb<\/a><\/p>\n","protected":false},"author":1,"featured_media":0,"parent":66,"menu_order":20,"comment_status":"closed","ping_status":"closed","template":"page-templates\/side-menu.php","meta":{"_bbp_topic_count":0,"_bbp_reply_count":0,"_bbp_total_topic_count":0,"_bbp_total_reply_count":0,"_bbp_voice_count":0,"_bbp_anonymous_reply_count":0,"_bbp_topic_count_hidden":0,"_bbp_reply_count_hidden":0,"_bbp_forum_subforum_count":0,"footnotes":""},"class_list":["post-77","page","type-page","status-publish","hentry"],"post_mailing_queue_ids":[],"_links":{"self":[{"href":"https:\/\/agora.xtec.cat\/ll-airet-bcn\/wp-json\/wp\/v2\/pages\/77","targetHints":{"allow":["GET"]}}],"collection":[{"href":"https:\/\/agora.xtec.cat\/ll-airet-bcn\/wp-json\/wp\/v2\/pages"}],"about":[{"href":"https:\/\/agora.xtec.cat\/ll-airet-bcn\/wp-json\/wp\/v2\/types\/page"}],"author":[{"embeddable":true,"href":"https:\/\/agora.xtec.cat\/ll-airet-bcn\/wp-json\/wp\/v2\/users\/1"}],"replies":[{"embeddable":true,"href":"https:\/\/agora.xtec.cat\/ll-airet-bcn\/wp-json\/wp\/v2\/comments?post=77"}],"version-history":[{"count":5,"href":"https:\/\/agora.xtec.cat\/ll-airet-bcn\/wp-json\/wp\/v2\/pages\/77\/revisions"}],"predecessor-version":[{"id":982,"href":"https:\/\/agora.xtec.cat\/ll-airet-bcn\/wp-json\/wp\/v2\/pages\/77\/revisions\/982"}],"up":[{"embeddable":true,"href":"https:\/\/agora.xtec.cat\/ll-airet-bcn\/wp-json\/wp\/v2\/pages\/66"}],"wp:attachment":[{"href":"https:\/\/agora.xtec.cat\/ll-airet-bcn\/wp-json\/wp\/v2\/media?parent=77"}],"curies":[{"name":"wp","href":"https:\/\/api.w.org\/{rel}","templated":true}]}}