{"id":743,"date":"2022-11-03T22:06:13","date_gmt":"2022-11-03T21:06:13","guid":{"rendered":"https:\/\/agora.xtec.cat\/ll-airet-bcn\/?page_id=743"},"modified":"2025-09-08T11:14:19","modified_gmt":"2025-09-08T09:14:19","slug":"preus-menjador","status":"publish","type":"page","link":"https:\/\/agora.xtec.cat\/ll-airet-bcn\/preus\/preus-menjador\/","title":{"rendered":"Preus menjador"},"content":{"rendered":"<h4><strong>Quin preu t\u00e9 el men\u00fa diari?<\/strong><\/h4>\n<p>El preu del menjador escolar per a infants fixes \u00e9s de 6,20\u20ac per dia, i pels infants que fan un \u00fas espor\u00e0dic \u00e9s de 6,60\u20ac, el preu inclou a m\u00e9s de l\u2019\u00e0pat, el material, l\u2019atenci\u00f3 directa dels nens\/es durant el temps de la prestaci\u00f3 del servei de menjador i el per\u00edode de temps del descans.<\/p>\n<h4><strong>Qu\u00e8 vol dir fixe o espor\u00e0dic?<\/strong><\/h4>\n<p><em><u>Fixe:<\/u><\/em> fa un \u00fas diari del servei, i es comptem tots els dies lectius del mes. En cas d\u2019abs\u00e8ncia es retornar\u00e0 a les fam\u00edlies l\u2019import proporcional corresponent a la part d\u2019\u00e0pat dels dies que no s\u2019ha utilitzat el servei del menjador. El pagament ser\u00e0 el del mes vigent i els dies d\u2019abs\u00e8ncia es retornaran a mes ven\u00e7ut.<\/p>\n<p><em><u>Espor\u00e0dic:<\/u><\/em> \u00e9s aquell que fa un \u00fas menys de tres dies a la setmana. Per fer \u00fas del menjador de forma espor\u00e0dica, cal avisar a la mestra d\u2019aula o a direcci\u00f3 dies abans o el mateix dia en quan s\u2019arribi a l\u2019espai, els dies de menjador espor\u00e0dic es cobraran a mes ven\u00e7ut.<\/p>\n<h4><strong>Quan i com es cobra<\/strong><\/h4>\n<p>El pagament de totes les quotes es far\u00e0 mitjan\u00e7ant domiciliaci\u00f3 banc\u00e0ria, entre el 5 i el 10, i ser\u00e0 el pagament del mes vigent.<\/p>\n<p>Les fam\u00edlies que facin \u00fas del servei de manera espor\u00e0dica pagaran el servei per avan\u00e7at.<\/p>\n<h4><strong>Com es gestiona en cas d\u2019abs\u00e8ncia<\/strong><\/h4>\n<p>Caldria informar a la llar per tel\u00e8fon o per correu electr\u00f2nic els dies que l\u2019infant s\u2019absentar\u00e0.<\/p>\n<h4><strong>A partir de quin dia d\u2019abs\u00e8ncia es descompta<\/strong><\/h4>\n<p>El descompte s\u2019aplica a partir del primer dia, la part proporcional del men\u00fa (1,50\u20ac), i es veu reflectit en el rebut del mes seg\u00fcent.<\/p>\n<h4><strong>I si fan una activitat fora de la llar?<\/strong><\/h4>\n<p>Els dies d\u2019excursi\u00f3 estan inclosos dins del pagament del servei de menjador dels comensals fixes<\/p>\n<p>Tot seguit teniu les quotes mensuals de tots els mesos pels infants que fan us del menjador de manera continua i di\u00e0ria (fixes).<\/p>\n<table width=\"314\">\n<tbody>\n<tr>\n<td width=\"98\">Dinar<\/td>\n<td width=\"101\"><\/td>\n<td width=\"115\"><\/td>\n<\/tr>\n<tr>\n<td>Mes<\/td>\n<td>Dies lectius<\/td>\n<td>Preu mensual<\/td>\n<\/tr>\n<tr>\n<td style=\"font-weight: 400;\">Setembre<\/td>\n<td style=\"font-weight: 400; text-align: center;\">15<\/td>\n<td style=\"font-weight: 400; text-align: center;\">93,00 \u20ac<\/td>\n<\/tr>\n<tr>\n<td style=\"font-weight: 400;\">Octubre<\/td>\n<td style=\"font-weight: 400; text-align: center;\">22<\/td>\n<td style=\"font-weight: 400; text-align: center;\">136,40 \u20ac<\/td>\n<\/tr>\n<tr>\n<td style=\"font-weight: 400;\">Novembre<\/td>\n<td style=\"font-weight: 400; text-align: center;\">19<\/td>\n<td style=\"font-weight: 400; text-align: center;\">117,80 \u20ac<\/td>\n<\/tr>\n<tr>\n<td style=\"font-weight: 400;\">Desembre<\/td>\n<td style=\"font-weight: 400; text-align: center;\">14<\/td>\n<td style=\"font-weight: 400; text-align: center;\">86,80 \u20ac<\/td>\n<\/tr>\n<tr>\n<td style=\"font-weight: 400;\">Gener<\/td>\n<td style=\"font-weight: 400; text-align: center;\">17<\/td>\n<td style=\"font-weight: 400; text-align: center;\">105,40 \u20ac<\/td>\n<\/tr>\n<tr>\n<td style=\"font-weight: 400;\">Febrer<\/td>\n<td style=\"font-weight: 400; text-align: center;\">19<\/td>\n<td style=\"font-weight: 400; text-align: center;\">117,80 \u20ac<\/td>\n<\/tr>\n<tr>\n<td style=\"font-weight: 400;\">Mar\u00e7<\/td>\n<td style=\"font-weight: 400; text-align: center;\">20<\/td>\n<td style=\"font-weight: 400; text-align: center;\">124,00 \u20ac<\/td>\n<\/tr>\n<tr>\n<td style=\"font-weight: 400;\">Abril<\/td>\n<td style=\"font-weight: 400; text-align: center;\">18<\/td>\n<td style=\"font-weight: 400; text-align: center;\">111,60 \u20ac<\/td>\n<\/tr>\n<tr>\n<td style=\"font-weight: 400;\">Maig<\/td>\n<td style=\"font-weight: 400; text-align: center;\">18<\/td>\n<td style=\"font-weight: 400; text-align: center;\">111,60 \u20ac<\/td>\n<\/tr>\n<tr>\n<td style=\"font-weight: 400;\">Juny<\/td>\n<td style=\"font-weight: 400; text-align: center;\">21<\/td>\n<td style=\"font-weight: 400; text-align: center;\">130,20 \u20ac<\/td>\n<\/tr>\n<\/tbody>\n<\/table>\n<h4><strong>I si nom\u00e9s berenar a la llar?<\/strong><\/h4>\n<p>El preu del berenar diari \u00e9s de 0,50\u20ac, adjuntem les quotes mensuals del berenar.<\/p>\n<table width=\"314\">\n<tbody>\n<tr>\n<td width=\"81\">Berenar<\/td>\n<td width=\"102\"><\/td>\n<td width=\"131\"><\/td>\n<\/tr>\n<tr>\n<td>Mes<\/td>\n<td>Dies lectius<\/td>\n<td>Preu mensual<\/td>\n<\/tr>\n<tr>\n<td style=\"font-weight: 400;\">Setembre<\/td>\n<td style=\"font-weight: 400; text-align: center;\">15<\/td>\n<td style=\"font-weight: 400; text-align: center;\">\u00a0\u00a0\u00a0\u00a0\u00a0\u00a0\u00a0\u00a0\u00a0\u00a0\u00a0\u00a0 7,50 \u20ac<\/td>\n<\/tr>\n<tr>\n<td style=\"font-weight: 400;\">Octubre<\/td>\n<td style=\"font-weight: 400; text-align: center;\">22<\/td>\n<td style=\"font-weight: 400; text-align: center;\">\u00a0\u00a0\u00a0\u00a0\u00a0\u00a0\u00a0\u00a0\u00a0\u00a0 11,00 \u20ac<\/td>\n<\/tr>\n<tr>\n<td style=\"font-weight: 400;\">Novembre<\/td>\n<td style=\"font-weight: 400; text-align: center;\">19<\/td>\n<td style=\"font-weight: 400; text-align: center;\">\u00a0\u00a0\u00a0\u00a0\u00a0\u00a0\u00a0\u00a0\u00a0\u00a0 9,50 \u20ac<\/td>\n<\/tr>\n<tr>\n<td style=\"font-weight: 400;\">Desembre<\/td>\n<td style=\"font-weight: 400; text-align: center;\">14<\/td>\n<td style=\"font-weight: 400; text-align: center;\">\u00a0\u00a0\u00a0\u00a0\u00a0\u00a0\u00a0\u00a0\u00a0\u00a0\u00a0\u00a0 7,00 \u20ac<\/td>\n<\/tr>\n<tr>\n<td style=\"font-weight: 400;\">Gener<\/td>\n<td style=\"font-weight: 400; text-align: center;\">17<\/td>\n<td style=\"font-weight: 400; text-align: center;\">\u00a0 \u00a0 \u00a0 \u00a0 \u00a0 \u00a0 \u00a08,50 \u20ac<\/td>\n<\/tr>\n<tr>\n<td style=\"font-weight: 400;\">Febrer<\/td>\n<td style=\"font-weight: 400; text-align: center;\">19<\/td>\n<td style=\"font-weight: 400; text-align: center;\">\u00a0\u00a0\u00a0\u00a0\u00a0\u00a0\u00a0\u00a0\u00a0\u00a0 9,50 \u20ac<\/td>\n<\/tr>\n<tr>\n<td style=\"font-weight: 400;\">Mar\u00e7<\/td>\n<td style=\"font-weight: 400; text-align: center;\">20<\/td>\n<td style=\"font-weight: 400; text-align: center;\">\u00a0\u00a0\u00a0\u00a0\u00a0\u00a0\u00a0\u00a0\u00a0\u00a0\u00a0 10,00 \u20ac<\/td>\n<\/tr>\n<tr>\n<td style=\"font-weight: 400;\">Abril<\/td>\n<td style=\"font-weight: 400; text-align: center;\">18<\/td>\n<td style=\"font-weight: 400; text-align: center;\">\u00a0 \u00a0 \u00a0 \u00a0 \u00a0 \u00a09,00 \u20ac<\/td>\n<\/tr>\n<tr>\n<td style=\"font-weight: 400;\">Maig<\/td>\n<td style=\"font-weight: 400; text-align: center;\">18<\/td>\n<td style=\"font-weight: 400; text-align: center;\">\u00a0 \u00a0 \u00a0 \u00a0 \u00a0 \u00a09,00 \u20ac<\/td>\n<\/tr>\n<tr>\n<td style=\"font-weight: 400;\">Juny<\/td>\n<td style=\"font-weight: 400; text-align: center;\">21<\/td>\n<td style=\"font-weight: 400; text-align: center;\">\u00a0 \u00a0 \u00a0 \u00a0 \u00a0 \u00a0 \u00a0 10,50 \u20ac<\/td>\n<\/tr>\n<\/tbody>\n<\/table>\n","protected":false},"excerpt":{"rendered":"<p>Quin preu t\u00e9 el men\u00fa diari?<br \/>\nEl preu del menjador escolar per a infants fixes \u00e9s de 6,20\u20ac per dia, i pels infants que fan un \u00fas espor\u00e0dic \u00e9s de 6,60\u20ac, el preu inclou a m\u00e9s de l\u2019\u00e0pat, el material, l\u2019atenci\u00f3 directa dels nens\/es durant el&hellip;  <a href=\"https:\/\/agora.xtec.cat\/ll-airet-bcn\/preus\/preus-menjador\/\" title=\"Read Preus menjador\">Llegeix m\u00e9s\u00bb<\/a><\/p>\n","protected":false},"author":1,"featured_media":0,"parent":725,"menu_order":0,"comment_status":"closed","ping_status":"closed","template":"page-templates\/side-menu.php","meta":{"_bbp_topic_count":0,"_bbp_reply_count":0,"_bbp_total_topic_count":0,"_bbp_total_reply_count":0,"_bbp_voice_count":0,"_bbp_anonymous_reply_count":0,"_bbp_topic_count_hidden":0,"_bbp_reply_count_hidden":0,"_bbp_forum_subforum_count":0,"footnotes":""},"class_list":["post-743","page","type-page","status-publish","hentry"],"post_mailing_queue_ids":[],"_links":{"self":[{"href":"https:\/\/agora.xtec.cat\/ll-airet-bcn\/wp-json\/wp\/v2\/pages\/743","targetHints":{"allow":["GET"]}}],"collection":[{"href":"https:\/\/agora.xtec.cat\/ll-airet-bcn\/wp-json\/wp\/v2\/pages"}],"about":[{"href":"https:\/\/agora.xtec.cat\/ll-airet-bcn\/wp-json\/wp\/v2\/types\/page"}],"author":[{"embeddable":true,"href":"https:\/\/agora.xtec.cat\/ll-airet-bcn\/wp-json\/wp\/v2\/users\/1"}],"replies":[{"embeddable":true,"href":"https:\/\/agora.xtec.cat\/ll-airet-bcn\/wp-json\/wp\/v2\/comments?post=743"}],"version-history":[{"count":6,"href":"https:\/\/agora.xtec.cat\/ll-airet-bcn\/wp-json\/wp\/v2\/pages\/743\/revisions"}],"predecessor-version":[{"id":985,"href":"https:\/\/agora.xtec.cat\/ll-airet-bcn\/wp-json\/wp\/v2\/pages\/743\/revisions\/985"}],"up":[{"embeddable":true,"href":"https:\/\/agora.xtec.cat\/ll-airet-bcn\/wp-json\/wp\/v2\/pages\/725"}],"wp:attachment":[{"href":"https:\/\/agora.xtec.cat\/ll-airet-bcn\/wp-json\/wp\/v2\/media?parent=743"}],"curies":[{"name":"wp","href":"https:\/\/api.w.org\/{rel}","templated":true}]}}