{"id":73,"date":"2014-09-18T14:01:51","date_gmt":"2014-09-18T13:01:51","guid":{"rendered":"http:\/\/agora.xtec.cat\/ll-airet-bcn\/?page_id=73"},"modified":"2023-02-20T18:50:17","modified_gmt":"2023-02-20T17:50:17","slug":"menjador-escolar","status":"publish","type":"page","link":"https:\/\/agora.xtec.cat\/ll-airet-bcn\/serveis\/menjador-escolar\/","title":{"rendered":"Menjador escolar"},"content":{"rendered":"<p>El servei de menjador \u00e9s un espai educatiu integrat en el projecte d\u2019escola. Es treballa amb els alumnes l\u2019educaci\u00f3 aliment\u00e0ria i els h\u00e0bits d\u2019higiene i socialitzaci\u00f3.<\/p>\n<h4>Cuina pr\u00f2pia<\/h4>\n<p>La comanda i abastiment dels productes la gestiona el cuiner\/a de la llar i els men\u00fas s\u2019elaboren, \u00edntegrament a la cuina de la llar escola, amb un proc\u00e9s de cocci\u00f3 adequat a les necessitats dels infants de la llar.<\/p>\n<h4>Quan comen\u00e7a el servei<\/h4>\n<p>El menjador escolar comen\u00e7ar\u00e0 a funcionar pels alumnes que es promocionen del curs anterior des del primer dia que es marqui en el calendari escolar.<\/p>\n<p>Els infants de nova incorporaci\u00f3 aniran utilitzant-lo segons vagi el proc\u00e9s d\u2019adaptaci\u00f3.<\/p>\n<h4>Qui en pot fer \u00fas<\/h4>\n<p>Poden ser comensals tots els alumnes que pertanyen al centre, sempre que no siguin deutors del menjador escolar de cursos passats.<\/p>\n<h4>Que cal fer si l\u2019infant necessita men\u00fa de dieta<\/h4>\n<p>Si un infant necessita fer dieta de manera puntual, es comunicar\u00e0 a la mestra, el m\u00e0xim de dies per una dieta ser\u00e0 de tres dies, si fos necessari allargar-ho caldr\u00e0 un document m\u00e8dic.<\/p>\n<h4>Qu\u00e8 cal fer si l\u2019infant t\u00e9 alguna al\u00b7l\u00e8rgia o intoler\u00e0ncia<\/h4>\n<p>Si algun infant necessita una dieta aliment\u00e0ria espec\u00edfica (per motius m\u00e8dics) cal que ho indiqui i faci arribar a la direcci\u00f3 o la corresponent mestra un document m\u00e8dic que aix\u00ed ho aconselli.<\/p>\n<h4>Quina empresa t\u00e9 assignat el servei de suport de migdia<\/h4>\n<p>Ziga-zaga t\u00e9 assignat el servei de suport al migdia.<\/p>\n<h4>On es pot consultar el men\u00fa del dia<\/h4>\n<p>El men\u00fa es d\u00f3na al principi de curs, tot i que tamb\u00e9 acostuma est\u00e0 posat a les entrades de cada espai aix\u00ed com a la p\u00e0gina web.<\/p>\n","protected":false},"excerpt":{"rendered":"<p>El servei de menjador \u00e9s un espai educatiu integrat en el projecte d\u2019escola. Es treballa amb els alumnes l\u2019educaci\u00f3 aliment\u00e0ria i els h\u00e0bits d\u2019higiene i socialitzaci\u00f3.<br \/>\nCuina pr\u00f2pia<br \/>\nLa comanda i abastiment dels productes la gestiona el cuiner\/a de la llar i els men\u00fas s\u2019elaboren, \u00edntegrament a&hellip;  <a href=\"https:\/\/agora.xtec.cat\/ll-airet-bcn\/serveis\/menjador-escolar\/\" title=\"Read Menjador escolar\">Llegeix m\u00e9s\u00bb<\/a><\/p>\n","protected":false},"author":1,"featured_media":0,"parent":66,"menu_order":30,"comment_status":"closed","ping_status":"closed","template":"page-templates\/side-menu.php","meta":{"_bbp_topic_count":0,"_bbp_reply_count":0,"_bbp_total_topic_count":0,"_bbp_total_reply_count":0,"_bbp_voice_count":0,"_bbp_anonymous_reply_count":0,"_bbp_topic_count_hidden":0,"_bbp_reply_count_hidden":0,"_bbp_forum_subforum_count":0,"footnotes":""},"class_list":["post-73","page","type-page","status-publish","hentry"],"post_mailing_queue_ids":[],"_links":{"self":[{"href":"https:\/\/agora.xtec.cat\/ll-airet-bcn\/wp-json\/wp\/v2\/pages\/73","targetHints":{"allow":["GET"]}}],"collection":[{"href":"https:\/\/agora.xtec.cat\/ll-airet-bcn\/wp-json\/wp\/v2\/pages"}],"about":[{"href":"https:\/\/agora.xtec.cat\/ll-airet-bcn\/wp-json\/wp\/v2\/types\/page"}],"author":[{"embeddable":true,"href":"https:\/\/agora.xtec.cat\/ll-airet-bcn\/wp-json\/wp\/v2\/users\/1"}],"replies":[{"embeddable":true,"href":"https:\/\/agora.xtec.cat\/ll-airet-bcn\/wp-json\/wp\/v2\/comments?post=73"}],"version-history":[{"count":4,"href":"https:\/\/agora.xtec.cat\/ll-airet-bcn\/wp-json\/wp\/v2\/pages\/73\/revisions"}],"predecessor-version":[{"id":795,"href":"https:\/\/agora.xtec.cat\/ll-airet-bcn\/wp-json\/wp\/v2\/pages\/73\/revisions\/795"}],"up":[{"embeddable":true,"href":"https:\/\/agora.xtec.cat\/ll-airet-bcn\/wp-json\/wp\/v2\/pages\/66"}],"wp:attachment":[{"href":"https:\/\/agora.xtec.cat\/ll-airet-bcn\/wp-json\/wp\/v2\/media?parent=73"}],"curies":[{"name":"wp","href":"https:\/\/api.w.org\/{rel}","templated":true}]}}