{"id":694,"date":"2022-10-16T20:34:30","date_gmt":"2022-10-16T18:34:30","guid":{"rendered":"https:\/\/agora.xtec.cat\/ll-airet-bcn\/?page_id=694"},"modified":"2024-10-25T12:27:22","modified_gmt":"2024-10-25T10:27:22","slug":"quotes-mensuals-curs","status":"publish","type":"page","link":"https:\/\/agora.xtec.cat\/ll-airet-bcn\/preus\/quotes-mensuals-curs\/","title":{"rendered":"Preu escolaritat"},"content":{"rendered":"<h4><strong>\u00c9s gratu\u00efta l\u2019escolaritzaci\u00f3?<\/strong><\/h4>\n<p>Aquest curs la mensualitat \u00e9s gratu\u00efta pels infants nascuts l\u2019any 2022.<\/p>\n<p>Els infants nascuts l\u2019any 2023 i el 2024 pagaran la quota d&#8217;escolaritat cada mes.<\/p>\n<h4><strong>Quina quota he de pagar?<\/strong><\/h4>\n<p>El preu p\u00fablic per al servei escolar del curs 2024-2025 a les llars d&#8217;infants p\u00fabliques del Departament d&#8217;Educaci\u00f3 \u00e9s de 118 euros al mes. Tot i que hi ha unes bonificacions per a determinades fam\u00edlies sobre aquesta quota.<\/p>\n<ul>\n<li>Bonificaci\u00f3 del 50% per a membres de fam\u00edlies monoparentals<\/li>\n<li>Bonificaci\u00f3 del 50% per a fam\u00edlies nombroses de categoria general<\/li>\n<li>Exempci\u00f3 del preu p\u00fablic per a membres de fam\u00edlies nombroses de categoria especial<\/li>\n<\/ul>\n<h4><strong>Com s\u2019efectua el pagament?<\/strong><\/h4>\n<p>El pagament de totes les quotes es far\u00e0 mitjan\u00e7ant domiciliaci\u00f3 banc\u00e0ria, entre el 5 i el 10, i ser\u00e0 el pagament del mes vigent.<\/p>\n<p>La falta de pagament de dues quotes del preu p\u00fablic determinar\u00e0 l\u2019anul\u00b7laci\u00f3 dels drets que atorga la matr\u00edcula.<\/p>\n<h4><strong>I si modifico el compte bancari?<\/strong><\/h4>\n<p>Per qualsevol canvi en la contractaci\u00f3 dels serveis caldr\u00e0 avisar com a m\u00ednim una setmana abans d\u2019acabar el mes, i aix\u00ed podrem reflectir en el rebut del mes seg\u00fcent.<\/p>\n<h4><strong>Com sol\u00b7licito la baixa?<\/strong><\/h4>\n<p>Omplint un document que us facilitarem a la llar, per\u00f2 aix\u00f2 no dona dret a la devoluci\u00f3 total ni parcial de la quota.<\/p>\n<p>&nbsp;<\/p>\n","protected":false},"excerpt":{"rendered":"<p>\u00c9s gratu\u00efta l\u2019escolaritzaci\u00f3?<br \/>\nAquest curs la mensualitat \u00e9s gratu\u00efta pels infants nascuts l\u2019any 2022.<br \/>\nEls infants nascuts l\u2019any 2023 i el 2024 pagaran la quota d&#8217;escolaritat cada mes.<br \/>\nQuina quota he de pagar?<br \/>\nEl preu p\u00fablic per al servei escolar del curs 2024-2025 a les llars d&#8217;infants p\u00fabliques del&hellip;  <a href=\"https:\/\/agora.xtec.cat\/ll-airet-bcn\/preus\/quotes-mensuals-curs\/\" title=\"Read Preu escolaritat\">Llegeix m\u00e9s\u00bb<\/a><\/p>\n","protected":false},"author":1,"featured_media":0,"parent":725,"menu_order":0,"comment_status":"closed","ping_status":"closed","template":"page-templates\/side-menu.php","meta":{"_bbp_topic_count":0,"_bbp_reply_count":0,"_bbp_total_topic_count":0,"_bbp_total_reply_count":0,"_bbp_voice_count":0,"_bbp_anonymous_reply_count":0,"_bbp_topic_count_hidden":0,"_bbp_reply_count_hidden":0,"_bbp_forum_subforum_count":0,"footnotes":""},"class_list":["post-694","page","type-page","status-publish","hentry"],"post_mailing_queue_ids":[],"_links":{"self":[{"href":"https:\/\/agora.xtec.cat\/ll-airet-bcn\/wp-json\/wp\/v2\/pages\/694","targetHints":{"allow":["GET"]}}],"collection":[{"href":"https:\/\/agora.xtec.cat\/ll-airet-bcn\/wp-json\/wp\/v2\/pages"}],"about":[{"href":"https:\/\/agora.xtec.cat\/ll-airet-bcn\/wp-json\/wp\/v2\/types\/page"}],"author":[{"embeddable":true,"href":"https:\/\/agora.xtec.cat\/ll-airet-bcn\/wp-json\/wp\/v2\/users\/1"}],"replies":[{"embeddable":true,"href":"https:\/\/agora.xtec.cat\/ll-airet-bcn\/wp-json\/wp\/v2\/comments?post=694"}],"version-history":[{"count":4,"href":"https:\/\/agora.xtec.cat\/ll-airet-bcn\/wp-json\/wp\/v2\/pages\/694\/revisions"}],"predecessor-version":[{"id":922,"href":"https:\/\/agora.xtec.cat\/ll-airet-bcn\/wp-json\/wp\/v2\/pages\/694\/revisions\/922"}],"up":[{"embeddable":true,"href":"https:\/\/agora.xtec.cat\/ll-airet-bcn\/wp-json\/wp\/v2\/pages\/725"}],"wp:attachment":[{"href":"https:\/\/agora.xtec.cat\/ll-airet-bcn\/wp-json\/wp\/v2\/media?parent=694"}],"curies":[{"name":"wp","href":"https:\/\/api.w.org\/{rel}","templated":true}]}}