{"id":579,"date":"2022-03-19T23:08:08","date_gmt":"2022-03-19T22:08:08","guid":{"rendered":"https:\/\/agora.xtec.cat\/ll-airet-bcn\/?page_id=579"},"modified":"2025-10-28T09:06:58","modified_gmt":"2025-10-28T08:06:58","slug":"ampa","status":"publish","type":"page","link":"https:\/\/agora.xtec.cat\/ll-airet-bcn\/comunitat-educativa\/ampa\/","title":{"rendered":"AMPA"},"content":{"rendered":"<h4>Qu\u00e8 \u00e9s un AMPA<\/h4>\n<p>L&#8217;associaci\u00f3 de mares i pares de la llar (AMPA) \u00e9s una forma d&#8217;organitzaci\u00f3 de totes les fam\u00edlies.<\/p>\n<h4>Quines s\u00f3n les seves funcions<\/h4>\n<ul>\n<li>Afavorir la relaci\u00f3 i coordinaci\u00f3 entre les fam\u00edlies i el personal docent.<\/li>\n<li>Ser la veu dels pares i mares davant de les administracions p\u00fabliques.<\/li>\n<li>Treballar per millorar la participaci\u00f3 i el comprom\u00eds dels pares, fills i de la societat en general i de l&#8217;educativa en particular.<\/li>\n<li>Organitzar les activitats extraescolars fora de l&#8217;horari escolar.<\/li>\n<li>Organitzar activitats formatives (xerrades, escola de pares i mares, cursos) i activitats socio-culturals (festes, concerts, fons per la biblioteca,..) que afavoreixin l&#8217;educaci\u00f3 dels nostres infants i facilitin el coneixement i la relaci\u00f3 entre les fam\u00edlies.<\/li>\n<\/ul>\n<p>D&#8217;aqu\u00ed la import\u00e0ncia de la participaci\u00f3 com a pares i mares en l&#8217;AMPA.<\/p>\n<p>No \u00e9s obligatori formar part de l&#8217;AMPA, per\u00f2 s\u00ed molt recomanable.<\/p>\n<p>L&#8217;AMPA en cap cas \u00e9s una organitzaci\u00f3 de benefic\u00e8ncia. Les fam\u00edlies que en formem part paguen una quota anual i esdevenen socis. Els socis tenen dret a decidir i formar part dels \u00f2rgans de l&#8217;Associaci\u00f3 i els diners que es recapten es destinen en benefici de tots els infants de la llar.<\/p>\n<h4>Quina \u00e9s el seu cost<\/h4>\n<p>La quota anual \u00e9s de 20,00\u20ac per fam\u00edlia.<\/p>\n<h4>Com puc contactar<\/h4>\n<p>El correu de l&#8217;ampa \u00e9s ampalairet@gmail.com, tamb\u00e9 podeu preguntar-ho a Direcci\u00f3 o a les mestres dels vostres espais.<\/p>\n","protected":false},"excerpt":{"rendered":"<p>Qu\u00e8 \u00e9s un AMPA<br \/>\nL&#8217;associaci\u00f3 de mares i pares de la llar (AMPA) \u00e9s una forma d&#8217;organitzaci\u00f3 de totes les fam\u00edlies.<br \/>\nQuines s\u00f3n les seves funcions<\/p>\n<ul>\n<li>Afavorir la relaci\u00f3 i coordinaci\u00f3 entre les fam\u00edlies i el personal docent.<\/li>\n<li>Ser la veu dels pares i mares davant de les administracions&hellip;  <a href=\"https:\/\/agora.xtec.cat\/ll-airet-bcn\/comunitat-educativa\/ampa\/\" title=\"Read AMPA\">Llegeix m\u00e9s\u00bb<\/a><br \/>\n","protected":false},"author":1,"featured_media":0,"parent":560,"menu_order":0,"comment_status":"closed","ping_status":"closed","template":"page-templates\/side-menu.php","meta":{"_bbp_topic_count":0,"_bbp_reply_count":0,"_bbp_total_topic_count":0,"_bbp_total_reply_count":0,"_bbp_voice_count":0,"_bbp_anonymous_reply_count":0,"_bbp_topic_count_hidden":0,"_bbp_reply_count_hidden":0,"_bbp_forum_subforum_count":0,"footnotes":""},"class_list":["post-579","page","type-page","status-publish","hentry"],"post_mailing_queue_ids":[],"_links":{"self":[{"href":"https:\/\/agora.xtec.cat\/ll-airet-bcn\/wp-json\/wp\/v2\/pages\/579","targetHints":{"allow":["GET"]}}],"collection":[{"href":"https:\/\/agora.xtec.cat\/ll-airet-bcn\/wp-json\/wp\/v2\/pages"}],"about":[{"href":"https:\/\/agora.xtec.cat\/ll-airet-bcn\/wp-json\/wp\/v2\/types\/page"}],"author":[{"embeddable":true,"href":"https:\/\/agora.xtec.cat\/ll-airet-bcn\/wp-json\/wp\/v2\/users\/1"}],"replies":[{"embeddable":true,"href":"https:\/\/agora.xtec.cat\/ll-airet-bcn\/wp-json\/wp\/v2\/comments?post=579"}],"version-history":[{"count":3,"href":"https:\/\/agora.xtec.cat\/ll-airet-bcn\/wp-json\/wp\/v2\/pages\/579\/revisions"}],"predecessor-version":[{"id":986,"href":"https:\/\/agora.xtec.cat\/ll-airet-bcn\/wp-json\/wp\/v2\/pages\/579\/revisions\/986"}],"up":[{"embeddable":true,"href":"https:\/\/agora.xtec.cat\/ll-airet-bcn\/wp-json\/wp\/v2\/pages\/560"}],"wp:attachment":[{"href":"https:\/\/agora.xtec.cat\/ll-airet-bcn\/wp-json\/wp\/v2\/media?parent=579"}],"curies":[{"name":"wp","href":"https:\/\/api.w.org\/{rel}","templated":true}]}}