{"id":38,"date":"2022-05-19T10:15:08","date_gmt":"2022-05-19T08:15:08","guid":{"rendered":"http:\/\/agora.xtec.cat\/ll-airet-bcn\/?page_id=38"},"modified":"2022-12-02T10:22:24","modified_gmt":"2022-12-02T09:22:24","slug":"salut","status":"publish","type":"page","link":"https:\/\/agora.xtec.cat\/ll-airet-bcn\/salut\/","title":{"rendered":"Salut a la llar d&#8217;infants"},"content":{"rendered":"<p>L\u2019OMS (Organitzaci\u00f3 Mundial de la Salut) defineix la salut no \u00e9s nom\u00e9s l\u2019abs\u00e8ncia de malalties o afeccions, sin\u00f3 un estat complet de benestar, f\u00edsic, mental, emocional i social.<\/p>\n<p>Sovint el primer any d\u2019escolaritzaci\u00f3 els infants es poden estar malalts amb m\u00e9s freq\u00fc\u00e8ncia, pot patir refredats o altres malalties contagioses, perqu\u00e8 encara no t\u00e9 un sistema immunol\u00f2gic prou madur.\u00a0Per aix\u00f2 cal que tingueu present i que vetlleu perqu\u00e8 els infants puguin gaudir d\u2019aquest dret quan no es troben prou b\u00e9.<\/p>\n<p><strong>\u00c9s important que tingueu prevista una soluci\u00f3 des de principi de curs per als dies que el vostre fill\/a estigui malalt\/a i no pugui assistir a l\u2019escola<\/strong>.<\/p>\n<p>Si un nen\/a assisteix a l\u2019escola amb s\u00edmptomes de malaltia pot:<\/p>\n<ul>\n<li>en cas de malaltia contagiosa exposar als altres a un perill de contagi, i contribueix a la seva propagaci\u00f3<\/li>\n<li>si no es troba b\u00e9 del tot \u00e9s m\u00e9s f\u00e0cil que pugui contagiar-se d\u2019altres malalties ja que les seves defenses estan baixes<\/li>\n<li>no pot participar c\u00f2modament de les activitats educatives.<\/li>\n<li>necessita m\u00e9s atenci\u00f3 personal i unes condicions ambientals favorables.<\/li>\n<\/ul>\n<h5><strong>Si l\u2019infant mostra s\u00edmptomes de malaltia a l\u2019escola<\/strong><\/h5>\n<p>Quan un nen\/a tingui febre, no es trobi b\u00e9 o mostri s\u00edmptomes de malaltia, s\u2019avisar\u00e0 r\u00e0pidament a la fam\u00edlia per tel\u00e8fon perqu\u00e8 el vingueu a buscar tan aviat com sigui possible.<\/p>\n<p>En cas de que no pugueu venir immediatament a recollir el vostre infant,\u00a0 sempre us ho preguntarem si li hem d\u2019administrar un antit\u00e8rmic.<\/p>\n<p>Us demanem tamb\u00e9 que no porteu als infants a l\u2019escola quan estan sota els efectes d\u2019antit\u00e8rmics (Dalsy, apiretal\u2026) ja que malgrat que els s\u00edmptomes queden encoberts, estan en un per\u00edode de malaltia.<\/p>\n<h5><strong>Administrar la medicaci\u00f3 a casa\u00a0<\/strong><\/h5>\n<p>Per raons de salut b\u00e0sica, les educadors de la llar d\u2019infants no subministraran cap medicament als infants, aquest procediment tamb\u00e9 inclou medicaments homeop\u00e0tics.<\/p>\n<p>Quan l\u2019infant hagi de prendre una medicaci\u00f3 recomanem que ho faci a casa.<\/p>\n<h5><strong>En cas d\u2019accident o urg\u00e8ncia<\/strong><\/h5>\n<p>L\u2019educadora far\u00e0 la primera cura i assist\u00e8ncia i trucar\u00e0 a la fam\u00edlia per informar.<\/p>\n<p>En cas que fos necessari una intervenci\u00f3 dels serveis m\u00e8dics, es trucar\u00e0 al 061 i a la fam\u00edlia.<\/p>\n<h5><strong>Agra\u00efm que comuniqueu la \u201cNO\u201d\u00a0 assist\u00e8ncia per malaltia<\/strong><\/h5>\n<p>Quan un infant falti a la llar per qualsevol motiu de salut\u00a0 la fam\u00edlia\u00a0cal que ens ho comuniqui, si passen uns dies i no ens heu notificat l\u2019abs\u00e8ncia, nosaltres ens posarem en contacte amb vosaltres per saber el motiu de l\u2019abs\u00e8ncia, i si fos necessari prendre les mesures higi\u00e8niques i de salut pertinents i adequades.<\/p>\n<p>Pel benestar de totes i tots els membres de la nostra comunitat educativa, us demanem que sigueu responsables i respecteu el protocol establert.<\/p>\n<h5>Informacions del vostre inter\u00e8s.<\/h5>\n<p>Us animen a consultar el document l\u2019Ag\u00e8ncia de Salut P\u00fablica de la Generalitat de Catalunya, que especifica els criteris de no assist\u00e8ncia de l\u2019alumnat a l\u2019escola o llar d\u2019infants durant un per\u00edode de temps a causa de malalties transmissibles.<\/p>\n<p><a href=\"https:\/\/canalsalut.gencat.cat\/web\/.content\/_Professionals\/Vigilancia_epidemiologica\/documents\/arxius\/eviccioescolar.pdf\">Criteris de no assist\u00e8ncia a la llar<\/a><\/p>\n<p>Altres p\u00e0gines amb informaci\u00f3 sobre salut que us poden ser interessants.<\/p>\n<p><a href=\"http:\/\/xtec.gencat.cat\/ca\/comunitat\/salutescola\/\">Salut a l&#8217;escola<\/a><\/p>\n<p><a href=\"https:\/\/salutpublica.gencat.cat\/ca\/inici\">Ag\u00e8ncia Salut P\u00fablica<\/a><\/p>\n<p><a href=\"http:\/\/www.scpediatria.cat\/index.php\">Societat Catalana de Pediatria<\/a><\/p>\n<p>&nbsp;<\/p>\n<p>&nbsp;<\/p>\n<p>&nbsp;<\/p>\n","protected":false},"excerpt":{"rendered":"<p>L\u2019OMS (Organitzaci\u00f3 Mundial de la Salut) defineix la salut no \u00e9s nom\u00e9s l\u2019abs\u00e8ncia de malalties o afeccions, sin\u00f3 un estat complet de benestar, f\u00edsic, mental, emocional i social.<br \/>\nSovint el primer any d\u2019escolaritzaci\u00f3 els infants es poden estar malalts amb m\u00e9s freq\u00fc\u00e8ncia, pot patir refredats o&hellip;  <a href=\"https:\/\/agora.xtec.cat\/ll-airet-bcn\/salut\/\" title=\"Read Salut a la llar d&#8217;infants\">Llegeix m\u00e9s\u00bb<\/a><\/p>\n","protected":false},"author":1,"featured_media":0,"parent":0,"menu_order":80,"comment_status":"closed","ping_status":"closed","template":"page-templates\/side-menu.php","meta":{"_bbp_topic_count":0,"_bbp_reply_count":0,"_bbp_total_topic_count":0,"_bbp_total_reply_count":0,"_bbp_voice_count":0,"_bbp_anonymous_reply_count":0,"_bbp_topic_count_hidden":0,"_bbp_reply_count_hidden":0,"_bbp_forum_subforum_count":0,"footnotes":""},"class_list":["post-38","page","type-page","status-publish","hentry"],"post_mailing_queue_ids":[],"_links":{"self":[{"href":"https:\/\/agora.xtec.cat\/ll-airet-bcn\/wp-json\/wp\/v2\/pages\/38","targetHints":{"allow":["GET"]}}],"collection":[{"href":"https:\/\/agora.xtec.cat\/ll-airet-bcn\/wp-json\/wp\/v2\/pages"}],"about":[{"href":"https:\/\/agora.xtec.cat\/ll-airet-bcn\/wp-json\/wp\/v2\/types\/page"}],"author":[{"embeddable":true,"href":"https:\/\/agora.xtec.cat\/ll-airet-bcn\/wp-json\/wp\/v2\/users\/1"}],"replies":[{"embeddable":true,"href":"https:\/\/agora.xtec.cat\/ll-airet-bcn\/wp-json\/wp\/v2\/comments?post=38"}],"version-history":[{"count":3,"href":"https:\/\/agora.xtec.cat\/ll-airet-bcn\/wp-json\/wp\/v2\/pages\/38\/revisions"}],"predecessor-version":[{"id":779,"href":"https:\/\/agora.xtec.cat\/ll-airet-bcn\/wp-json\/wp\/v2\/pages\/38\/revisions\/779"}],"wp:attachment":[{"href":"https:\/\/agora.xtec.cat\/ll-airet-bcn\/wp-json\/wp\/v2\/media?parent=38"}],"curies":[{"name":"wp","href":"https:\/\/api.w.org\/{rel}","templated":true}]}}