{"id":28,"date":"2014-09-18T12:29:35","date_gmt":"2014-09-18T11:29:35","guid":{"rendered":"http:\/\/agora.xtec.cat\/ll-airet-bcn\/?page_id=28"},"modified":"2022-03-17T23:01:02","modified_gmt":"2022-03-17T22:01:02","slug":"consell-escolar","status":"publish","type":"page","link":"https:\/\/agora.xtec.cat\/ll-airet-bcn\/comunitat-educativa\/consell-escolar\/","title":{"rendered":"Consell escolar"},"content":{"rendered":"<p>El Consell Escolar \u00e9s l\u2019\u00f2rgan on estan representats tots els membres de la comunitat educativa. Representar\u00e0 els interessos comuns generals del centre i garantir\u00e0 la participaci\u00f3 de tots els estaments que conformen la comunitat escolar.<\/p>\n<h4><strong>COMPOSICI\u00d3 DEL CONSELL ESCOLAR<\/strong><\/h4>\n<p>El Consell Escolar \u00e9s l&#8217;\u00f2rgan de participaci\u00f3 de la comunitat educativa en el govern dels<\/p>\n<p>centres sostinguts amb fons p\u00fablics. S\u2019ent\u00e9n per comunitat educativa els infants i les<\/p>\n<p>seves fam\u00edlies, el personal del centre, i el representant de l\u2019administraci\u00f3 local.<\/p>\n<p>Aquest \u00f2rgan col\u00b7legiat de participaci\u00f3 de la comunitat escolar en el control i gesti\u00f3 de la llar d&#8217;infant est\u00e0 format per:<\/p>\n<ul>\n<li>La direcci\u00f3 de la llar d\u2019infants, que el presideix.<\/li>\n<li>Dos representants del personal educatiu.<\/li>\n<li>Un representant del sector personal de serveis.<\/li>\n<li>Un representant dels pares i mares.<\/li>\n<li>Un representant de l\u2019AFA.<\/li>\n<li>Un representant municipal.<\/li>\n<\/ul>\n<h4><strong>FUNCIONAMENT DEL CONSELL ESCOLAR<\/strong><\/h4>\n<p>El consell escolar del centre es reuneix com a m\u00ednim una vegada al trimestre. Tamb\u00e9 pot reunir-se extraordin\u00e0riament.<\/p>\n<p>S&#8217;ha de fer una reuni\u00f3 a principi de curs i una altra a la seva finalitzaci\u00f3.<\/p>\n<p>La convocat\u00f2ria i l\u2019ordre del dia de les reunions s\u2019ha de trametre per la presid\u00e8ncia del CE amb una antelaci\u00f3 m\u00ednima de 48 hores, juntament amb la documentaci\u00f3 que ha de ser objecte de debat, i, si escau, d\u2019aprovaci\u00f3. El CE es pot reunir d\u2019urg\u00e8ncia, sense termini m\u00ednim per a la tramesa de la convocat\u00f2ria, si totes les persones membres hi estan d\u2019acord.<\/p>\n<p>Les decisions i acords es procurar\u00e0 que es prenguin normalment per consens.<\/p>\n<h4><strong>FUNCIONS DEL CONSELL ESCOLAR<\/strong><\/h4>\n<p>Corresponen al consell escolar les funcions seg\u00fcents:<\/p>\n<ul>\n<li>Aprovar el projecte educatiu i les modificacions corresponents.<\/li>\n<li>Aprovar la Programaci\u00f3 General anual del Centre i avaluar-ne el desenvolupament i els resultats.<\/li>\n<li>Aprovar les propostes d&#8217;acords de corresponsabilitat, convenis i altres acords de<\/li>\n<li>col\u00b7laboraci\u00f3 del centre amb entitats o institucions.<\/li>\n<li>Aprovar les normes d&#8217;organitzaci\u00f3 i funcionament i les modificacions corresponents.<\/li>\n<li>Aprovar la carta de comprom\u00eds educatiu.<\/li>\n<li>Intervenir en el procediment d&#8217;admissi\u00f3 d&#8217;alumnes.<\/li>\n<li>Aprovar les directrius per a la programaci\u00f3 d&#8217;activitats escolars complement\u00e0ries i d&#8217;activitats extraescolars, i avaluar-ne el desenvolupament.<\/li>\n<li>Participar en les an\u00e0lisis i les avaluacions del funcionament general del centre.<\/li>\n<li>Aprovar els criteris de col\u00b7laboraci\u00f3 amb altres centres i amb l&#8217;entorn.<\/li>\n<\/ul>\n","protected":false},"excerpt":{"rendered":"<p>El Consell Escolar \u00e9s l\u2019\u00f2rgan on estan representats tots els membres de la comunitat educativa. Representar\u00e0 els interessos comuns generals del centre i garantir\u00e0 la participaci\u00f3 de tots els estaments que conformen la comunitat escolar.<br \/>\nCOMPOSICI\u00d3 DEL CONSELL ESCOLAR<br \/>\nEl Consell Escolar \u00e9s l&#8217;\u00f2rgan de participaci\u00f3 de&hellip;  <a href=\"https:\/\/agora.xtec.cat\/ll-airet-bcn\/comunitat-educativa\/consell-escolar\/\" title=\"Read Consell escolar\">Llegeix m\u00e9s\u00bb<\/a><\/p>\n","protected":false},"author":1,"featured_media":0,"parent":560,"menu_order":30,"comment_status":"closed","ping_status":"closed","template":"page-templates\/side-menu.php","meta":{"_bbp_topic_count":0,"_bbp_reply_count":0,"_bbp_total_topic_count":0,"_bbp_total_reply_count":0,"_bbp_voice_count":0,"_bbp_anonymous_reply_count":0,"_bbp_topic_count_hidden":0,"_bbp_reply_count_hidden":0,"_bbp_forum_subforum_count":0,"footnotes":""},"class_list":["post-28","page","type-page","status-publish","hentry"],"post_mailing_queue_ids":[],"_links":{"self":[{"href":"https:\/\/agora.xtec.cat\/ll-airet-bcn\/wp-json\/wp\/v2\/pages\/28","targetHints":{"allow":["GET"]}}],"collection":[{"href":"https:\/\/agora.xtec.cat\/ll-airet-bcn\/wp-json\/wp\/v2\/pages"}],"about":[{"href":"https:\/\/agora.xtec.cat\/ll-airet-bcn\/wp-json\/wp\/v2\/types\/page"}],"author":[{"embeddable":true,"href":"https:\/\/agora.xtec.cat\/ll-airet-bcn\/wp-json\/wp\/v2\/users\/1"}],"replies":[{"embeddable":true,"href":"https:\/\/agora.xtec.cat\/ll-airet-bcn\/wp-json\/wp\/v2\/comments?post=28"}],"version-history":[{"count":3,"href":"https:\/\/agora.xtec.cat\/ll-airet-bcn\/wp-json\/wp\/v2\/pages\/28\/revisions"}],"predecessor-version":[{"id":558,"href":"https:\/\/agora.xtec.cat\/ll-airet-bcn\/wp-json\/wp\/v2\/pages\/28\/revisions\/558"}],"up":[{"embeddable":true,"href":"https:\/\/agora.xtec.cat\/ll-airet-bcn\/wp-json\/wp\/v2\/pages\/560"}],"wp:attachment":[{"href":"https:\/\/agora.xtec.cat\/ll-airet-bcn\/wp-json\/wp\/v2\/media?parent=28"}],"curies":[{"name":"wp","href":"https:\/\/api.w.org\/{rel}","templated":true}]}}