{"id":22,"date":"2014-09-18T12:19:57","date_gmt":"2014-09-18T11:19:57","guid":{"rendered":"http:\/\/agora.xtec.cat\/ll-airet-bcn\/?page_id=22"},"modified":"2022-03-18T13:29:29","modified_gmt":"2022-03-18T12:29:29","slug":"lescola","status":"publish","type":"page","link":"https:\/\/agora.xtec.cat\/ll-airet-bcn\/lescola\/","title":{"rendered":"L&#8217;escola"},"content":{"rendered":"<p>En aquesta secci\u00f3 trobareu una descripci\u00f3 general i informacions b\u00e0siques de llar.<\/p>\n<p>Som una llar que treballa amb i per la petita inf\u00e0ncia des dels quatre mesos fins els tres anys.<\/p>\n<p>Som un centre p\u00fablic depenent del Consorci d&#8217;Educaci\u00f3 de Barcelona situada en el barri de la Trinitat Nova de la ciutat de Barcelona.<\/p>\n","protected":false},"excerpt":{"rendered":"<p>En aquesta secci\u00f3 trobareu una descripci\u00f3 general i informacions b\u00e0siques de llar.<br \/>\nSom una llar que treballa amb i per la petita inf\u00e0ncia des dels quatre mesos fins els tres anys.<br \/>\nSom un centre p\u00fablic depenent del Consorci d&#8217;Educaci\u00f3 de Barcelona situada en el barri de la&hellip;  <a href=\"https:\/\/agora.xtec.cat\/ll-airet-bcn\/lescola\/\" title=\"Read L&#8217;escola\">Llegeix m\u00e9s\u00bb<\/a><\/p>\n","protected":false},"author":1,"featured_media":0,"parent":0,"menu_order":0,"comment_status":"closed","ping_status":"closed","template":"page-templates\/side-menu.php","meta":{"_bbp_topic_count":0,"_bbp_reply_count":0,"_bbp_total_topic_count":0,"_bbp_total_reply_count":0,"_bbp_voice_count":0,"_bbp_anonymous_reply_count":0,"_bbp_topic_count_hidden":0,"_bbp_reply_count_hidden":0,"_bbp_forum_subforum_count":0,"footnotes":""},"class_list":["post-22","page","type-page","status-publish","hentry"],"post_mailing_queue_ids":[],"_links":{"self":[{"href":"https:\/\/agora.xtec.cat\/ll-airet-bcn\/wp-json\/wp\/v2\/pages\/22","targetHints":{"allow":["GET"]}}],"collection":[{"href":"https:\/\/agora.xtec.cat\/ll-airet-bcn\/wp-json\/wp\/v2\/pages"}],"about":[{"href":"https:\/\/agora.xtec.cat\/ll-airet-bcn\/wp-json\/wp\/v2\/types\/page"}],"author":[{"embeddable":true,"href":"https:\/\/agora.xtec.cat\/ll-airet-bcn\/wp-json\/wp\/v2\/users\/1"}],"replies":[{"embeddable":true,"href":"https:\/\/agora.xtec.cat\/ll-airet-bcn\/wp-json\/wp\/v2\/comments?post=22"}],"version-history":[{"count":2,"href":"https:\/\/agora.xtec.cat\/ll-airet-bcn\/wp-json\/wp\/v2\/pages\/22\/revisions"}],"predecessor-version":[{"id":571,"href":"https:\/\/agora.xtec.cat\/ll-airet-bcn\/wp-json\/wp\/v2\/pages\/22\/revisions\/571"}],"wp:attachment":[{"href":"https:\/\/agora.xtec.cat\/ll-airet-bcn\/wp-json\/wp\/v2\/media?parent=22"}],"curies":[{"name":"wp","href":"https:\/\/api.w.org\/{rel}","templated":true}]}}