{"id":9887,"date":"2023-02-08T20:12:51","date_gmt":"2023-02-08T19:12:51","guid":{"rendered":"https:\/\/agora.xtec.cat\/lesaigues\/?page_id=9887"},"modified":"2024-02-21T15:57:42","modified_gmt":"2024-02-21T14:57:42","slug":"la-clika","status":"publish","type":"page","link":"https:\/\/agora.xtec.cat\/lesaigues\/projectes\/la-clika\/","title":{"rendered":"La Clika"},"content":{"rendered":"<p style=\"text-align: justify;\"><strong>La cantata de <a href=\"https:\/\/laclika.cat\/\">La Clika<\/a> \u00e9s un projecte impulsat per Les Cases de la M\u00fasica que pret\u00e9n generar afici\u00f3 per la m\u00fasica, apropar les arts esc\u00e8niques a les escoles i treballar valors universals com la solidaritat, la comunitat o la diversitat.<\/strong><\/p>\n<p style=\"text-align: justify;\"><strong>Consisteix en l&#8217;aprenentatge escolar d&#8217;una cantata que s&#8217;interpreta pels alumnes a final de curs en m\u00faltiples teatres del territori. Mestres i infants treballen conjuntament les can\u00e7ons de la cantata per tal d&#8217;interioritzar l&#8217;univers musical i de valors creat per La Clika, un grup d&#8217;alumnes de 2n de l&#8217;Escola El Rusc.<\/strong><\/p>\n<p style=\"text-align: justify;\"><strong>La cantata es composa de 11 can\u00e7ons composades i creades per components dels grups Xiula, Gertrudis i XerrameQ que parlen de valors universals com l&#8217;autoestima, l&#8217;amistat, l&#8217;ecologisme, la igualtat de g\u00e8nere o la cooperaci\u00f3.<\/strong><\/p>\n<p style=\"text-align: justify;\"><strong>Actualment hi participen 82 escoles de 13 poblacions diferents de tota Catalunya. Des de La Clika es proporcionen materials pedag\u00f2gics orientats a mestres i alumnes per tal de facilitar l&#8217;aprenentatge de les can\u00e7ons i les coreografies. \u00c9s un projecte orientat al cicle inicial de prim\u00e0ria i qualsevol escola hi pot participar.<\/strong><\/p>\n<p style=\"text-align: justify;\"><strong>A l&#8217;Escola Les Aig\u00fces hi participem amb els grups de 2n i el concert es fa al tercer trimestre al Teatre Auditori de Cardedeu.<\/strong><\/p>\n<p style=\"text-align: justify;\"><a href=\"https:\/\/agora.xtec.cat\/lesaigues\/wp-content\/uploads\/usu985\/2023\/02\/maxresdefault-4.jpg\"><img loading=\"lazy\" decoding=\"async\" class=\"aligncenter size-large wp-image-9888\" src=\"https:\/\/agora.xtec.cat\/lesaigues\/wp-content\/uploads\/usu985\/2023\/02\/maxresdefault-4-1024x576.jpg\" alt=\"\" width=\"1024\" height=\"576\" srcset=\"https:\/\/agora.xtec.cat\/lesaigues\/wp-content\/uploads\/usu985\/2023\/02\/maxresdefault-4-1024x576.jpg 1024w, https:\/\/agora.xtec.cat\/lesaigues\/wp-content\/uploads\/usu985\/2023\/02\/maxresdefault-4-300x169.jpg 300w, https:\/\/agora.xtec.cat\/lesaigues\/wp-content\/uploads\/usu985\/2023\/02\/maxresdefault-4-768x432.jpg 768w, https:\/\/agora.xtec.cat\/lesaigues\/wp-content\/uploads\/usu985\/2023\/02\/maxresdefault-4.jpg 1280w\" sizes=\"auto, (max-width: 1024px) 100vw, 1024px\" \/><\/a><\/p>\n","protected":false},"excerpt":{"rendered":"<p>La cantata de La Clika \u00e9s un projecte impulsat per Les Cases de la M\u00fasica que pret\u00e9n generar afici\u00f3 per la m\u00fasica, apropar les arts esc\u00e8niques a les escoles i treballar valors universals com la solidaritat, la comunitat o la diversitat. Consisteix en l&#8217;aprenentatge escolar d&#8217;una cantata que s&#8217;interpreta pels alumnes a final de curs [&hellip;]<\/p>\n","protected":false},"author":1,"featured_media":0,"parent":1661,"menu_order":17,"comment_status":"closed","ping_status":"closed","template":"","meta":{"_bbp_topic_count":0,"_bbp_reply_count":0,"_bbp_total_topic_count":0,"_bbp_total_reply_count":0,"_bbp_voice_count":0,"_bbp_anonymous_reply_count":0,"_bbp_topic_count_hidden":0,"_bbp_reply_count_hidden":0,"_bbp_forum_subforum_count":0,"site-sidebar-layout":"default","site-content-layout":"","ast-site-content-layout":"","site-content-style":"default","site-sidebar-style":"default","ast-global-header-display":"","ast-banner-title-visibility":"","ast-main-header-display":"","ast-hfb-above-header-display":"","ast-hfb-below-header-display":"","ast-hfb-mobile-header-display":"","site-post-title":"","ast-breadcrumbs-content":"","ast-featured-img":"","footer-sml-layout":"","theme-transparent-header-meta":"","adv-header-id-meta":"","stick-header-meta":"","header-above-stick-meta":"","header-main-stick-meta":"","header-below-stick-meta":"","astra-migrate-meta-layouts":"default","ast-page-background-enabled":"default","ast-page-background-meta":{"desktop":{"background-color":"var(--ast-global-color-4)","background-image":"","background-repeat":"repeat","background-position":"center center","background-size":"auto","background-attachment":"scroll","background-type":"","background-media":"","overlay-type":"","overlay-color":"","overlay-opacity":"","overlay-gradient":""},"tablet":{"background-color":"","background-image":"","background-repeat":"repeat","background-position":"center center","background-size":"auto","background-attachment":"scroll","background-type":"","background-media":"","overlay-type":"","overlay-color":"","overlay-opacity":"","overlay-gradient":""},"mobile":{"background-color":"","background-image":"","background-repeat":"repeat","background-position":"center center","background-size":"auto","background-attachment":"scroll","background-type":"","background-media":"","overlay-type":"","overlay-color":"","overlay-opacity":"","overlay-gradient":""}},"ast-content-background-meta":{"desktop":{"background-color":"var(--ast-global-color-5)","background-image":"","background-repeat":"repeat","background-position":"center center","background-size":"auto","background-attachment":"scroll","background-type":"","background-media":"","overlay-type":"","overlay-color":"","overlay-opacity":"","overlay-gradient":""},"tablet":{"background-color":"var(--ast-global-color-5)","background-image":"","background-repeat":"repeat","background-position":"center center","background-size":"auto","background-attachment":"scroll","background-type":"","background-media":"","overlay-type":"","overlay-color":"","overlay-opacity":"","overlay-gradient":""},"mobile":{"background-color":"var(--ast-global-color-5)","background-image":"","background-repeat":"repeat","background-position":"center center","background-size":"auto","background-attachment":"scroll","background-type":"","background-media":"","overlay-type":"","overlay-color":"","overlay-opacity":"","overlay-gradient":""}},"footnotes":""},"class_list":["post-9887","page","type-page","status-publish","hentry"],"post_mailing_queue_ids":[],"_links":{"self":[{"href":"https:\/\/agora.xtec.cat\/lesaigues\/wp-json\/wp\/v2\/pages\/9887","targetHints":{"allow":["GET"]}}],"collection":[{"href":"https:\/\/agora.xtec.cat\/lesaigues\/wp-json\/wp\/v2\/pages"}],"about":[{"href":"https:\/\/agora.xtec.cat\/lesaigues\/wp-json\/wp\/v2\/types\/page"}],"author":[{"embeddable":true,"href":"https:\/\/agora.xtec.cat\/lesaigues\/wp-json\/wp\/v2\/users\/1"}],"replies":[{"embeddable":true,"href":"https:\/\/agora.xtec.cat\/lesaigues\/wp-json\/wp\/v2\/comments?post=9887"}],"version-history":[{"count":4,"href":"https:\/\/agora.xtec.cat\/lesaigues\/wp-json\/wp\/v2\/pages\/9887\/revisions"}],"predecessor-version":[{"id":11987,"href":"https:\/\/agora.xtec.cat\/lesaigues\/wp-json\/wp\/v2\/pages\/9887\/revisions\/11987"}],"up":[{"embeddable":true,"href":"https:\/\/agora.xtec.cat\/lesaigues\/wp-json\/wp\/v2\/pages\/1661"}],"wp:attachment":[{"href":"https:\/\/agora.xtec.cat\/lesaigues\/wp-json\/wp\/v2\/media?parent=9887"}],"curies":[{"name":"wp","href":"https:\/\/api.w.org\/{rel}","templated":true}]}}