{"id":9509,"date":"2022-12-05T09:59:26","date_gmt":"2022-12-05T08:59:26","guid":{"rendered":"https:\/\/agora.xtec.cat\/lesaigues\/?page_id=9509"},"modified":"2024-01-28T12:34:54","modified_gmt":"2024-01-28T11:34:54","slug":"english-on-air","status":"publish","type":"page","link":"https:\/\/agora.xtec.cat\/lesaigues\/projectes\/english-on-air\/","title":{"rendered":"English on air"},"content":{"rendered":"<p style=\"text-align: justify;\"><span style=\"font-weight: 400;\">L&#8217;Escola Les Aig\u00fces participa al projecte<\/span><b> English on air<\/b><span style=\"font-weight: 400;\"> juntament amb altres escoles de la zona i gestionat pel Servei Educatiu del Baix Montseny. Hi col\u00b7laboren els nivells de 5\u00e8 i 6\u00e8 d&#8217;ed. prim\u00e0ria i 1r i 2n ded. secund\u00e0ria. El projecte es planteja per millorar la comprensi\u00f3 lectora de l&#8217;alumnat amb la preparaci\u00f3\u00a0 d\u2019uns podcasts realitzats per ells\/elles mateixos\/es.\u00a0<\/span><\/p>\n<p style=\"text-align: justify;\"><span style=\"font-weight: 400;\">Cada escola prepara unes hist\u00f2ries llegides i enregistrades aix\u00ed com un formulari de comprensi\u00f3 lectora relacionat amb la hist\u00f2ria.<\/span><\/p>\n<p style=\"text-align: justify;\"><span style=\"font-weight: 400;\">Al llarg del trimestre tamb\u00e9 es poden escoltar els podcasts a la <a href=\"http:\/\/radio.garden\/listen\/radio-educa-baix-montseny\/4j9flmmO\">R\u00e0dio educa Baix Montseny<\/a> els dimarts de 17 a 19 h.<\/span><\/p>\n<p style=\"text-align: justify;\"><span style=\"font-weight: 400;\">Aqu\u00ed podreu trobar els <a href=\"https:\/\/sites.google.com\/xtec.cat\/englishonair\/halloween?pli=1\">podcasts<\/a> i formularis.<\/span><\/p>\n","protected":false},"excerpt":{"rendered":"<p>L&#8217;Escola Les Aig\u00fces participa al projecte English on air juntament amb altres escoles de la zona i gestionat pel Servei Educatiu del Baix Montseny. Hi col\u00b7laboren els nivells de 5\u00e8 i 6\u00e8 d&#8217;ed. prim\u00e0ria i 1r i 2n ded. secund\u00e0ria. El projecte es planteja per millorar la comprensi\u00f3 lectora de l&#8217;alumnat amb la preparaci\u00f3\u00a0 d\u2019uns [&hellip;]<\/p>\n","protected":false},"author":1,"featured_media":0,"parent":1661,"menu_order":2,"comment_status":"closed","ping_status":"closed","template":"","meta":{"_bbp_topic_count":0,"_bbp_reply_count":0,"_bbp_total_topic_count":0,"_bbp_total_reply_count":0,"_bbp_voice_count":0,"_bbp_anonymous_reply_count":0,"_bbp_topic_count_hidden":0,"_bbp_reply_count_hidden":0,"_bbp_forum_subforum_count":0,"site-sidebar-layout":"default","site-content-layout":"","ast-site-content-layout":"","site-content-style":"default","site-sidebar-style":"default","ast-global-header-display":"","ast-banner-title-visibility":"","ast-main-header-display":"","ast-hfb-above-header-display":"","ast-hfb-below-header-display":"","ast-hfb-mobile-header-display":"","site-post-title":"","ast-breadcrumbs-content":"","ast-featured-img":"","footer-sml-layout":"","theme-transparent-header-meta":"","adv-header-id-meta":"","stick-header-meta":"","header-above-stick-meta":"","header-main-stick-meta":"","header-below-stick-meta":"","astra-migrate-meta-layouts":"default","ast-page-background-enabled":"default","ast-page-background-meta":{"desktop":{"background-color":"var(--ast-global-color-4)","background-image":"","background-repeat":"repeat","background-position":"center center","background-size":"auto","background-attachment":"scroll","background-type":"","background-media":"","overlay-type":"","overlay-color":"","overlay-opacity":"","overlay-gradient":""},"tablet":{"background-color":"","background-image":"","background-repeat":"repeat","background-position":"center center","background-size":"auto","background-attachment":"scroll","background-type":"","background-media":"","overlay-type":"","overlay-color":"","overlay-opacity":"","overlay-gradient":""},"mobile":{"background-color":"","background-image":"","background-repeat":"repeat","background-position":"center center","background-size":"auto","background-attachment":"scroll","background-type":"","background-media":"","overlay-type":"","overlay-color":"","overlay-opacity":"","overlay-gradient":""}},"ast-content-background-meta":{"desktop":{"background-color":"var(--ast-global-color-5)","background-image":"","background-repeat":"repeat","background-position":"center center","background-size":"auto","background-attachment":"scroll","background-type":"","background-media":"","overlay-type":"","overlay-color":"","overlay-opacity":"","overlay-gradient":""},"tablet":{"background-color":"var(--ast-global-color-5)","background-image":"","background-repeat":"repeat","background-position":"center center","background-size":"auto","background-attachment":"scroll","background-type":"","background-media":"","overlay-type":"","overlay-color":"","overlay-opacity":"","overlay-gradient":""},"mobile":{"background-color":"var(--ast-global-color-5)","background-image":"","background-repeat":"repeat","background-position":"center center","background-size":"auto","background-attachment":"scroll","background-type":"","background-media":"","overlay-type":"","overlay-color":"","overlay-opacity":"","overlay-gradient":""}},"footnotes":""},"class_list":["post-9509","page","type-page","status-publish","hentry"],"post_mailing_queue_ids":[],"_links":{"self":[{"href":"https:\/\/agora.xtec.cat\/lesaigues\/wp-json\/wp\/v2\/pages\/9509","targetHints":{"allow":["GET"]}}],"collection":[{"href":"https:\/\/agora.xtec.cat\/lesaigues\/wp-json\/wp\/v2\/pages"}],"about":[{"href":"https:\/\/agora.xtec.cat\/lesaigues\/wp-json\/wp\/v2\/types\/page"}],"author":[{"embeddable":true,"href":"https:\/\/agora.xtec.cat\/lesaigues\/wp-json\/wp\/v2\/users\/1"}],"replies":[{"embeddable":true,"href":"https:\/\/agora.xtec.cat\/lesaigues\/wp-json\/wp\/v2\/comments?post=9509"}],"version-history":[{"count":3,"href":"https:\/\/agora.xtec.cat\/lesaigues\/wp-json\/wp\/v2\/pages\/9509\/revisions"}],"predecessor-version":[{"id":9876,"href":"https:\/\/agora.xtec.cat\/lesaigues\/wp-json\/wp\/v2\/pages\/9509\/revisions\/9876"}],"up":[{"embeddable":true,"href":"https:\/\/agora.xtec.cat\/lesaigues\/wp-json\/wp\/v2\/pages\/1661"}],"wp:attachment":[{"href":"https:\/\/agora.xtec.cat\/lesaigues\/wp-json\/wp\/v2\/media?parent=9509"}],"curies":[{"name":"wp","href":"https:\/\/api.w.org\/{rel}","templated":true}]}}