{"id":833,"date":"2016-10-16T12:14:51","date_gmt":"2016-10-16T10:14:51","guid":{"rendered":"http:\/\/escolalesaigues.cat\/?page_id=833"},"modified":"2026-04-10T13:34:50","modified_gmt":"2026-04-10T11:34:50","slug":"programacio-general-anual-2016-17","status":"publish","type":"page","link":"https:\/\/agora.xtec.cat\/lesaigues\/lescola\/programacio-general-anual-2016-17\/","title":{"rendered":"Programaci\u00f3 General Anual (PGA)"},"content":{"rendered":"<p style=\"text-align: justify;\">La <strong>Programaci\u00f3 General Anual<\/strong> \u00e9s el document normatiu que concreta\u00a0les actuacions per a cada curs a partir del\u00a0<span style=\"color: #000000;\">Projecte Educatiu de Centre.<\/span> Explicita les prioritats i els aspectes relatius al funcionament dels centres per al curs escolar, fent \u00e8mfasi en els seg\u00fcents aspectes:<\/p>\n<ul style=\"text-align: justify;\">\n<li style=\"text-align: justify;\"><em>Prioritats del curs: concrecions d\u2019objectius, actuacions\u00a0<\/em><\/li>\n<li style=\"text-align: justify;\"><em>Funcionament i organitzaci\u00f3 del curs: informacions m\u00e9s rellevants que <\/em><em>conformen la planificaci\u00f3 de l\u2019any escolar.<\/em><\/li>\n<\/ul>\n<p style=\"text-align: justify;\">La PGA \u00e9s valorada al final del curs a partir dels indicadors d\u2019avaluaci\u00f3 previstos a l\u2019inici. La Mem\u00f2ria del curs recull la valoraci\u00f3 de les actuacions fetes i pendents.<\/p>\n<p style=\"text-align: justify;\">La PGA 25-26 de l&#8217;Escola Les Aig\u00fces va ser aprovada pel Consell Escolar el 20 d&#8217;octubre de 2025, es va actuaitzar en una sessi\u00f3 extraordin\u00e0ria el 17 de desembre de 2025 i es va tornar a actualitzar en una altra sessi\u00f3 extraordin\u00e0ria el 9 d&#8217;abril de 2026. Si voleu, podeu consultar-la clicant en el seg\u00fcent enlla\u00e7: <a href=\"https:\/\/agora.xtec.cat\/lesaigues\/wp-content\/uploads\/usu985\/2026\/04\/PGA-25-26.pdf\">PGA 25-26<\/a>.<\/p>\n<p>&nbsp;<\/p>\n","protected":false},"excerpt":{"rendered":"<p>La Programaci\u00f3 General Anual \u00e9s el document normatiu que concreta\u00a0les actuacions per a cada curs a partir del\u00a0Projecte Educatiu de Centre. Explicita les prioritats i els aspectes relatius al funcionament dels centres per al curs escolar, fent \u00e8mfasi en els seg\u00fcents aspectes: Prioritats del curs: concrecions d\u2019objectius, actuacions\u00a0 Funcionament i organitzaci\u00f3 del curs: informacions m\u00e9s [&hellip;]<\/p>\n","protected":false},"author":1,"featured_media":0,"parent":22,"menu_order":3,"comment_status":"closed","ping_status":"closed","template":"","meta":{"_bbp_topic_count":0,"_bbp_reply_count":0,"_bbp_total_topic_count":0,"_bbp_total_reply_count":0,"_bbp_voice_count":0,"_bbp_anonymous_reply_count":0,"_bbp_topic_count_hidden":0,"_bbp_reply_count_hidden":0,"_bbp_forum_subforum_count":0,"site-sidebar-layout":"default","site-content-layout":"","ast-site-content-layout":"default","site-content-style":"default","site-sidebar-style":"default","ast-global-header-display":"","ast-banner-title-visibility":"","ast-main-header-display":"","ast-hfb-above-header-display":"","ast-hfb-below-header-display":"","ast-hfb-mobile-header-display":"","site-post-title":"","ast-breadcrumbs-content":"","ast-featured-img":"","footer-sml-layout":"","theme-transparent-header-meta":"default","adv-header-id-meta":"","stick-header-meta":"","header-above-stick-meta":"","header-main-stick-meta":"","header-below-stick-meta":"","astra-migrate-meta-layouts":"set","ast-page-background-enabled":"default","ast-page-background-meta":{"desktop":{"background-color":"var(--ast-global-color-4)","background-image":"","background-repeat":"repeat","background-position":"center center","background-size":"auto","background-attachment":"scroll","background-type":"","background-media":"","overlay-type":"","overlay-color":"","overlay-opacity":"","overlay-gradient":""},"tablet":{"background-color":"","background-image":"","background-repeat":"repeat","background-position":"center center","background-size":"auto","background-attachment":"scroll","background-type":"","background-media":"","overlay-type":"","overlay-color":"","overlay-opacity":"","overlay-gradient":""},"mobile":{"background-color":"","background-image":"","background-repeat":"repeat","background-position":"center center","background-size":"auto","background-attachment":"scroll","background-type":"","background-media":"","overlay-type":"","overlay-color":"","overlay-opacity":"","overlay-gradient":""}},"ast-content-background-meta":{"desktop":{"background-color":"var(--ast-global-color-5)","background-image":"","background-repeat":"repeat","background-position":"center center","background-size":"auto","background-attachment":"scroll","background-type":"","background-media":"","overlay-type":"","overlay-color":"","overlay-opacity":"","overlay-gradient":""},"tablet":{"background-color":"var(--ast-global-color-5)","background-image":"","background-repeat":"repeat","background-position":"center center","background-size":"auto","background-attachment":"scroll","background-type":"","background-media":"","overlay-type":"","overlay-color":"","overlay-opacity":"","overlay-gradient":""},"mobile":{"background-color":"var(--ast-global-color-5)","background-image":"","background-repeat":"repeat","background-position":"center center","background-size":"auto","background-attachment":"scroll","background-type":"","background-media":"","overlay-type":"","overlay-color":"","overlay-opacity":"","overlay-gradient":""}},"footnotes":""},"class_list":["post-833","page","type-page","status-publish","hentry"],"post_mailing_queue_ids":[],"_links":{"self":[{"href":"https:\/\/agora.xtec.cat\/lesaigues\/wp-json\/wp\/v2\/pages\/833","targetHints":{"allow":["GET"]}}],"collection":[{"href":"https:\/\/agora.xtec.cat\/lesaigues\/wp-json\/wp\/v2\/pages"}],"about":[{"href":"https:\/\/agora.xtec.cat\/lesaigues\/wp-json\/wp\/v2\/types\/page"}],"author":[{"embeddable":true,"href":"https:\/\/agora.xtec.cat\/lesaigues\/wp-json\/wp\/v2\/users\/1"}],"replies":[{"embeddable":true,"href":"https:\/\/agora.xtec.cat\/lesaigues\/wp-json\/wp\/v2\/comments?post=833"}],"version-history":[{"count":7,"href":"https:\/\/agora.xtec.cat\/lesaigues\/wp-json\/wp\/v2\/pages\/833\/revisions"}],"predecessor-version":[{"id":15829,"href":"https:\/\/agora.xtec.cat\/lesaigues\/wp-json\/wp\/v2\/pages\/833\/revisions\/15829"}],"up":[{"embeddable":true,"href":"https:\/\/agora.xtec.cat\/lesaigues\/wp-json\/wp\/v2\/pages\/22"}],"wp:attachment":[{"href":"https:\/\/agora.xtec.cat\/lesaigues\/wp-json\/wp\/v2\/media?parent=833"}],"curies":[{"name":"wp","href":"https:\/\/api.w.org\/{rel}","templated":true}]}}