{"id":630,"date":"2017-01-25T19:09:56","date_gmt":"2017-01-25T18:09:56","guid":{"rendered":"http:\/\/agora.xtec.cat\/lesaigues\/?page_id=630"},"modified":"2025-10-02T22:47:00","modified_gmt":"2025-10-02T20:47:00","slug":"erasmus","status":"publish","type":"page","link":"https:\/\/agora.xtec.cat\/lesaigues\/projectes\/erasmus\/","title":{"rendered":"Erasmus +"},"content":{"rendered":"<p><a href=\"https:\/\/agora.xtec.cat\/lesaigues\/wp-content\/uploads\/usu985\/2025\/06\/WhatsApp-Image-2025-06-17-at-13.49.06.jpeg\"><img loading=\"lazy\" decoding=\"async\" class=\"aligncenter size-full wp-image-14278\" src=\"https:\/\/agora.xtec.cat\/lesaigues\/wp-content\/uploads\/usu985\/2025\/06\/WhatsApp-Image-2025-06-17-at-13.49.06.jpeg\" alt=\"\" width=\"640\" height=\"355\" srcset=\"https:\/\/agora.xtec.cat\/lesaigues\/wp-content\/uploads\/usu985\/2025\/06\/WhatsApp-Image-2025-06-17-at-13.49.06.jpeg 640w, https:\/\/agora.xtec.cat\/lesaigues\/wp-content\/uploads\/usu985\/2025\/06\/WhatsApp-Image-2025-06-17-at-13.49.06-300x166.jpeg 300w\" sizes=\"auto, (max-width: 640px) 100vw, 640px\" \/><\/a><\/p>\n<p style=\"text-align: justify;\">L&#8217;Escola Les Aig\u00fces ja fa m\u00e9s de 12 anys que participa en projectes Erasmus+ d&#8217;\u00e0mbit europeu amb comunitats educatives de diferents pa\u00efsos. Els nostres alumnes i equip docent han participat en trobades i hem rebut a Cardedeu comunitats eductives d&#8217;escoles d&#8217;Alemanya, Anglaterra, B\u00e8lgica, Bulg\u00e0ria, Eslov\u00e8nia, Finl\u00e0ndia, Fran\u00e7a, Gr\u00e8cia, Hongria, It\u00e0lia, Let\u00f2nia, Pol\u00f2nia, Turquia i Tx\u00e8quia. Al final d&#8217;aquest article podr\u00e0s veure alguns dels millors moments de les darreres trobades!<\/p>\n<p style=\"text-align: justify;\">El curs 23-24 vam comen\u00e7ar el nou projecte Erasmus+ <em>Let&#8217;s learn about art<\/em> que va fer que que durant 18 mesos l&#8217;escola s&#8217;internacionalitz\u00e9s i millor\u00e9s el projecte d&#8217;educaci\u00f3 art\u00edstica. El projecte va comportar tres mobilitats de l&#8217;equip de mestres i de grups d&#8217;alumnes de 6\u00e8 el curs 23-24 i dues m\u00e9s el curs 24-25.<\/p>\n<p style=\"text-align: justify;\">L&#8217;escola t\u00e9 aprovat un nou projecte: <em>Healthy habits and personal well-being<\/em> del per\u00edode de novembre del 2025 al maig de 2027 amb una mobilitat prevista a l&#8217;Istituto Comprensivo Carlo Alberto dalla Chiesa de San Giovanni la Punta (Sic\u00edlia). La comissi\u00e7\u00f3 Erasmus+ est\u00e0 acabant de tancar mobilitats amb diferents escoles europees els quals publicarem durant el mes d&#8217;octubre.<\/p>\n<p style=\"text-align: justify;\">Si voleu con\u00e8ixer els criteris de selecci\u00f3 d&#8217;alumnes per a mobilitats Erasmus+ cliqueu <a href=\"https:\/\/agora.xtec.cat\/lesaigues\/wp-content\/uploads\/usu985\/2025\/10\/CRITERIS-DE-SELECCIO-DALUMNES-1.pdf\">aqu\u00ed.<\/a><\/p>\n<h2>Cursos 2023-24 i 2024 i 25<\/h2>\n<h1><a href=\"https:\/\/agora.xtec.cat\/lesaigues\/portada\/erasmus-lets-learn-about-art\/\">Let&#8217;s learn about art: Sermoneta-Konistres-Celje-San Giovanni la Punta.<\/a><\/h1>\n<h2>Curs 2020-21<\/h2>\n<h1><a href=\"https:\/\/agora.xtec.cat\/lesaigues\/portada\/sollicitat-lajornament-de-la-trobada-erasmus-a-cardedeu-per-al-curs-20-21\/\">Virtual meeting in Cardedeu<\/a><\/h1>\n<h2>Curs 2019-20<\/h2>\n<h1><a href=\"https:\/\/youtu.be\/hANraOTpuLs\">Meeting in Rafina (Greece)<\/a><\/h1>\n<h2>Curs 2018-19<\/h2>\n<h1><a href=\"https:\/\/www.youtube.com\/watch?v=uzyNFLqBJ-I\">Meeting in Kol\u00edn (Czech Republic)<\/a><\/h1>\n<h2>Curs 2016-17<\/h2>\n<h1><a href=\"https:\/\/youtu.be\/m8jLp_KwAYI\">Meeting in Tessalonica (Greece)<\/a><\/h1>\n<h1><a href=\"https:\/\/youtu.be\/4pbe2EstnjM\" target=\"_blank\" rel=\"noopener noreferrer\">Meeting in Sermoneta (Italy)<\/a><\/h1>\n<h2>Curs 15-16<\/h2>\n<h1><a href=\"https:\/\/youtu.be\/jiXmLEOZWMs\">Meeting in Cardedeu (Catalonia)<\/a><\/h1>\n<p>&nbsp;<\/p>\n","protected":false},"excerpt":{"rendered":"<p>L&#8217;Escola Les Aig\u00fces ja fa m\u00e9s de 12 anys que participa en projectes Erasmus+ d&#8217;\u00e0mbit europeu amb comunitats educatives de diferents pa\u00efsos. Els nostres alumnes i equip docent han participat en trobades i hem rebut a Cardedeu comunitats eductives d&#8217;escoles d&#8217;Alemanya, Anglaterra, B\u00e8lgica, Bulg\u00e0ria, Eslov\u00e8nia, Finl\u00e0ndia, Fran\u00e7a, Gr\u00e8cia, Hongria, It\u00e0lia, Let\u00f2nia, Pol\u00f2nia, Turquia i Tx\u00e8quia. [&hellip;]<\/p>\n","protected":false},"author":1,"featured_media":0,"parent":1661,"menu_order":3,"comment_status":"closed","ping_status":"closed","template":"","meta":{"_bbp_topic_count":0,"_bbp_reply_count":0,"_bbp_total_topic_count":0,"_bbp_total_reply_count":0,"_bbp_voice_count":0,"_bbp_anonymous_reply_count":0,"_bbp_topic_count_hidden":0,"_bbp_reply_count_hidden":0,"_bbp_forum_subforum_count":0,"site-sidebar-layout":"default","site-content-layout":"","ast-site-content-layout":"default","site-content-style":"default","site-sidebar-style":"default","ast-global-header-display":"","ast-banner-title-visibility":"","ast-main-header-display":"","ast-hfb-above-header-display":"","ast-hfb-below-header-display":"","ast-hfb-mobile-header-display":"","site-post-title":"","ast-breadcrumbs-content":"","ast-featured-img":"","footer-sml-layout":"","theme-transparent-header-meta":"default","adv-header-id-meta":"","stick-header-meta":"","header-above-stick-meta":"","header-main-stick-meta":"","header-below-stick-meta":"","astra-migrate-meta-layouts":"set","ast-page-background-enabled":"default","ast-page-background-meta":{"desktop":{"background-color":"var(--ast-global-color-4)","background-image":"","background-repeat":"repeat","background-position":"center center","background-size":"auto","background-attachment":"scroll","background-type":"","background-media":"","overlay-type":"","overlay-color":"","overlay-opacity":"","overlay-gradient":""},"tablet":{"background-color":"","background-image":"","background-repeat":"repeat","background-position":"center center","background-size":"auto","background-attachment":"scroll","background-type":"","background-media":"","overlay-type":"","overlay-color":"","overlay-opacity":"","overlay-gradient":""},"mobile":{"background-color":"","background-image":"","background-repeat":"repeat","background-position":"center center","background-size":"auto","background-attachment":"scroll","background-type":"","background-media":"","overlay-type":"","overlay-color":"","overlay-opacity":"","overlay-gradient":""}},"ast-content-background-meta":{"desktop":{"background-color":"var(--ast-global-color-5)","background-image":"","background-repeat":"repeat","background-position":"center center","background-size":"auto","background-attachment":"scroll","background-type":"","background-media":"","overlay-type":"","overlay-color":"","overlay-opacity":"","overlay-gradient":""},"tablet":{"background-color":"var(--ast-global-color-5)","background-image":"","background-repeat":"repeat","background-position":"center center","background-size":"auto","background-attachment":"scroll","background-type":"","background-media":"","overlay-type":"","overlay-color":"","overlay-opacity":"","overlay-gradient":""},"mobile":{"background-color":"var(--ast-global-color-5)","background-image":"","background-repeat":"repeat","background-position":"center center","background-size":"auto","background-attachment":"scroll","background-type":"","background-media":"","overlay-type":"","overlay-color":"","overlay-opacity":"","overlay-gradient":""}},"footnotes":""},"class_list":["post-630","page","type-page","status-publish","hentry"],"post_mailing_queue_ids":[],"_links":{"self":[{"href":"https:\/\/agora.xtec.cat\/lesaigues\/wp-json\/wp\/v2\/pages\/630","targetHints":{"allow":["GET"]}}],"collection":[{"href":"https:\/\/agora.xtec.cat\/lesaigues\/wp-json\/wp\/v2\/pages"}],"about":[{"href":"https:\/\/agora.xtec.cat\/lesaigues\/wp-json\/wp\/v2\/types\/page"}],"author":[{"embeddable":true,"href":"https:\/\/agora.xtec.cat\/lesaigues\/wp-json\/wp\/v2\/users\/1"}],"replies":[{"embeddable":true,"href":"https:\/\/agora.xtec.cat\/lesaigues\/wp-json\/wp\/v2\/comments?post=630"}],"version-history":[{"count":6,"href":"https:\/\/agora.xtec.cat\/lesaigues\/wp-json\/wp\/v2\/pages\/630\/revisions"}],"predecessor-version":[{"id":14594,"href":"https:\/\/agora.xtec.cat\/lesaigues\/wp-json\/wp\/v2\/pages\/630\/revisions\/14594"}],"up":[{"embeddable":true,"href":"https:\/\/agora.xtec.cat\/lesaigues\/wp-json\/wp\/v2\/pages\/1661"}],"wp:attachment":[{"href":"https:\/\/agora.xtec.cat\/lesaigues\/wp-json\/wp\/v2\/media?parent=630"}],"curies":[{"name":"wp","href":"https:\/\/api.w.org\/{rel}","templated":true}]}}