{"id":2728,"date":"2020-02-27T13:25:12","date_gmt":"2020-02-27T12:25:12","guid":{"rendered":"http:\/\/agora.xtec.cat\/lesaigues\/?page_id=2728"},"modified":"2024-10-18T15:39:11","modified_gmt":"2024-10-18T13:39:11","slug":"equip-directiu","status":"publish","type":"page","link":"https:\/\/agora.xtec.cat\/lesaigues\/escola-2\/estructura-organitzativa\/equip-directiu\/","title":{"rendered":"Equip Directiu"},"content":{"rendered":"<p>La Llei 19\/2014, del 29 de desembre, de transpar\u00e8ncia, acc\u00e9s a la informaci\u00f3 p\u00fablica i bon govern va entrar en vigor l&#8217;1 de juliol de 2015. Aquesta Llei, entre d&#8217;altres disposicions, regula la publicitat activa de les administracions p\u00fabliques. Una de les informacions que cal publicar \u00e9s el perfil i la traject\u00f2ria professionals dels equips directius dels centres educatius p\u00fablics, que en el cas de l&#8217;Escola Les Aig\u00fces \u00e9s el seg\u00fcent:<\/p>\n<p>Director: Josep Cortada Sim\u00f3. <a href=\"https:\/\/agora.xtec.cat\/lesaigues\/wp-content\/uploads\/usu985\/2024\/10\/Perfil-i-trajectoria-professional-Josep-Cortada-Simo.pdf\">Perfil i traject\u00f2ria professional<\/a><\/p>\n<p>Cap d&#8217;Estudis: Llu\u00eds Gonz\u00e1lez Navarrete. <a href=\"https:\/\/agora.xtec.cat\/lesaigues\/wp-content\/uploads\/usu985\/2024\/10\/Perfil-i-trajectoria-professional-Lluis-Gonzalez.pdf\">Perfil i traject\u00f2ria professional<\/a><\/p>\n<p>Secret\u00e0ria: Irene Ruiz Sagrera. <a href=\"https:\/\/agora.xtec.cat\/lesaigues\/wp-content\/uploads\/usu985\/2024\/10\/trajectoria-professional-Irene-18-oct-2024.pdf\">Perfil i traject\u00f2ria professional.<\/a><\/p>\n","protected":false},"excerpt":{"rendered":"<p>La Llei 19\/2014, del 29 de desembre, de transpar\u00e8ncia, acc\u00e9s a la informaci\u00f3 p\u00fablica i bon govern va entrar en vigor l&#8217;1 de juliol de 2015. Aquesta Llei, entre d&#8217;altres disposicions, regula la publicitat activa de les administracions p\u00fabliques. Una de les informacions que cal publicar \u00e9s el perfil i la traject\u00f2ria professionals dels equips [&hellip;]<\/p>\n","protected":false},"author":1,"featured_media":0,"parent":1477,"menu_order":3,"comment_status":"closed","ping_status":"closed","template":"","meta":{"_bbp_topic_count":0,"_bbp_reply_count":0,"_bbp_total_topic_count":0,"_bbp_total_reply_count":0,"_bbp_voice_count":0,"_bbp_anonymous_reply_count":0,"_bbp_topic_count_hidden":0,"_bbp_reply_count_hidden":0,"_bbp_forum_subforum_count":0,"site-sidebar-layout":"default","site-content-layout":"","ast-site-content-layout":"","site-content-style":"default","site-sidebar-style":"default","ast-global-header-display":"","ast-banner-title-visibility":"","ast-main-header-display":"","ast-hfb-above-header-display":"","ast-hfb-below-header-display":"","ast-hfb-mobile-header-display":"","site-post-title":"","ast-breadcrumbs-content":"","ast-featured-img":"","footer-sml-layout":"","theme-transparent-header-meta":"","adv-header-id-meta":"","stick-header-meta":"","header-above-stick-meta":"","header-main-stick-meta":"","header-below-stick-meta":"","astra-migrate-meta-layouts":"default","ast-page-background-enabled":"default","ast-page-background-meta":{"desktop":{"background-color":"var(--ast-global-color-4)","background-image":"","background-repeat":"repeat","background-position":"center center","background-size":"auto","background-attachment":"scroll","background-type":"","background-media":"","overlay-type":"","overlay-color":"","overlay-opacity":"","overlay-gradient":""},"tablet":{"background-color":"","background-image":"","background-repeat":"repeat","background-position":"center center","background-size":"auto","background-attachment":"scroll","background-type":"","background-media":"","overlay-type":"","overlay-color":"","overlay-opacity":"","overlay-gradient":""},"mobile":{"background-color":"","background-image":"","background-repeat":"repeat","background-position":"center center","background-size":"auto","background-attachment":"scroll","background-type":"","background-media":"","overlay-type":"","overlay-color":"","overlay-opacity":"","overlay-gradient":""}},"ast-content-background-meta":{"desktop":{"background-color":"var(--ast-global-color-5)","background-image":"","background-repeat":"repeat","background-position":"center center","background-size":"auto","background-attachment":"scroll","background-type":"","background-media":"","overlay-type":"","overlay-color":"","overlay-opacity":"","overlay-gradient":""},"tablet":{"background-color":"var(--ast-global-color-5)","background-image":"","background-repeat":"repeat","background-position":"center center","background-size":"auto","background-attachment":"scroll","background-type":"","background-media":"","overlay-type":"","overlay-color":"","overlay-opacity":"","overlay-gradient":""},"mobile":{"background-color":"var(--ast-global-color-5)","background-image":"","background-repeat":"repeat","background-position":"center center","background-size":"auto","background-attachment":"scroll","background-type":"","background-media":"","overlay-type":"","overlay-color":"","overlay-opacity":"","overlay-gradient":""}},"footnotes":""},"class_list":["post-2728","page","type-page","status-publish","hentry"],"post_mailing_queue_ids":[],"_links":{"self":[{"href":"https:\/\/agora.xtec.cat\/lesaigues\/wp-json\/wp\/v2\/pages\/2728","targetHints":{"allow":["GET"]}}],"collection":[{"href":"https:\/\/agora.xtec.cat\/lesaigues\/wp-json\/wp\/v2\/pages"}],"about":[{"href":"https:\/\/agora.xtec.cat\/lesaigues\/wp-json\/wp\/v2\/types\/page"}],"author":[{"embeddable":true,"href":"https:\/\/agora.xtec.cat\/lesaigues\/wp-json\/wp\/v2\/users\/1"}],"replies":[{"embeddable":true,"href":"https:\/\/agora.xtec.cat\/lesaigues\/wp-json\/wp\/v2\/comments?post=2728"}],"version-history":[{"count":6,"href":"https:\/\/agora.xtec.cat\/lesaigues\/wp-json\/wp\/v2\/pages\/2728\/revisions"}],"predecessor-version":[{"id":13069,"href":"https:\/\/agora.xtec.cat\/lesaigues\/wp-json\/wp\/v2\/pages\/2728\/revisions\/13069"}],"up":[{"embeddable":true,"href":"https:\/\/agora.xtec.cat\/lesaigues\/wp-json\/wp\/v2\/pages\/1477"}],"wp:attachment":[{"href":"https:\/\/agora.xtec.cat\/lesaigues\/wp-json\/wp\/v2\/media?parent=2728"}],"curies":[{"name":"wp","href":"https:\/\/api.w.org\/{rel}","templated":true}]}}