{"id":2724,"date":"2020-02-27T13:01:06","date_gmt":"2020-02-27T12:01:06","guid":{"rendered":"http:\/\/agora.xtec.cat\/lesaigues\/?page_id=2724"},"modified":"2025-09-04T12:56:08","modified_gmt":"2025-09-04T10:56:08","slug":"equip-de-mestres","status":"publish","type":"page","link":"https:\/\/agora.xtec.cat\/lesaigues\/escola-2\/estructura-organitzativa\/equip-de-mestres\/","title":{"rendered":"Equip de l&#8217;escola"},"content":{"rendered":"<p>&nbsp;<\/p>\n<p><a href=\"https:\/\/agora.xtec.cat\/lesaigues\/wp-content\/uploads\/usu985\/2025\/04\/WhatsApp-Image-2025-09-01-at-11.10.50.jpeg\"><img loading=\"lazy\" decoding=\"async\" class=\"aligncenter size-large wp-image-14441\" src=\"https:\/\/agora.xtec.cat\/lesaigues\/wp-content\/uploads\/usu985\/2025\/04\/WhatsApp-Image-2025-09-01-at-11.10.50-1024x488.jpeg\" alt=\"\" width=\"1024\" height=\"488\" srcset=\"https:\/\/agora.xtec.cat\/lesaigues\/wp-content\/uploads\/usu985\/2025\/04\/WhatsApp-Image-2025-09-01-at-11.10.50-1024x488.jpeg 1024w, https:\/\/agora.xtec.cat\/lesaigues\/wp-content\/uploads\/usu985\/2025\/04\/WhatsApp-Image-2025-09-01-at-11.10.50-300x143.jpeg 300w, https:\/\/agora.xtec.cat\/lesaigues\/wp-content\/uploads\/usu985\/2025\/04\/WhatsApp-Image-2025-09-01-at-11.10.50-768x366.jpeg 768w, https:\/\/agora.xtec.cat\/lesaigues\/wp-content\/uploads\/usu985\/2025\/04\/WhatsApp-Image-2025-09-01-at-11.10.50.jpeg 1468w\" sizes=\"auto, (max-width: 1024px) 100vw, 1024px\" \/><\/a><\/p>\n<h5><u>Ed. Infantil:<\/u><\/h5>\n<p>I3 A: <span style=\"color: #99cc00;\"><strong>Jessica Alaminos Benito<\/strong><\/span><\/p>\n<p>I3 B: <span style=\"color: #99cc00;\"><strong>Dolors Cresp\u00edn Rodr\u00edguez<\/strong><\/span><\/p>\n<p>T\u00e8cnica d&#8217;educaci\u00f3 infantil: <strong><span style=\"color: #99cc00;\">Roser Pons Puigdef\u00e0bregas<\/span><\/strong><\/p>\n<p>I4 A <span style=\"color: #99cc00;\"><strong>Mireia Rosell\u00f3 Porcel<\/strong><\/span><\/p>\n<p>I4 B <strong><span style=\"color: #99cc00;\">Eli Sis\u00f3 Puigcorb\u00e9<\/span><\/strong><\/p>\n<p>I5 A:\u00a0 <strong><span style=\"color: #99cc00;\">Marta Cerqueda Soto<\/span><\/strong><\/p>\n<p>I5 B:\u00a0 <span style=\"color: #99cc00;\"><strong>N\u00faria Guti\u00e9rrez Comas<\/strong><\/span><\/p>\n<p>Suport educatiu: <span style=\"color: #99cc00;\"><strong>Laura Gorriz Vidal<\/strong><\/span><\/p>\n<p>Suport a la inclusi\u00f3: <span style=\"color: #99cc00;\"><strong>Rosa Ruiz Mancho<\/strong><\/span><\/p>\n<p>Angl\u00e8s: <strong><span style=\"color: #99cc00;\">Jessica Alaminos Benito <\/span><\/strong><span style=\"color: #000000;\">(I3), <strong><span style=\"color: #99cc00;\">Josep Cortada Sim\u00f3<\/span><\/strong><span style=\"color: #99cc00;\"><strong>\u00a0<\/strong>(I4)<\/span> i <\/span><strong><span style=\"color: #99cc00;\">Mentxu Mart\u00ednez Asesnio <\/span><\/strong><span style=\"color: #000000;\">(I5).<\/span><\/p>\n<p>Coordinadora: <span style=\"color: #99cc00;\"><b>Laura Gorriz Vidal<\/b><\/span><\/p>\n<h5><u>Cicle Inicial:<\/u><\/h5>\n<p>1r A: <span style=\"color: #99cc00;\"><b>Patr\u00edcia Hern\u00e1ndez L\u00f3pez<\/b><\/span><\/p>\n<p>1r B: <span style=\"color: #99cc00;\"><b>M\u00f2nica Prado Rodr\u00edguez<\/b><\/span><\/p>\n<p>Suport a la inclusi\u00f3 de 1r: <strong><span style=\"color: #99cc00;\">\u00a0Andrea del Rosario Aranda<\/span><\/strong><\/p>\n<p>2n A: <strong><span style=\"color: #99cc00;\">Ester Llano Cardona<\/span><\/strong><\/p>\n<p>2n B: <strong><span style=\"color: #99cc00;\">Noelia Fern\u00e1ndez Planas<\/span><\/strong><\/p>\n<p>Suport a la inclusi\u00f3: <strong><span style=\"color: #99cc00;\">Andreu Duclau Ravent\u00f3s.\u00a0<\/span><\/strong><\/p>\n<p>Angl\u00e8s: <strong><span style=\"color: #99cc00;\">Mentxu Mart\u00ednez Asensio<\/span><\/strong><\/p>\n<p>Ed. F\u00edsica: <strong><span style=\"color: #99cc00;\">Llu\u00eds Gonz\u00e1lez Navarrete<\/span><\/strong><\/p>\n<p>Coordinadora: <span style=\"color: #99cc00;\"><strong>Noelia Fern\u00e1ndez Planas<\/strong><\/span><\/p>\n<h5><u>Cicle Mitj\u00e0:<\/u><\/h5>\n<p>3r A: <span style=\"color: #99cc00;\"><b>Mila G\u00f3mez Caja<\/b><\/span><\/p>\n<p>3r B: <span style=\"color: #99cc00;\"><b>Ver\u00f3nica Requena Cantero<\/b><\/span><\/p>\n<p>4t A:\u00a0 <span style=\"color: #99cc00;\"><strong>Xavi Bordes Gaset<\/strong><\/span><span style=\"color: #99cc00;\"><b>\u00a0<\/b><\/span><\/p>\n<p>4t B: <span style=\"color: #99cc00;\"><strong>B\u00e0rbara de Diego Zapater<\/strong><\/span><\/p>\n<p>Suport a la inclusi\u00f3: <strong><span style=\"color: #99cc00;\">Susana Romeu P\u00e9rez.<\/span><\/strong><\/p>\n<p>Angl\u00e8s: <span style=\"color: #99cc00;\"><b>Mireia L\u00f3pez Jos\u00e9<\/b><\/span><\/p>\n<p>M\u00fasica: <strong><span style=\"color: #99cc00;\">Gerard de Diego Capella<\/span><\/strong><\/p>\n<p>Ed. F\u00edsica: <span style=\"color: #99cc00;\"><b>Ver\u00f3nica Requena Cantero i Xavier Bordes Gaset\u00a0 <\/b><\/span><\/p>\n<p>Coordinadora: <span style=\"color: #99cc00;\"><b>Ver\u00f3nica Requena Cantero\u00a0<\/b><\/span><\/p>\n<h5><u>Cicle Superior:<\/u><\/h5>\n<p>5\u00e8 B: <span style=\"color: #99cc00;\"><b>Cristina S\u00e1nchez Cervilla<\/b><\/span><\/p>\n<p>5\u00e8 B: <span style=\"color: #99cc00;\"><b>Maria Escudero Garcia<\/b><\/span><\/p>\n<p>6\u00e8 A: <span style=\"color: #99cc00;\"><strong>Mireia Campillejo Funcasta<\/strong><\/span><\/p>\n<p>6\u00e8 B: <strong><span style=\"color: #99cc00;\">Ona Juan Cladellas\u00a0<\/span><\/strong><\/p>\n<p>Suport a la inclusi\u00f3:<span style=\"color: #99cc00;\"><strong> Cristina S\u00e1nchez Cervilla<\/strong><\/span><\/p>\n<p>Angl\u00e8s: <span style=\"color: #99cc00;\"><strong>Cristina Asensio Soriano<\/strong><\/span><\/p>\n<p>M\u00fasica: <span style=\"color: #99cc00;\"><b>Mirtha Villarroya Acosta<\/b><\/span><\/p>\n<p>Ed. F\u00edsica: <span style=\"color: #99cc00;\"><b>Maria Escudero Garcia i Ona Juan Cladellas<\/b><\/span><\/p>\n<p>Coordinadora: <span style=\"color: #99cc00;\"><strong>Ona Juan Cladellas<\/strong><\/span><\/p>\n<p>Educador d&#8217;inclusi\u00f3: <span style=\"color: #99cc00;\"><strong>Javi Fores S\u00e1nchez<\/strong><\/span><\/p>\n<p>Vetlladors: <strong><span style=\"color: #99cc00;\">Marta Costa, Marina Record\u00e0 Guerrero i Erik Moreno Mar\u00edn<\/span><\/strong><\/p>\n<h5><u>Equip Directiu:<\/u><\/h5>\n<p>Director: <strong><span style=\"color: #99cc00;\">Josep Cortada Sim\u00f3<\/span><\/strong><\/p>\n<p>Cap d\u2019Estudis: <strong><span style=\"color: #99cc00;\">Llu\u00eds Gonz\u00e1lez Navarrete<\/span><\/strong><\/p>\n<p>Secret\u00e0ria: <span style=\"color: #99cc00;\"><b>Irene Ruiz Sagrera<\/b><\/span><\/p>\n<h5><u>Coordinacions i referents:<\/u><\/h5>\n<p>Coordinador TAC: <strong><span style=\"color: #99cc00;\">Xavi Bordes Gaset<\/span><\/strong><\/p>\n<p>Coordinadora LIC: <span style=\"color: #99cc00;\"><b>Maria Escudero Garcia<\/b><\/span><\/p>\n<p>Coordinadora de prevenci\u00f3 de riscos laborals: <span style=\"color: #99cc00;\"><b>Cristina S\u00e1nchez Cervilla<\/b><\/span><\/p>\n<p>Coordinadora del Pla Catal\u00e0 de l&#8217;Esport: <strong><span style=\"color: #99cc00;\">B\u00e0rbara de Diego Zapater<\/span><\/strong><\/p>\n<p>Coordinadora Erasmus+: <span style=\"color: #99cc00;\"><strong>Mireia L\u00f3pez Jos\u00e9\u00a0<\/strong><\/span><\/p>\n<p>Coordinadora de Coeducaci\u00f3, Conviv\u00e8ncia i Benestar: <strong><span style=\"color: #99cc00;\">Marta Cerqueda Soto.<\/span><\/strong><\/p>\n<p>Coordinadora de la Comissi\u00f3 d&#8217;art: <strong><span style=\"color: #99cc00;\">Mireia Rosell\u00f3 Porcel.<\/span><\/strong><\/p>\n<h5><u>Personal d&#8217;Administraci\u00f3 i Serveis (PAS):<\/u><\/h5>\n<p>Auxiliar administrativa: <strong><span style=\"color: #99cc00;\">Montse Mart\u00edn Gonz\u00e1lez.\u00a0<\/span><\/strong><\/p>\n<p>Conserge: <span style=\"color: #99cc00;\"><strong>Anna Sala Planas<\/strong><\/span><\/p>\n<p>&nbsp;<\/p>\n","protected":false},"excerpt":{"rendered":"<p>&nbsp; Ed. Infantil: I3 A: Jessica Alaminos Benito I3 B: Dolors Cresp\u00edn Rodr\u00edguez T\u00e8cnica d&#8217;educaci\u00f3 infantil: Roser Pons Puigdef\u00e0bregas I4 A Mireia Rosell\u00f3 Porcel I4 B Eli Sis\u00f3 Puigcorb\u00e9 I5 A:\u00a0 Marta Cerqueda Soto I5 B:\u00a0 N\u00faria Guti\u00e9rrez Comas Suport educatiu: Laura Gorriz Vidal Suport a la inclusi\u00f3: Rosa Ruiz Mancho Angl\u00e8s: Jessica Alaminos Benito [&hellip;]<\/p>\n","protected":false},"author":1,"featured_media":0,"parent":1477,"menu_order":2,"comment_status":"closed","ping_status":"closed","template":"","meta":{"_bbp_topic_count":0,"_bbp_reply_count":0,"_bbp_total_topic_count":0,"_bbp_total_reply_count":0,"_bbp_voice_count":0,"_bbp_anonymous_reply_count":0,"_bbp_topic_count_hidden":0,"_bbp_reply_count_hidden":0,"_bbp_forum_subforum_count":0,"site-sidebar-layout":"default","site-content-layout":"","ast-site-content-layout":"default","site-content-style":"default","site-sidebar-style":"default","ast-global-header-display":"","ast-banner-title-visibility":"","ast-main-header-display":"","ast-hfb-above-header-display":"","ast-hfb-below-header-display":"","ast-hfb-mobile-header-display":"","site-post-title":"","ast-breadcrumbs-content":"","ast-featured-img":"","footer-sml-layout":"","theme-transparent-header-meta":"default","adv-header-id-meta":"","stick-header-meta":"","header-above-stick-meta":"","header-main-stick-meta":"","header-below-stick-meta":"","astra-migrate-meta-layouts":"set","ast-page-background-enabled":"default","ast-page-background-meta":{"desktop":{"background-color":"var(--ast-global-color-4)","background-image":"","background-repeat":"repeat","background-position":"center center","background-size":"auto","background-attachment":"scroll","background-type":"","background-media":"","overlay-type":"","overlay-color":"","overlay-opacity":"","overlay-gradient":""},"tablet":{"background-color":"","background-image":"","background-repeat":"repeat","background-position":"center center","background-size":"auto","background-attachment":"scroll","background-type":"","background-media":"","overlay-type":"","overlay-color":"","overlay-opacity":"","overlay-gradient":""},"mobile":{"background-color":"","background-image":"","background-repeat":"repeat","background-position":"center center","background-size":"auto","background-attachment":"scroll","background-type":"","background-media":"","overlay-type":"","overlay-color":"","overlay-opacity":"","overlay-gradient":""}},"ast-content-background-meta":{"desktop":{"background-color":"var(--ast-global-color-5)","background-image":"","background-repeat":"repeat","background-position":"center center","background-size":"auto","background-attachment":"scroll","background-type":"","background-media":"","overlay-type":"","overlay-color":"","overlay-opacity":"","overlay-gradient":""},"tablet":{"background-color":"var(--ast-global-color-5)","background-image":"","background-repeat":"repeat","background-position":"center center","background-size":"auto","background-attachment":"scroll","background-type":"","background-media":"","overlay-type":"","overlay-color":"","overlay-opacity":"","overlay-gradient":""},"mobile":{"background-color":"var(--ast-global-color-5)","background-image":"","background-repeat":"repeat","background-position":"center center","background-size":"auto","background-attachment":"scroll","background-type":"","background-media":"","overlay-type":"","overlay-color":"","overlay-opacity":"","overlay-gradient":""}},"footnotes":""},"class_list":["post-2724","page","type-page","status-publish","hentry"],"post_mailing_queue_ids":[],"_links":{"self":[{"href":"https:\/\/agora.xtec.cat\/lesaigues\/wp-json\/wp\/v2\/pages\/2724","targetHints":{"allow":["GET"]}}],"collection":[{"href":"https:\/\/agora.xtec.cat\/lesaigues\/wp-json\/wp\/v2\/pages"}],"about":[{"href":"https:\/\/agora.xtec.cat\/lesaigues\/wp-json\/wp\/v2\/types\/page"}],"author":[{"embeddable":true,"href":"https:\/\/agora.xtec.cat\/lesaigues\/wp-json\/wp\/v2\/users\/1"}],"replies":[{"embeddable":true,"href":"https:\/\/agora.xtec.cat\/lesaigues\/wp-json\/wp\/v2\/comments?post=2724"}],"version-history":[{"count":6,"href":"https:\/\/agora.xtec.cat\/lesaigues\/wp-json\/wp\/v2\/pages\/2724\/revisions"}],"predecessor-version":[{"id":14450,"href":"https:\/\/agora.xtec.cat\/lesaigues\/wp-json\/wp\/v2\/pages\/2724\/revisions\/14450"}],"up":[{"embeddable":true,"href":"https:\/\/agora.xtec.cat\/lesaigues\/wp-json\/wp\/v2\/pages\/1477"}],"wp:attachment":[{"href":"https:\/\/agora.xtec.cat\/lesaigues\/wp-json\/wp\/v2\/media?parent=2724"}],"curies":[{"name":"wp","href":"https:\/\/api.w.org\/{rel}","templated":true}]}}