{"id":22,"date":"2014-09-18T12:19:57","date_gmt":"2014-09-18T11:19:57","guid":{"rendered":"http:\/\/agora.xtec.cat\/lesaigues\/?page_id=22"},"modified":"2020-12-02T13:01:56","modified_gmt":"2020-12-02T12:01:56","slug":"lescola","status":"publish","type":"page","link":"https:\/\/agora.xtec.cat\/lesaigues\/lescola\/","title":{"rendered":"L&#8217;escola"},"content":{"rendered":"<p style=\"text-align: justify;\">Les Aig\u00fces \u00e9s una escola de doble l\u00ednia i est\u00e0 ubicada al barri del Poble Sec de Cardedeu. Va iniciar la seva activitat el curs 2003\/04 i des d\u2019aleshores ha anat creixent i consolidant un equip docent i unes din\u00e0miques de funcionament que l\u2019han portada fins a l\u2019escola d\u2019avui. Forma part d\u2019aquest creixement el fet que des del curs 16\/17 \u00e9s escola inclusiva de refer\u00e8ncia de la zona educativa ja que va estar dotada amb el recurs d\u2019un Suport Intensiu a l\u2019Educaci\u00f3 Inclusiva (SIEI). Durant aquests anys tamb\u00e9 ha anat consolidant projectes espec\u00edfics que formen part dels trets d\u2019identitat del centre: implicaci\u00f3 en programes pluriling\u00fces europeus com els Erasmus+, Projecte Science als Cicles Mitj\u00e0 i Superior, projecte de geolocalitzaci\u00f3, tallers interdisciplinars, apadrinament lector, Cant\u00e0nia, Carde9+1, consci\u00e8ncia corporal, educaci\u00f3 emocional, treball per projectes, espais vivencials d\u2019Ed. Infantil, pla de sortides i col\u00f2nies, entre molts d\u2019altres.<\/p>\n<p style=\"text-align: justify;\">L\u2019equip docent est\u00e0 consolidat amb una plantilla amb un alt grau d\u2019estabilitat de 28\u20195 mestres, dels quals un 85% s\u00f3n destinacions definitives i un educador, dels quals s\u2019han creat perfils d\u2019atenci\u00f3 a la diversitat i ling\u00fc\u00edstics per tal de garantir els trets d\u2019identitat del centre. Tamb\u00e9 compta amb 1 auxiliar administrativa i 1 conserge. L\u2019escola t\u00e9 el servei de menjador escolar amb cuina pr\u00f2pia, gestionat per una comissi\u00f3 del Consell Escolar el qual compta amb un equip de professionals de cuina i d\u2019educaci\u00f3 en el lleure.<\/p>\n<p style=\"text-align: justify;\">L\u2019escola disposa d\u2019unes bones instal\u00b7lacions interiors i exteriors: 6 aules d\u2019Ed. Infantil, 12 aules d\u2019Ed. Prim\u00e0ria i diversos espais comuns: gimn\u00e0s, sala de polivalent, 3 aules de petit grup, aula de m\u00fasica, aula TAC, laboratori, ludoteca, biblioteca, 2 menjadors i 2 patis exteriors amb espai d\u2019hort. Tamb\u00e9 compta amb 3 despatxos, 1 consergeria-vest\u00edbul, 2 sales de material i 3 sales de reunions.<\/p>\n<p style=\"text-align: justify;\">Segons el\u00a0 PEC, Les Aig\u00fces \u00e9s una escola que es defineix d\u2019acord amb els principis de qualitat pedag\u00f2gica, de direcci\u00f3 responsable, de dedicaci\u00f3 i de professionalitat docent, d\u2019avaluaci\u00f3, de retiment de comptes, d\u2019implicaci\u00f3 de les fam\u00edlies i de cerca de l\u2019excel\u00b7l\u00e8ncia. \u00c9s una escola p\u00fablica, catalana, laica, integral, plural, inclusiva, participativa i oberta al di\u00e0leg i a l\u2019entorn.<\/p>\n<p style=\"text-align: justify;\">El centre est\u00e0 obert a incorporar innovacions en la seva acci\u00f3 educativa mantenint aquelles pr\u00e0ctiques i metodologies que fa temps que funcionen de manera positiva amb la intencionalitat de formar persones que esdevinguin ciutadans\/es: satisfets\/tes amb ells\/es mateixos\/es, competents socialment, amb iniciativa i criteri propi i amb sensibilitat \u00e8tica i art\u00edstica.<\/p>\n<p style=\"text-align: justify;\">La proposta educativa vol posar l\u2019accent en els valors propis d\u2019una societat democr\u00e0tica: la llibertat personal, la responsabilitat, la solidaritat, el respecte i la igualtat. Es pretenen desenvolupar h\u00e0bits saludables, potenciar l\u2019equilibri emocional i l\u2019afirmaci\u00f3 de l\u2019autoestima, potenciar l\u2019autonomia personal i millorar les habilitats socials de manera que aquests valors siguin presents en tots els \u00e0mbits de l\u2019escola amb la finalitat que acabin esdevenint una manera de fer per a tot l\u2019alumnat.<\/p>\n","protected":false},"excerpt":{"rendered":"<p>Les Aig\u00fces \u00e9s una escola de doble l\u00ednia i est\u00e0 ubicada al barri del Poble Sec de Cardedeu. Va iniciar la seva activitat el curs 2003\/04 i des d\u2019aleshores ha anat creixent i consolidant un equip docent i unes din\u00e0miques de funcionament que l\u2019han portada fins a l\u2019escola d\u2019avui. Forma part d\u2019aquest creixement el fet [&hellip;]<\/p>\n","protected":false},"author":1,"featured_media":0,"parent":0,"menu_order":0,"comment_status":"closed","ping_status":"closed","template":"page-templates\/side-menu.php","meta":{"_bbp_topic_count":0,"_bbp_reply_count":0,"_bbp_total_topic_count":0,"_bbp_total_reply_count":0,"_bbp_voice_count":0,"_bbp_anonymous_reply_count":0,"_bbp_topic_count_hidden":0,"_bbp_reply_count_hidden":0,"_bbp_forum_subforum_count":0,"site-sidebar-layout":"default","site-content-layout":"","ast-site-content-layout":"","site-content-style":"default","site-sidebar-style":"default","ast-global-header-display":"","ast-banner-title-visibility":"","ast-main-header-display":"","ast-hfb-above-header-display":"","ast-hfb-below-header-display":"","ast-hfb-mobile-header-display":"","site-post-title":"","ast-breadcrumbs-content":"","ast-featured-img":"","footer-sml-layout":"","theme-transparent-header-meta":"","adv-header-id-meta":"","stick-header-meta":"","header-above-stick-meta":"","header-main-stick-meta":"","header-below-stick-meta":"","astra-migrate-meta-layouts":"default","ast-page-background-enabled":"default","ast-page-background-meta":{"desktop":{"background-color":"var(--ast-global-color-4)","background-image":"","background-repeat":"repeat","background-position":"center center","background-size":"auto","background-attachment":"scroll","background-type":"","background-media":"","overlay-type":"","overlay-color":"","overlay-opacity":"","overlay-gradient":""},"tablet":{"background-color":"","background-image":"","background-repeat":"repeat","background-position":"center center","background-size":"auto","background-attachment":"scroll","background-type":"","background-media":"","overlay-type":"","overlay-color":"","overlay-opacity":"","overlay-gradient":""},"mobile":{"background-color":"","background-image":"","background-repeat":"repeat","background-position":"center center","background-size":"auto","background-attachment":"scroll","background-type":"","background-media":"","overlay-type":"","overlay-color":"","overlay-opacity":"","overlay-gradient":""}},"ast-content-background-meta":{"desktop":{"background-color":"var(--ast-global-color-5)","background-image":"","background-repeat":"repeat","background-position":"center center","background-size":"auto","background-attachment":"scroll","background-type":"","background-media":"","overlay-type":"","overlay-color":"","overlay-opacity":"","overlay-gradient":""},"tablet":{"background-color":"var(--ast-global-color-5)","background-image":"","background-repeat":"repeat","background-position":"center center","background-size":"auto","background-attachment":"scroll","background-type":"","background-media":"","overlay-type":"","overlay-color":"","overlay-opacity":"","overlay-gradient":""},"mobile":{"background-color":"var(--ast-global-color-5)","background-image":"","background-repeat":"repeat","background-position":"center center","background-size":"auto","background-attachment":"scroll","background-type":"","background-media":"","overlay-type":"","overlay-color":"","overlay-opacity":"","overlay-gradient":""}},"footnotes":""},"class_list":["post-22","page","type-page","status-publish","hentry"],"post_mailing_queue_ids":[],"_links":{"self":[{"href":"https:\/\/agora.xtec.cat\/lesaigues\/wp-json\/wp\/v2\/pages\/22","targetHints":{"allow":["GET"]}}],"collection":[{"href":"https:\/\/agora.xtec.cat\/lesaigues\/wp-json\/wp\/v2\/pages"}],"about":[{"href":"https:\/\/agora.xtec.cat\/lesaigues\/wp-json\/wp\/v2\/types\/page"}],"author":[{"embeddable":true,"href":"https:\/\/agora.xtec.cat\/lesaigues\/wp-json\/wp\/v2\/users\/1"}],"replies":[{"embeddable":true,"href":"https:\/\/agora.xtec.cat\/lesaigues\/wp-json\/wp\/v2\/comments?post=22"}],"version-history":[{"count":3,"href":"https:\/\/agora.xtec.cat\/lesaigues\/wp-json\/wp\/v2\/pages\/22\/revisions"}],"predecessor-version":[{"id":4479,"href":"https:\/\/agora.xtec.cat\/lesaigues\/wp-json\/wp\/v2\/pages\/22\/revisions\/4479"}],"wp:attachment":[{"href":"https:\/\/agora.xtec.cat\/lesaigues\/wp-json\/wp\/v2\/media?parent=22"}],"curies":[{"name":"wp","href":"https:\/\/api.w.org\/{rel}","templated":true}]}}