{"id":2109,"date":"2020-02-10T18:41:24","date_gmt":"2020-02-10T17:41:24","guid":{"rendered":"http:\/\/agora.xtec.cat\/lesaigues\/?page_id=2109"},"modified":"2024-01-28T12:43:14","modified_gmt":"2024-01-28T11:43:14","slug":"projecte-multicultural","status":"publish","type":"page","link":"https:\/\/agora.xtec.cat\/lesaigues\/projectes\/projecte-multicultural\/","title":{"rendered":"Projecte Multicultural"},"content":{"rendered":"<p><a href=\"https:\/\/agora.xtec.cat\/lesaigues\/wp-content\/uploads\/usu985\/2020\/01\/jornada-interculturalitat.jpg\"><img loading=\"lazy\" decoding=\"async\" class=\"aligncenter size-full wp-image-1935\" src=\"https:\/\/agora.xtec.cat\/lesaigues\/wp-content\/uploads\/usu985\/2020\/01\/jornada-interculturalitat.jpg\" alt=\"\" width=\"461\" height=\"341\" srcset=\"https:\/\/agora.xtec.cat\/lesaigues\/wp-content\/uploads\/usu985\/2020\/01\/jornada-interculturalitat.jpg 461w, https:\/\/agora.xtec.cat\/lesaigues\/wp-content\/uploads\/usu985\/2020\/01\/jornada-interculturalitat-300x222.jpg 300w\" sizes=\"auto, (max-width: 461px) 100vw, 461px\" \/><\/a><\/p>\n<p>El projecte de multiculturalitat i pluriling\u00fcisme \u00e9s complementari a la tasca docent contemplada en el Projecte Educatiu de l\u2019escola anomenat <strong><em>Les cultures de Les Aig\u00fces.<\/em><\/strong><\/p>\n<h5><strong>Per qu\u00e8 un projecte de multiculturalitat i pluriling\u00fcisme?<\/strong><\/h5>\n<p style=\"text-align: justify;\">Des de 2020 estem fent un pas m\u00e9s amb l\u2019objectiu de fomentar la participaci\u00f3 de les fam\u00edlies amb lleng\u00fces i cultures diferents a les 3 curriculars per tal de treballar la dimensi\u00f3 pluriling\u00fce i intercultural. Aix\u00ed doncs, volem visibilitzar i donar protagonisme a la pres\u00e8ncia de la multiculturalitat i de les lleng\u00fces de totes les fam\u00edlies de l\u2019escola.<\/p>\n<h5><strong>Qui pot participar-hi?<\/strong><\/h5>\n<p style=\"text-align: justify;\">Ens agradaria comptar amb totes aquelles fam\u00edlies que teniu or\u00edgens familiars\u00a0 (i per tant culturals i ling\u00fc\u00edstics) de fora de Cardedeu: altres contrades de terres de parla catalana, altres zones de l\u2019Estat Espanyol i altres pa\u00efsos del m\u00f3n.<\/p>\n<h5><strong>Com podeu participar-hi?<\/strong><\/h5>\n<p style=\"text-align: justify;\">Omplint <a href=\"https:\/\/docs.google.com\/forms\/d\/1zelP9ZYAuv-DZZK2w89Z2Ovg1iB0ImYJH3A_w02i680\/edit\">aquest formulari en l\u00ednia<\/a>, en el qual us demanem que ens proposeu:<\/p>\n<ul>\n<li style=\"text-align: justify;\">M\u00fasica i cantants en llengua pr\u00f2pia de les vostres cultures d\u2019origen o de refer\u00e8ncia.<\/li>\n<li style=\"text-align: justify;\">Plats t\u00edpics els quals es puguin oferir al menjador de l\u2019escola.<\/li>\n<li style=\"text-align: justify;\">Vocabulari d\u2019algunes expressions b\u00e0siques en la vostra o vostres lleng\u00fces.<\/li>\n<li style=\"text-align: justify;\">Alguna activitat relacionada amb la vostra cultura que ens pogueu proposar de fer a l\u2019escola, ja sigui a nivell d\u2019aula dels vostres fill\/es, de cicle o de centre: balls, ritmes, jocs, contes, activitats d&#8217;expressi\u00f3 art\u00edstica, exposicions &#8230; i les que us vinguin de gust.<\/li>\n<\/ul>\n<h5><strong>Quan podeu participar-hi?<\/strong><\/h5>\n<p style=\"text-align: justify;\">Fem un recull de totes les propostes que ens van arribant i dedicarem mesos tem\u00e0tics de cada territori, cultura o pa\u00eds. La intenci\u00f3 \u00e9s comen\u00e7ar cada curs a partir del mes d&#8217;octubre i fins al juny.<\/p>\n<p style=\"text-align: justify;\">Si voleu veure la cultura d&#8217;aquest mes i els mesos tem\u00e0tics que ja hem viscut podeu <a href=\"https:\/\/agora.xtec.cat\/lesaigues\/portada\/projecte-multicultural-les-cultures-de-les-aigues\/\">clicar aqu\u00ed.<\/a><\/p>\n","protected":false},"excerpt":{"rendered":"<p>El projecte de multiculturalitat i pluriling\u00fcisme \u00e9s complementari a la tasca docent contemplada en el Projecte Educatiu de l\u2019escola anomenat Les cultures de Les Aig\u00fces. Per qu\u00e8 un projecte de multiculturalitat i pluriling\u00fcisme? Des de 2020 estem fent un pas m\u00e9s amb l\u2019objectiu de fomentar la participaci\u00f3 de les fam\u00edlies amb lleng\u00fces i cultures diferents [&hellip;]<\/p>\n","protected":false},"author":1,"featured_media":0,"parent":1661,"menu_order":12,"comment_status":"closed","ping_status":"closed","template":"","meta":{"_bbp_topic_count":0,"_bbp_reply_count":0,"_bbp_total_topic_count":0,"_bbp_total_reply_count":0,"_bbp_voice_count":0,"_bbp_anonymous_reply_count":0,"_bbp_topic_count_hidden":0,"_bbp_reply_count_hidden":0,"_bbp_forum_subforum_count":0,"site-sidebar-layout":"default","site-content-layout":"","ast-site-content-layout":"","site-content-style":"default","site-sidebar-style":"default","ast-global-header-display":"","ast-banner-title-visibility":"","ast-main-header-display":"","ast-hfb-above-header-display":"","ast-hfb-below-header-display":"","ast-hfb-mobile-header-display":"","site-post-title":"","ast-breadcrumbs-content":"","ast-featured-img":"","footer-sml-layout":"","theme-transparent-header-meta":"","adv-header-id-meta":"","stick-header-meta":"","header-above-stick-meta":"","header-main-stick-meta":"","header-below-stick-meta":"","astra-migrate-meta-layouts":"default","ast-page-background-enabled":"default","ast-page-background-meta":{"desktop":{"background-color":"var(--ast-global-color-4)","background-image":"","background-repeat":"repeat","background-position":"center center","background-size":"auto","background-attachment":"scroll","background-type":"","background-media":"","overlay-type":"","overlay-color":"","overlay-opacity":"","overlay-gradient":""},"tablet":{"background-color":"","background-image":"","background-repeat":"repeat","background-position":"center center","background-size":"auto","background-attachment":"scroll","background-type":"","background-media":"","overlay-type":"","overlay-color":"","overlay-opacity":"","overlay-gradient":""},"mobile":{"background-color":"","background-image":"","background-repeat":"repeat","background-position":"center center","background-size":"auto","background-attachment":"scroll","background-type":"","background-media":"","overlay-type":"","overlay-color":"","overlay-opacity":"","overlay-gradient":""}},"ast-content-background-meta":{"desktop":{"background-color":"var(--ast-global-color-5)","background-image":"","background-repeat":"repeat","background-position":"center center","background-size":"auto","background-attachment":"scroll","background-type":"","background-media":"","overlay-type":"","overlay-color":"","overlay-opacity":"","overlay-gradient":""},"tablet":{"background-color":"var(--ast-global-color-5)","background-image":"","background-repeat":"repeat","background-position":"center center","background-size":"auto","background-attachment":"scroll","background-type":"","background-media":"","overlay-type":"","overlay-color":"","overlay-opacity":"","overlay-gradient":""},"mobile":{"background-color":"var(--ast-global-color-5)","background-image":"","background-repeat":"repeat","background-position":"center center","background-size":"auto","background-attachment":"scroll","background-type":"","background-media":"","overlay-type":"","overlay-color":"","overlay-opacity":"","overlay-gradient":""}},"footnotes":""},"class_list":["post-2109","page","type-page","status-publish","hentry"],"post_mailing_queue_ids":[],"_links":{"self":[{"href":"https:\/\/agora.xtec.cat\/lesaigues\/wp-json\/wp\/v2\/pages\/2109","targetHints":{"allow":["GET"]}}],"collection":[{"href":"https:\/\/agora.xtec.cat\/lesaigues\/wp-json\/wp\/v2\/pages"}],"about":[{"href":"https:\/\/agora.xtec.cat\/lesaigues\/wp-json\/wp\/v2\/types\/page"}],"author":[{"embeddable":true,"href":"https:\/\/agora.xtec.cat\/lesaigues\/wp-json\/wp\/v2\/users\/1"}],"replies":[{"embeddable":true,"href":"https:\/\/agora.xtec.cat\/lesaigues\/wp-json\/wp\/v2\/comments?post=2109"}],"version-history":[{"count":3,"href":"https:\/\/agora.xtec.cat\/lesaigues\/wp-json\/wp\/v2\/pages\/2109\/revisions"}],"predecessor-version":[{"id":10112,"href":"https:\/\/agora.xtec.cat\/lesaigues\/wp-json\/wp\/v2\/pages\/2109\/revisions\/10112"}],"up":[{"embeddable":true,"href":"https:\/\/agora.xtec.cat\/lesaigues\/wp-json\/wp\/v2\/pages\/1661"}],"wp:attachment":[{"href":"https:\/\/agora.xtec.cat\/lesaigues\/wp-json\/wp\/v2\/media?parent=2109"}],"curies":[{"name":"wp","href":"https:\/\/api.w.org\/{rel}","templated":true}]}}