{"id":2087,"date":"2020-02-10T17:12:09","date_gmt":"2020-02-10T16:12:09","guid":{"rendered":"http:\/\/agora.xtec.cat\/lesaigues\/?page_id=2087"},"modified":"2025-10-30T11:12:52","modified_gmt":"2025-10-30T10:12:52","slug":"colonies","status":"publish","type":"page","link":"https:\/\/agora.xtec.cat\/lesaigues\/projectes\/colonies\/","title":{"rendered":"Col\u00f2nies"},"content":{"rendered":"<p style=\"text-align: justify;\"><strong>L&#8217;escola organitza col\u00f2nies amb l\u2019objectiu de con\u00e8ixer i aplicar els valors de la conviv\u00e8ncia perqu\u00e8 els infants esdevinguin \u00e9ssers capa\u00e7os de comprometre\u2019s i respectar els acords de conviv\u00e8ncia amb altres persones. La conviv\u00e8ncia permet adquirir habilitats socials per millorar la capacitat de prevenir i resoldre conflictes fora de l\u2019\u00e0mbit familiar.<\/strong><\/p>\n<p><a href=\"https:\/\/agora.xtec.cat\/lesaigues\/wp-content\/uploads\/usu985\/2021\/10\/SORTIDES-700x329-1.jpg\"><img loading=\"lazy\" decoding=\"async\" class=\"aligncenter size-full wp-image-6466\" src=\"https:\/\/agora.xtec.cat\/lesaigues\/wp-content\/uploads\/usu985\/2021\/10\/SORTIDES-700x329-1.jpg\" alt=\"\" width=\"700\" height=\"329\" srcset=\"https:\/\/agora.xtec.cat\/lesaigues\/wp-content\/uploads\/usu985\/2021\/10\/SORTIDES-700x329-1.jpg 700w, https:\/\/agora.xtec.cat\/lesaigues\/wp-content\/uploads\/usu985\/2021\/10\/SORTIDES-700x329-1-300x141.jpg 300w\" sizes=\"auto, (max-width: 700px) 100vw, 700px\" \/><\/a><\/p>\n<p style=\"text-align: justify;\"><strong>Dins d\u2019aquest marc vivencial, l\u2019autonomia i la iniciativa personal esdevenen fonamentals per adaptar-se a la conviv\u00e8ncia. Possibiliten un desenvolupament de la seguretat personal al comprovar que s\u00f3n capa\u00e7os de fer les coses quotidianes de l\u2019\u00e0mbit familiar en altres espais. Al mateix temps la conviv\u00e8ncia\u00a0 els permet la relaci\u00f3\u00a0 amb els altres i a disposar d\u2019habilitats socials per a gaudir d\u2019una bona relaci\u00f3, tamb\u00e9 els permet desenvolupar al m\u00e0xim les seves capacitats afectives en tots els \u00e0mbits de la seva personalitat.<\/strong><\/p>\n<p style=\"text-align: justify;\"><b>El projecte de l&#8217;escola contempla col\u00f2nies <\/b><strong>a partir d&#8217;I5 i fins a 6\u00e8. D&#8217;I5\u00a0 fins a 2n van a cases properes a Cardedeu en entorns de bosc i de granja i a partir de 3r van a entorns m\u00e9s de muntanya i platja.<\/strong><\/p>\n<ul style=\"list-style-type: circle;\">\n<li style=\"text-align: justify;\"><strong>Els grups d&#8217;I5 van dos dies a <a href=\"http:\/\/www.rieradeciuret.com\/\">Can Riera de Ciuret<\/a> de Fogars de Montcl\u00fas (Baix Montseny).<\/strong><\/li>\n<li style=\"text-align: justify;\"><strong>Els grups de 1r i 2n van junts en un circuit c\u00edclic de dos anys a <a href=\"https:\/\/www.eixestels.com\/ca\/casa-de-colonies-can-vandrell\/buscar-cases-colonies\/5\">Can Vandrell<\/a> d&#8217;Hostalric (La Selva) i a <a href=\"https:\/\/www.eixestels.com\/ca\/casa-de-colonies-mas-banyeres\/buscar-cases-colonies\/2\">Mas Banyeres<\/a> de Centelles (Osona).<\/strong><\/li>\n<li style=\"text-align: justify;\"><strong>Els grups de 3r i 4t van junts en un circuit c\u00edclic de dos anys a <a href=\"https:\/\/www.decolonies.com\/casadecolonies\/can-vilalta\">Can Vilalta<\/a> de Moi\u00e0 (Moian\u00e8s) i a <a href=\"https:\/\/www.anemdecolonies.com\/Dom-Bosco.html?lang=ca\">Dom Bosco<\/a> de Castellnou de Bages (Bages).\u00a0\u00a0<\/strong><\/li>\n<li style=\"text-align: justify;\"><strong>Els grups de 5\u00e8 van a <a href=\"https:\/\/www.eljounature.com\/\">Jou Natura<\/a> de Guardiola de Bergued\u00e0 (Bergued\u00e0).<\/strong><\/li>\n<li style=\"text-align: justify;\"><strong>Els grups de 6\u00e8 van a la casa <a href=\"https:\/\/www.eurostage.cat\/\">Eurostage<\/a> de Caldes d\u2019Estrac (Maresme) amb activitats n\u00e0utiques al Port Bal\u00eds de Sant Andreu de Llavaneres.<\/strong><\/li>\n<\/ul>\n\r\n\t<div class=\"slideshow_container slideshow_container_style-light\" style=\" \" data-slideshow-id=\"2522\" data-style-name=\"style-light\" data-style-version=\"2.3.1\" >\r\n\r\n\t\t\t\t\t<div class=\"slideshow_loading_icon\"><\/div>\r\n\t\t\r\n\t\t<div class=\"slideshow_content\" style=\"display: none;\">\r\n\r\n\t\t\t<div class=\"slideshow_view\">\r\n\t\t\t\t<div class=\"slideshow_slide slideshow_slide_image\">\r\n\t\t\t\t\t\t\t\t\t\t\t<img src=\"https:\/\/agora.xtec.cat\/lesaigues\/wp-content\/uploads\/usu985\/2020\/02\/D8SgFkTXYAAEkev.jpg\" alt=\"D8SgFkTXYAAEkev\" width=\"680\" height=\"383\" \/>\r\n\t\t\t\t\t\t\t\t\t\t<div class=\"slideshow_description_box slideshow_transparent\">\r\n\t\t\t\t\t\t\t\t\t\t\t\t\t\t\t\t\t<\/div>\r\n\t\t\t\t<\/div>\r\n\r\n\t\t\t\t\t\t<div style=\"clear: both;\"><\/div><\/div><div class=\"slideshow_view\">\r\n\t\t\t\t<div class=\"slideshow_slide slideshow_slide_image\">\r\n\t\t\t\t\t\t\t\t\t\t\t<img src=\"https:\/\/agora.xtec.cat\/lesaigues\/wp-content\/uploads\/usu985\/2020\/02\/D8NsHi0X4AEnTMC.jpg\" alt=\"D8NsHi0X4AEnTMC\" width=\"1600\" height=\"1200\" \/>\r\n\t\t\t\t\t\t\t\t\t\t<div class=\"slideshow_description_box slideshow_transparent\">\r\n\t\t\t\t\t\t\t\t\t\t\t\t\t\t\t\t\t<\/div>\r\n\t\t\t\t<\/div>\r\n\r\n\t\t\t\t\t\t<div style=\"clear: both;\"><\/div><\/div><div class=\"slideshow_view\">\r\n\t\t\t\t<div class=\"slideshow_slide slideshow_slide_image\">\r\n\t\t\t\t\t\t\t\t\t\t\t<img src=\"https:\/\/agora.xtec.cat\/lesaigues\/wp-content\/uploads\/usu985\/2020\/02\/D8NfhmdX4AEtqCw.jpg\" alt=\"D8NfhmdX4AEtqCw\" width=\"1600\" height=\"1200\" \/>\r\n\t\t\t\t\t\t\t\t\t\t<div class=\"slideshow_description_box slideshow_transparent\">\r\n\t\t\t\t\t\t\t\t\t\t\t\t\t\t\t\t\t<\/div>\r\n\t\t\t\t<\/div>\r\n\r\n\t\t\t\t\t\t<div style=\"clear: both;\"><\/div><\/div><div class=\"slideshow_view\">\r\n\t\t\t\t<div class=\"slideshow_slide slideshow_slide_image\">\r\n\t\t\t\t\t\t\t\t\t\t\t<img src=\"https:\/\/agora.xtec.cat\/lesaigues\/wp-content\/uploads\/usu985\/2020\/02\/D8I8YwYXsAIeryo.jpg\" alt=\"D8I8YwYXsAIeryo\" width=\"1200\" height=\"1600\" \/>\r\n\t\t\t\t\t\t\t\t\t\t<div class=\"slideshow_description_box slideshow_transparent\">\r\n\t\t\t\t\t\t\t\t\t\t\t\t\t\t\t\t\t<\/div>\r\n\t\t\t\t<\/div>\r\n\r\n\t\t\t\t\t\t<div style=\"clear: both;\"><\/div><\/div><div class=\"slideshow_view\">\r\n\t\t\t\t<div class=\"slideshow_slide slideshow_slide_image\">\r\n\t\t\t\t\t\t\t\t\t\t\t<img src=\"https:\/\/agora.xtec.cat\/lesaigues\/wp-content\/uploads\/usu985\/2020\/02\/D8I8aNHXoAAWAmW.jpg\" alt=\"D8I8aNHXoAAWAmW\" width=\"1600\" height=\"1200\" \/>\r\n\t\t\t\t\t\t\t\t\t\t<div class=\"slideshow_description_box slideshow_transparent\">\r\n\t\t\t\t\t\t\t\t\t\t\t\t\t\t\t\t\t<\/div>\r\n\t\t\t\t<\/div>\r\n\r\n\t\t\t\t\t\t<div style=\"clear: both;\"><\/div><\/div><div class=\"slideshow_view\">\r\n\t\t\t\t<div class=\"slideshow_slide slideshow_slide_image\">\r\n\t\t\t\t\t\t\t\t\t\t\t<img src=\"https:\/\/agora.xtec.cat\/lesaigues\/wp-content\/uploads\/usu985\/2020\/02\/D3YZjUOXoAI2LDu.jpg\" alt=\"D3YZjUOXoAI2LDu\" width=\"2048\" height=\"1536\" \/>\r\n\t\t\t\t\t\t\t\t\t\t<div class=\"slideshow_description_box slideshow_transparent\">\r\n\t\t\t\t\t\t\t\t\t\t\t\t\t\t\t\t\t<\/div>\r\n\t\t\t\t<\/div>\r\n\r\n\t\t\t\t\t\t<div style=\"clear: both;\"><\/div><\/div><div class=\"slideshow_view\">\r\n\t\t\t\t<div class=\"slideshow_slide slideshow_slide_image\">\r\n\t\t\t\t\t\t\t\t\t\t\t<img src=\"https:\/\/agora.xtec.cat\/lesaigues\/wp-content\/uploads\/usu985\/2020\/02\/D3YV9xOXsAApoFB.jpg\" alt=\"D3YV9xOXsAApoFB\" width=\"2048\" height=\"1536\" \/>\r\n\t\t\t\t\t\t\t\t\t\t<div class=\"slideshow_description_box slideshow_transparent\">\r\n\t\t\t\t\t\t\t\t\t\t\t\t\t\t\t\t\t<\/div>\r\n\t\t\t\t<\/div>\r\n\r\n\t\t\t\t\t\t<div style=\"clear: both;\"><\/div><\/div><div class=\"slideshow_view\">\r\n\t\t\t\t<div class=\"slideshow_slide slideshow_slide_image\">\r\n\t\t\t\t\t\t\t\t\t\t\t<img src=\"https:\/\/agora.xtec.cat\/lesaigues\/wp-content\/uploads\/usu985\/2020\/02\/D3YV8NJWAAAbKo7.jpg\" alt=\"D3YV8NJWAAAbKo7\" width=\"2048\" height=\"1536\" \/>\r\n\t\t\t\t\t\t\t\t\t\t<div class=\"slideshow_description_box slideshow_transparent\">\r\n\t\t\t\t\t\t\t\t\t\t\t\t\t\t\t\t\t<\/div>\r\n\t\t\t\t<\/div>\r\n\r\n\t\t\t\t\t\t<div style=\"clear: both;\"><\/div><\/div><div class=\"slideshow_view\">\r\n\t\t\t\t<div class=\"slideshow_slide slideshow_slide_image\">\r\n\t\t\t\t\t\t\t\t\t\t\t<img src=\"https:\/\/agora.xtec.cat\/lesaigues\/wp-content\/uploads\/usu985\/2020\/02\/D3QfYqkWsAYrw2V.jpg\" alt=\"D3QfYqkWsAYrw2V\" width=\"2048\" height=\"1536\" \/>\r\n\t\t\t\t\t\t\t\t\t\t<div class=\"slideshow_description_box slideshow_transparent\">\r\n\t\t\t\t\t\t\t\t\t\t\t\t\t\t\t\t\t<\/div>\r\n\t\t\t\t<\/div>\r\n\r\n\t\t\t\t\t\t<div style=\"clear: both;\"><\/div><\/div><div class=\"slideshow_view\">\r\n\t\t\t\t<div class=\"slideshow_slide slideshow_slide_image\">\r\n\t\t\t\t\t\t\t\t\t\t\t<img src=\"https:\/\/agora.xtec.cat\/lesaigues\/wp-content\/uploads\/usu985\/2020\/02\/D3OB_kAWsAAd8QE.jpg\" alt=\"D3OB_kAWsAAd8QE\" width=\"2048\" height=\"1536\" \/>\r\n\t\t\t\t\t\t\t\t\t\t<div class=\"slideshow_description_box slideshow_transparent\">\r\n\t\t\t\t\t\t\t\t\t\t\t\t\t\t\t\t\t<\/div>\r\n\t\t\t\t<\/div>\r\n\r\n\t\t\t\t\t\t<div style=\"clear: both;\"><\/div><\/div>\r\n\t\t<\/div>\r\n\r\n\t\t<div class=\"slideshow_controlPanel slideshow_transparent\" style=\"display: none;\"><ul><li class=\"slideshow_togglePlay\" data-play-text=\"Visualitza\" data-pause-text=\"Pausa\"><\/li><\/ul><\/div>\r\n\r\n\t\t<div class=\"slideshow_button slideshow_previous slideshow_transparent\" role=\"button\" data-previous-text=\"Anterior\" style=\"display: none;\"><\/div>\r\n\t\t<div class=\"slideshow_button slideshow_next slideshow_transparent\" role=\"button\" data-next-text=\"Seg\u00fcent\" style=\"display: none;\"><\/div>\r\n\r\n\t\t<div class=\"slideshow_pagination\" style=\"display: none;\" data-go-to-text=\"V\u00e9s a la diapositiva\"><div class=\"slideshow_pagination_center\"><\/div><\/div>\r\n\r\n\t\t<!-- WordPress Slideshow Version 2.3.1 -->\r\n\r\n\t\t\t<\/div>\r\n\r\n\n","protected":false},"excerpt":{"rendered":"<p>L&#8217;escola organitza col\u00f2nies amb l\u2019objectiu de con\u00e8ixer i aplicar els valors de la conviv\u00e8ncia perqu\u00e8 els infants esdevinguin \u00e9ssers capa\u00e7os de comprometre\u2019s i respectar els acords de conviv\u00e8ncia amb altres persones. La conviv\u00e8ncia permet adquirir habilitats socials per millorar la capacitat de prevenir i resoldre conflictes fora de l\u2019\u00e0mbit familiar. Dins d\u2019aquest marc vivencial, l\u2019autonomia [&hellip;]<\/p>\n","protected":false},"author":1,"featured_media":0,"parent":1661,"menu_order":16,"comment_status":"closed","ping_status":"closed","template":"","meta":{"_bbp_topic_count":0,"_bbp_reply_count":0,"_bbp_total_topic_count":0,"_bbp_total_reply_count":0,"_bbp_voice_count":0,"_bbp_anonymous_reply_count":0,"_bbp_topic_count_hidden":0,"_bbp_reply_count_hidden":0,"_bbp_forum_subforum_count":0,"site-sidebar-layout":"default","site-content-layout":"","ast-site-content-layout":"default","site-content-style":"default","site-sidebar-style":"default","ast-global-header-display":"","ast-banner-title-visibility":"","ast-main-header-display":"","ast-hfb-above-header-display":"","ast-hfb-below-header-display":"","ast-hfb-mobile-header-display":"","site-post-title":"","ast-breadcrumbs-content":"","ast-featured-img":"","footer-sml-layout":"","theme-transparent-header-meta":"default","adv-header-id-meta":"","stick-header-meta":"","header-above-stick-meta":"","header-main-stick-meta":"","header-below-stick-meta":"","astra-migrate-meta-layouts":"set","ast-page-background-enabled":"default","ast-page-background-meta":{"desktop":{"background-color":"var(--ast-global-color-4)","background-image":"","background-repeat":"repeat","background-position":"center center","background-size":"auto","background-attachment":"scroll","background-type":"","background-media":"","overlay-type":"","overlay-color":"","overlay-opacity":"","overlay-gradient":""},"tablet":{"background-color":"","background-image":"","background-repeat":"repeat","background-position":"center center","background-size":"auto","background-attachment":"scroll","background-type":"","background-media":"","overlay-type":"","overlay-color":"","overlay-opacity":"","overlay-gradient":""},"mobile":{"background-color":"","background-image":"","background-repeat":"repeat","background-position":"center center","background-size":"auto","background-attachment":"scroll","background-type":"","background-media":"","overlay-type":"","overlay-color":"","overlay-opacity":"","overlay-gradient":""}},"ast-content-background-meta":{"desktop":{"background-color":"var(--ast-global-color-5)","background-image":"","background-repeat":"repeat","background-position":"center center","background-size":"auto","background-attachment":"scroll","background-type":"","background-media":"","overlay-type":"","overlay-color":"","overlay-opacity":"","overlay-gradient":""},"tablet":{"background-color":"var(--ast-global-color-5)","background-image":"","background-repeat":"repeat","background-position":"center center","background-size":"auto","background-attachment":"scroll","background-type":"","background-media":"","overlay-type":"","overlay-color":"","overlay-opacity":"","overlay-gradient":""},"mobile":{"background-color":"var(--ast-global-color-5)","background-image":"","background-repeat":"repeat","background-position":"center center","background-size":"auto","background-attachment":"scroll","background-type":"","background-media":"","overlay-type":"","overlay-color":"","overlay-opacity":"","overlay-gradient":""}},"footnotes":""},"class_list":["post-2087","page","type-page","status-publish","hentry"],"post_mailing_queue_ids":[],"_links":{"self":[{"href":"https:\/\/agora.xtec.cat\/lesaigues\/wp-json\/wp\/v2\/pages\/2087","targetHints":{"allow":["GET"]}}],"collection":[{"href":"https:\/\/agora.xtec.cat\/lesaigues\/wp-json\/wp\/v2\/pages"}],"about":[{"href":"https:\/\/agora.xtec.cat\/lesaigues\/wp-json\/wp\/v2\/types\/page"}],"author":[{"embeddable":true,"href":"https:\/\/agora.xtec.cat\/lesaigues\/wp-json\/wp\/v2\/users\/1"}],"replies":[{"embeddable":true,"href":"https:\/\/agora.xtec.cat\/lesaigues\/wp-json\/wp\/v2\/comments?post=2087"}],"version-history":[{"count":7,"href":"https:\/\/agora.xtec.cat\/lesaigues\/wp-json\/wp\/v2\/pages\/2087\/revisions"}],"predecessor-version":[{"id":14700,"href":"https:\/\/agora.xtec.cat\/lesaigues\/wp-json\/wp\/v2\/pages\/2087\/revisions\/14700"}],"up":[{"embeddable":true,"href":"https:\/\/agora.xtec.cat\/lesaigues\/wp-json\/wp\/v2\/pages\/1661"}],"wp:attachment":[{"href":"https:\/\/agora.xtec.cat\/lesaigues\/wp-json\/wp\/v2\/media?parent=2087"}],"curies":[{"name":"wp","href":"https:\/\/api.w.org\/{rel}","templated":true}]}}