{"id":2070,"date":"2020-02-10T15:19:54","date_gmt":"2020-02-10T14:19:54","guid":{"rendered":"http:\/\/agora.xtec.cat\/lesaigues\/?page_id=2070"},"modified":"2024-01-28T12:44:22","modified_gmt":"2024-01-28T11:44:22","slug":"ambients-ed-infantil","status":"publish","type":"page","link":"https:\/\/agora.xtec.cat\/lesaigues\/projectes\/ambients-ed-infantil\/","title":{"rendered":"Ambients d&#8217;Ed. Infantil"},"content":{"rendered":"<p>Els ambients s\u00f3n diferents <b>espais<\/b> <b>d\u2019aprenentatge<\/b>, de relaci\u00f3 i comunicaci\u00f3 on a partir de diferents propostes els infants poden actuar, observar, experimentar, construir, inventar, imaginar, compartir, relacionar-se, emocionar-se\u2026i interactuar amb els altres.<\/p>\n<p>Aquest plantejament de treball\u00a0 respon a la necessitat que mostren els infants de jugar i relacionar-se. \u00c9s una manera de poder donar resposta als interessos i necessitats dels infants i respectar els diferents ritmes d\u2019aprenentatge.<\/p>\n<p>Els infants disposen d\u2019un temps <b>d\u2019experi\u00e8ncia<\/b><b> activa<\/b>, constru\u00efda per l\u2019adult, per\u00f2 reconstru\u00efda per ells mateixos\/es, on nens i nenes es reuneixen per explorar diverses possibilitats de joc i dels materials.<\/p>\n<p>Els ambients segueixen el model <b>socioconstructivista<\/b>, el qual parteix d\u2019un aprenentatge significatiu per part de l\u2019infant, que t\u00e9 en compte els seus coneixements previs i en el qual destaca la gran import\u00e0ncia que t\u00e9 la relaci\u00f3 amb els companys\/es.<\/p>\n\r\n\t<div class=\"slideshow_container slideshow_container_style-light\" style=\" \" data-slideshow-id=\"2076\" data-style-name=\"style-light\" data-style-version=\"2.3.1\" >\r\n\r\n\t\t\t\t\t<div class=\"slideshow_loading_icon\"><\/div>\r\n\t\t\r\n\t\t<div class=\"slideshow_content\" style=\"display: none;\">\r\n\r\n\t\t\t<div class=\"slideshow_view\">\r\n\t\t\t\t<div class=\"slideshow_slide slideshow_slide_image\">\r\n\t\t\t\t\t\t\t\t\t\t\t<img src=\"https:\/\/agora.xtec.cat\/lesaigues\/wp-content\/uploads\/usu985\/2020\/02\/EGXZzFrW4AABZIj.jpg\" alt=\"EGXZzFrW4AABZIj\" width=\"768\" height=\"1024\" \/>\r\n\t\t\t\t\t\t\t\t\t\t<div class=\"slideshow_description_box slideshow_transparent\">\r\n\t\t\t\t\t\t\t\t\t\t\t\t\t\t\t\t\t<\/div>\r\n\t\t\t\t<\/div>\r\n\r\n\t\t\t\t\t\t<div style=\"clear: both;\"><\/div><\/div><div class=\"slideshow_view\">\r\n\t\t\t\t<div class=\"slideshow_slide slideshow_slide_image\">\r\n\t\t\t\t\t\t\t\t\t\t\t<img src=\"https:\/\/agora.xtec.cat\/lesaigues\/wp-content\/uploads\/usu985\/2020\/02\/EGXZyWpWsAEdHL3.jpg\" alt=\"EGXZyWpWsAEdHL3\" width=\"1024\" height=\"768\" \/>\r\n\t\t\t\t\t\t\t\t\t\t<div class=\"slideshow_description_box slideshow_transparent\">\r\n\t\t\t\t\t\t\t\t\t\t\t\t\t\t\t\t\t<\/div>\r\n\t\t\t\t<\/div>\r\n\r\n\t\t\t\t\t\t<div style=\"clear: both;\"><\/div><\/div><div class=\"slideshow_view\">\r\n\t\t\t\t<div class=\"slideshow_slide slideshow_slide_image\">\r\n\t\t\t\t\t\t\t\t\t\t\t<img src=\"https:\/\/agora.xtec.cat\/lesaigues\/wp-content\/uploads\/usu985\/2020\/02\/EGXZywoXUAABfeF.jpg\" alt=\"EGXZywoXUAABfeF\" width=\"1024\" height=\"768\" \/>\r\n\t\t\t\t\t\t\t\t\t\t<div class=\"slideshow_description_box slideshow_transparent\">\r\n\t\t\t\t\t\t\t\t\t\t\t\t\t\t\t\t\t<\/div>\r\n\t\t\t\t<\/div>\r\n\r\n\t\t\t\t\t\t<div style=\"clear: both;\"><\/div><\/div><div class=\"slideshow_view\">\r\n\t\t\t\t<div class=\"slideshow_slide slideshow_slide_image\">\r\n\t\t\t\t\t\t\t\t\t\t\t<img src=\"https:\/\/agora.xtec.cat\/lesaigues\/wp-content\/uploads\/usu985\/2020\/02\/EGXZx8yW4AYzowN.jpg\" alt=\"EGXZx8yW4AYzowN\" width=\"1024\" height=\"768\" \/>\r\n\t\t\t\t\t\t\t\t\t\t<div class=\"slideshow_description_box slideshow_transparent\">\r\n\t\t\t\t\t\t\t\t\t\t\t\t\t\t\t\t\t<\/div>\r\n\t\t\t\t<\/div>\r\n\r\n\t\t\t\t\t\t<div style=\"clear: both;\"><\/div><\/div><div class=\"slideshow_view\">\r\n\t\t\t\t<div class=\"slideshow_slide slideshow_slide_image\">\r\n\t\t\t\t\t\t\t\t\t\t\t<img src=\"https:\/\/agora.xtec.cat\/lesaigues\/wp-content\/uploads\/usu985\/2020\/02\/D6DMWYCX4AENTSq.jpg\" alt=\"D6DMWYCX4AENTSq\" width=\"2048\" height=\"1536\" \/>\r\n\t\t\t\t\t\t\t\t\t\t<div class=\"slideshow_description_box slideshow_transparent\">\r\n\t\t\t\t\t\t\t\t\t\t\t\t\t\t\t\t\t<\/div>\r\n\t\t\t\t<\/div>\r\n\r\n\t\t\t\t\t\t<div style=\"clear: both;\"><\/div><\/div><div class=\"slideshow_view\">\r\n\t\t\t\t<div class=\"slideshow_slide slideshow_slide_image\">\r\n\t\t\t\t\t\t\t\t\t\t\t<img src=\"https:\/\/agora.xtec.cat\/lesaigues\/wp-content\/uploads\/usu985\/2020\/02\/D6DMUJ4WkAEwtUI.jpg\" alt=\"D6DMUJ4WkAEwtUI\" width=\"2048\" height=\"1536\" \/>\r\n\t\t\t\t\t\t\t\t\t\t<div class=\"slideshow_description_box slideshow_transparent\">\r\n\t\t\t\t\t\t\t\t\t\t\t\t\t\t\t\t\t<\/div>\r\n\t\t\t\t<\/div>\r\n\r\n\t\t\t\t\t\t<div style=\"clear: both;\"><\/div><\/div><div class=\"slideshow_view\">\r\n\t\t\t\t<div class=\"slideshow_slide slideshow_slide_image\">\r\n\t\t\t\t\t\t\t\t\t\t\t<img src=\"https:\/\/agora.xtec.cat\/lesaigues\/wp-content\/uploads\/usu985\/2020\/02\/D5pAf84W4AItcJm.jpg\" alt=\"D5pAf84W4AItcJm\" width=\"1024\" height=\"572\" \/>\r\n\t\t\t\t\t\t\t\t\t\t<div class=\"slideshow_description_box slideshow_transparent\">\r\n\t\t\t\t\t\t\t\t\t\t\t\t\t\t\t\t\t<\/div>\r\n\t\t\t\t<\/div>\r\n\r\n\t\t\t\t\t\t<div style=\"clear: both;\"><\/div><\/div>\r\n\t\t<\/div>\r\n\r\n\t\t<div class=\"slideshow_controlPanel slideshow_transparent\" style=\"display: none;\"><ul><li class=\"slideshow_togglePlay\" data-play-text=\"Visualitza\" data-pause-text=\"Pausa\"><\/li><\/ul><\/div>\r\n\r\n\t\t<div class=\"slideshow_button slideshow_previous slideshow_transparent\" role=\"button\" data-previous-text=\"Anterior\" style=\"display: none;\"><\/div>\r\n\t\t<div class=\"slideshow_button slideshow_next slideshow_transparent\" role=\"button\" data-next-text=\"Seg\u00fcent\" style=\"display: none;\"><\/div>\r\n\r\n\t\t<div class=\"slideshow_pagination\" style=\"display: none;\" data-go-to-text=\"V\u00e9s a la diapositiva\"><div class=\"slideshow_pagination_center\"><\/div><\/div>\r\n\r\n\t\t<!-- WordPress Slideshow Version 2.3.1 -->\r\n\r\n\t\t\t<\/div>\r\n\r\n\n<h5><b>AMBIENT DE LA CASETA I LA CUINETA<\/b><\/h5>\n<p>\u00c9s un espai on hi ha cuina i caseta amb ninos, on els infants imiten accions de la vida quotidiana del m\u00f3n de les persones adultes, practiquen la capacitat de representaci\u00f3, mitjan\u00e7ant la qual representen accions i regles b\u00e0siques imagin\u00e0ries que es refereixen als acords sobre a qu\u00e8 es juga.<\/p>\n<h5><b>AMBIENT DELS COTXES I DELS TRENS<\/b><\/h5>\n<p>En aquest espai, els infants construeixen diferents circuits (amb carreteres i vies de tren)\u00a0 per on passen aquests transports i creen i inventen situacions reals i imagin\u00e0ries.<\/p>\n<h5><b>AMBIENT DE LA GRANJA <\/b><\/h5>\n<p>L\u2019ambient de granja, \u00e9s un espai on poden trobar diferents animals de granja, convidant a la imaginaci\u00f3, creativitat, al vocabulari i la comunicaci\u00f3 entre infants de diferents edats.<\/p>\n<h5><strong>AMBIENT D&#8217;ARQUITECTES<\/strong><\/h5>\n<p>Aqu\u00ed els nens i les nenes disposen d&#8217;una gran varietat de materials com per exemple: peces de fusta de m\u00faltiples tamanys i formes, capses de cartr\u00f3, tubs de paper, CD\u2019s&#8230;<\/p>\n<h5><b>AMBIENT DEL MAR I LEGO<\/b><\/h5>\n<p>L\u2019ambient de mar i lego, es un espai on desenvolupar la seva imaginaci\u00f3, on afavoreix la motricitat fina creant estructures per fomentar el joc. Tamb\u00e9, la persist\u00e8ncia per aconseguir recrear en el joc el que cada infant t\u00e9 a la seva ment i poder-ho fer.<\/p>\n<h5><b>AMBIENT DE LA SABANA I LEGO<\/b><\/h5>\n<p>Aquest ambient est\u00e0 ubicat dins d\u2019una calaix de fusta amb sorra amb animals de sabana i materials naturals, aqu\u00ed es creen moltes situacions on interv\u00e9 la intel\u00b7lig\u00e8ncia sensorial, ja que es treballa amb diferents est\u00edmuls i materials i els infants han d\u2019anar aprenent a manipular-los.<\/p>\n<h5><b>AMBIENT DE L\u2019ESPAI I EL CASTELL<\/b><\/h5>\n<p>Aquests dos ambients, ubicats a la mateixa aula per\u00f2 en espais diferents, aprenent a gestionar les vides i les hist\u00f2ries dels habitants i a reviure les seves pr\u00f2pies experi\u00e8ncies a trav\u00e9s del joc simb\u00f2lic.<\/p>\n<h5><b>AMBIENT DE TEATRE<\/b><\/h5>\n<p>La transformaci\u00f3 de la pr\u00f2pia identitat \u00e9s una font molt gran de plaer i riquesa personals, per els infants que es troben en un moment de construcci\u00f3 d\u2019aquesta identitat. Veure com es transforma la seva imatge i el seu rol, sense que aix\u00f2 faci canviar o perillar la seva identitat, \u00e9s una experi\u00e8ncia molt positiva per tal d\u2019enfortir la pr\u00f2pia autoestima. Poden introduir-se a un m\u00f3n de fantasia i imaginaci\u00f3, on aquest espai de joc simb\u00f2lic disposa d\u2019una ambientaci\u00f3 que convida a disfressar-se i mirar la pr\u00f2pia transformaci\u00f3, com miralls, robes, sabates\u2026i poder maquillar-se,\u2026 els fa trencar amb la rutina di\u00e0ria de classe i contribueix a desenvolupar la imaginaci\u00f3 i creativitat i fins i tot agafar la identitat de personatges coneguts a trav\u00e9s de titelles.<\/p>\n","protected":false},"excerpt":{"rendered":"<p>Els ambients s\u00f3n diferents espais d\u2019aprenentatge, de relaci\u00f3 i comunicaci\u00f3 on a partir de diferents propostes els infants poden actuar, observar, experimentar, construir, inventar, imaginar, compartir, relacionar-se, emocionar-se\u2026i interactuar amb els altres. Aquest plantejament de treball\u00a0 respon a la necessitat que mostren els infants de jugar i relacionar-se. \u00c9s una manera de poder donar resposta [&hellip;]<\/p>\n","protected":false},"author":1,"featured_media":0,"parent":1661,"menu_order":13,"comment_status":"closed","ping_status":"closed","template":"","meta":{"_bbp_topic_count":0,"_bbp_reply_count":0,"_bbp_total_topic_count":0,"_bbp_total_reply_count":0,"_bbp_voice_count":0,"_bbp_anonymous_reply_count":0,"_bbp_topic_count_hidden":0,"_bbp_reply_count_hidden":0,"_bbp_forum_subforum_count":0,"site-sidebar-layout":"default","site-content-layout":"","ast-site-content-layout":"","site-content-style":"default","site-sidebar-style":"default","ast-global-header-display":"","ast-banner-title-visibility":"","ast-main-header-display":"","ast-hfb-above-header-display":"","ast-hfb-below-header-display":"","ast-hfb-mobile-header-display":"","site-post-title":"","ast-breadcrumbs-content":"","ast-featured-img":"","footer-sml-layout":"","theme-transparent-header-meta":"","adv-header-id-meta":"","stick-header-meta":"","header-above-stick-meta":"","header-main-stick-meta":"","header-below-stick-meta":"","astra-migrate-meta-layouts":"default","ast-page-background-enabled":"default","ast-page-background-meta":{"desktop":{"background-color":"var(--ast-global-color-4)","background-image":"","background-repeat":"repeat","background-position":"center center","background-size":"auto","background-attachment":"scroll","background-type":"","background-media":"","overlay-type":"","overlay-color":"","overlay-opacity":"","overlay-gradient":""},"tablet":{"background-color":"","background-image":"","background-repeat":"repeat","background-position":"center center","background-size":"auto","background-attachment":"scroll","background-type":"","background-media":"","overlay-type":"","overlay-color":"","overlay-opacity":"","overlay-gradient":""},"mobile":{"background-color":"","background-image":"","background-repeat":"repeat","background-position":"center center","background-size":"auto","background-attachment":"scroll","background-type":"","background-media":"","overlay-type":"","overlay-color":"","overlay-opacity":"","overlay-gradient":""}},"ast-content-background-meta":{"desktop":{"background-color":"var(--ast-global-color-5)","background-image":"","background-repeat":"repeat","background-position":"center center","background-size":"auto","background-attachment":"scroll","background-type":"","background-media":"","overlay-type":"","overlay-color":"","overlay-opacity":"","overlay-gradient":""},"tablet":{"background-color":"var(--ast-global-color-5)","background-image":"","background-repeat":"repeat","background-position":"center center","background-size":"auto","background-attachment":"scroll","background-type":"","background-media":"","overlay-type":"","overlay-color":"","overlay-opacity":"","overlay-gradient":""},"mobile":{"background-color":"var(--ast-global-color-5)","background-image":"","background-repeat":"repeat","background-position":"center center","background-size":"auto","background-attachment":"scroll","background-type":"","background-media":"","overlay-type":"","overlay-color":"","overlay-opacity":"","overlay-gradient":""}},"footnotes":""},"class_list":["post-2070","page","type-page","status-publish","hentry"],"post_mailing_queue_ids":[],"_links":{"self":[{"href":"https:\/\/agora.xtec.cat\/lesaigues\/wp-json\/wp\/v2\/pages\/2070","targetHints":{"allow":["GET"]}}],"collection":[{"href":"https:\/\/agora.xtec.cat\/lesaigues\/wp-json\/wp\/v2\/pages"}],"about":[{"href":"https:\/\/agora.xtec.cat\/lesaigues\/wp-json\/wp\/v2\/types\/page"}],"author":[{"embeddable":true,"href":"https:\/\/agora.xtec.cat\/lesaigues\/wp-json\/wp\/v2\/users\/1"}],"replies":[{"embeddable":true,"href":"https:\/\/agora.xtec.cat\/lesaigues\/wp-json\/wp\/v2\/comments?post=2070"}],"version-history":[{"count":4,"href":"https:\/\/agora.xtec.cat\/lesaigues\/wp-json\/wp\/v2\/pages\/2070\/revisions"}],"predecessor-version":[{"id":2425,"href":"https:\/\/agora.xtec.cat\/lesaigues\/wp-json\/wp\/v2\/pages\/2070\/revisions\/2425"}],"up":[{"embeddable":true,"href":"https:\/\/agora.xtec.cat\/lesaigues\/wp-json\/wp\/v2\/pages\/1661"}],"wp:attachment":[{"href":"https:\/\/agora.xtec.cat\/lesaigues\/wp-json\/wp\/v2\/media?parent=2070"}],"curies":[{"name":"wp","href":"https:\/\/api.w.org\/{rel}","templated":true}]}}