{"id":19,"date":"2015-01-27T16:11:21","date_gmt":"2015-01-27T15:11:21","guid":{"rendered":"http:\/\/escolalesaigues.cat\/politica-de-cookies\/"},"modified":"2024-01-28T12:37:53","modified_gmt":"2024-01-28T11:37:53","slug":"politica-de-cookies","status":"publish","type":"page","link":"https:\/\/agora.xtec.cat\/lesaigues\/projectes\/politica-de-cookies\/","title":{"rendered":"Impuls de la lectura"},"content":{"rendered":"<p style=\"text-align: justify;\">Des de l&#8217;any 2011 el Departament d&#8217;Educaci\u00f3 va impulsar un Pla Nacional de Lectura del qual vam formar part com a centre pilot i des de llavors l\u2019hem potenciat amb m\u00e9s \u00e8mfasi i l&#8217;hem anat millorant per la import\u00e0ncia que t\u00e9 per l\u2019aprenentatge i amb els seg\u00fcents objectius:<\/p>\n<ul style=\"text-align: justify;\">\n<li>Millorar la capacitat de comprendre textos per augmentar el rendiment acad\u00e8mic de tot l\u2019alumnat.<\/li>\n<li>Aconseguir que els infants i joves assumeixin les seves responsabilitats com aprenents aut\u00f2noms amb capacitat per accedir a la informaci\u00f3 i al coneixement, fent de la lectura una de les eines b\u00e0siques per l\u2019aprenentatge en totes les \u00e0rees i mat\u00e8ries del curr\u00edculum.<\/li>\n<li>Formar bones lectores i bons lectors que gaudeixin i aprenguin llegint.<\/li>\n<\/ul>\n<p style=\"text-align: justify;\">Al voltant dels eixos seg\u00fcents:<\/p>\n<h5 style=\"text-align: justify;\"><strong>Saber llegir. <\/strong><\/h5>\n<p style=\"text-align: justify;\">L\u2019aprenentatge de la lectura representa el desenvolupament de la capacitat de llegir, de comprendre i d\u2019interpretar textos. L\u2019assoliment de les habilitats funcionals b\u00e0siques de lectura correspon al cicle inicial de prim\u00e0ria i \u00e9s en aquest cicle on s\u2019han de prendre les mesures de suport necess\u00e0ries amb els alumnes que hi presenten dificultats.<\/p>\n<h5 style=\"text-align: justify;\"><strong>Llegir per aprendre. <\/strong><\/h5>\n<p style=\"text-align: justify;\">La compet\u00e8ncia ling\u00fc\u00edstica en general i la comprensi\u00f3 lectora en particular s\u00f3n a la base de qualsevol aprenentatge. En el cas concret de la comprensi\u00f3 lectora, si m\u00e9s no en el nostre sistema educatiu, el seu domini \u00e9s cabdal per tenir \u00e8xit escolar. Els alumnes han de desenvolupar la seva responsabilitat en l\u2019aprenentatge, sent conscients de les estrat\u00e8gies espec\u00edfiques que fan servir en cada \u00e0rea del coneixement. A m\u00e9s, han de tenir la capacitat d\u2019usar la lectura com a eina d\u2019acc\u00e9s a la informaci\u00f3, la descoberta i l\u2019ampliaci\u00f3 de coneixements, \u00e9s a dir, l\u2019\u00fas de la lectura esdev\u00e9 un instrument d\u2019aprenentatge a totes les \u00e0rees i mat\u00e8ries del curr\u00edculum.<\/p>\n<h5 style=\"text-align: justify;\"><strong>Gust per llegir. <\/strong><\/h5>\n<p style=\"text-align: justify;\">S\u2019adquireix desenvolupant l\u2019h\u00e0bit lector i fomentant la lectura sistem\u00e0tica en qualsevol suport, aprenent a reflexionar sobre el que s\u2019ha llegit, sabent-ho explicar mitjan\u00e7ant evid\u00e8ncies orals o escrites i sabent-ho compartir amb els altres.<\/p>\n\r\n\t<div class=\"slideshow_container slideshow_container_style-light\" style=\" \" data-slideshow-id=\"2442\" data-style-name=\"style-light\" data-style-version=\"2.3.1\" >\r\n\r\n\t\t\t\t\t<div class=\"slideshow_loading_icon\"><\/div>\r\n\t\t\r\n\t\t<div class=\"slideshow_content\" style=\"display: none;\">\r\n\r\n\t\t\t<div class=\"slideshow_view\">\r\n\t\t\t\t<div class=\"slideshow_slide slideshow_slide_image\">\r\n\t\t\t\t\t\t\t\t\t\t\t<img src=\"https:\/\/agora.xtec.cat\/lesaigues\/wp-content\/uploads\/usu985\/2020\/02\/EPCuyEKXsAEenMS-1.jpg\" alt=\"EPCuyEKXsAEenMS\" width=\"1600\" height=\"1200\" \/>\r\n\t\t\t\t\t\t\t\t\t\t<div class=\"slideshow_description_box slideshow_transparent\">\r\n\t\t\t\t\t\t\t\t\t\t\t\t\t\t\t\t\t<\/div>\r\n\t\t\t\t<\/div>\r\n\r\n\t\t\t\t\t\t<div style=\"clear: both;\"><\/div><\/div><div class=\"slideshow_view\">\r\n\t\t\t\t<div class=\"slideshow_slide slideshow_slide_image\">\r\n\t\t\t\t\t\t\t\t\t\t\t<img src=\"https:\/\/agora.xtec.cat\/lesaigues\/wp-content\/uploads\/usu985\/2020\/02\/EFyLrl_XkAALhdb.jpg\" alt=\"EFyLrl_XkAALhdb\" width=\"1600\" height=\"1200\" \/>\r\n\t\t\t\t\t\t\t\t\t\t<div class=\"slideshow_description_box slideshow_transparent\">\r\n\t\t\t\t\t\t\t\t\t\t\t\t\t\t\t\t\t<\/div>\r\n\t\t\t\t<\/div>\r\n\r\n\t\t\t\t\t\t<div style=\"clear: both;\"><\/div><\/div><div class=\"slideshow_view\">\r\n\t\t\t\t<div class=\"slideshow_slide slideshow_slide_image\">\r\n\t\t\t\t\t\t\t\t\t\t\t<img src=\"https:\/\/agora.xtec.cat\/lesaigues\/wp-content\/uploads\/usu985\/2020\/02\/EFyLrCNXUAAnTXF.jpg\" alt=\"EFyLrCNXUAAnTXF\" width=\"1600\" height=\"1200\" \/>\r\n\t\t\t\t\t\t\t\t\t\t<div class=\"slideshow_description_box slideshow_transparent\">\r\n\t\t\t\t\t\t\t\t\t\t\t\t\t\t\t\t\t<\/div>\r\n\t\t\t\t<\/div>\r\n\r\n\t\t\t\t\t\t<div style=\"clear: both;\"><\/div><\/div><div class=\"slideshow_view\">\r\n\t\t\t\t<div class=\"slideshow_slide slideshow_slide_image\">\r\n\t\t\t\t\t\t\t\t\t\t\t<img src=\"https:\/\/agora.xtec.cat\/lesaigues\/wp-content\/uploads\/usu985\/2020\/02\/EFyLqiBXoAAgwjr.jpg\" alt=\"EFyLqiBXoAAgwjr\" width=\"1600\" height=\"1200\" \/>\r\n\t\t\t\t\t\t\t\t\t\t<div class=\"slideshow_description_box slideshow_transparent\">\r\n\t\t\t\t\t\t\t\t\t\t\t\t\t\t\t\t\t<\/div>\r\n\t\t\t\t<\/div>\r\n\r\n\t\t\t\t\t\t<div style=\"clear: both;\"><\/div><\/div><div class=\"slideshow_view\">\r\n\t\t\t\t<div class=\"slideshow_slide slideshow_slide_image\">\r\n\t\t\t\t\t\t\t\t\t\t\t<img src=\"https:\/\/agora.xtec.cat\/lesaigues\/wp-content\/uploads\/usu985\/2020\/02\/D40xdzDWAAADUH0.jpg\" alt=\"D40xdzDWAAADUH0\" width=\"1024\" height=\"768\" \/>\r\n\t\t\t\t\t\t\t\t\t\t<div class=\"slideshow_description_box slideshow_transparent\">\r\n\t\t\t\t\t\t\t\t\t\t\t\t\t\t\t\t\t<\/div>\r\n\t\t\t\t<\/div>\r\n\r\n\t\t\t\t\t\t<div style=\"clear: both;\"><\/div><\/div>\r\n\t\t<\/div>\r\n\r\n\t\t<div class=\"slideshow_controlPanel slideshow_transparent\" style=\"display: none;\"><ul><li class=\"slideshow_togglePlay\" data-play-text=\"Visualitza\" data-pause-text=\"Pausa\"><\/li><\/ul><\/div>\r\n\r\n\t\t<div class=\"slideshow_button slideshow_previous slideshow_transparent\" role=\"button\" data-previous-text=\"Anterior\" style=\"display: none;\"><\/div>\r\n\t\t<div class=\"slideshow_button slideshow_next slideshow_transparent\" role=\"button\" data-next-text=\"Seg\u00fcent\" style=\"display: none;\"><\/div>\r\n\r\n\t\t<div class=\"slideshow_pagination\" style=\"display: none;\" data-go-to-text=\"V\u00e9s a la diapositiva\"><div class=\"slideshow_pagination_center\"><\/div><\/div>\r\n\r\n\t\t<!-- WordPress Slideshow Version 2.3.1 -->\r\n\r\n\t\t\t<\/div>\r\n\r\n\n","protected":false},"excerpt":{"rendered":"<p>Des de l&#8217;any 2011 el Departament d&#8217;Educaci\u00f3 va impulsar un Pla Nacional de Lectura del qual vam formar part com a centre pilot i des de llavors l\u2019hem potenciat amb m\u00e9s \u00e8mfasi i l&#8217;hem anat millorant per la import\u00e0ncia que t\u00e9 per l\u2019aprenentatge i amb els seg\u00fcents objectius: Millorar la capacitat de comprendre textos per [&hellip;]<\/p>\n","protected":false},"author":1,"featured_media":0,"parent":1661,"menu_order":4,"comment_status":"closed","ping_status":"closed","template":"","meta":{"_bbp_topic_count":0,"_bbp_reply_count":0,"_bbp_total_topic_count":0,"_bbp_total_reply_count":0,"_bbp_voice_count":0,"_bbp_anonymous_reply_count":0,"_bbp_topic_count_hidden":0,"_bbp_reply_count_hidden":0,"_bbp_forum_subforum_count":0,"site-sidebar-layout":"default","site-content-layout":"","ast-site-content-layout":"","site-content-style":"default","site-sidebar-style":"default","ast-global-header-display":"","ast-banner-title-visibility":"","ast-main-header-display":"","ast-hfb-above-header-display":"","ast-hfb-below-header-display":"","ast-hfb-mobile-header-display":"","site-post-title":"","ast-breadcrumbs-content":"","ast-featured-img":"","footer-sml-layout":"","theme-transparent-header-meta":"","adv-header-id-meta":"","stick-header-meta":"","header-above-stick-meta":"","header-main-stick-meta":"","header-below-stick-meta":"","astra-migrate-meta-layouts":"default","ast-page-background-enabled":"default","ast-page-background-meta":{"desktop":{"background-color":"var(--ast-global-color-4)","background-image":"","background-repeat":"repeat","background-position":"center center","background-size":"auto","background-attachment":"scroll","background-type":"","background-media":"","overlay-type":"","overlay-color":"","overlay-opacity":"","overlay-gradient":""},"tablet":{"background-color":"","background-image":"","background-repeat":"repeat","background-position":"center center","background-size":"auto","background-attachment":"scroll","background-type":"","background-media":"","overlay-type":"","overlay-color":"","overlay-opacity":"","overlay-gradient":""},"mobile":{"background-color":"","background-image":"","background-repeat":"repeat","background-position":"center center","background-size":"auto","background-attachment":"scroll","background-type":"","background-media":"","overlay-type":"","overlay-color":"","overlay-opacity":"","overlay-gradient":""}},"ast-content-background-meta":{"desktop":{"background-color":"var(--ast-global-color-5)","background-image":"","background-repeat":"repeat","background-position":"center center","background-size":"auto","background-attachment":"scroll","background-type":"","background-media":"","overlay-type":"","overlay-color":"","overlay-opacity":"","overlay-gradient":""},"tablet":{"background-color":"var(--ast-global-color-5)","background-image":"","background-repeat":"repeat","background-position":"center center","background-size":"auto","background-attachment":"scroll","background-type":"","background-media":"","overlay-type":"","overlay-color":"","overlay-opacity":"","overlay-gradient":""},"mobile":{"background-color":"var(--ast-global-color-5)","background-image":"","background-repeat":"repeat","background-position":"center center","background-size":"auto","background-attachment":"scroll","background-type":"","background-media":"","overlay-type":"","overlay-color":"","overlay-opacity":"","overlay-gradient":""}},"footnotes":""},"class_list":["post-19","page","type-page","status-publish","hentry"],"post_mailing_queue_ids":[],"_links":{"self":[{"href":"https:\/\/agora.xtec.cat\/lesaigues\/wp-json\/wp\/v2\/pages\/19","targetHints":{"allow":["GET"]}}],"collection":[{"href":"https:\/\/agora.xtec.cat\/lesaigues\/wp-json\/wp\/v2\/pages"}],"about":[{"href":"https:\/\/agora.xtec.cat\/lesaigues\/wp-json\/wp\/v2\/types\/page"}],"author":[{"embeddable":true,"href":"https:\/\/agora.xtec.cat\/lesaigues\/wp-json\/wp\/v2\/users\/1"}],"replies":[{"embeddable":true,"href":"https:\/\/agora.xtec.cat\/lesaigues\/wp-json\/wp\/v2\/comments?post=19"}],"version-history":[{"count":3,"href":"https:\/\/agora.xtec.cat\/lesaigues\/wp-json\/wp\/v2\/pages\/19\/revisions"}],"predecessor-version":[{"id":9789,"href":"https:\/\/agora.xtec.cat\/lesaigues\/wp-json\/wp\/v2\/pages\/19\/revisions\/9789"}],"up":[{"embeddable":true,"href":"https:\/\/agora.xtec.cat\/lesaigues\/wp-json\/wp\/v2\/pages\/1661"}],"wp:attachment":[{"href":"https:\/\/agora.xtec.cat\/lesaigues\/wp-json\/wp\/v2\/media?parent=19"}],"curies":[{"name":"wp","href":"https:\/\/api.w.org\/{rel}","templated":true}]}}