{"id":1873,"date":"2020-01-15T14:54:14","date_gmt":"2020-01-15T13:54:14","guid":{"rendered":"http:\/\/agora.xtec.cat\/lesaigues\/?page_id=1873"},"modified":"2025-07-10T16:35:43","modified_gmt":"2025-07-10T14:35:43","slug":"calendari-19-20","status":"publish","type":"page","link":"https:\/\/agora.xtec.cat\/lesaigues\/lescola\/calendari-19-20\/","title":{"rendered":"Calendari del curs 25-26"},"content":{"rendered":"<p style=\"text-align: justify;\"><strong>El curs 2025-26 comen\u00e7ar\u00e0 el dilluns 8 de setembre de 2025 i s&#8217;acabar\u00e0 el divendres 19 de juny de 2026. El Consell Escolar de Les Aig\u00fces va aprovar el calendari per al curs 25-26 a la sessi\u00f3 ordin\u00e0ria del 12 de juny de 2025. Pots baixar-te&#8217;l en pdf clicant <a href=\"https:\/\/agora.xtec.cat\/lesaigues\/wp-content\/uploads\/usu985\/2025\/07\/Calendari-del-curs-25-26.pdf\">aqu\u00ed.<\/a><\/strong><\/p>\n<p><a href=\"https:\/\/agora.xtec.cat\/lesaigues\/wp-content\/uploads\/usu985\/2025\/07\/Calendari-del-curs-25-26_page-0001.jpg\"><img loading=\"lazy\" decoding=\"async\" class=\"aligncenter size-large wp-image-14418\" src=\"https:\/\/agora.xtec.cat\/lesaigues\/wp-content\/uploads\/usu985\/2025\/07\/Calendari-del-curs-25-26_page-0001-1024x724.jpg\" alt=\"\" width=\"1024\" height=\"724\" srcset=\"https:\/\/agora.xtec.cat\/lesaigues\/wp-content\/uploads\/usu985\/2025\/07\/Calendari-del-curs-25-26_page-0001-1024x724.jpg 1024w, https:\/\/agora.xtec.cat\/lesaigues\/wp-content\/uploads\/usu985\/2025\/07\/Calendari-del-curs-25-26_page-0001-300x212.jpg 300w, https:\/\/agora.xtec.cat\/lesaigues\/wp-content\/uploads\/usu985\/2025\/07\/Calendari-del-curs-25-26_page-0001-768x543.jpg 768w, https:\/\/agora.xtec.cat\/lesaigues\/wp-content\/uploads\/usu985\/2025\/07\/Calendari-del-curs-25-26_page-0001-1536x1086.jpg 1536w, https:\/\/agora.xtec.cat\/lesaigues\/wp-content\/uploads\/usu985\/2025\/07\/Calendari-del-curs-25-26_page-0001.jpg 1755w\" sizes=\"auto, (max-width: 1024px) 100vw, 1024px\" \/><\/a><\/p>\n<p>&nbsp;<\/p>\n<p>&nbsp;<\/p>\n","protected":false},"excerpt":{"rendered":"<p>El curs 2025-26 comen\u00e7ar\u00e0 el dilluns 8 de setembre de 2025 i s&#8217;acabar\u00e0 el divendres 19 de juny de 2026. El Consell Escolar de Les Aig\u00fces va aprovar el calendari per al curs 25-26 a la sessi\u00f3 ordin\u00e0ria del 12 de juny de 2025. Pots baixar-te&#8217;l en pdf clicant aqu\u00ed. &nbsp; &nbsp;<\/p>\n","protected":false},"author":1,"featured_media":0,"parent":22,"menu_order":5,"comment_status":"closed","ping_status":"closed","template":"","meta":{"_bbp_topic_count":0,"_bbp_reply_count":0,"_bbp_total_topic_count":0,"_bbp_total_reply_count":0,"_bbp_voice_count":0,"_bbp_anonymous_reply_count":0,"_bbp_topic_count_hidden":0,"_bbp_reply_count_hidden":0,"_bbp_forum_subforum_count":0,"site-sidebar-layout":"default","site-content-layout":"","ast-site-content-layout":"default","site-content-style":"default","site-sidebar-style":"default","ast-global-header-display":"","ast-banner-title-visibility":"","ast-main-header-display":"","ast-hfb-above-header-display":"","ast-hfb-below-header-display":"","ast-hfb-mobile-header-display":"","site-post-title":"","ast-breadcrumbs-content":"","ast-featured-img":"","footer-sml-layout":"","theme-transparent-header-meta":"default","adv-header-id-meta":"","stick-header-meta":"","header-above-stick-meta":"","header-main-stick-meta":"","header-below-stick-meta":"","astra-migrate-meta-layouts":"set","ast-page-background-enabled":"default","ast-page-background-meta":{"desktop":{"background-color":"var(--ast-global-color-4)","background-image":"","background-repeat":"repeat","background-position":"center center","background-size":"auto","background-attachment":"scroll","background-type":"","background-media":"","overlay-type":"","overlay-color":"","overlay-opacity":"","overlay-gradient":""},"tablet":{"background-color":"","background-image":"","background-repeat":"repeat","background-position":"center center","background-size":"auto","background-attachment":"scroll","background-type":"","background-media":"","overlay-type":"","overlay-color":"","overlay-opacity":"","overlay-gradient":""},"mobile":{"background-color":"","background-image":"","background-repeat":"repeat","background-position":"center center","background-size":"auto","background-attachment":"scroll","background-type":"","background-media":"","overlay-type":"","overlay-color":"","overlay-opacity":"","overlay-gradient":""}},"ast-content-background-meta":{"desktop":{"background-color":"var(--ast-global-color-5)","background-image":"","background-repeat":"repeat","background-position":"center center","background-size":"auto","background-attachment":"scroll","background-type":"","background-media":"","overlay-type":"","overlay-color":"","overlay-opacity":"","overlay-gradient":""},"tablet":{"background-color":"var(--ast-global-color-5)","background-image":"","background-repeat":"repeat","background-position":"center center","background-size":"auto","background-attachment":"scroll","background-type":"","background-media":"","overlay-type":"","overlay-color":"","overlay-opacity":"","overlay-gradient":""},"mobile":{"background-color":"var(--ast-global-color-5)","background-image":"","background-repeat":"repeat","background-position":"center center","background-size":"auto","background-attachment":"scroll","background-type":"","background-media":"","overlay-type":"","overlay-color":"","overlay-opacity":"","overlay-gradient":""}},"footnotes":""},"class_list":["post-1873","page","type-page","status-publish","hentry"],"post_mailing_queue_ids":[],"_links":{"self":[{"href":"https:\/\/agora.xtec.cat\/lesaigues\/wp-json\/wp\/v2\/pages\/1873","targetHints":{"allow":["GET"]}}],"collection":[{"href":"https:\/\/agora.xtec.cat\/lesaigues\/wp-json\/wp\/v2\/pages"}],"about":[{"href":"https:\/\/agora.xtec.cat\/lesaigues\/wp-json\/wp\/v2\/types\/page"}],"author":[{"embeddable":true,"href":"https:\/\/agora.xtec.cat\/lesaigues\/wp-json\/wp\/v2\/users\/1"}],"replies":[{"embeddable":true,"href":"https:\/\/agora.xtec.cat\/lesaigues\/wp-json\/wp\/v2\/comments?post=1873"}],"version-history":[{"count":7,"href":"https:\/\/agora.xtec.cat\/lesaigues\/wp-json\/wp\/v2\/pages\/1873\/revisions"}],"predecessor-version":[{"id":14419,"href":"https:\/\/agora.xtec.cat\/lesaigues\/wp-json\/wp\/v2\/pages\/1873\/revisions\/14419"}],"up":[{"embeddable":true,"href":"https:\/\/agora.xtec.cat\/lesaigues\/wp-json\/wp\/v2\/pages\/22"}],"wp:attachment":[{"href":"https:\/\/agora.xtec.cat\/lesaigues\/wp-json\/wp\/v2\/media?parent=1873"}],"curies":[{"name":"wp","href":"https:\/\/api.w.org\/{rel}","templated":true}]}}