{"id":1680,"date":"2019-11-29T14:49:43","date_gmt":"2019-11-29T13:49:43","guid":{"rendered":"http:\/\/agora.xtec.cat\/lesaigues\/?page_id=1680"},"modified":"2026-03-27T17:12:03","modified_gmt":"2026-03-27T16:12:03","slug":"menu","status":"publish","type":"page","link":"https:\/\/agora.xtec.cat\/lesaigues\/serveis\/menu\/","title":{"rendered":"Men\u00fa del mes"},"content":{"rendered":"<div>\n<div style=\"text-align: justify;\">\n<div>\n<div>\n<p><strong>ABRIL<\/strong><\/p>\n<p style=\"font-weight: 400; text-align: justify;\"><strong>El dies 7 i 28 tenim els\u00a0men\u00fas\u00a0participatius, proposats per la comissi\u00f3 de menjador de l\u2019assemblea de delegats\/des, afavorint la implicaci\u00f3 dels infants en l\u2019elecci\u00f3 i elaboraci\u00f3 de\u00a0men\u00fas\u00a0equilibrats i saludables.<\/strong><\/p>\n<p style=\"text-align: justify;\"><strong>Els dies 13, 14 i 15 tenim cuina catalana\u00a0emmarcada dins de la <a href=\"https:\/\/agora.xtec.cat\/lesaigues\/portada\/trobada-erasmus-a-les-aigues-del-12-al-18-dabril\/\">trobada Erasmus+<\/a>\u00a0<\/strong><\/p>\n<p style=\"text-align: justify;\"><strong>El dia 23 hi ha un men\u00fa especial per la festa de Sant jordi.<\/strong><\/p>\n<p style=\"text-align: justify;\"><strong>Com sempre, trobareu tamb\u00e9 una proposta\u00a0de sopars complementaris\u00a0per fer a casa.<\/strong><\/p>\n<p style=\"text-align: justify;\"><strong>Des d&#8217;aquest curs l\u2019escola participar\u00e0 en el projecte Agermanament Pagesia\u2013Escola, impulsat per l\u2019OCAS (Oficina Conjunta d\u2019Alimentaci\u00f3 Sostenible). Teniu marcat el f\u00facsia esl diae sque hi productes del prove\u00efdor del projecte.<\/strong><\/p>\n<\/div>\n<div>\n<p><strong>Com sempre, trobareu tamb\u00e9 una proposta\u00a0de sopars complementaris\u00a0per fer a casa.<\/strong><\/p>\n<\/div>\n<\/div>\n<div><strong style=\"font-size: 16px; text-align: justify;\">Si voleu descarregar-vos el men\u00fa del mes d&#8217;abril en format pdf cliqueu <a href=\"https:\/\/agora.xtec.cat\/lesaigues\/wp-content\/uploads\/usu985\/2026\/03\/Menu-abril-de-2026.pdf\">aqu\u00ed.<\/a>\u00a0\u00a0<\/strong><\/div>\n<div><\/div>\n<div><a href=\"https:\/\/agora.xtec.cat\/lesaigues\/wp-content\/uploads\/usu985\/2026\/03\/Menu-abril-de-2026_page-0001.jpg\"><img loading=\"lazy\" decoding=\"async\" class=\"aligncenter size-large wp-image-15764\" src=\"https:\/\/agora.xtec.cat\/lesaigues\/wp-content\/uploads\/usu985\/2026\/03\/Menu-abril-de-2026_page-0001-724x1024.jpg\" alt=\"\" width=\"724\" height=\"1024\" srcset=\"https:\/\/agora.xtec.cat\/lesaigues\/wp-content\/uploads\/usu985\/2026\/03\/Menu-abril-de-2026_page-0001-724x1024.jpg 724w, https:\/\/agora.xtec.cat\/lesaigues\/wp-content\/uploads\/usu985\/2026\/03\/Menu-abril-de-2026_page-0001-212x300.jpg 212w, https:\/\/agora.xtec.cat\/lesaigues\/wp-content\/uploads\/usu985\/2026\/03\/Menu-abril-de-2026_page-0001-768x1086.jpg 768w, https:\/\/agora.xtec.cat\/lesaigues\/wp-content\/uploads\/usu985\/2026\/03\/Menu-abril-de-2026_page-0001-1086x1536.jpg 1086w, https:\/\/agora.xtec.cat\/lesaigues\/wp-content\/uploads\/usu985\/2026\/03\/Menu-abril-de-2026_page-0001.jpg 1241w\" sizes=\"auto, (max-width: 724px) 100vw, 724px\" \/><\/a> <a href=\"https:\/\/agora.xtec.cat\/lesaigues\/wp-content\/uploads\/usu985\/2026\/03\/Menu-abril-de-2026_page-0002.jpg\"><img loading=\"lazy\" decoding=\"async\" class=\"aligncenter size-large wp-image-15765\" src=\"https:\/\/agora.xtec.cat\/lesaigues\/wp-content\/uploads\/usu985\/2026\/03\/Menu-abril-de-2026_page-0002-724x1024.jpg\" alt=\"\" width=\"724\" height=\"1024\" srcset=\"https:\/\/agora.xtec.cat\/lesaigues\/wp-content\/uploads\/usu985\/2026\/03\/Menu-abril-de-2026_page-0002-724x1024.jpg 724w, https:\/\/agora.xtec.cat\/lesaigues\/wp-content\/uploads\/usu985\/2026\/03\/Menu-abril-de-2026_page-0002-212x300.jpg 212w, https:\/\/agora.xtec.cat\/lesaigues\/wp-content\/uploads\/usu985\/2026\/03\/Menu-abril-de-2026_page-0002-768x1086.jpg 768w, https:\/\/agora.xtec.cat\/lesaigues\/wp-content\/uploads\/usu985\/2026\/03\/Menu-abril-de-2026_page-0002-1086x1536.jpg 1086w, https:\/\/agora.xtec.cat\/lesaigues\/wp-content\/uploads\/usu985\/2026\/03\/Menu-abril-de-2026_page-0002.jpg 1241w\" sizes=\"auto, (max-width: 724px) 100vw, 724px\" \/><\/a><\/div>\n<div><\/div>\n<\/div>\n<\/div>\n<p>&nbsp;<\/p>\n<p>&nbsp;<\/p>\n<p>&nbsp;<\/p>\n<p>&nbsp;<\/p>\n","protected":false},"excerpt":{"rendered":"<p>ABRIL El dies 7 i 28 tenim els\u00a0men\u00fas\u00a0participatius, proposats per la comissi\u00f3 de menjador de l\u2019assemblea de delegats\/des, afavorint la implicaci\u00f3 dels infants en l\u2019elecci\u00f3 i elaboraci\u00f3 de\u00a0men\u00fas\u00a0equilibrats i saludables. Els dies 13, 14 i 15 tenim cuina catalana\u00a0emmarcada dins de la trobada Erasmus+\u00a0 El dia 23 hi ha un men\u00fa especial per la festa [&hellip;]<\/p>\n","protected":false},"author":1,"featured_media":0,"parent":66,"menu_order":0,"comment_status":"closed","ping_status":"closed","template":"","meta":{"_bbp_topic_count":0,"_bbp_reply_count":0,"_bbp_total_topic_count":0,"_bbp_total_reply_count":0,"_bbp_voice_count":0,"_bbp_anonymous_reply_count":0,"_bbp_topic_count_hidden":0,"_bbp_reply_count_hidden":0,"_bbp_forum_subforum_count":0,"site-sidebar-layout":"default","site-content-layout":"","ast-site-content-layout":"default","site-content-style":"default","site-sidebar-style":"default","ast-global-header-display":"","ast-banner-title-visibility":"","ast-main-header-display":"","ast-hfb-above-header-display":"","ast-hfb-below-header-display":"","ast-hfb-mobile-header-display":"","site-post-title":"","ast-breadcrumbs-content":"","ast-featured-img":"","footer-sml-layout":"","theme-transparent-header-meta":"default","adv-header-id-meta":"","stick-header-meta":"","header-above-stick-meta":"","header-main-stick-meta":"","header-below-stick-meta":"","astra-migrate-meta-layouts":"set","ast-page-background-enabled":"default","ast-page-background-meta":{"desktop":{"background-color":"var(--ast-global-color-4)","background-image":"","background-repeat":"repeat","background-position":"center center","background-size":"auto","background-attachment":"scroll","background-type":"","background-media":"","overlay-type":"","overlay-color":"","overlay-opacity":"","overlay-gradient":""},"tablet":{"background-color":"","background-image":"","background-repeat":"repeat","background-position":"center center","background-size":"auto","background-attachment":"scroll","background-type":"","background-media":"","overlay-type":"","overlay-color":"","overlay-opacity":"","overlay-gradient":""},"mobile":{"background-color":"","background-image":"","background-repeat":"repeat","background-position":"center center","background-size":"auto","background-attachment":"scroll","background-type":"","background-media":"","overlay-type":"","overlay-color":"","overlay-opacity":"","overlay-gradient":""}},"ast-content-background-meta":{"desktop":{"background-color":"var(--ast-global-color-5)","background-image":"","background-repeat":"repeat","background-position":"center center","background-size":"auto","background-attachment":"scroll","background-type":"","background-media":"","overlay-type":"","overlay-color":"","overlay-opacity":"","overlay-gradient":""},"tablet":{"background-color":"var(--ast-global-color-5)","background-image":"","background-repeat":"repeat","background-position":"center center","background-size":"auto","background-attachment":"scroll","background-type":"","background-media":"","overlay-type":"","overlay-color":"","overlay-opacity":"","overlay-gradient":""},"mobile":{"background-color":"var(--ast-global-color-5)","background-image":"","background-repeat":"repeat","background-position":"center center","background-size":"auto","background-attachment":"scroll","background-type":"","background-media":"","overlay-type":"","overlay-color":"","overlay-opacity":"","overlay-gradient":""}},"footnotes":""},"class_list":["post-1680","page","type-page","status-publish","hentry"],"post_mailing_queue_ids":[],"_links":{"self":[{"href":"https:\/\/agora.xtec.cat\/lesaigues\/wp-json\/wp\/v2\/pages\/1680","targetHints":{"allow":["GET"]}}],"collection":[{"href":"https:\/\/agora.xtec.cat\/lesaigues\/wp-json\/wp\/v2\/pages"}],"about":[{"href":"https:\/\/agora.xtec.cat\/lesaigues\/wp-json\/wp\/v2\/types\/page"}],"author":[{"embeddable":true,"href":"https:\/\/agora.xtec.cat\/lesaigues\/wp-json\/wp\/v2\/users\/1"}],"replies":[{"embeddable":true,"href":"https:\/\/agora.xtec.cat\/lesaigues\/wp-json\/wp\/v2\/comments?post=1680"}],"version-history":[{"count":6,"href":"https:\/\/agora.xtec.cat\/lesaigues\/wp-json\/wp\/v2\/pages\/1680\/revisions"}],"predecessor-version":[{"id":15768,"href":"https:\/\/agora.xtec.cat\/lesaigues\/wp-json\/wp\/v2\/pages\/1680\/revisions\/15768"}],"up":[{"embeddable":true,"href":"https:\/\/agora.xtec.cat\/lesaigues\/wp-json\/wp\/v2\/pages\/66"}],"wp:attachment":[{"href":"https:\/\/agora.xtec.cat\/lesaigues\/wp-json\/wp\/v2\/media?parent=1680"}],"curies":[{"name":"wp","href":"https:\/\/api.w.org\/{rel}","templated":true}]}}