{"id":1639,"date":"2019-11-21T19:25:08","date_gmt":"2019-11-21T18:25:08","guid":{"rendered":"http:\/\/agora.xtec.cat\/lesaigues\/?page_id=1639"},"modified":"2025-06-19T14:54:56","modified_gmt":"2025-06-19T12:54:56","slug":"funcionament","status":"publish","type":"page","link":"https:\/\/agora.xtec.cat\/lesaigues\/serveis\/funcionament\/","title":{"rendered":"Funcionament del Menjador"},"content":{"rendered":"<p style=\"text-align: justify;\">Aqu\u00ed teniu el <strong>butllet\u00ed informatiu del menjador escolar de Les Aig\u00fces del curs 25-26<\/strong>. Per llegir-lo o descarregar-vos-el podeu <a href=\"https:\/\/agora.xtec.cat\/lesaigues\/wp-content\/uploads\/usu985\/2025\/06\/18.LA-BUTLLETA-CURS-25-26.pdf\">clicar aqu\u00ed<\/a>.<\/p>\n<p style=\"text-align: justify;\">L\u2019espai del migdia \u00e9s alhora un servei complementari a l\u2019educaci\u00f3 i un recurs educatiu de primer ordre a les escoles de Catalunya.<\/p>\n<ul style=\"text-align: justify;\">\n<li>Respon a\u00a0la necessitat creixent de\u00a0conciliar\u00a0els horaris laborals de les fam\u00edlies amb l\u2019horari escolar de l\u2019alumnat.<\/li>\n<li>Contribueix a assegurar una\u00a0<a href=\"https:\/\/educacio.gencat.cat\/ca\/arees-actuacio\/families\/habits-saludables\/alimentacio\/\"><strong>alimentaci\u00f3 sana i equilibrada<\/strong><\/a>\u00a0als infants, al llarg de l\u2019escolaritat universal i obligat\u00f2ria, i tamb\u00e9 a educar uns bons h\u00e0bits alimentaris.<\/li>\n<\/ul>\n<p style=\"text-align: justify;\">El menjador escolar, doncs, ofereix una gran\u00a0oportunitat educativa per treballar aspectes relacionats amb l\u2019alimentaci\u00f3:<\/p>\n<ul style=\"text-align: justify;\">\n<li>S\u2019hi promou una alimentaci\u00f3 saludable i sostenible.<\/li>\n<li>S\u2019hi treballen h\u00e0bits saludables i una dieta equilibrada i variada.<\/li>\n<li>S\u2019hi adquireixen rutines i h\u00e0bits d\u2019higiene personal, que ajuden l\u2019alumnat a desenvolupar capacitats d\u2019autonomia personal, compet\u00e8ncia social i de conviv\u00e8ncia, en un espai que afavoreix la interrelaci\u00f3 entre tot l\u2019alumnat.<\/li>\n<\/ul>\n<p style=\"text-align: justify;\">Tamb\u00e9 \u00e9s un context favorable per:<\/p>\n<ul style=\"text-align: justify;\">\n<li>Alinear els aspectes que s\u2019hi tracten amb els eixos estrat\u00e8gics del projecte educatiu del centre.<\/li>\n<li>Garantir la coher\u00e8ncia i la continu\u00eftat dels usos ling\u00fc\u00edstics del centre mitjan\u00e7ant les activitats que s\u2019hi desenvolupen.<\/li>\n<li>Aprofundir en altres projectes de car\u00e0cter transversal.<\/li>\n<li>Treballar l\u2019educaci\u00f3 dels valors interculturals.<\/li>\n<\/ul>\n<p style=\"text-align: justify;\"><strong>El projecte de menjador i d\u2019espai de migdia<\/strong> de l\u2019Escola Les Aig\u00fces ha estat elborat per la comissi\u00f3 de menjador del Consell Escolar tenint en compte les aportacions de l\u2019AFA Les Aig\u00fces i la coordinaci\u00f3 del servei. Es va presentar al Consell Escolar el 12 de juny de 2023.<\/p>\n<p style=\"text-align: justify;\">Podeu consultar el projecte\u00a0<a href=\"https:\/\/agora.xtec.cat\/lesaigues\/wp-content\/uploads\/usu985\/2023\/06\/Proposta-de-projecte-de-menjador-Escola-Les-Aigues.pdf\">clicant aqu\u00ed<\/a>.<\/p>\n","protected":false},"excerpt":{"rendered":"<p>Aqu\u00ed teniu el butllet\u00ed informatiu del menjador escolar de Les Aig\u00fces del curs 25-26. Per llegir-lo o descarregar-vos-el podeu clicar aqu\u00ed. L\u2019espai del migdia \u00e9s alhora un servei complementari a l\u2019educaci\u00f3 i un recurs educatiu de primer ordre a les escoles de Catalunya. Respon a\u00a0la necessitat creixent de\u00a0conciliar\u00a0els horaris laborals de les fam\u00edlies amb l\u2019horari [&hellip;]<\/p>\n","protected":false},"author":1,"featured_media":0,"parent":66,"menu_order":2,"comment_status":"closed","ping_status":"closed","template":"","meta":{"_bbp_topic_count":0,"_bbp_reply_count":0,"_bbp_total_topic_count":0,"_bbp_total_reply_count":0,"_bbp_voice_count":0,"_bbp_anonymous_reply_count":0,"_bbp_topic_count_hidden":0,"_bbp_reply_count_hidden":0,"_bbp_forum_subforum_count":0,"site-sidebar-layout":"default","site-content-layout":"","ast-site-content-layout":"","site-content-style":"default","site-sidebar-style":"default","ast-global-header-display":"","ast-banner-title-visibility":"","ast-main-header-display":"","ast-hfb-above-header-display":"","ast-hfb-below-header-display":"","ast-hfb-mobile-header-display":"","site-post-title":"","ast-breadcrumbs-content":"","ast-featured-img":"","footer-sml-layout":"","theme-transparent-header-meta":"","adv-header-id-meta":"","stick-header-meta":"","header-above-stick-meta":"","header-main-stick-meta":"","header-below-stick-meta":"","astra-migrate-meta-layouts":"default","ast-page-background-enabled":"default","ast-page-background-meta":{"desktop":{"background-color":"var(--ast-global-color-4)","background-image":"","background-repeat":"repeat","background-position":"center center","background-size":"auto","background-attachment":"scroll","background-type":"","background-media":"","overlay-type":"","overlay-color":"","overlay-opacity":"","overlay-gradient":""},"tablet":{"background-color":"","background-image":"","background-repeat":"repeat","background-position":"center center","background-size":"auto","background-attachment":"scroll","background-type":"","background-media":"","overlay-type":"","overlay-color":"","overlay-opacity":"","overlay-gradient":""},"mobile":{"background-color":"","background-image":"","background-repeat":"repeat","background-position":"center center","background-size":"auto","background-attachment":"scroll","background-type":"","background-media":"","overlay-type":"","overlay-color":"","overlay-opacity":"","overlay-gradient":""}},"ast-content-background-meta":{"desktop":{"background-color":"var(--ast-global-color-5)","background-image":"","background-repeat":"repeat","background-position":"center center","background-size":"auto","background-attachment":"scroll","background-type":"","background-media":"","overlay-type":"","overlay-color":"","overlay-opacity":"","overlay-gradient":""},"tablet":{"background-color":"var(--ast-global-color-5)","background-image":"","background-repeat":"repeat","background-position":"center center","background-size":"auto","background-attachment":"scroll","background-type":"","background-media":"","overlay-type":"","overlay-color":"","overlay-opacity":"","overlay-gradient":""},"mobile":{"background-color":"var(--ast-global-color-5)","background-image":"","background-repeat":"repeat","background-position":"center center","background-size":"auto","background-attachment":"scroll","background-type":"","background-media":"","overlay-type":"","overlay-color":"","overlay-opacity":"","overlay-gradient":""}},"footnotes":""},"class_list":["post-1639","page","type-page","status-publish","hentry"],"post_mailing_queue_ids":[],"_links":{"self":[{"href":"https:\/\/agora.xtec.cat\/lesaigues\/wp-json\/wp\/v2\/pages\/1639","targetHints":{"allow":["GET"]}}],"collection":[{"href":"https:\/\/agora.xtec.cat\/lesaigues\/wp-json\/wp\/v2\/pages"}],"about":[{"href":"https:\/\/agora.xtec.cat\/lesaigues\/wp-json\/wp\/v2\/types\/page"}],"author":[{"embeddable":true,"href":"https:\/\/agora.xtec.cat\/lesaigues\/wp-json\/wp\/v2\/users\/1"}],"replies":[{"embeddable":true,"href":"https:\/\/agora.xtec.cat\/lesaigues\/wp-json\/wp\/v2\/comments?post=1639"}],"version-history":[{"count":7,"href":"https:\/\/agora.xtec.cat\/lesaigues\/wp-json\/wp\/v2\/pages\/1639\/revisions"}],"predecessor-version":[{"id":14308,"href":"https:\/\/agora.xtec.cat\/lesaigues\/wp-json\/wp\/v2\/pages\/1639\/revisions\/14308"}],"up":[{"embeddable":true,"href":"https:\/\/agora.xtec.cat\/lesaigues\/wp-json\/wp\/v2\/pages\/66"}],"wp:attachment":[{"href":"https:\/\/agora.xtec.cat\/lesaigues\/wp-json\/wp\/v2\/media?parent=1639"}],"curies":[{"name":"wp","href":"https:\/\/api.w.org\/{rel}","templated":true}]}}