{"id":1516,"date":"2019-10-21T11:01:54","date_gmt":"2019-10-21T09:01:54","guid":{"rendered":"http:\/\/agora.xtec.cat\/lesaigues\/?page_id=1516"},"modified":"2024-02-08T10:10:04","modified_gmt":"2024-02-08T09:10:04","slug":"normes-dorganitzacio-i-funcionament-de-centre","status":"publish","type":"page","link":"https:\/\/agora.xtec.cat\/lesaigues\/informacio-general\/normes-dorganitzacio-i-funcionament-de-centre\/","title":{"rendered":"NOFC"},"content":{"rendered":"<p style=\"text-align: justify;\"><strong>Cal entendre les Normes d&#8217;Organitzaci\u00f3 i Funcionament de Centre (NOFC) com una eina que ha de servir per regular la vida interna de l&#8217;escola, per establir i concretar les relacions entre els diferents sectors que formen la comunitat educativa. Ens ha de servir tamb\u00e9 per garantir la conviv\u00e8ncia i l&#8217;activitat, considerant sempre els drets i deures de tots els membres que integrem la comunitat educativa.<\/strong><br \/>\n<strong>Les NOFC apleguen el conjunt d\u2019acords i decisions d\u2019organitzaci\u00f3 i funcionament, que han de fer possible el treball educatiu i de gesti\u00f3 que permeti assolir els objectius proposats en el Projecte Educatiu de Centre (PEC), en la Programaci\u00f3 General Anual de Centre (PGA) i en el Projecte de<\/strong><br \/>\n<strong>Direcci\u00f3.<\/strong><br \/>\n<strong>A trav\u00e9s de les NOFC podem:<\/strong><br \/>\n<strong>&#8211; Proporcionar un marc de refer\u00e8ncia per al funcionament de l\u2019escola i per als diversos sectors que la componen.<\/strong><br \/>\n<strong>&#8211; Agilitzar-ne el funcionament i facilitar la presa de decisions.<\/strong><br \/>\n<strong>&#8211; Dipositar responsabilitats a qui correspongui.<\/strong><br \/>\n<strong>&#8211; Estimular la participaci\u00f3 dels membres de la comunitat escolar.<\/strong><br \/>\n<strong>&#8211; Unificar la informaci\u00f3 i fer-la m\u00e9s assequible.<\/strong><br \/>\n<strong>&#8211; Contribuir a definir i possibilitar nous plantejaments de l\u2019escola com a<\/strong><br \/>\n<strong>instituci\u00f3.<\/strong><br \/>\n<strong>El Decret 102\/2010, de 3 d\u2019agost, d\u2019autonomia de centres educatius, estableix que tot centre educatiu ha d\u2019elaborar les seves normes d\u2019organitzaci\u00f3 i funcionament.<\/strong><br \/>\n<strong>El 2010 l&#8217;Escola Les Aig\u00fces va elaborar les NOFC i s&#8217;han anat revisant i actualizant, adaptant-les a la l&#8217;evoluci\u00f3 de l&#8217;escola. La darrera revisi\u00f3 la va fer el Consell Escolar el 29 de gener de 2024. Per consultar el document podeu <a href=\"https:\/\/agora.xtec.cat\/lesaigues\/wp-content\/uploads\/usu985\/2024\/02\/NOFC-Escola-Les-Aigues.-versio-29.01.24.pdf\">clicar aqu\u00ed.<\/a><\/strong><\/p>\n<p>&nbsp;<\/p>\n<p>&nbsp;<\/p>\n","protected":false},"excerpt":{"rendered":"<p>Cal entendre les Normes d&#8217;Organitzaci\u00f3 i Funcionament de Centre (NOFC) com una eina que ha de servir per regular la vida interna de l&#8217;escola, per establir i concretar les relacions entre els diferents sectors que formen la comunitat educativa. Ens ha de servir tamb\u00e9 per garantir la conviv\u00e8ncia i l&#8217;activitat, considerant sempre els drets i [&hellip;]<\/p>\n","protected":false},"author":1,"featured_media":0,"parent":1485,"menu_order":3,"comment_status":"closed","ping_status":"closed","template":"","meta":{"_bbp_topic_count":0,"_bbp_reply_count":0,"_bbp_total_topic_count":0,"_bbp_total_reply_count":0,"_bbp_voice_count":0,"_bbp_anonymous_reply_count":0,"_bbp_topic_count_hidden":0,"_bbp_reply_count_hidden":0,"_bbp_forum_subforum_count":0,"site-sidebar-layout":"default","site-content-layout":"","ast-site-content-layout":"","site-content-style":"default","site-sidebar-style":"default","ast-global-header-display":"","ast-banner-title-visibility":"","ast-main-header-display":"","ast-hfb-above-header-display":"","ast-hfb-below-header-display":"","ast-hfb-mobile-header-display":"","site-post-title":"","ast-breadcrumbs-content":"","ast-featured-img":"","footer-sml-layout":"","theme-transparent-header-meta":"","adv-header-id-meta":"","stick-header-meta":"","header-above-stick-meta":"","header-main-stick-meta":"","header-below-stick-meta":"","astra-migrate-meta-layouts":"default","ast-page-background-enabled":"default","ast-page-background-meta":{"desktop":{"background-color":"var(--ast-global-color-4)","background-image":"","background-repeat":"repeat","background-position":"center center","background-size":"auto","background-attachment":"scroll","background-type":"","background-media":"","overlay-type":"","overlay-color":"","overlay-opacity":"","overlay-gradient":""},"tablet":{"background-color":"","background-image":"","background-repeat":"repeat","background-position":"center center","background-size":"auto","background-attachment":"scroll","background-type":"","background-media":"","overlay-type":"","overlay-color":"","overlay-opacity":"","overlay-gradient":""},"mobile":{"background-color":"","background-image":"","background-repeat":"repeat","background-position":"center center","background-size":"auto","background-attachment":"scroll","background-type":"","background-media":"","overlay-type":"","overlay-color":"","overlay-opacity":"","overlay-gradient":""}},"ast-content-background-meta":{"desktop":{"background-color":"var(--ast-global-color-5)","background-image":"","background-repeat":"repeat","background-position":"center center","background-size":"auto","background-attachment":"scroll","background-type":"","background-media":"","overlay-type":"","overlay-color":"","overlay-opacity":"","overlay-gradient":""},"tablet":{"background-color":"var(--ast-global-color-5)","background-image":"","background-repeat":"repeat","background-position":"center center","background-size":"auto","background-attachment":"scroll","background-type":"","background-media":"","overlay-type":"","overlay-color":"","overlay-opacity":"","overlay-gradient":""},"mobile":{"background-color":"var(--ast-global-color-5)","background-image":"","background-repeat":"repeat","background-position":"center center","background-size":"auto","background-attachment":"scroll","background-type":"","background-media":"","overlay-type":"","overlay-color":"","overlay-opacity":"","overlay-gradient":""}},"footnotes":""},"class_list":["post-1516","page","type-page","status-publish","hentry"],"post_mailing_queue_ids":[],"_links":{"self":[{"href":"https:\/\/agora.xtec.cat\/lesaigues\/wp-json\/wp\/v2\/pages\/1516","targetHints":{"allow":["GET"]}}],"collection":[{"href":"https:\/\/agora.xtec.cat\/lesaigues\/wp-json\/wp\/v2\/pages"}],"about":[{"href":"https:\/\/agora.xtec.cat\/lesaigues\/wp-json\/wp\/v2\/types\/page"}],"author":[{"embeddable":true,"href":"https:\/\/agora.xtec.cat\/lesaigues\/wp-json\/wp\/v2\/users\/1"}],"replies":[{"embeddable":true,"href":"https:\/\/agora.xtec.cat\/lesaigues\/wp-json\/wp\/v2\/comments?post=1516"}],"version-history":[{"count":7,"href":"https:\/\/agora.xtec.cat\/lesaigues\/wp-json\/wp\/v2\/pages\/1516\/revisions"}],"predecessor-version":[{"id":11948,"href":"https:\/\/agora.xtec.cat\/lesaigues\/wp-json\/wp\/v2\/pages\/1516\/revisions\/11948"}],"up":[{"embeddable":true,"href":"https:\/\/agora.xtec.cat\/lesaigues\/wp-json\/wp\/v2\/pages\/1485"}],"wp:attachment":[{"href":"https:\/\/agora.xtec.cat\/lesaigues\/wp-json\/wp\/v2\/media?parent=1516"}],"curies":[{"name":"wp","href":"https:\/\/api.w.org\/{rel}","templated":true}]}}