{"id":1485,"date":"2019-10-15T12:25:37","date_gmt":"2019-10-15T10:25:37","guid":{"rendered":"http:\/\/agora.xtec.cat\/lesaigues\/?page_id=1485"},"modified":"2025-07-09T10:30:54","modified_gmt":"2025-07-09T08:30:54","slug":"informacio-general","status":"publish","type":"page","link":"https:\/\/agora.xtec.cat\/lesaigues\/informacio-general\/","title":{"rendered":"Documents de centre"},"content":{"rendered":"<p style=\"text-align: justify;\">A L&#8217;Escola Les Aig\u00fces la defineixen una s\u00e8rie de documents de centre que han estat elaborats de manera participativa per part de tots els sectors de la comunitat educativa. Els projectes educatiu, ling\u00fc\u00edstic, de teconologies de l&#8217;aperenentatge i el coneixement; aix\u00ed com la carta de comprom\u00eds educatiu i les normes d&#8217;organitzaci\u00f3 i funcionament s\u00f3n documents que estan i han estat sotmesos a constants modificacions en funci\u00f3 de les necessitats de cada moment i de l&#8217;evoluci\u00f3 que estem fent com a escola en uns societat que evoluciona.<\/p>\n<p style=\"text-align: justify;\">El fet d&#8217;haver estat els darrers tes anys a les xarxes d&#8217;EscolaNova21 i de Compet\u00e8ncies B\u00e0siques ha fet i fa que l&#8217;escola estigui en constant replantejament de tot all\u00f2 que fa per tal de millorar curs rera curs.<\/p>\n","protected":false},"excerpt":{"rendered":"<p>A L&#8217;Escola Les Aig\u00fces la defineixen una s\u00e8rie de documents de centre que han estat elaborats de manera participativa per part de tots els sectors de la comunitat educativa. Els projectes educatiu, ling\u00fc\u00edstic, de teconologies de l&#8217;aperenentatge i el coneixement; aix\u00ed com la carta de comprom\u00eds educatiu i les normes d&#8217;organitzaci\u00f3 i funcionament s\u00f3n documents [&hellip;]<\/p>\n","protected":false},"author":1,"featured_media":0,"parent":0,"menu_order":0,"comment_status":"closed","ping_status":"closed","template":"","meta":{"_bbp_topic_count":0,"_bbp_reply_count":0,"_bbp_total_topic_count":0,"_bbp_total_reply_count":0,"_bbp_voice_count":0,"_bbp_anonymous_reply_count":0,"_bbp_topic_count_hidden":0,"_bbp_reply_count_hidden":0,"_bbp_forum_subforum_count":0,"site-sidebar-layout":"default","site-content-layout":"","ast-site-content-layout":"default","site-content-style":"default","site-sidebar-style":"default","ast-global-header-display":"","ast-banner-title-visibility":"","ast-main-header-display":"","ast-hfb-above-header-display":"","ast-hfb-below-header-display":"","ast-hfb-mobile-header-display":"","site-post-title":"","ast-breadcrumbs-content":"","ast-featured-img":"","footer-sml-layout":"","theme-transparent-header-meta":"default","adv-header-id-meta":"","stick-header-meta":"","header-above-stick-meta":"","header-main-stick-meta":"","header-below-stick-meta":"","astra-migrate-meta-layouts":"set","ast-page-background-enabled":"default","ast-page-background-meta":{"desktop":{"background-color":"var(--ast-global-color-4)","background-image":"","background-repeat":"repeat","background-position":"center center","background-size":"auto","background-attachment":"scroll","background-type":"","background-media":"","overlay-type":"","overlay-color":"","overlay-opacity":"","overlay-gradient":""},"tablet":{"background-color":"","background-image":"","background-repeat":"repeat","background-position":"center center","background-size":"auto","background-attachment":"scroll","background-type":"","background-media":"","overlay-type":"","overlay-color":"","overlay-opacity":"","overlay-gradient":""},"mobile":{"background-color":"","background-image":"","background-repeat":"repeat","background-position":"center center","background-size":"auto","background-attachment":"scroll","background-type":"","background-media":"","overlay-type":"","overlay-color":"","overlay-opacity":"","overlay-gradient":""}},"ast-content-background-meta":{"desktop":{"background-color":"var(--ast-global-color-5)","background-image":"","background-repeat":"repeat","background-position":"center center","background-size":"auto","background-attachment":"scroll","background-type":"","background-media":"","overlay-type":"","overlay-color":"","overlay-opacity":"","overlay-gradient":""},"tablet":{"background-color":"var(--ast-global-color-5)","background-image":"","background-repeat":"repeat","background-position":"center center","background-size":"auto","background-attachment":"scroll","background-type":"","background-media":"","overlay-type":"","overlay-color":"","overlay-opacity":"","overlay-gradient":""},"mobile":{"background-color":"var(--ast-global-color-5)","background-image":"","background-repeat":"repeat","background-position":"center center","background-size":"auto","background-attachment":"scroll","background-type":"","background-media":"","overlay-type":"","overlay-color":"","overlay-opacity":"","overlay-gradient":""}},"footnotes":""},"class_list":["post-1485","page","type-page","status-publish","hentry"],"post_mailing_queue_ids":[],"_links":{"self":[{"href":"https:\/\/agora.xtec.cat\/lesaigues\/wp-json\/wp\/v2\/pages\/1485","targetHints":{"allow":["GET"]}}],"collection":[{"href":"https:\/\/agora.xtec.cat\/lesaigues\/wp-json\/wp\/v2\/pages"}],"about":[{"href":"https:\/\/agora.xtec.cat\/lesaigues\/wp-json\/wp\/v2\/types\/page"}],"author":[{"embeddable":true,"href":"https:\/\/agora.xtec.cat\/lesaigues\/wp-json\/wp\/v2\/users\/1"}],"replies":[{"embeddable":true,"href":"https:\/\/agora.xtec.cat\/lesaigues\/wp-json\/wp\/v2\/comments?post=1485"}],"version-history":[{"count":5,"href":"https:\/\/agora.xtec.cat\/lesaigues\/wp-json\/wp\/v2\/pages\/1485\/revisions"}],"predecessor-version":[{"id":14390,"href":"https:\/\/agora.xtec.cat\/lesaigues\/wp-json\/wp\/v2\/pages\/1485\/revisions\/14390"}],"wp:attachment":[{"href":"https:\/\/agora.xtec.cat\/lesaigues\/wp-json\/wp\/v2\/media?parent=1485"}],"curies":[{"name":"wp","href":"https:\/\/api.w.org\/{rel}","templated":true}]}}