{"id":14363,"date":"2025-07-06T08:55:05","date_gmt":"2025-07-06T06:55:05","guid":{"rendered":"https:\/\/agora.xtec.cat\/lesaigues\/?page_id=14363"},"modified":"2025-07-06T09:43:06","modified_gmt":"2025-07-06T07:43:06","slug":"sollicituds-de-beques-menjador","status":"publish","type":"page","link":"https:\/\/agora.xtec.cat\/lesaigues\/serveis\/sollicituds-de-beques-menjador\/","title":{"rendered":"Sol\u00b7licituds de beques menjador"},"content":{"rendered":"<p style=\"text-align: justify;\"><strong>Ha acabat el termini de presentaci\u00f3 de sol\u00b7licituds d\u2019ajuts al menjador escolar per al curs 25-26 ja que les les sol\u00b7licituds es podien presentar del 16 de juny al 4 de juliol de 2025 telem\u00e0ticament en aquest\u00a0 <a href=\"http:\/\/seu.cardedeu.cat\/\" target=\"_blank\" rel=\"noopener noreferrer\" data-saferedirecturl=\"https:\/\/www.google.com\/url?q=http:\/\/seu.cardedeu.cat&amp;source=gmail&amp;ust=1750191113233000&amp;usg=AOvVaw2T2E83-QPD3CuKMUUcgH3t\">enlla\u00e7 de l\u2019Ajuntament de Cardedeu.<\/a>\u00a0<\/strong><\/p>\n<p style=\"text-align: justify;\"><strong>Trobareu la sol\u00b7licitud en pdf en\u00a0<a href=\"https:\/\/agora.xtec.cat\/lesaigues\/wp-content\/uploads\/usu985\/2025\/06\/SOL-LICITUD-AJUTS-MENJADOR-ESCOLAR-CURS_2025_26.pdf\">aquest enlla\u00e7<\/a>. Tamb\u00e9 trobareu c\u00f2pies impreses a la consergeria de l\u2019escola.<\/strong><\/p>\n<p style=\"text-align: justify;\"><strong>Si no vau presentar la sol\u00b7licitud dins del termini establert o heu arribat a Cardedeu un cop iniciat el curs, podeu demanar informaci\u00f3 al serveis socials de Cardedeu i us orientaran de com poder sol\u00b7licitud fora de termini escrivint a <a href=\"mailto:serveisocials@cardedeu.cat\">serveisocials@cardedeu.cat<\/a> trucant <a href=\"tel:+3493 844 41 40\">93 844 41 40<\/a> o b\u00e9 presencialment a Can Borr\u00e0s, al C\/Dolors Gran\u00e9s n\u00fam. 2.<\/strong><\/p>\n<p><a href=\"https:\/\/agora.xtec.cat\/lesaigues\/wp-content\/uploads\/usu985\/2025\/06\/WhatsApp-Image-2025-06-16-at-22.34.16.jpeg\"><img loading=\"lazy\" decoding=\"async\" class=\"aligncenter size-full wp-image-14270\" src=\"https:\/\/agora.xtec.cat\/lesaigues\/wp-content\/uploads\/usu985\/2025\/06\/WhatsApp-Image-2025-06-16-at-22.34.16.jpeg\" alt=\"\" width=\"500\" height=\"345\" srcset=\"https:\/\/agora.xtec.cat\/lesaigues\/wp-content\/uploads\/usu985\/2025\/06\/WhatsApp-Image-2025-06-16-at-22.34.16.jpeg 500w, https:\/\/agora.xtec.cat\/lesaigues\/wp-content\/uploads\/usu985\/2025\/06\/WhatsApp-Image-2025-06-16-at-22.34.16-300x207.jpeg 300w\" sizes=\"auto, (max-width: 500px) 100vw, 500px\" \/><\/a><\/p>\n","protected":false},"excerpt":{"rendered":"<p>Ha acabat el termini de presentaci\u00f3 de sol\u00b7licituds d\u2019ajuts al menjador escolar per al curs 25-26 ja que les les sol\u00b7licituds es podien presentar del 16 de juny al 4 de juliol de 2025 telem\u00e0ticament en aquest\u00a0 enlla\u00e7 de l\u2019Ajuntament de Cardedeu.\u00a0 Trobareu la sol\u00b7licitud en pdf en\u00a0aquest enlla\u00e7. Tamb\u00e9 trobareu c\u00f2pies impreses a la [&hellip;]<\/p>\n","protected":false},"author":1,"featured_media":0,"parent":66,"menu_order":2,"comment_status":"closed","ping_status":"closed","template":"","meta":{"_bbp_topic_count":0,"_bbp_reply_count":0,"_bbp_total_topic_count":0,"_bbp_total_reply_count":0,"_bbp_voice_count":0,"_bbp_anonymous_reply_count":0,"_bbp_topic_count_hidden":0,"_bbp_reply_count_hidden":0,"_bbp_forum_subforum_count":0,"site-sidebar-layout":"default","site-content-layout":"","ast-site-content-layout":"","site-content-style":"default","site-sidebar-style":"default","ast-global-header-display":"","ast-banner-title-visibility":"","ast-main-header-display":"","ast-hfb-above-header-display":"","ast-hfb-below-header-display":"","ast-hfb-mobile-header-display":"","site-post-title":"","ast-breadcrumbs-content":"","ast-featured-img":"","footer-sml-layout":"","theme-transparent-header-meta":"","adv-header-id-meta":"","stick-header-meta":"","header-above-stick-meta":"","header-main-stick-meta":"","header-below-stick-meta":"","astra-migrate-meta-layouts":"default","ast-page-background-enabled":"default","ast-page-background-meta":{"desktop":{"background-color":"var(--ast-global-color-4)","background-image":"","background-repeat":"repeat","background-position":"center center","background-size":"auto","background-attachment":"scroll","background-type":"","background-media":"","overlay-type":"","overlay-color":"","overlay-opacity":"","overlay-gradient":""},"tablet":{"background-color":"","background-image":"","background-repeat":"repeat","background-position":"center center","background-size":"auto","background-attachment":"scroll","background-type":"","background-media":"","overlay-type":"","overlay-color":"","overlay-opacity":"","overlay-gradient":""},"mobile":{"background-color":"","background-image":"","background-repeat":"repeat","background-position":"center center","background-size":"auto","background-attachment":"scroll","background-type":"","background-media":"","overlay-type":"","overlay-color":"","overlay-opacity":"","overlay-gradient":""}},"ast-content-background-meta":{"desktop":{"background-color":"var(--ast-global-color-5)","background-image":"","background-repeat":"repeat","background-position":"center center","background-size":"auto","background-attachment":"scroll","background-type":"","background-media":"","overlay-type":"","overlay-color":"","overlay-opacity":"","overlay-gradient":""},"tablet":{"background-color":"var(--ast-global-color-5)","background-image":"","background-repeat":"repeat","background-position":"center center","background-size":"auto","background-attachment":"scroll","background-type":"","background-media":"","overlay-type":"","overlay-color":"","overlay-opacity":"","overlay-gradient":""},"mobile":{"background-color":"var(--ast-global-color-5)","background-image":"","background-repeat":"repeat","background-position":"center center","background-size":"auto","background-attachment":"scroll","background-type":"","background-media":"","overlay-type":"","overlay-color":"","overlay-opacity":"","overlay-gradient":""}},"footnotes":""},"class_list":["post-14363","page","type-page","status-publish","hentry"],"post_mailing_queue_ids":[],"_links":{"self":[{"href":"https:\/\/agora.xtec.cat\/lesaigues\/wp-json\/wp\/v2\/pages\/14363","targetHints":{"allow":["GET"]}}],"collection":[{"href":"https:\/\/agora.xtec.cat\/lesaigues\/wp-json\/wp\/v2\/pages"}],"about":[{"href":"https:\/\/agora.xtec.cat\/lesaigues\/wp-json\/wp\/v2\/types\/page"}],"author":[{"embeddable":true,"href":"https:\/\/agora.xtec.cat\/lesaigues\/wp-json\/wp\/v2\/users\/1"}],"replies":[{"embeddable":true,"href":"https:\/\/agora.xtec.cat\/lesaigues\/wp-json\/wp\/v2\/comments?post=14363"}],"version-history":[{"count":4,"href":"https:\/\/agora.xtec.cat\/lesaigues\/wp-json\/wp\/v2\/pages\/14363\/revisions"}],"predecessor-version":[{"id":14373,"href":"https:\/\/agora.xtec.cat\/lesaigues\/wp-json\/wp\/v2\/pages\/14363\/revisions\/14373"}],"up":[{"embeddable":true,"href":"https:\/\/agora.xtec.cat\/lesaigues\/wp-json\/wp\/v2\/pages\/66"}],"wp:attachment":[{"href":"https:\/\/agora.xtec.cat\/lesaigues\/wp-json\/wp\/v2\/media?parent=14363"}],"curies":[{"name":"wp","href":"https:\/\/api.w.org\/{rel}","templated":true}]}}