{"id":10904,"date":"2023-06-14T11:26:57","date_gmt":"2023-06-14T09:26:57","guid":{"rendered":"https:\/\/agora.xtec.cat\/lesaigues\/?page_id=10904"},"modified":"2024-01-28T12:11:41","modified_gmt":"2024-01-28T11:11:41","slug":"projecte-de-menjador","status":"publish","type":"page","link":"https:\/\/agora.xtec.cat\/lesaigues\/informacio-general\/projecte-de-menjador\/","title":{"rendered":"Projecte de menjador"},"content":{"rendered":"<p style=\"text-align: justify;\">L&#8217;espai del migdia \u00e9s alhora un servei complementari a l\u2019educaci\u00f3 i un recurs educatiu de primer ordre a les escoles de Catalunya.<\/p>\n<ul style=\"text-align: justify;\">\n<li>Respon a\u00a0la necessitat creixent de\u00a0conciliar\u00a0els horaris laborals de les fam\u00edlies amb l\u2019horari escolar de l&#8217;alumnat.<\/li>\n<li>Contribueix a assegurar una\u00a0<a href=\"https:\/\/educacio.gencat.cat\/ca\/arees-actuacio\/families\/habits-saludables\/alimentacio\/\"><strong>alimentaci\u00f3 sana i equilibrada<\/strong><\/a>\u00a0als infants, al llarg de l\u2019escolaritat universal i obligat\u00f2ria, i tamb\u00e9 a educar uns bons h\u00e0bits alimentaris.<\/li>\n<\/ul>\n<p style=\"text-align: justify;\">El menjador escolar, doncs, ofereix una gran\u00a0oportunitat educativa per treballar aspectes relacionats amb l&#8217;alimentaci\u00f3:<\/p>\n<ul style=\"text-align: justify;\">\n<li>S&#8217;hi promou una alimentaci\u00f3 saludable i sostenible.<\/li>\n<li>S&#8217;hi treballen h\u00e0bits saludables i una dieta equilibrada i variada.<\/li>\n<li>S&#8217;hi adquireixen rutines i h\u00e0bits d&#8217;higiene personal, que ajuden l\u2019alumnat a desenvolupar capacitats d&#8217;autonomia personal, compet\u00e8ncia social i de conviv\u00e8ncia, en un espai que afavoreix la interrelaci\u00f3 entre tot l\u2019alumnat.<\/li>\n<\/ul>\n<p style=\"text-align: justify;\">Tamb\u00e9 \u00e9s un context favorable per:<\/p>\n<ul style=\"text-align: justify;\">\n<li>Alinear els aspectes que s&#8217;hi tracten amb els eixos estrat\u00e8gics del projecte educatiu del centre.<\/li>\n<li>Garantir la coher\u00e8ncia i la continu\u00eftat dels usos ling\u00fc\u00edstics del centre mitjan\u00e7ant les activitats que s\u2019hi desenvolupen.<\/li>\n<li>Aprofundir en altres projectes de car\u00e0cter transversal.<\/li>\n<li>Treballar l\u2019educaci\u00f3 dels valors interculturals.<\/li>\n<\/ul>\n<p style=\"text-align: justify;\">El projecte de menjador i d\u2019espai de migdia de l\u2019Escola Les Aig\u00fces ha estat elborat per la comissi\u00f3 de menjador del Consell Escolar tenint en compte les aportacions de l\u2019AFA Les Aig\u00fces i la coordinaci\u00f3 del servei. Es va presentar al Consell Escolar el 12 de juny de 2023.<\/p>\n<p style=\"text-align: justify;\">Podeu consultar el projecte <a href=\"https:\/\/agora.xtec.cat\/lesaigues\/wp-content\/uploads\/usu985\/2023\/06\/Proposta-de-projecte-de-menjador-Escola-Les-Aigues.pdf\">clicant aqu\u00ed<\/a>.<\/p>\n","protected":false},"excerpt":{"rendered":"<p>L&#8217;espai del migdia \u00e9s alhora un servei complementari a l\u2019educaci\u00f3 i un recurs educatiu de primer ordre a les escoles de Catalunya. Respon a\u00a0la necessitat creixent de\u00a0conciliar\u00a0els horaris laborals de les fam\u00edlies amb l\u2019horari escolar de l&#8217;alumnat. Contribueix a assegurar una\u00a0alimentaci\u00f3 sana i equilibrada\u00a0als infants, al llarg de l\u2019escolaritat universal i obligat\u00f2ria, i tamb\u00e9 a [&hellip;]<\/p>\n","protected":false},"author":1,"featured_media":0,"parent":1485,"menu_order":10,"comment_status":"closed","ping_status":"closed","template":"","meta":{"_bbp_topic_count":0,"_bbp_reply_count":0,"_bbp_total_topic_count":0,"_bbp_total_reply_count":0,"_bbp_voice_count":0,"_bbp_anonymous_reply_count":0,"_bbp_topic_count_hidden":0,"_bbp_reply_count_hidden":0,"_bbp_forum_subforum_count":0,"site-sidebar-layout":"default","site-content-layout":"","ast-site-content-layout":"","site-content-style":"default","site-sidebar-style":"default","ast-global-header-display":"","ast-banner-title-visibility":"","ast-main-header-display":"","ast-hfb-above-header-display":"","ast-hfb-below-header-display":"","ast-hfb-mobile-header-display":"","site-post-title":"","ast-breadcrumbs-content":"","ast-featured-img":"","footer-sml-layout":"","theme-transparent-header-meta":"","adv-header-id-meta":"","stick-header-meta":"","header-above-stick-meta":"","header-main-stick-meta":"","header-below-stick-meta":"","astra-migrate-meta-layouts":"default","ast-page-background-enabled":"default","ast-page-background-meta":{"desktop":{"background-color":"var(--ast-global-color-4)","background-image":"","background-repeat":"repeat","background-position":"center center","background-size":"auto","background-attachment":"scroll","background-type":"","background-media":"","overlay-type":"","overlay-color":"","overlay-opacity":"","overlay-gradient":""},"tablet":{"background-color":"","background-image":"","background-repeat":"repeat","background-position":"center center","background-size":"auto","background-attachment":"scroll","background-type":"","background-media":"","overlay-type":"","overlay-color":"","overlay-opacity":"","overlay-gradient":""},"mobile":{"background-color":"","background-image":"","background-repeat":"repeat","background-position":"center center","background-size":"auto","background-attachment":"scroll","background-type":"","background-media":"","overlay-type":"","overlay-color":"","overlay-opacity":"","overlay-gradient":""}},"ast-content-background-meta":{"desktop":{"background-color":"var(--ast-global-color-5)","background-image":"","background-repeat":"repeat","background-position":"center center","background-size":"auto","background-attachment":"scroll","background-type":"","background-media":"","overlay-type":"","overlay-color":"","overlay-opacity":"","overlay-gradient":""},"tablet":{"background-color":"var(--ast-global-color-5)","background-image":"","background-repeat":"repeat","background-position":"center center","background-size":"auto","background-attachment":"scroll","background-type":"","background-media":"","overlay-type":"","overlay-color":"","overlay-opacity":"","overlay-gradient":""},"mobile":{"background-color":"var(--ast-global-color-5)","background-image":"","background-repeat":"repeat","background-position":"center center","background-size":"auto","background-attachment":"scroll","background-type":"","background-media":"","overlay-type":"","overlay-color":"","overlay-opacity":"","overlay-gradient":""}},"footnotes":""},"class_list":["post-10904","page","type-page","status-publish","hentry"],"post_mailing_queue_ids":[],"_links":{"self":[{"href":"https:\/\/agora.xtec.cat\/lesaigues\/wp-json\/wp\/v2\/pages\/10904","targetHints":{"allow":["GET"]}}],"collection":[{"href":"https:\/\/agora.xtec.cat\/lesaigues\/wp-json\/wp\/v2\/pages"}],"about":[{"href":"https:\/\/agora.xtec.cat\/lesaigues\/wp-json\/wp\/v2\/types\/page"}],"author":[{"embeddable":true,"href":"https:\/\/agora.xtec.cat\/lesaigues\/wp-json\/wp\/v2\/users\/1"}],"replies":[{"embeddable":true,"href":"https:\/\/agora.xtec.cat\/lesaigues\/wp-json\/wp\/v2\/comments?post=10904"}],"version-history":[{"count":3,"href":"https:\/\/agora.xtec.cat\/lesaigues\/wp-json\/wp\/v2\/pages\/10904\/revisions"}],"predecessor-version":[{"id":11120,"href":"https:\/\/agora.xtec.cat\/lesaigues\/wp-json\/wp\/v2\/pages\/10904\/revisions\/11120"}],"up":[{"embeddable":true,"href":"https:\/\/agora.xtec.cat\/lesaigues\/wp-json\/wp\/v2\/pages\/1485"}],"wp:attachment":[{"href":"https:\/\/agora.xtec.cat\/lesaigues\/wp-json\/wp\/v2\/media?parent=10904"}],"curies":[{"name":"wp","href":"https:\/\/api.w.org\/{rel}","templated":true}]}}