{"id":1089,"date":"2015-02-03T14:35:50","date_gmt":"2015-02-03T13:35:50","guid":{"rendered":"http:\/\/escolalesaigues.cat\/?page_id=95"},"modified":"2025-11-29T22:23:38","modified_gmt":"2025-11-29T21:23:38","slug":"consell-escolar","status":"publish","type":"page","link":"https:\/\/agora.xtec.cat\/lesaigues\/consell-escolar\/","title":{"rendered":"Consell Escolar"},"content":{"rendered":"<p><a href=\"https:\/\/agora.xtec.cat\/lesaigues\/wp-content\/uploads\/usu985\/2020\/01\/consell-escolar1.png\"><img loading=\"lazy\" decoding=\"async\" class=\"aligncenter size-full wp-image-1909\" src=\"https:\/\/agora.xtec.cat\/lesaigues\/wp-content\/uploads\/usu985\/2020\/01\/consell-escolar1.png\" alt=\"\" width=\"901\" height=\"245\" srcset=\"https:\/\/agora.xtec.cat\/lesaigues\/wp-content\/uploads\/usu985\/2020\/01\/consell-escolar1.png 901w, https:\/\/agora.xtec.cat\/lesaigues\/wp-content\/uploads\/usu985\/2020\/01\/consell-escolar1-300x82.png 300w, https:\/\/agora.xtec.cat\/lesaigues\/wp-content\/uploads\/usu985\/2020\/01\/consell-escolar1-768x209.png 768w\" sizes=\"auto, (max-width: 901px) 100vw, 901px\" \/><\/a><\/p>\n<p style=\"text-align: justify;\">D&#8217;acord amb els articles 148 i 152 de la Llei 12\/2009, del 10 de juliol, d&#8217;educaci\u00f3, el consell escolar \u00e9s l&#8217;\u00f2rgan de participaci\u00f3 de la comunitat escolar en el govern del centre.<\/p>\n<p style=\"text-align: justify;\">L&#8217;article 126 de la Llei org\u00e0nica 2\/2006, del 3 de maig, d&#8217;educaci\u00f3, estableix la composici\u00f3 del consell escolar per als centres p\u00fablics.<\/p>\n<p style=\"text-align: justify;\">Aix\u00ed mateix, l&#8217;article 28 del Decret 102\/2010, de 3 d&#8217;agost, d&#8217;autonomia de centres educatius, disposa per als centres del Servei d&#8217;Educaci\u00f3 de Catalunya que els consells escolars es renoven per meitats de les persones representants electes de cada sector cada dos anys, en el primer trimestre del curs escolar.<\/p>\n<h3 style=\"text-align: justify;\">El Consell Escolar de l\u2019Escola Les Aig\u00fces el formen 20 persones:<\/h3>\n<h4>7 representants de pares i mares:<\/h4>\n<p>Jessica Alonso Gri\u00f1\u00f3<\/p>\n<p>Covi Guirado Forment<\/p>\n<p>Samuel Lamamie de Calriac Moreno<\/p>\n<p>Ludovic Nau<\/p>\n<p>Alfonso Quintana Poza<\/p>\n<p>Gemma Villanueva Borrellas<\/p>\n<p>Pere Girona Campi (proposat per l&#8217;AFA Les Aig\u00fces).<\/p>\n<h4>7 representants de mestres:<\/h4>\n<p>Maria Escudero Garcia<\/p>\n<p>Noelia Fern\u00e1ndez Planas<\/p>\n<p>N\u00faria Guti\u00e9rrez Comas<\/p>\n<p>Ester Llano Cardona<\/p>\n<p>Mireia L\u00f3pez Jos\u00e9<\/p>\n<p>Cristina S\u00e1nchez Cervilla<\/p>\n<p>Mirtha Villarroya Acosta<\/p>\n<h4>1 representant de l\u2019Ajuntament de Cardedeu:<\/h4>\n<p>Xavier Orozco Delcl\u00f2s<\/p>\n<h4>1 representant del Personal d\u2019Administraci\u00f3\u00a0 i Serveis:<\/h4>\n<p>Anna Sala Planas<\/p>\n<h4>1 representant del Personal Atenci\u00f3 Educativa:<\/h4>\n<p>Javier Fores S\u00e1nchez<\/p>\n<h4>3 membres de l\u2019Equip Directiu:<\/h4>\n<p>Josep Cortada Sim\u00f3 (director)<\/p>\n<p>Llu\u00eds Gonz\u00e1lez Navarrete (cap d\u2019estudis)<\/p>\n<p>Irene Ruiz Sagrera\u00a0(secret\u00e0ria)<\/p>\n","protected":false},"excerpt":{"rendered":"<p>D&#8217;acord amb els articles 148 i 152 de la Llei 12\/2009, del 10 de juliol, d&#8217;educaci\u00f3, el consell escolar \u00e9s l&#8217;\u00f2rgan de participaci\u00f3 de la comunitat escolar en el govern del centre. L&#8217;article 126 de la Llei org\u00e0nica 2\/2006, del 3 de maig, d&#8217;educaci\u00f3, estableix la composici\u00f3 del consell escolar per als centres p\u00fablics. Aix\u00ed [&hellip;]<\/p>\n","protected":false},"author":1,"featured_media":0,"parent":0,"menu_order":0,"comment_status":"closed","ping_status":"open","template":"","meta":{"_bbp_topic_count":0,"_bbp_reply_count":0,"_bbp_total_topic_count":0,"_bbp_total_reply_count":0,"_bbp_voice_count":0,"_bbp_anonymous_reply_count":0,"_bbp_topic_count_hidden":0,"_bbp_reply_count_hidden":0,"_bbp_forum_subforum_count":0,"site-sidebar-layout":"default","site-content-layout":"","ast-site-content-layout":"default","site-content-style":"default","site-sidebar-style":"default","ast-global-header-display":"","ast-banner-title-visibility":"","ast-main-header-display":"","ast-hfb-above-header-display":"","ast-hfb-below-header-display":"","ast-hfb-mobile-header-display":"","site-post-title":"","ast-breadcrumbs-content":"","ast-featured-img":"","footer-sml-layout":"","theme-transparent-header-meta":"default","adv-header-id-meta":"","stick-header-meta":"","header-above-stick-meta":"","header-main-stick-meta":"","header-below-stick-meta":"","astra-migrate-meta-layouts":"set","ast-page-background-enabled":"default","ast-page-background-meta":{"desktop":{"background-color":"var(--ast-global-color-4)","background-image":"","background-repeat":"repeat","background-position":"center center","background-size":"auto","background-attachment":"scroll","background-type":"","background-media":"","overlay-type":"","overlay-color":"","overlay-opacity":"","overlay-gradient":""},"tablet":{"background-color":"","background-image":"","background-repeat":"repeat","background-position":"center center","background-size":"auto","background-attachment":"scroll","background-type":"","background-media":"","overlay-type":"","overlay-color":"","overlay-opacity":"","overlay-gradient":""},"mobile":{"background-color":"","background-image":"","background-repeat":"repeat","background-position":"center center","background-size":"auto","background-attachment":"scroll","background-type":"","background-media":"","overlay-type":"","overlay-color":"","overlay-opacity":"","overlay-gradient":""}},"ast-content-background-meta":{"desktop":{"background-color":"var(--ast-global-color-5)","background-image":"","background-repeat":"repeat","background-position":"center center","background-size":"auto","background-attachment":"scroll","background-type":"","background-media":"","overlay-type":"","overlay-color":"","overlay-opacity":"","overlay-gradient":""},"tablet":{"background-color":"var(--ast-global-color-5)","background-image":"","background-repeat":"repeat","background-position":"center center","background-size":"auto","background-attachment":"scroll","background-type":"","background-media":"","overlay-type":"","overlay-color":"","overlay-opacity":"","overlay-gradient":""},"mobile":{"background-color":"var(--ast-global-color-5)","background-image":"","background-repeat":"repeat","background-position":"center center","background-size":"auto","background-attachment":"scroll","background-type":"","background-media":"","overlay-type":"","overlay-color":"","overlay-opacity":"","overlay-gradient":""}},"footnotes":""},"class_list":["post-1089","page","type-page","status-publish","hentry"],"post_mailing_queue_ids":[],"_links":{"self":[{"href":"https:\/\/agora.xtec.cat\/lesaigues\/wp-json\/wp\/v2\/pages\/1089","targetHints":{"allow":["GET"]}}],"collection":[{"href":"https:\/\/agora.xtec.cat\/lesaigues\/wp-json\/wp\/v2\/pages"}],"about":[{"href":"https:\/\/agora.xtec.cat\/lesaigues\/wp-json\/wp\/v2\/types\/page"}],"author":[{"embeddable":true,"href":"https:\/\/agora.xtec.cat\/lesaigues\/wp-json\/wp\/v2\/users\/1"}],"replies":[{"embeddable":true,"href":"https:\/\/agora.xtec.cat\/lesaigues\/wp-json\/wp\/v2\/comments?post=1089"}],"version-history":[{"count":7,"href":"https:\/\/agora.xtec.cat\/lesaigues\/wp-json\/wp\/v2\/pages\/1089\/revisions"}],"predecessor-version":[{"id":15060,"href":"https:\/\/agora.xtec.cat\/lesaigues\/wp-json\/wp\/v2\/pages\/1089\/revisions\/15060"}],"wp:attachment":[{"href":"https:\/\/agora.xtec.cat\/lesaigues\/wp-json\/wp\/v2\/media?parent=1089"}],"curies":[{"name":"wp","href":"https:\/\/api.w.org\/{rel}","templated":true}]}}