{"id":777,"date":"2023-11-29T12:43:06","date_gmt":"2023-11-29T11:43:06","guid":{"rendered":"https:\/\/agora.xtec.cat\/ivallcarca\/?page_id=777"},"modified":"2025-01-17T17:57:16","modified_gmt":"2025-01-17T16:57:16","slug":"cultura-digital","status":"publish","type":"page","link":"https:\/\/agora.xtec.cat\/ivallcarca\/projecte-educatiu\/cultura-digital\/","title":{"rendered":"Cultura Digital"},"content":{"rendered":"<p>Des de l&#8217;\u00e0rea de Cultura Digital, hem elaborat <span style=\"color: #000000;\"><strong>l&#8217;Estrat\u00e8gia Digital de Centre (EDC)<\/strong><\/span>, que podeu consultar al seg\u00fcent <span style=\"color: #0000ff;\"><strong><a style=\"color: #0000ff;\" href=\"https:\/\/sites.google.com\/xtec.cat\/edcinstitutvallcarca\/inicio\">SITES<\/a><\/strong>\u00a0<\/span>amb el seu corresponent men\u00fa desplegable.<a href=\"https:\/\/agora.xtec.cat\/ivallcarca\/wp-content\/uploads\/usu2373\/2025\/01\/EDC-4.jpg\"><img loading=\"lazy\" decoding=\"async\" class=\"aligncenter wp-image-2026 size-large\" src=\"https:\/\/agora.xtec.cat\/ivallcarca\/wp-content\/uploads\/usu2373\/2025\/01\/EDC-4-1024x441.jpg\" alt=\"\" width=\"1024\" height=\"441\" srcset=\"https:\/\/agora.xtec.cat\/ivallcarca\/wp-content\/uploads\/usu2373\/2025\/01\/EDC-4-1024x441.jpg 1024w, https:\/\/agora.xtec.cat\/ivallcarca\/wp-content\/uploads\/usu2373\/2025\/01\/EDC-4-300x129.jpg 300w, https:\/\/agora.xtec.cat\/ivallcarca\/wp-content\/uploads\/usu2373\/2025\/01\/EDC-4-768x330.jpg 768w, https:\/\/agora.xtec.cat\/ivallcarca\/wp-content\/uploads\/usu2373\/2025\/01\/EDC-4-1536x661.jpg 1536w, https:\/\/agora.xtec.cat\/ivallcarca\/wp-content\/uploads\/usu2373\/2025\/01\/EDC-4.jpg 1827w\" sizes=\"auto, (max-width: 1024px) 100vw, 1024px\" \/><\/a><\/p>\n","protected":false},"excerpt":{"rendered":"<p>Des de l&#8217;\u00e0rea de Cultura Digital, hem elaborat l&#8217;Estrat\u00e8gia Digital de Centre (EDC), que podeu consultar al seg\u00fcent <a style=\"color: #0000ff;\" href=\"https:\/\/sites.google.com\/xtec.cat\/edcinstitutvallcarca\/inicio\">SITES<\/a>\u00a0amb el seu corresponent men\u00fa desplegable.<a href=\"https:\/\/agora.xtec.cat\/ivallcarca\/wp-content\/uploads\/usu2373\/2025\/01\/EDC-4.jpg\"><\/a><\/p>\n","protected":false},"author":1,"featured_media":0,"parent":57,"menu_order":50,"comment_status":"closed","ping_status":"closed","template":"page-templates\/side-menu.php","meta":{"_bbp_topic_count":0,"_bbp_reply_count":0,"_bbp_total_topic_count":0,"_bbp_total_reply_count":0,"_bbp_voice_count":0,"_bbp_anonymous_reply_count":0,"_bbp_topic_count_hidden":0,"_bbp_reply_count_hidden":0,"_bbp_forum_subforum_count":0,"footnotes":""},"class_list":["post-777","page","type-page","status-publish","hentry"],"post_mailing_queue_ids":[],"_links":{"self":[{"href":"https:\/\/agora.xtec.cat\/ivallcarca\/wp-json\/wp\/v2\/pages\/777","targetHints":{"allow":["GET"]}}],"collection":[{"href":"https:\/\/agora.xtec.cat\/ivallcarca\/wp-json\/wp\/v2\/pages"}],"about":[{"href":"https:\/\/agora.xtec.cat\/ivallcarca\/wp-json\/wp\/v2\/types\/page"}],"author":[{"embeddable":true,"href":"https:\/\/agora.xtec.cat\/ivallcarca\/wp-json\/wp\/v2\/users\/1"}],"replies":[{"embeddable":true,"href":"https:\/\/agora.xtec.cat\/ivallcarca\/wp-json\/wp\/v2\/comments?post=777"}],"version-history":[{"count":7,"href":"https:\/\/agora.xtec.cat\/ivallcarca\/wp-json\/wp\/v2\/pages\/777\/revisions"}],"predecessor-version":[{"id":2035,"href":"https:\/\/agora.xtec.cat\/ivallcarca\/wp-json\/wp\/v2\/pages\/777\/revisions\/2035"}],"up":[{"embeddable":true,"href":"https:\/\/agora.xtec.cat\/ivallcarca\/wp-json\/wp\/v2\/pages\/57"}],"wp:attachment":[{"href":"https:\/\/agora.xtec.cat\/ivallcarca\/wp-json\/wp\/v2\/media?parent=777"}],"curies":[{"name":"wp","href":"https:\/\/api.w.org\/{rel}","templated":true}]}}