{"id":753,"date":"2023-11-29T12:28:38","date_gmt":"2023-11-29T11:28:38","guid":{"rendered":"https:\/\/agora.xtec.cat\/ivallcarca\/?page_id=753"},"modified":"2025-02-06T12:53:21","modified_gmt":"2025-02-06T11:53:21","slug":"carta-de-compromis-educatiu","status":"publish","type":"page","link":"https:\/\/agora.xtec.cat\/ivallcarca\/projecte-educatiu\/carta-de-compromis-educatiu\/","title":{"rendered":"Carta de Comprom\u00eds Educatiu"},"content":{"rendered":"<p><strong>CARTA DE COMPROM\u00cdS EDUCATIU:<\/strong><\/p>\n<p><strong>COMPROMISOS per part del centre<\/strong>:<\/p>\n<ol>\n<li>Facilitar una formaci\u00f3 que contribueixi al desenvolupament integral de la personalitat de l\u2019alumne o alumna.<\/li>\n<li>Vetllar per l\u2019acompliment dels drets i dels deures de l\u2019alumnat en l\u2019\u00e0mbit escolar.<\/li>\n<li>Fer visible a l\u2019alumnat i a les seves fam\u00edlies el projecte educatiu del centre (PEC) i les normes d\u2019organitzaci\u00f3 i funcionament del centre (NOFC).<\/li>\n<li>Informar l\u2019alumnat i la fam\u00edlia dels criteris que s\u2019aplicaran per avaluar el rendiment acad\u00e8mic, fer[1]ne l\u2019avaluaci\u00f3 corresponent i explicar els resultats de les avaluacions.<\/li>\n<li>Adoptar les mesures educatives alternatives o complement\u00e0ries adients per atendre les necessitats espec\u00edfiques de l\u2019alumne o alumna en la mesura de la disponibilitat de recursos, i mantenir-ne informada la fam\u00edlia.<\/li>\n<li>Mantenir comunicaci\u00f3 amb la fam\u00edlia; com a m\u00ednim en una reuni\u00f3 general amb tots els pares, mares i tutors\/es legals un cop durant el primer trimestre i una entrevista particular al llarg del curs, per informar de l\u2019evoluci\u00f3 acad\u00e8mica i personal de l\u2019alumne o alumna.<\/li>\n<li>Comunicar a la fam\u00edlia les abs\u00e8ncies de l\u2019alumne o alumna al centre, a trav\u00e9s dels mitjans disponibles, i qualsevol altra circumst\u00e0ncia que sigui rellevant per al seu desenvolupament acad\u00e8mic i personal.<\/li>\n<li>Atendre les peticions d\u2019entrevista o de comunicaci\u00f3 que formuli la fam\u00edlia.<\/li>\n<\/ol>\n<p><strong>COMPROMISOS per part de la fam\u00edlia o tutors:<\/strong><\/p>\n<ol>\n<li>Compartir amb l\u2019institut l\u2019educaci\u00f3 del fill o filla i establir les complicitats necess\u00e0ries per aplicar el projecte educatiu del centre, especialment pel que fa a les orientacions relatives al desenvolupament acad\u00e8mic de l\u2019alumne\/a que es rebin per part del professorat i al compliment de les NOFC.<\/li>\n<li>Respectar l\u2019autoritat i el criteri de l\u2019equip directiu, del professorat i de la resta de treballadors\/es del centre.<\/li>\n<li>Informar el fill o filla del contingut d\u2019aquests compromisos i instar-lo o instar-la a respectar el PEC i les NOFC del centre.<\/li>\n<li>Vetllar perqu\u00e8 el fill o filla compleixi els deures b\u00e0sics d\u2019estudi i d\u2019assist\u00e8ncia regular a les activitats acad\u00e8miques. Vetllar perqu\u00e8 estudi\u00ef i faci a casa les tasques encomanades pel professorat, de recuperaci\u00f3 o de consolidaci\u00f3, durant el curs escolar o durant l\u2019estiu.<\/li>\n<li>Adoptar mesures que puguin afavorir el rendiment escolar del fill o filla: ajudar-lo\/la a organitzar el temps d\u2019estudi a casa, preparar el material per a l\u2019activitat escolar, etc.<\/li>\n<li>Acceptar les sancions imposades pel centre a les faltes comeses per l\u2019alumnat degudament justificades i comunicades a la fam\u00edlia,<\/li>\n<li>Facilitar les informacions rellevants pel desenvolupament acad\u00e8mic i personal del fill o filla i atendre les peticions d\u2019entrevista que formuli el centre a la major brevetat.<\/li>\n<li>Informar al centre i mantenir degudament actualitzades les dades de car\u00e0cter personal, de situaci\u00f3 legal (tutela, cust\u00f2dia), de localitzaci\u00f3 dels responsables familiars i altres informacions que afectin l\u2019alumne\/a. I, perqu\u00e8 aix\u00ed consti, signem aquesta carta de comprom\u00eds educatiu.<\/li>\n<\/ol>\n","protected":false},"excerpt":{"rendered":"<p>CARTA DE COMPROM\u00cdS EDUCATIU:<br \/>\nCOMPROMISOS per part del centre:<\/p>\n<ol>\n<li>Facilitar una formaci\u00f3 que contribueixi al desenvolupament integral de la personalitat de l\u2019alumne o alumna.<\/li>\n<li>Vetllar per l\u2019acompliment dels drets i dels deures de l\u2019alumnat en l\u2019\u00e0mbit escolar.<\/li>\n<li>Fer visible a l\u2019alumnat i a les seves fam\u00edlies el projecte educatiu&hellip;  <a href=\"https:\/\/agora.xtec.cat\/ivallcarca\/projecte-educatiu\/carta-de-compromis-educatiu\/\" title=\"Read Carta de Comprom\u00eds Educatiu\">Llegeix m\u00e9s\u00bb<\/a><br \/>\n","protected":false},"author":1,"featured_media":0,"parent":57,"menu_order":30,"comment_status":"closed","ping_status":"closed","template":"","meta":{"_bbp_topic_count":0,"_bbp_reply_count":0,"_bbp_total_topic_count":0,"_bbp_total_reply_count":0,"_bbp_voice_count":0,"_bbp_anonymous_reply_count":0,"_bbp_topic_count_hidden":0,"_bbp_reply_count_hidden":0,"_bbp_forum_subforum_count":0,"footnotes":""},"class_list":["post-753","page","type-page","status-publish","hentry"],"post_mailing_queue_ids":[],"_links":{"self":[{"href":"https:\/\/agora.xtec.cat\/ivallcarca\/wp-json\/wp\/v2\/pages\/753","targetHints":{"allow":["GET"]}}],"collection":[{"href":"https:\/\/agora.xtec.cat\/ivallcarca\/wp-json\/wp\/v2\/pages"}],"about":[{"href":"https:\/\/agora.xtec.cat\/ivallcarca\/wp-json\/wp\/v2\/types\/page"}],"author":[{"embeddable":true,"href":"https:\/\/agora.xtec.cat\/ivallcarca\/wp-json\/wp\/v2\/users\/1"}],"replies":[{"embeddable":true,"href":"https:\/\/agora.xtec.cat\/ivallcarca\/wp-json\/wp\/v2\/comments?post=753"}],"version-history":[{"count":2,"href":"https:\/\/agora.xtec.cat\/ivallcarca\/wp-json\/wp\/v2\/pages\/753\/revisions"}],"predecessor-version":[{"id":2112,"href":"https:\/\/agora.xtec.cat\/ivallcarca\/wp-json\/wp\/v2\/pages\/753\/revisions\/2112"}],"up":[{"embeddable":true,"href":"https:\/\/agora.xtec.cat\/ivallcarca\/wp-json\/wp\/v2\/pages\/57"}],"wp:attachment":[{"href":"https:\/\/agora.xtec.cat\/ivallcarca\/wp-json\/wp\/v2\/media?parent=753"}],"curies":[{"name":"wp","href":"https:\/\/api.w.org\/{rel}","templated":true}]}}