{"id":747,"date":"2023-11-29T12:27:18","date_gmt":"2023-11-29T11:27:18","guid":{"rendered":"https:\/\/agora.xtec.cat\/ivallcarca\/?page_id=747"},"modified":"2025-01-17T17:55:33","modified_gmt":"2025-01-17T16:55:33","slug":"escoles-sostenibles","status":"publish","type":"page","link":"https:\/\/agora.xtec.cat\/ivallcarca\/projecte-educatiu\/escoles-sostenibles\/","title":{"rendered":"Escoles +Sostenibles"},"content":{"rendered":"<p style=\"text-align: center;\"><strong>ACTE CLOENDA ESCOLES + SOSTENIBLES. CURS 2023\/2024<\/strong><\/p>\n<p>El passat dimarts 28\/05\/2024, l&#8217;alumnat que forma de la comissi\u00f3 sostenible del nostre centre (Ona, Mireia, Ishan, Aran, Jana, Laia i Naila) van participar a l&#8217;Acte de Cloenda presentant els projectes de sostenibilitat realitzats al llarg d&#8217;aquest curs. Cada institut disposava d&#8217;un paradeta amb un aparador i una taula per col\u00b7locar i explicar el seu projecte. Enguany hem explicat\u00a0 les accions realitzades\u00a0 al voltant del vermicompostador,\u00a0 la microxarxa d&#8217;embolcalls reutilitzables repartits aquest curs i l&#8217;hort escolar a trav\u00e9s d&#8217;un codi QR que portava al <strong><a href=\"https:\/\/sites.google.com\/ivallcarca.cat\/hort-escolar-instiut-vallcarca\/inicio\">SITES<\/a> <\/strong>que hem realitzat, e<span style=\"font-family: inherit; font-size: 1em;\">ls arbres plantats a partir de llavors recollides a la tardor i els 3 contenidors que tenim per separar els residus (piles ; pl\u00e0stics i metalls i paper i cartr\u00f3. Tot aix\u00f2 acompanyat d&#8217;un <strong><a href=\"https:\/\/drive.google.com\/file\/d\/1KicLo5jgU3_BxDrlY3Hxn14VRW1B-ZFn\/view?usp=sharing\">V\u00cdDEO<\/a> <\/strong>explicatiu de tot plegat<\/span><\/p>\n<p><img loading=\"lazy\" decoding=\"async\" class=\"aligncenter\" src=\"https:\/\/agora.xtec.cat\/ivallcarca\/wp-content\/uploads\/usu2373\/2024\/05\/Captura-de-pantalla-2024-05-30-124654.jpg\" width=\"146\" height=\"148\" \/><\/p>\n<p>A l\u2019intercavi d\u2019experi\u00e8ncies entre els altres instituts i el personal responsable de l\u2019ajuntament, el nostre alumnat ho va fer de meravella, cal\u00a0 FELICITAR-LOS\u00a0 a tots\/es pel seu saber estar i explicacions donades, incl\u00fas van poder explicar els nostres projectes a l\u2019alcalde de la nostra ciutat el Jaume Collboni, molt interessat en el tema del vermicompostador com podem veure a les fotografies<\/p>\n\r\n\t<div class=\"slideshow_container slideshow_container_style-light\" style=\"height: 300px; \" data-slideshow-id=\"1474\" data-style-name=\"style-light\" data-style-version=\"2.3.1\" >\r\n\r\n\t\t\t\t\t<div class=\"slideshow_loading_icon\"><\/div>\r\n\t\t\r\n\t\t<div class=\"slideshow_content\" style=\"display: none;\">\r\n\r\n\t\t\t<div class=\"slideshow_view\">\r\n\t\t\t\t<div class=\"slideshow_slide slideshow_slide_image\">\r\n\t\t\t\t\t\t\t\t\t\t\t<img src=\"https:\/\/agora.xtec.cat\/ivallcarca\/wp-content\/uploads\/usu2373\/2024\/05\/30.jpg\" alt=\"30\" width=\"976\" height=\"440\" \/>\r\n\t\t\t\t\t\t\t\t\t\t<div class=\"slideshow_description_box slideshow_transparent\">\r\n\t\t\t\t\t\t\t\t\t\t\t\t\t\t\t\t\t<\/div>\r\n\t\t\t\t<\/div>\r\n\r\n\t\t\t\t\t\t<div style=\"clear: both;\"><\/div><\/div><div class=\"slideshow_view\">\r\n\t\t\t\t<div class=\"slideshow_slide slideshow_slide_image\">\r\n\t\t\t\t\t\t\t\t\t\t\t<img src=\"https:\/\/agora.xtec.cat\/ivallcarca\/wp-content\/uploads\/usu2373\/2024\/05\/33.jpg\" alt=\"33\" width=\"872\" height=\"278\" \/>\r\n\t\t\t\t\t\t\t\t\t\t<div class=\"slideshow_description_box slideshow_transparent\">\r\n\t\t\t\t\t\t\t\t\t\t\t\t\t\t\t\t\t<\/div>\r\n\t\t\t\t<\/div>\r\n\r\n\t\t\t\t\t\t<div style=\"clear: both;\"><\/div><\/div><div class=\"slideshow_view\">\r\n\t\t\t\t<div class=\"slideshow_slide slideshow_slide_image\">\r\n\t\t\t\t\t\t\t\t\t\t\t<img src=\"https:\/\/agora.xtec.cat\/ivallcarca\/wp-content\/uploads\/usu2373\/2024\/05\/29.jpg\" alt=\"29\" width=\"919\" height=\"457\" \/>\r\n\t\t\t\t\t\t\t\t\t\t<div class=\"slideshow_description_box slideshow_transparent\">\r\n\t\t\t\t\t\t\t\t\t\t\t\t\t\t\t\t\t<\/div>\r\n\t\t\t\t<\/div>\r\n\r\n\t\t\t\t\t\t<div style=\"clear: both;\"><\/div><\/div><div class=\"slideshow_view\">\r\n\t\t\t\t<div class=\"slideshow_slide slideshow_slide_image\">\r\n\t\t\t\t\t\t\t\t\t\t\t<img src=\"https:\/\/agora.xtec.cat\/ivallcarca\/wp-content\/uploads\/usu2373\/2024\/05\/28.jpg\" alt=\"28\" width=\"976\" height=\"634\" \/>\r\n\t\t\t\t\t\t\t\t\t\t<div class=\"slideshow_description_box slideshow_transparent\">\r\n\t\t\t\t\t\t\t\t\t\t\t\t\t\t\t\t\t<\/div>\r\n\t\t\t\t<\/div>\r\n\r\n\t\t\t\t\t\t<div style=\"clear: both;\"><\/div><\/div><div class=\"slideshow_view\">\r\n\t\t\t\t<div class=\"slideshow_slide slideshow_slide_image\">\r\n\t\t\t\t\t\t\t\t\t\t\t<img src=\"https:\/\/agora.xtec.cat\/ivallcarca\/wp-content\/uploads\/usu2373\/2024\/05\/27.jpg\" alt=\"27\" width=\"1015\" height=\"325\" \/>\r\n\t\t\t\t\t\t\t\t\t\t<div class=\"slideshow_description_box slideshow_transparent\">\r\n\t\t\t\t\t\t\t\t\t\t\t\t\t\t\t\t\t<\/div>\r\n\t\t\t\t<\/div>\r\n\r\n\t\t\t\t\t\t<div style=\"clear: both;\"><\/div><\/div><div class=\"slideshow_view\">\r\n\t\t\t\t<div class=\"slideshow_slide slideshow_slide_image\">\r\n\t\t\t\t\t\t\t\t\t\t\t<img src=\"https:\/\/agora.xtec.cat\/ivallcarca\/wp-content\/uploads\/usu2373\/2024\/05\/26.jpg\" alt=\"26\" width=\"994\" height=\"480\" \/>\r\n\t\t\t\t\t\t\t\t\t\t<div class=\"slideshow_description_box slideshow_transparent\">\r\n\t\t\t\t\t\t\t\t\t\t\t\t\t\t\t\t\t<\/div>\r\n\t\t\t\t<\/div>\r\n\r\n\t\t\t\t\t\t<div style=\"clear: both;\"><\/div><\/div><div class=\"slideshow_view\">\r\n\t\t\t\t<div class=\"slideshow_slide slideshow_slide_image\">\r\n\t\t\t\t\t\t\t\t\t\t\t<img src=\"https:\/\/agora.xtec.cat\/ivallcarca\/wp-content\/uploads\/usu2373\/2024\/05\/24.jpg\" alt=\"24\" width=\"1133\" height=\"627\" \/>\r\n\t\t\t\t\t\t\t\t\t\t<div class=\"slideshow_description_box slideshow_transparent\">\r\n\t\t\t\t\t\t\t\t\t\t\t\t\t\t\t\t\t<\/div>\r\n\t\t\t\t<\/div>\r\n\r\n\t\t\t\t\t\t<div style=\"clear: both;\"><\/div><\/div><div class=\"slideshow_view\">\r\n\t\t\t\t<div class=\"slideshow_slide slideshow_slide_image\">\r\n\t\t\t\t\t\t\t\t\t\t\t<img src=\"https:\/\/agora.xtec.cat\/ivallcarca\/wp-content\/uploads\/usu2373\/2024\/05\/23.jpg\" alt=\"23\" width=\"1139\" height=\"512\" \/>\r\n\t\t\t\t\t\t\t\t\t\t<div class=\"slideshow_description_box slideshow_transparent\">\r\n\t\t\t\t\t\t\t\t\t\t\t\t\t\t\t\t\t<\/div>\r\n\t\t\t\t<\/div>\r\n\r\n\t\t\t\t\t\t<div style=\"clear: both;\"><\/div><\/div><div class=\"slideshow_view\">\r\n\t\t\t\t<div class=\"slideshow_slide slideshow_slide_image\">\r\n\t\t\t\t\t\t\t\t\t\t\t<img src=\"https:\/\/agora.xtec.cat\/ivallcarca\/wp-content\/uploads\/usu2373\/2024\/05\/14-scaled.jpg\" alt=\"14\" width=\"2560\" height=\"1028\" \/>\r\n\t\t\t\t\t\t\t\t\t\t<div class=\"slideshow_description_box slideshow_transparent\">\r\n\t\t\t\t\t\t\t\t\t\t\t\t\t\t\t\t\t<\/div>\r\n\t\t\t\t<\/div>\r\n\r\n\t\t\t\t\t\t<div style=\"clear: both;\"><\/div><\/div><div class=\"slideshow_view\">\r\n\t\t\t\t<div class=\"slideshow_slide slideshow_slide_image\">\r\n\t\t\t\t\t\t\t\t\t\t\t<img src=\"https:\/\/agora.xtec.cat\/ivallcarca\/wp-content\/uploads\/usu2373\/2024\/05\/13-1-scaled.jpg\" alt=\"13\" width=\"2560\" height=\"1081\" \/>\r\n\t\t\t\t\t\t\t\t\t\t<div class=\"slideshow_description_box slideshow_transparent\">\r\n\t\t\t\t\t\t\t\t\t\t\t\t\t\t\t\t\t<\/div>\r\n\t\t\t\t<\/div>\r\n\r\n\t\t\t\t\t\t<div style=\"clear: both;\"><\/div><\/div><div class=\"slideshow_view\">\r\n\t\t\t\t<div class=\"slideshow_slide slideshow_slide_image\">\r\n\t\t\t\t\t\t\t\t\t\t\t<img src=\"https:\/\/agora.xtec.cat\/ivallcarca\/wp-content\/uploads\/usu2373\/2024\/05\/12-1.jpg\" alt=\"12\" width=\"894\" height=\"298\" \/>\r\n\t\t\t\t\t\t\t\t\t\t<div class=\"slideshow_description_box slideshow_transparent\">\r\n\t\t\t\t\t\t\t\t\t\t\t\t\t\t\t\t\t<\/div>\r\n\t\t\t\t<\/div>\r\n\r\n\t\t\t\t\t\t<div style=\"clear: both;\"><\/div><\/div>\r\n\t\t<\/div>\r\n\r\n\t\t<div class=\"slideshow_controlPanel slideshow_transparent\" style=\"display: none;\"><ul><li class=\"slideshow_togglePlay\" data-play-text=\"Visualitza\" data-pause-text=\"Pausa\"><\/li><\/ul><\/div>\r\n\r\n\t\t<div class=\"slideshow_button slideshow_previous slideshow_transparent\" role=\"button\" data-previous-text=\"Anterior\" style=\"display: none;\"><\/div>\r\n\t\t<div class=\"slideshow_button slideshow_next slideshow_transparent\" role=\"button\" data-next-text=\"Seg\u00fcent\" style=\"display: none;\"><\/div>\r\n\r\n\t\t<div class=\"slideshow_pagination\" style=\"display: none;\" data-go-to-text=\"V\u00e9s a la diapositiva\"><div class=\"slideshow_pagination_center\"><\/div><\/div>\r\n\r\n\t\t<!-- WordPress Slideshow Version 2.3.1 -->\r\n\r\n\t\t\t<\/div>\r\n\r\n\n<p>&nbsp;<\/p>\n","protected":false},"excerpt":{"rendered":"<p>ACTE CLOENDA ESCOLES + SOSTENIBLES. CURS 2023\/2024<br \/>\nEl passat dimarts 28\/05\/2024, l&#8217;alumnat que forma de la comissi\u00f3 sostenible del nostre centre (Ona, Mireia, Ishan, Aran, Jana, Laia i Naila) van participar a l&#8217;Acte de Cloenda presentant els projectes de sostenibilitat realitzats al llarg d&#8217;aquest curs. Cada&hellip;  <a href=\"https:\/\/agora.xtec.cat\/ivallcarca\/projecte-educatiu\/escoles-sostenibles\/\" title=\"Read Escoles +Sostenibles\">Llegeix m\u00e9s\u00bb<\/a><\/p>\n","protected":false},"author":1,"featured_media":0,"parent":57,"menu_order":60,"comment_status":"closed","ping_status":"closed","template":"","meta":{"_bbp_topic_count":0,"_bbp_reply_count":0,"_bbp_total_topic_count":0,"_bbp_total_reply_count":0,"_bbp_voice_count":0,"_bbp_anonymous_reply_count":0,"_bbp_topic_count_hidden":0,"_bbp_reply_count_hidden":0,"_bbp_forum_subforum_count":0,"footnotes":""},"class_list":["post-747","page","type-page","status-publish","hentry"],"post_mailing_queue_ids":[],"_links":{"self":[{"href":"https:\/\/agora.xtec.cat\/ivallcarca\/wp-json\/wp\/v2\/pages\/747","targetHints":{"allow":["GET"]}}],"collection":[{"href":"https:\/\/agora.xtec.cat\/ivallcarca\/wp-json\/wp\/v2\/pages"}],"about":[{"href":"https:\/\/agora.xtec.cat\/ivallcarca\/wp-json\/wp\/v2\/types\/page"}],"author":[{"embeddable":true,"href":"https:\/\/agora.xtec.cat\/ivallcarca\/wp-json\/wp\/v2\/users\/1"}],"replies":[{"embeddable":true,"href":"https:\/\/agora.xtec.cat\/ivallcarca\/wp-json\/wp\/v2\/comments?post=747"}],"version-history":[{"count":7,"href":"https:\/\/agora.xtec.cat\/ivallcarca\/wp-json\/wp\/v2\/pages\/747\/revisions"}],"predecessor-version":[{"id":2033,"href":"https:\/\/agora.xtec.cat\/ivallcarca\/wp-json\/wp\/v2\/pages\/747\/revisions\/2033"}],"up":[{"embeddable":true,"href":"https:\/\/agora.xtec.cat\/ivallcarca\/wp-json\/wp\/v2\/pages\/57"}],"wp:attachment":[{"href":"https:\/\/agora.xtec.cat\/ivallcarca\/wp-json\/wp\/v2\/media?parent=747"}],"curies":[{"name":"wp","href":"https:\/\/api.w.org\/{rel}","templated":true}]}}