{"id":744,"date":"2024-11-29T12:11:55","date_gmt":"2024-11-29T11:11:55","guid":{"rendered":"https:\/\/agora.xtec.cat\/ivallcarca\/?page_id=744"},"modified":"2025-11-10T13:27:14","modified_gmt":"2025-11-10T12:27:14","slug":"qui-som","status":"publish","type":"page","link":"https:\/\/agora.xtec.cat\/ivallcarca\/linstitut\/qui-som\/","title":{"rendered":"Qui som"},"content":{"rendered":"<table style=\"border-collapse: collapse; width: 100%;\">\n<tbody>\n<tr>\n<td style=\"width: 25%;\"><\/td>\n<td style=\"width: 25%;\"><a href=\"https:\/\/agora.xtec.cat\/ivallcarca\/wp-content\/uploads\/usu2373\/2025\/02\/image.png\"><img loading=\"lazy\" decoding=\"async\" class=\"aligncenter size-full wp-image-2124\" src=\"https:\/\/agora.xtec.cat\/ivallcarca\/wp-content\/uploads\/usu2373\/2025\/02\/image.png\" alt=\"\" width=\"215\" height=\"267\" \/><\/a><\/td>\n<td style=\"width: 25%;\"><a href=\"https:\/\/agora.xtec.cat\/ivallcarca\/wp-content\/uploads\/usu2373\/2025\/02\/Screen-Shot-2025-02-23-at-11.39.34.png\"><img loading=\"lazy\" decoding=\"async\" class=\"aligncenter size-medium wp-image-2203\" src=\"https:\/\/agora.xtec.cat\/ivallcarca\/wp-content\/uploads\/usu2373\/2025\/02\/Screen-Shot-2025-02-23-at-11.39.34-287x300.png\" alt=\"\" width=\"287\" height=\"300\" srcset=\"https:\/\/agora.xtec.cat\/ivallcarca\/wp-content\/uploads\/usu2373\/2025\/02\/Screen-Shot-2025-02-23-at-11.39.34-287x300.png 287w, https:\/\/agora.xtec.cat\/ivallcarca\/wp-content\/uploads\/usu2373\/2025\/02\/Screen-Shot-2025-02-23-at-11.39.34-979x1024.png 979w, https:\/\/agora.xtec.cat\/ivallcarca\/wp-content\/uploads\/usu2373\/2025\/02\/Screen-Shot-2025-02-23-at-11.39.34-768x804.png 768w, https:\/\/agora.xtec.cat\/ivallcarca\/wp-content\/uploads\/usu2373\/2025\/02\/Screen-Shot-2025-02-23-at-11.39.34.png 992w\" sizes=\"auto, (max-width: 287px) 100vw, 287px\" \/><\/a><\/td>\n<td style=\"width: 25%;\"><a href=\"https:\/\/agora.xtec.cat\/ivallcarca\/wp-content\/uploads\/usu2373\/2025\/02\/unnamed.jpg\"><img loading=\"lazy\" decoding=\"async\" class=\"aligncenter size-medium wp-image-2199\" src=\"https:\/\/agora.xtec.cat\/ivallcarca\/wp-content\/uploads\/usu2373\/2025\/02\/unnamed-269x300.jpg\" alt=\"\" width=\"269\" height=\"300\" srcset=\"https:\/\/agora.xtec.cat\/ivallcarca\/wp-content\/uploads\/usu2373\/2025\/02\/unnamed-269x300.jpg 269w, https:\/\/agora.xtec.cat\/ivallcarca\/wp-content\/uploads\/usu2373\/2025\/02\/unnamed-917x1024.jpg 917w, https:\/\/agora.xtec.cat\/ivallcarca\/wp-content\/uploads\/usu2373\/2025\/02\/unnamed-768x857.jpg 768w, https:\/\/agora.xtec.cat\/ivallcarca\/wp-content\/uploads\/usu2373\/2025\/02\/unnamed-1376x1536.jpg 1376w, https:\/\/agora.xtec.cat\/ivallcarca\/wp-content\/uploads\/usu2373\/2025\/02\/unnamed.jpg 1804w\" sizes=\"auto, (max-width: 269px) 100vw, 269px\" \/><\/a><\/td>\n<\/tr>\n<tr>\n<td style=\"width: 25%; text-align: center;\">\n<h5><strong>ROBER D\u00cdEZ<\/strong><\/h5>\n<h5><strong>PROFESSOR DE F\u00cdSICA I QU\u00cdMICA I HORT, I COORDINADOR TAC I ESCOLES +SOSTENIBLES<\/strong><\/h5>\n<\/td>\n<td style=\"width: 25%; text-align: center;\">\n<h5><strong>DANIEL DUQUE<\/strong><\/h5>\n<h5><strong>PROFESSOR DE SOCIALS I VISUAL I PL\u00c0STICA<\/strong><\/h5>\n<p>Soc en Dani, graduat en Educaci\u00f3 Prim\u00e0ria amb Menci\u00f3 en Atenci\u00f3 a la Diversitat i d\u2019Hist\u00f2ria amb el M\u00e0ster del Professorat de Secund\u00e0ria i d\u2019Hist\u00f2ria Econ\u00f2mica, l&#8217;educaci\u00f3 sempre ha estat al centre del meu inter\u00e8s professional. Abans de dedicar-me a l&#8217;ensenyament secundari en l\u2019especialitat de Geografia i Hist\u00f2ria, he pogut gaudir d&#8217;experi\u00e8ncies professionals en diverses etapes educatives: com ara tutoritzar grups d&#8217;escola prim\u00e0ria, formar part del Departament d&#8217;Orientaci\u00f3 o participar en la coordinaci\u00f3 i integraci\u00f3 de grups d&#8217;estudiants universitaris nord-americans que passen un semestre d&#8217;intercanvi a Barcelona. Actualment, des de l&#8217;Institut Vallcarca intento transmetre als meus estudiants el gran pes que t\u00e9 l&#8217;educaci\u00f3 en la presa de decisions vitals, intentant que aquestes afavoreixin tant el seu benestar personal com el dels seus conciutadans.<\/td>\n<td style=\"width: 25%; text-align: center;\">\n<h5><strong>CARLA FREIXES<\/strong><\/h5>\n<h5><strong>COORDINADORA PEDAG\u00d2GICA I PROFESSORA DE CASTELL\u00c0<\/strong><\/h5>\n<p>Soc la Carla, professora de Llengua Castellana i Literatura a l&#8217;Institut Vallcarca. M\u2019apassiona l\u2019ensenyament i treballo perqu\u00e8 els meus alumnes desenvolupin les seves habilitats ling\u00fc\u00edstiques, aprenguin a expressar-se amb precisi\u00f3 i adquireixin una mirada cr\u00edtica sobre el m\u00f3n. Crec en una educaci\u00f3 que fomenti la curiositat, el pensament cr\u00edtic i l\u2019autoexig\u00e8ncia, sempre des del respecte i la col\u00b7laboraci\u00f3. Per comprendre el present, cal entendre el passat, i tant la llengua com la literatura s\u00f3n un reflex d\u2019hist\u00f2ries, idees i emocions que gaudeixo explorant i compartint amb l\u2019alumnat.<\/td>\n<td style=\"width: 25%; text-align: center;\">\n<h5><strong>MARTA GARC\u00cdA<\/strong><\/h5>\n<h5><strong>CAP D&#8217;ESTUDIS I PROFESSORA DE M\u00daSICA<\/strong><\/h5>\n<p data-reader-unique-id=\"1\">Soc la Marta, cap d\u2019estudis i professora de m\u00fasica. La meva traject\u00f2ria sempre ha estat vinculada a l\u2019educaci\u00f3, la m\u00fasica i la gesti\u00f3 cultural. Vaig estudiar m\u00fasica al Conservatori Superior de M\u00fasica Joaqu\u00edn Rodrigo de Val\u00e8ncia i a l\u2019Istituto di Alta Formazione Musicale Claudio Monteverdi a It\u00e0lia. Paral\u00b7lelament, vaig cursar estudis en Geografia i Hist\u00f2ria, ampliant aix\u00ed la meva formaci\u00f3 en l\u2019\u00e0mbit de les humanitats. Amb la voluntat d\u2019unir art i gesti\u00f3, vaig realitzar un m\u00e0ster en Gesti\u00f3 Cultural de les Arts Esc\u00e8niques a l\u2019Institut Complutense de Ci\u00e8ncies Musicals, cosa que em va portar a treballar en diversos teatres com a productora executiva d\u2019esdeveniments i espectacles. No obstant aix\u00f2, \u00a0la meva veritable vocaci\u00f3 era la doc\u00e8ncia. M\u2019agrada ensenyar perqu\u00e8 em permet apropar l\u2019art als m\u00e9s joves, despertant en ells la curiositat, la creativitat i la passi\u00f3 per la cultura. Com a cap d\u2019estudis, treballe cada dia per garantir una formaci\u00f3 integral que combine el rigor acad\u00e8mic amb l\u2019expressi\u00f3 art\u00edstica i el creixement personal de l\u2019alumnat.<\/p>\n<\/td>\n<\/tr>\n<\/tbody>\n<\/table>\n<table style=\"border-collapse: collapse; width: 100%; height: 64px;\">\n<tbody>\n<tr style=\"height: 32px;\">\n<td style=\"width: 25%; height: 32px;\"><a href=\"https:\/\/agora.xtec.cat\/ivallcarca\/wp-content\/uploads\/usu2373\/2025\/02\/54fbb512-2d42-4662-9e9a-be841563035d-1.jpg\"><img loading=\"lazy\" decoding=\"async\" class=\"aligncenter size-medium wp-image-2202\" src=\"https:\/\/agora.xtec.cat\/ivallcarca\/wp-content\/uploads\/usu2373\/2025\/02\/54fbb512-2d42-4662-9e9a-be841563035d-1-236x300.jpg\" alt=\"\" width=\"236\" height=\"300\" srcset=\"https:\/\/agora.xtec.cat\/ivallcarca\/wp-content\/uploads\/usu2373\/2025\/02\/54fbb512-2d42-4662-9e9a-be841563035d-1-236x300.jpg 236w, https:\/\/agora.xtec.cat\/ivallcarca\/wp-content\/uploads\/usu2373\/2025\/02\/54fbb512-2d42-4662-9e9a-be841563035d-1-806x1024.jpg 806w, https:\/\/agora.xtec.cat\/ivallcarca\/wp-content\/uploads\/usu2373\/2025\/02\/54fbb512-2d42-4662-9e9a-be841563035d-1-768x976.jpg 768w, https:\/\/agora.xtec.cat\/ivallcarca\/wp-content\/uploads\/usu2373\/2025\/02\/54fbb512-2d42-4662-9e9a-be841563035d-1.jpg 1093w\" sizes=\"auto, (max-width: 236px) 100vw, 236px\" \/><\/a><\/td>\n<td style=\"width: 25%; height: 32px;\"><a href=\"https:\/\/agora.xtec.cat\/ivallcarca\/wp-content\/uploads\/usu2373\/2025\/10\/foto-isa-retrato.png\"><img loading=\"lazy\" decoding=\"async\" class=\"aligncenter size-medium wp-image-2811\" src=\"https:\/\/agora.xtec.cat\/ivallcarca\/wp-content\/uploads\/usu2373\/2025\/10\/foto-isa-retrato-300x295.png\" alt=\"\" width=\"300\" height=\"295\" srcset=\"https:\/\/agora.xtec.cat\/ivallcarca\/wp-content\/uploads\/usu2373\/2025\/10\/foto-isa-retrato-300x295.png 300w, https:\/\/agora.xtec.cat\/ivallcarca\/wp-content\/uploads\/usu2373\/2025\/10\/foto-isa-retrato.png 460w\" sizes=\"auto, (max-width: 300px) 100vw, 300px\" \/><\/a><\/td>\n<td style=\"width: 25%; height: 32px;\"><a href=\"https:\/\/agora.xtec.cat\/ivallcarca\/wp-content\/uploads\/usu2373\/2025\/02\/Captura-de-pantalla-2025-02-12-150829.png\"><img loading=\"lazy\" decoding=\"async\" class=\"aligncenter size-medium wp-image-2131\" src=\"https:\/\/agora.xtec.cat\/ivallcarca\/wp-content\/uploads\/usu2373\/2025\/02\/Captura-de-pantalla-2025-02-12-150829-208x300.png\" alt=\"\" width=\"208\" height=\"300\" srcset=\"https:\/\/agora.xtec.cat\/ivallcarca\/wp-content\/uploads\/usu2373\/2025\/02\/Captura-de-pantalla-2025-02-12-150829-208x300.png 208w, https:\/\/agora.xtec.cat\/ivallcarca\/wp-content\/uploads\/usu2373\/2025\/02\/Captura-de-pantalla-2025-02-12-150829.png 369w\" sizes=\"auto, (max-width: 208px) 100vw, 208px\" \/><\/a><\/td>\n<td style=\"width: 25%; height: 32px;\"><a href=\"https:\/\/agora.xtec.cat\/ivallcarca\/wp-content\/uploads\/usu2373\/2025\/02\/Captura-de-pantalla-2025-02-10-100926-1.png\"><img loading=\"lazy\" decoding=\"async\" class=\"aligncenter size-medium wp-image-2191\" src=\"https:\/\/agora.xtec.cat\/ivallcarca\/wp-content\/uploads\/usu2373\/2025\/02\/Captura-de-pantalla-2025-02-10-100926-1-172x300.png\" alt=\"\" width=\"172\" height=\"300\" srcset=\"https:\/\/agora.xtec.cat\/ivallcarca\/wp-content\/uploads\/usu2373\/2025\/02\/Captura-de-pantalla-2025-02-10-100926-1-172x300.png 172w, https:\/\/agora.xtec.cat\/ivallcarca\/wp-content\/uploads\/usu2373\/2025\/02\/Captura-de-pantalla-2025-02-10-100926-1.png 271w\" sizes=\"auto, (max-width: 172px) 100vw, 172px\" \/><\/a><\/td>\n<\/tr>\n<tr style=\"height: 32px;\">\n<td style=\"width: 25%; height: 32px; text-align: center;\">\n<h5><strong>CRISTINA GRACIA<\/strong><\/h5>\n<h5><strong>PROFESSORA D&#8217;ALEMANY I ANGL\u00c8S<\/strong><\/h5>\n<p>Soc la Cristina, llicenciada en Filologia Alemanya i Traducci\u00f3 i Interpretaci\u00f3 (lleng\u00fces: alemany, angl\u00e8s i itali\u00e0). Les lleng\u00fces han estat sempre la meva passi\u00f3. Crec fermament que els idiomes no s\u00f3n nom\u00e9s una eina per comunicar-se, sin\u00f3 tamb\u00e9 una porta oberta al m\u00f3n. Les lleng\u00fces ens ajuden a comprendre millor altres cultures i a ser persones m\u00e9s tolerants. El meu objectiu com a docent \u00e9s despertar en els meus alumnes aquesta passi\u00f3 i inter\u00e8s per les lleng\u00fces.<\/td>\n<td style=\"width: 25%; height: 32px; text-align: center;\">\n<h5><strong>ISABEL GUERRA <\/strong><\/h5>\n<h5><strong>PSICOPEDAGOGA I ORIENTADORA<\/strong><\/h5>\n<p>Soc la Isabel, orientadora educativa, psic\u00f2loga sanit\u00e0ria i instructora de mindfullness, educaci\u00f3 emocional i ioga.Fa m\u00e9s de deu anys que treballo acompanyant infants, joves, fam\u00edlies, docents i professionals. Experi\u00e8ncia en avaluaci\u00f3, diagn\u00f2stic, tractament, assessorament i formaci\u00f3. He treballat en els \u00e0mbits social, de la salut mental, de l\u2019educaci\u00f3 i la inclusi\u00f3 social.Treballo des d\u2019una mirada inclusiva, emp\u00e0tica i integral.M\u2019apassiona promoure entorns educatius positius, respectuosos i emocionalment saludables, promovent la connexi\u00f3 entre escola, fam\u00edlia i comunitat. Crec fermament en el treball en xarxa per oferir una resposta coordinada i plena de sentit.M\u2019empeny la passi\u00f3 per la millora de la qualitat de vida de les persones i el desig de contribuir, des de l\u2019educaci\u00f3, a construir un m\u00f3n m\u00e9s amable, conscient i inclusiu.<\/td>\n<td style=\"width: 25%; height: 32px; text-align: center;\">\n<h5><strong>ALBERT JIM\u00c9NEZ <\/strong><\/h5>\n<h5><strong>SECRETARI I PROFESSOR DE SOCIALS<\/strong><\/h5>\n<p>Soc un dels dos Alberts, fill de l&#8217;Hospitalet de Llobregat, soc polit\u00f2leg i traductor de formaci\u00f3. He tingut l&#8217;oportunitat d&#8217;estudiar i viure a cinc pa\u00efsos europeus i com a coordinador Erasmus+ vull que els alumnes de l&#8217;Institut Vallcarca tamb\u00e9 puguin gaudir d&#8217;experi\u00e8ncies educatives a l&#8217;estranger i que esdevinguin ciutadans compromesos per un m\u00f3n millor. En el meu temps lliure m&#8217;agrada aprendre lleng\u00fces i con\u00e8ixer llocs nous, ja sigui en viu o a trav\u00e9s de l&#8217;art en totes les seves formes.<\/td>\n<td style=\"width: 25%; height: 32px; text-align: center;\">\n<h5><strong>ALBERT LIZANDRA <\/strong><\/h5>\n<h5><strong>DIRECTOR I PROFESSOR D&#8217;ANGL\u00c8S<\/strong><\/h5>\n<p>Soc l&#8217;altre Albert, amb vint-i-dos anys de gesti\u00f3 d&#8217;empresa, llicenciat en Filologia Anglesa, M\u00e0ster i Doctorat en Cultures Medievals per la Universitat de Barcelona i Investigador Associat de la universitat nord-americana Smith College a Massachusetts, tinc el repte, el comprom\u00eds i la il\u00b7lusi\u00f3 de liderar el projecte educatiu de l&#8217;Institut Vallcarca. Soc emp\u00e0tic, proper i solidari i tinc passi\u00f3 per la doc\u00e8ncia i per la formaci\u00f3 i l&#8217;acompanyament dels nous ciutadans i ciutadanes del nostre pa\u00eds i ajudar-los a aconseguir la seva pr\u00f2pia millor versi\u00f3.<\/td>\n<\/tr>\n<\/tbody>\n<\/table>\n<table style=\"border-collapse: collapse; width: 100%;\">\n<tbody>\n<tr>\n<td style=\"width: 25%;\"><a href=\"https:\/\/agora.xtec.cat\/ivallcarca\/wp-content\/uploads\/usu2373\/2025\/10\/unnamed-scaled.jpg\"><img loading=\"lazy\" decoding=\"async\" class=\"aligncenter size-medium wp-image-2804\" src=\"https:\/\/agora.xtec.cat\/ivallcarca\/wp-content\/uploads\/usu2373\/2025\/10\/unnamed-225x300.jpg\" alt=\"\" width=\"225\" height=\"300\" srcset=\"https:\/\/agora.xtec.cat\/ivallcarca\/wp-content\/uploads\/usu2373\/2025\/10\/unnamed-225x300.jpg 225w, https:\/\/agora.xtec.cat\/ivallcarca\/wp-content\/uploads\/usu2373\/2025\/10\/unnamed-768x1024.jpg 768w, https:\/\/agora.xtec.cat\/ivallcarca\/wp-content\/uploads\/usu2373\/2025\/10\/unnamed-1152x1536.jpg 1152w, https:\/\/agora.xtec.cat\/ivallcarca\/wp-content\/uploads\/usu2373\/2025\/10\/unnamed-1536x2048.jpg 1536w, https:\/\/agora.xtec.cat\/ivallcarca\/wp-content\/uploads\/usu2373\/2025\/10\/unnamed-scaled.jpg 1920w\" sizes=\"auto, (max-width: 225px) 100vw, 225px\" \/><\/a><\/td>\n<td style=\"width: 25%;\"><a href=\"https:\/\/agora.xtec.cat\/ivallcarca\/wp-content\/uploads\/usu2373\/2025\/02\/PHOTO-2025-02-21-13-17-45.jpg\"><img loading=\"lazy\" decoding=\"async\" class=\"aligncenter size-medium wp-image-2200\" src=\"https:\/\/agora.xtec.cat\/ivallcarca\/wp-content\/uploads\/usu2373\/2025\/02\/PHOTO-2025-02-21-13-17-45-203x300.jpg\" alt=\"\" width=\"203\" height=\"300\" srcset=\"https:\/\/agora.xtec.cat\/ivallcarca\/wp-content\/uploads\/usu2373\/2025\/02\/PHOTO-2025-02-21-13-17-45-203x300.jpg 203w, https:\/\/agora.xtec.cat\/ivallcarca\/wp-content\/uploads\/usu2373\/2025\/02\/PHOTO-2025-02-21-13-17-45-691x1024.jpg 691w, https:\/\/agora.xtec.cat\/ivallcarca\/wp-content\/uploads\/usu2373\/2025\/02\/PHOTO-2025-02-21-13-17-45-768x1138.jpg 768w, https:\/\/agora.xtec.cat\/ivallcarca\/wp-content\/uploads\/usu2373\/2025\/02\/PHOTO-2025-02-21-13-17-45-1037x1536.jpg 1037w, https:\/\/agora.xtec.cat\/ivallcarca\/wp-content\/uploads\/usu2373\/2025\/02\/PHOTO-2025-02-21-13-17-45.jpg 1080w\" sizes=\"auto, (max-width: 203px) 100vw, 203px\" \/><\/a><\/td>\n<td style=\"width: 25%;\"><a href=\"https:\/\/agora.xtec.cat\/ivallcarca\/wp-content\/uploads\/usu2373\/2025\/10\/Screenshot_2025-10-07-17-07-17-90_99c04817c0de5652397fc8b56c3b3817.jpg\"><img loading=\"lazy\" decoding=\"async\" class=\"aligncenter size-medium wp-image-2808\" src=\"https:\/\/agora.xtec.cat\/ivallcarca\/wp-content\/uploads\/usu2373\/2025\/10\/Screenshot_2025-10-07-17-07-17-90_99c04817c0de5652397fc8b56c3b3817-283x300.jpg\" alt=\"\" width=\"283\" height=\"300\" srcset=\"https:\/\/agora.xtec.cat\/ivallcarca\/wp-content\/uploads\/usu2373\/2025\/10\/Screenshot_2025-10-07-17-07-17-90_99c04817c0de5652397fc8b56c3b3817-283x300.jpg 283w, https:\/\/agora.xtec.cat\/ivallcarca\/wp-content\/uploads\/usu2373\/2025\/10\/Screenshot_2025-10-07-17-07-17-90_99c04817c0de5652397fc8b56c3b3817-768x815.jpg 768w, https:\/\/agora.xtec.cat\/ivallcarca\/wp-content\/uploads\/usu2373\/2025\/10\/Screenshot_2025-10-07-17-07-17-90_99c04817c0de5652397fc8b56c3b3817.jpg 823w\" sizes=\"auto, (max-width: 283px) 100vw, 283px\" \/><\/a><\/td>\n<td style=\"width: 25%;\"><a href=\"https:\/\/agora.xtec.cat\/ivallcarca\/wp-content\/uploads\/usu2373\/2025\/02\/IMG_20250219_112036.jpg\"><img loading=\"lazy\" decoding=\"async\" class=\"aligncenter size-medium wp-image-2174\" src=\"https:\/\/agora.xtec.cat\/ivallcarca\/wp-content\/uploads\/usu2373\/2025\/02\/IMG_20250219_112036-253x300.jpg\" alt=\"\" width=\"253\" height=\"300\" srcset=\"https:\/\/agora.xtec.cat\/ivallcarca\/wp-content\/uploads\/usu2373\/2025\/02\/IMG_20250219_112036-253x300.jpg 253w, https:\/\/agora.xtec.cat\/ivallcarca\/wp-content\/uploads\/usu2373\/2025\/02\/IMG_20250219_112036.jpg 621w\" sizes=\"auto, (max-width: 253px) 100vw, 253px\" \/><\/a><\/td>\n<\/tr>\n<tr>\n<td style=\"width: 25%; text-align: center;\">\n<h5><a href=\"https:\/\/agora.xtec.cat\/ivallcarca\/wp-content\/uploads\/usu2373\/2025\/11\/mp.png\"><img loading=\"lazy\" decoding=\"async\" class=\"aligncenter size-full wp-image-3008\" src=\"https:\/\/agora.xtec.cat\/ivallcarca\/wp-content\/uploads\/usu2373\/2025\/11\/mp.png\" alt=\"\" width=\"131\" height=\"29\" \/><\/a><\/h5>\n<h5><strong>TUTORA 1rA I PROFESSORA DE CATAL\u00c0 I ANGL\u00c8S<\/strong><\/h5>\n<p>Soc la Marta, llicenciada en Traducci\u00f3 i Interpretaci\u00f3. Despr\u00e9s de finalitzar la carrera vaig viure, viatjar i treballar a diferents pa\u00efsos. El 2007 vaig comen\u00e7ar a combinar la meva traject\u00f2ria professional en el camp de la traducci\u00f3 amb la doc\u00e8ncia en diferents etapes, tant a Catalunya com al Regne Unit.\u00a0Progressivament, em vaig anar especialitzant en Secund\u00e0ria i ara m&#8217;hi dedico plenament. M\u2019apassionen les lleng\u00fces i les cultures, tant com a via de comunicaci\u00f3 com a font d\u2019enriquiment personal, social i cultural. A l&#8217;aula, procuro transmetre aquesta passi\u00f3 i ajudar l\u2019alumnat a desenvolupar les seves pr\u00f2pies eines per tenir una mirada oberta al m\u00f3n i comunicar-se amb \u00e8xit en el futur.<\/td>\n<td style=\"width: 25%; text-align: center;\">\n<h5><strong>\u00c0NGEL PRADO<\/strong><\/h5>\n<h5><strong>TUTOR 2nA I PROFESSOR DE MATEM\u00c0TIQUES<\/strong><\/h5>\n<p>Soc l&#8217;\u00c0ngel, graduat en Matem\u00e0tiques i amb el grau professional de m\u00fasica en viol\u00ed i obo\u00e8. Tinc experi\u00e8ncia en la doc\u00e8ncia universit\u00e0ria en enginyeria de telecomunicacions i arquitectura, fet que m&#8217;ha donat una visi\u00f3 global de l&#8217;aprenentatge, des de l&#8217;ESO fins a la universitat. Aquesta perspectiva integral em permet acompanyar l&#8217;alumnat en el desenvolupament de compet\u00e8ncies que van m\u00e9s enll\u00e0 del contingut curricular, fomentant el pensament cr\u00edtic, la creativitat i la capacitat de resoldre problemes. Crec fermament que una formaci\u00f3 diversa i completa \u00e9s clau per afrontar els reptes del futur, i \u00e9s per aix\u00f2 que em motiva transmetre als estudiants el valor d&#8217;un aprenentatge que connecta disciplines i que els prepara per a qualsevol cam\u00ed acad\u00e8mic o professional que decideixin emprendre.<\/td>\n<td style=\"width: 25%; text-align: center;\">\n<h5><strong>A\u00cfDA RIERA <\/strong><\/h5>\n<h5><strong>TUTORA 2nB I PROFESSORA DE TECNOLOGIA<\/strong><\/h5>\n<p>Soc l\u2019A\u00efda, enginyera agr\u00f2noma amb m\u00e0ster en biotecnologia aliment\u00e0ria. Gaudeixo fent esport a la natura, aprenent idiomes, viatjant i llegint sobre temes d\u2019actualitat.\u00a0A l\u2019aula, m\u2019agrada ajudar l\u2019alumnat a aprendre d\u2019una manera amena i motivadora.<\/td>\n<td style=\"width: 25%; text-align: center;\">\n<h5><strong>LOURDES ROSELL\u00d3<\/strong><\/h5>\n<h5><strong>ADMINISTRATIVA<\/strong><\/h5>\n<p style=\"font-family: 'Helvetica Neue', Helvetica, Helvetica, Arial, sans-serif; font-size: 14px;\">Soc la Lourdes, nascuda a Badalona, llicenciada en Filosofia i amb anys d&#8217;experi\u00e8ncia en la branca administrativa. Compromesa amb la cultura i coneixedora del sector educatiu, treballo a diari per donar suport a les fam\u00edlies i facilitar les gestions relacionades amb el proc\u00e9s d&#8217;escolaritzaci\u00f3 de les seves filles i fills. M&#8217;agrada pensar que poso el meu granet de sorra perqu\u00e8 l&#8217;estada de l&#8217;alumnat al nostre institut sigui el millor possible.<\/p>\n<\/td>\n<\/tr>\n<\/tbody>\n<\/table>\n<table style=\"border-collapse: collapse; width: 100%;\">\n<tbody>\n<tr>\n<td style=\"width: 25%;\"><\/td>\n<td style=\"width: 25%;\"><\/td>\n<td style=\"width: 25%;\"><\/td>\n<td style=\"width: 25%;\"><\/td>\n<\/tr>\n<tr>\n<td style=\"width: 25%;\"><\/td>\n<td style=\"width: 25%;\"><\/td>\n<td style=\"width: 25%;\"><\/td>\n<td style=\"width: 25%;\"><\/td>\n<\/tr>\n<\/tbody>\n<\/table>\n<table style=\"border-collapse: collapse; width: 100%;\">\n<tbody>\n<tr>\n<td style=\"width: 25%;\"><\/td>\n<td style=\"width: 25%;\"><\/td>\n<td style=\"width: 25%;\"><\/td>\n<td style=\"width: 25%;\"><\/td>\n<\/tr>\n<tr>\n<td style=\"width: 25%;\"><\/td>\n<td style=\"width: 25%;\"><\/td>\n<td style=\"width: 25%;\"><\/td>\n<td style=\"width: 25%;\"><\/td>\n<\/tr>\n<\/tbody>\n<\/table>\n<table style=\"border-collapse: collapse; width: 100%;\">\n<tbody>\n<tr>\n<td style=\"width: 25%;\"><\/td>\n<td style=\"width: 25%;\"><\/td>\n<td style=\"width: 25%;\"><\/td>\n<td style=\"width: 25%;\"><\/td>\n<\/tr>\n<tr>\n<td style=\"width: 25%;\"><\/td>\n<td style=\"width: 25%;\"><\/td>\n<td style=\"width: 25%;\"><\/td>\n<td style=\"width: 25%;\"><\/td>\n<\/tr>\n<\/tbody>\n<\/table>\n<p>&nbsp;<\/p>\n","protected":false},"excerpt":{"rendered":"<p><a href=\"https:\/\/agora.xtec.cat\/ivallcarca\/wp-content\/uploads\/usu2373\/2025\/02\/image.png\"><\/a><br \/>\n<a href=\"https:\/\/agora.xtec.cat\/ivallcarca\/wp-content\/uploads\/usu2373\/2025\/02\/Screen-Shot-2025-02-23-at-11.39.34.png\"><\/a><br \/>\n<a href=\"https:\/\/agora.xtec.cat\/ivallcarca\/wp-content\/uploads\/usu2373\/2025\/02\/unnamed.jpg\"><\/a><\/p>\n<p>ROBER D\u00cdEZ<br \/>\nPROFESSOR DE F\u00cdSICA I QU\u00cdMICA I HORT, I COORDINADOR TAC I ESCOLES +SOSTENIBLES<\/p>\n<p>DANIEL DUQUE<br \/>\nPROFESSOR DE SOCIALS I VISUAL I PL\u00c0STICA<br \/>\nSoc en Dani, graduat en Educaci\u00f3 Prim\u00e0ria amb Menci\u00f3 en Atenci\u00f3 a la Diversitat i d\u2019Hist\u00f2ria amb el M\u00e0ster del Professorat de&hellip;  <a href=\"https:\/\/agora.xtec.cat\/ivallcarca\/linstitut\/qui-som\/\" title=\"Read Qui som\">Llegeix m\u00e9s\u00bb<\/a><\/p>\n","protected":false},"author":1,"featured_media":0,"parent":19,"menu_order":30,"comment_status":"closed","ping_status":"closed","template":"","meta":{"_bbp_topic_count":0,"_bbp_reply_count":0,"_bbp_total_topic_count":0,"_bbp_total_reply_count":0,"_bbp_voice_count":0,"_bbp_anonymous_reply_count":0,"_bbp_topic_count_hidden":0,"_bbp_reply_count_hidden":0,"_bbp_forum_subforum_count":0,"footnotes":""},"class_list":["post-744","page","type-page","status-publish","hentry"],"post_mailing_queue_ids":[],"_links":{"self":[{"href":"https:\/\/agora.xtec.cat\/ivallcarca\/wp-json\/wp\/v2\/pages\/744","targetHints":{"allow":["GET"]}}],"collection":[{"href":"https:\/\/agora.xtec.cat\/ivallcarca\/wp-json\/wp\/v2\/pages"}],"about":[{"href":"https:\/\/agora.xtec.cat\/ivallcarca\/wp-json\/wp\/v2\/types\/page"}],"author":[{"embeddable":true,"href":"https:\/\/agora.xtec.cat\/ivallcarca\/wp-json\/wp\/v2\/users\/1"}],"replies":[{"embeddable":true,"href":"https:\/\/agora.xtec.cat\/ivallcarca\/wp-json\/wp\/v2\/comments?post=744"}],"version-history":[{"count":6,"href":"https:\/\/agora.xtec.cat\/ivallcarca\/wp-json\/wp\/v2\/pages\/744\/revisions"}],"predecessor-version":[{"id":3009,"href":"https:\/\/agora.xtec.cat\/ivallcarca\/wp-json\/wp\/v2\/pages\/744\/revisions\/3009"}],"up":[{"embeddable":true,"href":"https:\/\/agora.xtec.cat\/ivallcarca\/wp-json\/wp\/v2\/pages\/19"}],"wp:attachment":[{"href":"https:\/\/agora.xtec.cat\/ivallcarca\/wp-json\/wp\/v2\/media?parent=744"}],"curies":[{"name":"wp","href":"https:\/\/api.w.org\/{rel}","templated":true}]}}