{"id":39,"date":"2014-09-17T16:36:44","date_gmt":"2014-09-17T16:36:44","guid":{"rendered":"http:\/\/agora.xtec.cat\/ivallcarca\/?page_id=39"},"modified":"2025-01-29T16:18:20","modified_gmt":"2025-01-29T15:18:20","slug":"instal%c2%b7lacions","status":"publish","type":"page","link":"https:\/\/agora.xtec.cat\/ivallcarca\/linstitut\/instal%c2%b7lacions\/","title":{"rendered":"Instal\u00b7lacions"},"content":{"rendered":"<p>Actualment l&#8217;institut est\u00e0 en construcci\u00f3. L&#8217;Administraci\u00f3 preveu que la data de finalitzaci\u00f3 d&#8217;obres sigui a finals de gener 2026.<\/p>\n<p><a href=\"https:\/\/agora.xtec.cat\/ivallcarca\/wp-content\/uploads\/usu2373\/2025\/01\/FACANA-PROJECTE-IVALLCARCA.jpg\"><img loading=\"lazy\" decoding=\"async\" class=\"aligncenter size-medium wp-image-2066\" src=\"https:\/\/agora.xtec.cat\/ivallcarca\/wp-content\/uploads\/usu2373\/2025\/01\/FACANA-PROJECTE-IVALLCARCA-300x300.jpg\" alt=\"\" width=\"300\" height=\"300\" srcset=\"https:\/\/agora.xtec.cat\/ivallcarca\/wp-content\/uploads\/usu2373\/2025\/01\/FACANA-PROJECTE-IVALLCARCA-300x300.jpg 300w, https:\/\/agora.xtec.cat\/ivallcarca\/wp-content\/uploads\/usu2373\/2025\/01\/FACANA-PROJECTE-IVALLCARCA-1024x1024.jpg 1024w, https:\/\/agora.xtec.cat\/ivallcarca\/wp-content\/uploads\/usu2373\/2025\/01\/FACANA-PROJECTE-IVALLCARCA-150x150.jpg 150w, https:\/\/agora.xtec.cat\/ivallcarca\/wp-content\/uploads\/usu2373\/2025\/01\/FACANA-PROJECTE-IVALLCARCA-768x768.jpg 768w, https:\/\/agora.xtec.cat\/ivallcarca\/wp-content\/uploads\/usu2373\/2025\/01\/FACANA-PROJECTE-IVALLCARCA-1536x1536.jpg 1536w, https:\/\/agora.xtec.cat\/ivallcarca\/wp-content\/uploads\/usu2373\/2025\/01\/FACANA-PROJECTE-IVALLCARCA.jpg 1750w\" sizes=\"auto, (max-width: 300px) 100vw, 300px\" \/><\/a><a href=\"https:\/\/agora.xtec.cat\/ivallcarca\/wp-content\/uploads\/usu2373\/2023\/03\/ies-vallcarca1-2.jpg\"><img loading=\"lazy\" decoding=\"async\" class=\"aligncenter size-medium wp-image-548\" src=\"https:\/\/agora.xtec.cat\/ivallcarca\/wp-content\/uploads\/usu2373\/2023\/03\/ies-vallcarca1-2-240x300.jpg\" alt=\"\" width=\"240\" height=\"300\" srcset=\"https:\/\/agora.xtec.cat\/ivallcarca\/wp-content\/uploads\/usu2373\/2023\/03\/ies-vallcarca1-2-240x300.jpg 240w, https:\/\/agora.xtec.cat\/ivallcarca\/wp-content\/uploads\/usu2373\/2023\/03\/ies-vallcarca1-2-819x1024.jpg 819w, https:\/\/agora.xtec.cat\/ivallcarca\/wp-content\/uploads\/usu2373\/2023\/03\/ies-vallcarca1-2-768x960.jpg 768w, https:\/\/agora.xtec.cat\/ivallcarca\/wp-content\/uploads\/usu2373\/2023\/03\/ies-vallcarca1-2.jpg 1072w\" sizes=\"auto, (max-width: 240px) 100vw, 240px\" \/><\/a> <a href=\"https:\/\/agora.xtec.cat\/ivallcarca\/wp-content\/uploads\/usu2373\/2023\/03\/ies-vallcarca2.jpg\"><img loading=\"lazy\" decoding=\"async\" class=\"aligncenter size-medium wp-image-545\" src=\"https:\/\/agora.xtec.cat\/ivallcarca\/wp-content\/uploads\/usu2373\/2023\/03\/ies-vallcarca2-240x300.jpg\" alt=\"\" width=\"240\" height=\"300\" srcset=\"https:\/\/agora.xtec.cat\/ivallcarca\/wp-content\/uploads\/usu2373\/2023\/03\/ies-vallcarca2-240x300.jpg 240w, https:\/\/agora.xtec.cat\/ivallcarca\/wp-content\/uploads\/usu2373\/2023\/03\/ies-vallcarca2-819x1024.jpg 819w, https:\/\/agora.xtec.cat\/ivallcarca\/wp-content\/uploads\/usu2373\/2023\/03\/ies-vallcarca2-768x960.jpg 768w, https:\/\/agora.xtec.cat\/ivallcarca\/wp-content\/uploads\/usu2373\/2023\/03\/ies-vallcarca2.jpg 1072w\" sizes=\"auto, (max-width: 240px) 100vw, 240px\" \/><\/a><\/p>\n","protected":false},"excerpt":{"rendered":"<p>Actualment l&#8217;institut est\u00e0 en construcci\u00f3. L&#8217;Administraci\u00f3 preveu que la data de finalitzaci\u00f3 d&#8217;obres sigui a finals de gener 2026.<br \/>\n<a href=\"https:\/\/agora.xtec.cat\/ivallcarca\/wp-content\/uploads\/usu2373\/2025\/01\/FACANA-PROJECTE-IVALLCARCA.jpg\"><\/a><a href=\"https:\/\/agora.xtec.cat\/ivallcarca\/wp-content\/uploads\/usu2373\/2023\/03\/ies-vallcarca1-2.jpg\"><\/a> <a href=\"https:\/\/agora.xtec.cat\/ivallcarca\/wp-content\/uploads\/usu2373\/2023\/03\/ies-vallcarca2.jpg\"><\/a><\/p>\n","protected":false},"author":1,"featured_media":0,"parent":19,"menu_order":30,"comment_status":"closed","ping_status":"closed","template":"page-templates\/side-menu.php","meta":{"_bbp_topic_count":0,"_bbp_reply_count":0,"_bbp_total_topic_count":0,"_bbp_total_reply_count":0,"_bbp_voice_count":0,"_bbp_anonymous_reply_count":0,"_bbp_topic_count_hidden":0,"_bbp_reply_count_hidden":0,"_bbp_forum_subforum_count":0,"footnotes":""},"class_list":["post-39","page","type-page","status-publish","hentry"],"post_mailing_queue_ids":[],"_links":{"self":[{"href":"https:\/\/agora.xtec.cat\/ivallcarca\/wp-json\/wp\/v2\/pages\/39","targetHints":{"allow":["GET"]}}],"collection":[{"href":"https:\/\/agora.xtec.cat\/ivallcarca\/wp-json\/wp\/v2\/pages"}],"about":[{"href":"https:\/\/agora.xtec.cat\/ivallcarca\/wp-json\/wp\/v2\/types\/page"}],"author":[{"embeddable":true,"href":"https:\/\/agora.xtec.cat\/ivallcarca\/wp-json\/wp\/v2\/users\/1"}],"replies":[{"embeddable":true,"href":"https:\/\/agora.xtec.cat\/ivallcarca\/wp-json\/wp\/v2\/comments?post=39"}],"version-history":[{"count":2,"href":"https:\/\/agora.xtec.cat\/ivallcarca\/wp-json\/wp\/v2\/pages\/39\/revisions"}],"predecessor-version":[{"id":2069,"href":"https:\/\/agora.xtec.cat\/ivallcarca\/wp-json\/wp\/v2\/pages\/39\/revisions\/2069"}],"up":[{"embeddable":true,"href":"https:\/\/agora.xtec.cat\/ivallcarca\/wp-json\/wp\/v2\/pages\/19"}],"wp:attachment":[{"href":"https:\/\/agora.xtec.cat\/ivallcarca\/wp-json\/wp\/v2\/media?parent=39"}],"curies":[{"name":"wp","href":"https:\/\/api.w.org\/{rel}","templated":true}]}}