{"id":2133,"date":"2025-02-12T15:10:43","date_gmt":"2025-02-12T14:10:43","guid":{"rendered":"https:\/\/agora.xtec.cat\/ivallcarca\/?page_id=2133"},"modified":"2025-02-12T15:17:16","modified_gmt":"2025-02-12T14:17:16","slug":"erasmus","status":"publish","type":"page","link":"https:\/\/agora.xtec.cat\/ivallcarca\/erasmus\/","title":{"rendered":"Erasmus+"},"content":{"rendered":"<p>Amb l&#8217;experi\u00e8ncia d&#8217;haver participat en projectes ERASMUS+ en els nostres centres anteriors, aquest curs 2024-25 iniciem la certificaci\u00f3 i demanem projecte KA122 perqu\u00e8 els nostres alumnes puguin viure l&#8217;experi\u00e8ncia d&#8217;aprendre en un institut d&#8217;Alemanya. Tenim molta il\u00b7lusi\u00f3 que l&#8217;alumnat desenvolupi vincles amb l&#8217;institut p\u00fablic de la ciutat d&#8217;Hamburg amb els que col\u00b7laborem!!!<\/p>\n<p style=\"text-align: left;\"><a href=\"https:\/\/agora.xtec.cat\/ivallcarca\/wp-content\/uploads\/usu2373\/2025\/02\/2024-09-29.jpg\"><img loading=\"lazy\" decoding=\"async\" class=\"size-medium wp-image-2138 alignleft\" src=\"https:\/\/agora.xtec.cat\/ivallcarca\/wp-content\/uploads\/usu2373\/2025\/02\/2024-09-29-300x173.jpg\" alt=\"\" width=\"300\" height=\"173\" srcset=\"https:\/\/agora.xtec.cat\/ivallcarca\/wp-content\/uploads\/usu2373\/2025\/02\/2024-09-29-300x173.jpg 300w, https:\/\/agora.xtec.cat\/ivallcarca\/wp-content\/uploads\/usu2373\/2025\/02\/2024-09-29.jpg 540w\" sizes=\"auto, (max-width: 300px) 100vw, 300px\" \/><\/a><\/p>\n<p>&nbsp;<\/p>\n","protected":false},"excerpt":{"rendered":"<p>Amb l&#8217;experi\u00e8ncia d&#8217;haver participat en projectes ERASMUS+ en els nostres centres anteriors, aquest curs 2024-25 iniciem la certificaci\u00f3 i demanem projecte KA122 perqu\u00e8 els nostres alumnes puguin viure l&#8217;experi\u00e8ncia d&#8217;aprendre en un institut d&#8217;Alemanya. Tenim molta il\u00b7lusi\u00f3 que l&#8217;alumnat desenvolupi vincles amb l&#8217;institut p\u00fablic de&hellip;  <a href=\"https:\/\/agora.xtec.cat\/ivallcarca\/erasmus\/\" title=\"Read Erasmus+\">Llegeix m\u00e9s\u00bb<\/a><\/p>\n","protected":false},"author":1,"featured_media":0,"parent":0,"menu_order":0,"comment_status":"closed","ping_status":"closed","template":"","meta":{"_bbp_topic_count":0,"_bbp_reply_count":0,"_bbp_total_topic_count":0,"_bbp_total_reply_count":0,"_bbp_voice_count":0,"_bbp_anonymous_reply_count":0,"_bbp_topic_count_hidden":0,"_bbp_reply_count_hidden":0,"_bbp_forum_subforum_count":0,"footnotes":""},"class_list":["post-2133","page","type-page","status-publish","hentry"],"post_mailing_queue_ids":[],"_links":{"self":[{"href":"https:\/\/agora.xtec.cat\/ivallcarca\/wp-json\/wp\/v2\/pages\/2133","targetHints":{"allow":["GET"]}}],"collection":[{"href":"https:\/\/agora.xtec.cat\/ivallcarca\/wp-json\/wp\/v2\/pages"}],"about":[{"href":"https:\/\/agora.xtec.cat\/ivallcarca\/wp-json\/wp\/v2\/types\/page"}],"author":[{"embeddable":true,"href":"https:\/\/agora.xtec.cat\/ivallcarca\/wp-json\/wp\/v2\/users\/1"}],"replies":[{"embeddable":true,"href":"https:\/\/agora.xtec.cat\/ivallcarca\/wp-json\/wp\/v2\/comments?post=2133"}],"version-history":[{"count":3,"href":"https:\/\/agora.xtec.cat\/ivallcarca\/wp-json\/wp\/v2\/pages\/2133\/revisions"}],"predecessor-version":[{"id":2139,"href":"https:\/\/agora.xtec.cat\/ivallcarca\/wp-json\/wp\/v2\/pages\/2133\/revisions\/2139"}],"wp:attachment":[{"href":"https:\/\/agora.xtec.cat\/ivallcarca\/wp-json\/wp\/v2\/media?parent=2133"}],"curies":[{"name":"wp","href":"https:\/\/api.w.org\/{rel}","templated":true}]}}