{"id":19,"date":"2014-09-17T14:56:56","date_gmt":"2014-09-17T14:56:56","guid":{"rendered":"http:\/\/agora.xtec.cat\/ivallcarca\/?page_id=19"},"modified":"2025-03-04T09:04:10","modified_gmt":"2025-03-04T08:04:10","slug":"linstitut","status":"publish","type":"page","link":"https:\/\/agora.xtec.cat\/ivallcarca\/linstitut\/","title":{"rendered":"L&#8217;institut"},"content":{"rendered":"<p>L\u2019Institut Vallcarca \u00e9s un centre de nova creaci\u00f3 que obre les seves portes el curs escolar 2023-24. Per aquest motiu, el primer any nom\u00e9s hem tingut dues l\u00ednies de 1r d\u2019ESO, per\u00f2 anirem creixent paulatinament.<\/p>\n<p>La previsi\u00f3 de l\u2019inici de la construcci\u00f3 de les instal\u00b7lacions \u00e9s el mes de maig de 2024; en el moment que s\u2019inauguri el centre, i segons previsi\u00f3 del Consorci d\u2019Educaci\u00f3 de Barcelona el curs 2026-27, l\u2019institut comptar\u00e0 amb tres l\u00ednies d\u2019ESO i dues de batxillerat (human\u00edstic-social i cient\u00edfic-tecnol\u00f2gic).<\/p>\n<p>Fins a la finalitzaci\u00f3 de les obres, l\u2019activitat docent es dur\u00e0 a terme dins de l\u2019Escola Pare Poveda que est\u00e0 situada contiguament al solar de l\u2019institut i al Poliesportiu La Creueta del Coll on s\u2019impartir\u00e0 l\u2019educaci\u00f3 f\u00edsica.<\/p>\n<p>L\u2019Institut Vallcarca t\u00e9 quatre escoles adscrites: l\u2019Escola Farigola de Vallcarca, l\u2019Escola Josep Maria de Sagarra, l\u2019Escola Montseny, i l\u2019Escola Pare Poveda.<\/p>\n","protected":false},"excerpt":{"rendered":"<p>L\u2019Institut Vallcarca \u00e9s un centre de nova creaci\u00f3 que obre les seves portes el curs escolar 2023-24. Per aquest motiu, el primer any nom\u00e9s hem tingut dues l\u00ednies de 1r d\u2019ESO, per\u00f2 anirem creixent paulatinament.<br \/>\nLa previsi\u00f3 de l\u2019inici de la construcci\u00f3 de les instal\u00b7lacions \u00e9s&hellip;  <a href=\"https:\/\/agora.xtec.cat\/ivallcarca\/linstitut\/\" title=\"Read L&#8217;institut\">Llegeix m\u00e9s\u00bb<\/a><\/p>\n","protected":false},"author":1,"featured_media":0,"parent":0,"menu_order":0,"comment_status":"closed","ping_status":"closed","template":"page-templates\/side-menu.php","meta":{"_bbp_topic_count":0,"_bbp_reply_count":0,"_bbp_total_topic_count":0,"_bbp_total_reply_count":0,"_bbp_voice_count":0,"_bbp_anonymous_reply_count":0,"_bbp_topic_count_hidden":0,"_bbp_reply_count_hidden":0,"_bbp_forum_subforum_count":0,"footnotes":""},"class_list":["post-19","page","type-page","status-publish","hentry"],"post_mailing_queue_ids":[],"_links":{"self":[{"href":"https:\/\/agora.xtec.cat\/ivallcarca\/wp-json\/wp\/v2\/pages\/19","targetHints":{"allow":["GET"]}}],"collection":[{"href":"https:\/\/agora.xtec.cat\/ivallcarca\/wp-json\/wp\/v2\/pages"}],"about":[{"href":"https:\/\/agora.xtec.cat\/ivallcarca\/wp-json\/wp\/v2\/types\/page"}],"author":[{"embeddable":true,"href":"https:\/\/agora.xtec.cat\/ivallcarca\/wp-json\/wp\/v2\/users\/1"}],"replies":[{"embeddable":true,"href":"https:\/\/agora.xtec.cat\/ivallcarca\/wp-json\/wp\/v2\/comments?post=19"}],"version-history":[{"count":1,"href":"https:\/\/agora.xtec.cat\/ivallcarca\/wp-json\/wp\/v2\/pages\/19\/revisions"}],"predecessor-version":[{"id":2265,"href":"https:\/\/agora.xtec.cat\/ivallcarca\/wp-json\/wp\/v2\/pages\/19\/revisions\/2265"}],"wp:attachment":[{"href":"https:\/\/agora.xtec.cat\/ivallcarca\/wp-json\/wp\/v2\/media?parent=19"}],"curies":[{"name":"wp","href":"https:\/\/api.w.org\/{rel}","templated":true}]}}