{"id":888,"date":"2023-11-24T16:10:50","date_gmt":"2023-11-24T15:10:50","guid":{"rendered":"https:\/\/agora.xtec.cat\/iticbcn\/?page_id=888"},"modified":"2025-06-17T13:21:16","modified_gmt":"2025-06-17T11:21:16","slug":"mobilitat-de-professorat","status":"publish","type":"page","link":"https:\/\/agora.xtec.cat\/iticbcn\/international-mobility\/mobilitat-de-professorat\/","title":{"rendered":"Mobilitat de professorat"},"content":{"rendered":"<h3>A qui va dirigit<\/h3>\n<p><span style=\"font-weight: 400;\">Al professorat de l\u2019Institut TIC de Barcelona; interins, funcionaris en pr\u00e0ctiques i funcionaris de carrera.<\/span><\/p>\n<h3>En qu\u00e8 consisteix<\/h3>\n<p><span style=\"font-weight: 400;\">A trav\u00e9s de la <a href=\"https:\/\/www.fundaciobcnfp.cat\/\" target=\"_blank\" rel=\"noopener\">Fundaci\u00f3 BCN FP<\/a> i el <a href=\"https:\/\/projectes.xtec.cat\/mobilitatfp\/\" target=\"_blank\" rel=\"noopener\">Programa d\u2019innovaci\u00f3 pedag\u00f2gica Mobilitat FP<\/a> del Departament d\u2019Educaci\u00f3, s&#8217;ofereix la possibilitat de realitzar estades de mobilitat en el estranger relacionades amb la innovaci\u00f3, l&#8217;intercanvi de bones pr\u00e0ctiques i la formaci\u00f3 del professorat.<\/span><\/p>\n<p><span style=\"font-weight: 400;\"><b>Fundaci\u00f3 BCN FP<\/b>: El professorat participant en estades organitzades per la <a href=\"https:\/\/www.fundaciobcnfp.cat\/\" target=\"_blank\" rel=\"noopener\">Fundaci\u00f3 BCN FP<\/a> \u00a0<\/span><span style=\"font-weight: 400;\">estar\u00e0 en contacte directe amb seus responsables per tal d\u2019enllestir els detalls de l\u2019estada; itinerari a seguir, activitats a realitzar, etc.\u00a0<\/span><span style=\"font-weight: 400;\">A m\u00e9s a m\u00e9s, a trav\u00e9s de l\u2019equip de mobilitat del centre, se\u2019ls informar\u00e0 i assessorar\u00e0 en els possibles dubtes que sorgeixin durant tot el proc\u00e9s.<\/span><\/p>\n<p><b>Mobilitat FP<\/b><span style=\"font-weight: 400;\">: Aquest programa promou l&#8217;articulaci\u00f3 d&#8217;actuacions en centres educatius d&#8217;ensenyaments professionals per a projectes de mobilitat de cooperaci\u00f3 internacional relacionades amb la innovaci\u00f3 i l&#8217;intercanvi de bones pr\u00e0ctiques.<\/span><\/p>\n<h3>Quan tenen lloc<\/h3>\n<p><span style=\"font-weight: 400;\"><b>Fundaci\u00f3 BCN FP: <\/b>Les estades del projecte Erasmus+ professorat FP es duran a terme durant els mesos de mar\u00e7 i octubre del 2024. <\/span><\/p>\n<p><span style=\"font-weight: 400;\"><b>Mobilitat FP: <\/b>Les estades del projecte <\/span><b>Mobilitat FP<\/b><span style=\"font-weight: 400;\"> es duran a terme durant el mes de juliol del 2024.<\/span><\/p>\n<h3>Com es pot participar<\/h3>\n<p><span style=\"font-weight: 400;\">Per tal de participar, el professorat interessat haur\u00e0 d\u2019enviar <a href=\"https:\/\/agora.xtec.cat\/iticbcn\/wp-content\/uploads\/usu2389\/2023\/11\/Compromi\u0301s-de-participacio\u0301-en-el-programa-de-mobilitat-internacional-professorat.pdf\" target=\"_blank\" rel=\"noopener\">la sol\u00b7licitud de participaci\u00f3 <\/a>a l&#8217;adre\u00e7a del l\u2019equip de mobilitat, mobilitat<span class=\"\">@iticbcn.cat<\/span> , abans que finalitzi el mes de gener.<\/span><\/p>\n<h3>Criteris de selecci\u00f3<\/h3>\n<p><span style=\"font-weight: 400;\">Per a la selecci\u00f3 d\u2019aspirants, i sempre que el n\u00famero de interessats sigui superior al n\u00famero de places ofertes, es tindran presents els seg\u00fcents criteris:\u00a0<\/span><\/p>\n<table style=\"width: 85.9966%; height: 432px;\">\n<tbody>\n<tr style=\"height: 38px;\">\n<td style=\"height: 38px;\"><b>Concepte\u00a0<\/b><\/td>\n<td style=\"height: 38px;\"><b>Instrument<\/b><\/td>\n<td style=\"height: 38px;\"><b>Valoraci\u00f3<\/b><\/td>\n<\/tr>\n<tr style=\"height: 129px;\">\n<td style=\"height: 129px;\"><a href=\"https:\/\/espai.educacio.gencat.cat\/Centres\/Innovacio-pedagogica\/Programes\/Innovacio-FP\/Pagines\/default.aspx\" target=\"_blank\" rel=\"noopener\"><span style=\"font-weight: 400;\">Participaci\u00f3 en programes d\u2019innovaci\u00f3 pedag\u00f2gica<\/span><\/a><\/td>\n<td style=\"height: 129px;\"><span style=\"font-weight: 400;\">Entrevista personal i\/o enquesta.<\/span>\n<p><span style=\"font-weight: 400;\">Recollida d\u2019informaci\u00f3<\/span><\/p>\n<\/td>\n<td style=\"height: 129px;\"><span style=\"font-weight: 400;\">30%<\/span><\/td>\n<\/tr>\n<tr style=\"height: 57px;\">\n<td style=\"height: 57px;\"><span style=\"font-weight: 400;\">Nivell d\u2019idiomes estrangers (m\u00ednim un B1).\u00a0<\/span><\/td>\n<td style=\"height: 57px;\"><span style=\"font-weight: 400;\">Certificats oficials\u00a0<\/span><\/td>\n<td style=\"height: 57px;\"><span style=\"font-weight: 400;\">30%<\/span><\/td>\n<\/tr>\n<tr style=\"height: 57px;\">\n<td style=\"height: 57px;\"><span style=\"font-weight: 400;\">Hores de formaci\u00f3 reconegudes a ATRI.<\/span><\/td>\n<td style=\"height: 57px;\"><span style=\"font-weight: 400;\">Extracte resum d\u2019ATRI.<\/span><\/td>\n<td style=\"height: 57px;\"><span style=\"font-weight: 400;\">10%<\/span><\/td>\n<\/tr>\n<tr style=\"height: 151px;\">\n<td style=\"height: 151px;\"><span style=\"font-weight: 400;\">Hores programades als m\u00f2duls impartits de metodologia AICLE.<\/span><span style=\"font-weight: 400;\">Tutoria FCT-DUAL o c\u00e0rrec del centre.<\/span><\/td>\n<td style=\"height: 151px;\"><span style=\"font-weight: 400;\">Programaci\u00f3 del M\u00f2dul Professional<\/span><span style=\"font-weight: 400;\">Assignaci\u00f3 c\u00e0rrec actual o passat (ATRI).<\/span><\/td>\n<td style=\"height: 151px;\"><span style=\"font-weight: 400;\">30%<\/span><\/td>\n<\/tr>\n<\/tbody>\n<\/table>\n<h3>Comunicaci\u00f3<\/h3>\n<p><span style=\"font-weight: 400;\">El resultat del proc\u00e9s de selecci\u00f3 es comunicar\u00e0 als interessats via correu electr\u00f2nic, tot indicant-ne la posici\u00f3 obtinguda en l\u2019ordre de selecci\u00f3 i el nom del professorat que resta en llista d\u2019espera.\u00a0<\/span><\/p>\n\n\n<figure class=\"wp-block-image size-large is-resized\"><a href=\"https:\/\/agora.xtec.cat\/iticbcn\/wp-content\/uploads\/usu2389\/2025\/02\/EN-Co-funded-by-the-EU_PANTONE-scaled.jpg\"><img loading=\"lazy\" decoding=\"async\" width=\"1024\" height=\"215\" src=\"https:\/\/agora.xtec.cat\/iticbcn\/wp-content\/uploads\/usu2389\/2025\/02\/EN-Co-funded-by-the-EU_PANTONE-1024x215.jpg\" alt=\"Co-funded-by-the-EU\" class=\"wp-image-2356\" style=\"width:257px\" srcset=\"https:\/\/agora.xtec.cat\/iticbcn\/wp-content\/uploads\/usu2389\/2025\/02\/EN-Co-funded-by-the-EU_PANTONE-1024x215.jpg 1024w, https:\/\/agora.xtec.cat\/iticbcn\/wp-content\/uploads\/usu2389\/2025\/02\/EN-Co-funded-by-the-EU_PANTONE-300x63.jpg 300w, https:\/\/agora.xtec.cat\/iticbcn\/wp-content\/uploads\/usu2389\/2025\/02\/EN-Co-funded-by-the-EU_PANTONE-768x161.jpg 768w, https:\/\/agora.xtec.cat\/iticbcn\/wp-content\/uploads\/usu2389\/2025\/02\/EN-Co-funded-by-the-EU_PANTONE-1536x322.jpg 1536w, https:\/\/agora.xtec.cat\/iticbcn\/wp-content\/uploads\/usu2389\/2025\/02\/EN-Co-funded-by-the-EU_PANTONE-2048x430.jpg 2048w\" sizes=\"auto, (max-width: 1024px) 100vw, 1024px\" \/><\/a><\/figure>\n","protected":false},"excerpt":{"rendered":"<p>A qui va dirigit<br \/>\nAl professorat de l\u2019Institut TIC de Barcelona; interins, funcionaris en pr\u00e0ctiques i funcionaris de carrera.<br \/>\nEn qu\u00e8 consisteix<br \/>\nA trav\u00e9s de la <a href=\"https:\/\/www.fundaciobcnfp.cat\/\" target=\"_blank\" rel=\"noopener\">Fundaci\u00f3 BCN FP<\/a> i el <a href=\"https:\/\/projectes.xtec.cat\/mobilitatfp\/\" target=\"_blank\" rel=\"noopener\">Programa d\u2019innovaci\u00f3 pedag\u00f2gica Mobilitat FP<\/a> del Departament d\u2019Educaci\u00f3, s&#8217;ofereix la possibilitat&hellip;  <a href=\"https:\/\/agora.xtec.cat\/iticbcn\/international-mobility\/mobilitat-de-professorat\/\" title=\"Read Mobilitat de professorat\">Llegeix m\u00e9s\u00bb<\/a><\/p>\n","protected":false},"author":116,"featured_media":0,"parent":877,"menu_order":5,"comment_status":"closed","ping_status":"closed","template":"page-templates\/side-menu.php","meta":{"_bbp_topic_count":0,"_bbp_reply_count":0,"_bbp_total_topic_count":0,"_bbp_total_reply_count":0,"_bbp_voice_count":0,"_bbp_anonymous_reply_count":0,"_bbp_topic_count_hidden":0,"_bbp_reply_count_hidden":0,"_bbp_forum_subforum_count":0,"footnotes":""},"class_list":["post-888","page","type-page","status-publish","hentry"],"post_mailing_queue_ids":[],"_links":{"self":[{"href":"https:\/\/agora.xtec.cat\/iticbcn\/wp-json\/wp\/v2\/pages\/888","targetHints":{"allow":["GET"]}}],"collection":[{"href":"https:\/\/agora.xtec.cat\/iticbcn\/wp-json\/wp\/v2\/pages"}],"about":[{"href":"https:\/\/agora.xtec.cat\/iticbcn\/wp-json\/wp\/v2\/types\/page"}],"author":[{"embeddable":true,"href":"https:\/\/agora.xtec.cat\/iticbcn\/wp-json\/wp\/v2\/users\/116"}],"replies":[{"embeddable":true,"href":"https:\/\/agora.xtec.cat\/iticbcn\/wp-json\/wp\/v2\/comments?post=888"}],"version-history":[{"count":6,"href":"https:\/\/agora.xtec.cat\/iticbcn\/wp-json\/wp\/v2\/pages\/888\/revisions"}],"predecessor-version":[{"id":2435,"href":"https:\/\/agora.xtec.cat\/iticbcn\/wp-json\/wp\/v2\/pages\/888\/revisions\/2435"}],"up":[{"embeddable":true,"href":"https:\/\/agora.xtec.cat\/iticbcn\/wp-json\/wp\/v2\/pages\/877"}],"wp:attachment":[{"href":"https:\/\/agora.xtec.cat\/iticbcn\/wp-json\/wp\/v2\/media?parent=888"}],"curies":[{"name":"wp","href":"https:\/\/api.w.org\/{rel}","templated":true}]}}