{"id":81,"date":"2014-09-18T10:38:05","date_gmt":"2014-09-18T10:38:05","guid":{"rendered":"http:\/\/agora.xtec.cat\/iticbcn\/?page_id=81"},"modified":"2024-07-02T14:42:36","modified_gmt":"2024-07-02T12:42:36","slug":"secretaria","status":"publish","type":"page","link":"https:\/\/agora.xtec.cat\/iticbcn\/secretaria\/","title":{"rendered":"Secretaria"},"content":{"rendered":"<p>En els centres d&#8217;ensenyament secundari i postobligatoris, la secretaria\/oficines \u00e9s l&#8217;agent de gesti\u00f3 administrativa on es realitzen, entre altres tasques, els tr\u00e0mits administratius.<\/p>\n<p>Al men\u00fa associat a aquesta p\u00e0gina trobareu les informacions addicionals categoritzades.<\/p>\n","protected":false},"excerpt":{"rendered":"<p>En els centres d&#8217;ensenyament secundari i postobligatoris, la secretaria\/oficines \u00e9s l&#8217;agent de gesti\u00f3 administrativa on es realitzen, entre altres tasques, els tr\u00e0mits administratius.<br \/>\nAl men\u00fa associat a aquesta p\u00e0gina trobareu les informacions addicionals categoritzades.<\/p>\n","protected":false},"author":1,"featured_media":0,"parent":0,"menu_order":0,"comment_status":"closed","ping_status":"closed","template":"page-templates\/side-menu.php","meta":{"_bbp_topic_count":0,"_bbp_reply_count":0,"_bbp_total_topic_count":0,"_bbp_total_reply_count":0,"_bbp_voice_count":0,"_bbp_anonymous_reply_count":0,"_bbp_topic_count_hidden":0,"_bbp_reply_count_hidden":0,"_bbp_forum_subforum_count":0,"footnotes":""},"class_list":["post-81","page","type-page","status-publish","hentry"],"post_mailing_queue_ids":[],"_links":{"self":[{"href":"https:\/\/agora.xtec.cat\/iticbcn\/wp-json\/wp\/v2\/pages\/81","targetHints":{"allow":["GET"]}}],"collection":[{"href":"https:\/\/agora.xtec.cat\/iticbcn\/wp-json\/wp\/v2\/pages"}],"about":[{"href":"https:\/\/agora.xtec.cat\/iticbcn\/wp-json\/wp\/v2\/types\/page"}],"author":[{"embeddable":true,"href":"https:\/\/agora.xtec.cat\/iticbcn\/wp-json\/wp\/v2\/users\/1"}],"replies":[{"embeddable":true,"href":"https:\/\/agora.xtec.cat\/iticbcn\/wp-json\/wp\/v2\/comments?post=81"}],"version-history":[{"count":8,"href":"https:\/\/agora.xtec.cat\/iticbcn\/wp-json\/wp\/v2\/pages\/81\/revisions"}],"predecessor-version":[{"id":1792,"href":"https:\/\/agora.xtec.cat\/iticbcn\/wp-json\/wp\/v2\/pages\/81\/revisions\/1792"}],"wp:attachment":[{"href":"https:\/\/agora.xtec.cat\/iticbcn\/wp-json\/wp\/v2\/media?parent=81"}],"curies":[{"name":"wp","href":"https:\/\/api.w.org\/{rel}","templated":true}]}}