{"id":598,"date":"2023-06-07T19:10:54","date_gmt":"2023-06-07T17:10:54","guid":{"rendered":"https:\/\/agora.xtec.cat\/iticbcn\/?page_id=598"},"modified":"2025-02-19T16:47:30","modified_gmt":"2025-02-19T15:47:30","slug":"gestio-de-dades-de-caracter-personal","status":"publish","type":"page","link":"https:\/\/agora.xtec.cat\/iticbcn\/linstitut\/gestio-de-dades-de-caracter-personal\/","title":{"rendered":"Gesti\u00f3 de dades de car\u00e0cter personal"},"content":{"rendered":"<p><span style=\"font-weight: 400;\">El mes d\u2019abril de 2016 es va aprovar el Reglament (UE) 2016\/679 del Parlament i del Consell, de 27 d&#8217;abril de 2016, relatiu a la protecci\u00f3 de les persones f\u00edsiques pel que fa al tractament de dades personals i a la lliure circulaci\u00f3 d&#8217;aquestes dades, el qual ha entrat plenament en vigor el 25 de maig de 2018.<\/span><\/p>\n<p><span style=\"font-weight: 400;\">En compliment d\u2019aquest reglament, l&#8217;Institut TIC de Barcelona, informa del seg\u00fcent:<\/span><\/p>\n<ul>\n<li style=\"font-weight: 400;\" aria-level=\"1\"><span style=\"font-weight: 400;\">La informaci\u00f3 relativa als tractaments que s\u00f3n responsabilitat del <\/span><b>Departament d&#8217;Educaci\u00f3<\/b><span style=\"font-weight: 400;\">, de qui dep\u00e8n el Consorci d&#8217;Educaci\u00f3, es poden consultar a la seva web, punxant<\/span><a href=\"http:\/\/ensenyament.gencat.cat\/ca\/departament\/proteccio-dades\" target=\"_blank\" rel=\"noopener\"> <span style=\"font-weight: 400;\">aqu\u00ed<\/span><\/a><span style=\"font-weight: 400;\">.<\/span><\/li>\n<li style=\"font-weight: 400;\" aria-level=\"1\"><span style=\"font-weight: 400;\">La informaci\u00f3 relativa als tractaments que s\u00f3n responsabilitat del <\/span><b>Consorci d&#8217;Educaci\u00f3<\/b><span style=\"font-weight: 400;\">, de qui dep\u00e8n l&#8217;Institut TIC de Barcelona, es poden consultar a la seva web, punxant <\/span><a href=\"http:\/\/www.edubcn.cat\/ca\/centres_serveis_educatius\/proteccio_de_dades_personals\" target=\"_blank\" rel=\"noopener\"><span style=\"font-weight: 400;\">aqu\u00ed<\/span><\/a><span style=\"font-weight: 400;\">.<\/span><\/li>\n<li style=\"font-weight: 400;\" aria-level=\"1\"><span style=\"font-weight: 400;\">La informaci\u00f3 relativa als tractaments de dades que porta a terme l&#8217;<\/span><b>Institut TIC de Barcelona<\/b><span style=\"font-weight: 400;\"> (\u00e9s a dir, recollida de dades, emmagatzemament, utilitzaci\u00f3 i eventualment difusi\u00f3 d&#8217;aquestes dades), la pots trobar recollida en el <\/span><b><i>Registre d\u2019activitats de tractament<\/i><\/b><span style=\"font-weight: 400;\"> del nostre institut, punxant<\/span><a href=\"https:\/\/agora.xtec.cat\/iticbcn\/projecte-educatiu\/gestio-de-dades-de-caracter-personal\/registre-dactivitats-de-tractament\/\"> <span style=\"font-weight: 400;\">aqu\u00ed<\/span><\/a><span style=\"font-weight: 400;\">.\u00a0<\/span><\/li>\n<\/ul>\n<p><span style=\"font-weight: 400;\">Tamb\u00e9 trobes a continuaci\u00f3 la informaci\u00f3 b\u00e0sica sobre protecci\u00f3 de dades del nostre institut:<\/span><\/p>\n<h2><span style=\"font-weight: 400;\">Plataformes educatives<\/span><\/h2>\n<table>\n<tbody>\n<tr>\n<td colspan=\"2\"><b>Informaci\u00f3 b\u00e0sica sobre protecci\u00f3 de dades en compliment del Reglament General de Protecci\u00f3 de Dades (Reglament UE 2016\/679 del Parlament Europeu i del Consell, de 27 d&#8217;abril de 2016)<\/b><\/td>\n<\/tr>\n<tr>\n<td><b>Responsable<\/b><\/td>\n<td><span style=\"font-weight: 400;\">Direcci\u00f3 de l&#8217;Institut TIC de Barcelona.<\/span><\/td>\n<\/tr>\n<tr>\n<td><b>Finalitat<\/b><\/td>\n<td><span style=\"font-weight: 400;\">La finalitat \u00e9s la gesti\u00f3 de les plataformes educatives utilitzades pel centre. Els usos previstos s\u00f3n el manteniment de la plataforma, la gesti\u00f3 dels usuaris i el control i seguiment dels continguts de la mateixa. Estudis estad\u00edstics.<\/span><\/td>\n<\/tr>\n<tr>\n<td><b>Legitimaci\u00f3<\/b><\/td>\n<td><span style=\"font-weight: 400;\">Missi\u00f3 realitzada en inter\u00e8s p\u00fablic.<\/span><\/td>\n<\/tr>\n<tr>\n<td><b>Destinataris<\/b><\/td>\n<td><span style=\"font-weight: 400;\">No es fan cessions, excepte en els casos previstos per llei.<\/span><\/td>\n<\/tr>\n<tr>\n<td><b>Drets<\/b><\/td>\n<td><span style=\"font-weight: 400;\">Podeu exercir els drets d\u2019acc\u00e9s, rectificaci\u00f3, cancel\u00b7laci\u00f3, supressi\u00f3, limitaci\u00f3 o oposici\u00f3 al tractament i portabilitat mitjan\u00e7ant un escrit adre\u00e7at al centre educatiu (c. Sancho d&#8217;\u00c0vila,131-133, 08018 Barcelona), o b\u00e9 mitjan\u00e7ant un correu electr\u00f2nic dirigit a iticbcn@xtec.cat, indicant a l\u2019assumpte el seg\u00fcent text: \u201cTractament de dades\u201d.<\/span><\/td>\n<\/tr>\n<\/tbody>\n<\/table>\n<h2><span style=\"font-weight: 400;\">Activitats extraescolars<\/span><\/h2>\n<table>\n<tbody>\n<tr>\n<td colspan=\"2\"><b>Informaci\u00f3 b\u00e0sica sobre protecci\u00f3 de dades en compliment del Reglament General de Protecci\u00f3 de Dades (Reglament UE 2016\/679 del Parlament Europeu i del Consell, de 27 d&#8217;abril de 2016)<\/b><\/td>\n<\/tr>\n<tr>\n<td><b>Responsable<\/b><\/td>\n<td><span style=\"font-weight: 400;\">Direcci\u00f3 de l&#8217;Institut TIC de Barcelona.<\/span><\/td>\n<\/tr>\n<tr>\n<td><b>Finalitat<\/b><\/td>\n<td><span style=\"font-weight: 400;\">La finalitat \u00e9s la gesti\u00f3 de les activitats extraescolars impulsades i organitzades pel centre educatiu. Els usos previstos s\u00f3n el seguiment i control de les activitats extraescolars desenvolupades. Estudis estad\u00edstics.<\/span><\/td>\n<\/tr>\n<tr>\n<td><b>Legitimaci\u00f3<\/b><\/td>\n<td><span style=\"font-weight: 400;\">Missi\u00f3 realitzada en inter\u00e8s p\u00fablic.<\/span><\/td>\n<\/tr>\n<tr>\n<td><b>Destinataris<\/b><\/td>\n<td><span style=\"font-weight: 400;\">No es fan cessions, excepte en els casos previstos per llei.<\/span><\/td>\n<\/tr>\n<tr>\n<td><b>Drets<\/b><\/td>\n<td><span style=\"font-weight: 400;\">Podeu exercir els drets d\u2019acc\u00e9s, rectificaci\u00f3, cancel\u00b7laci\u00f3, supressi\u00f3, limitaci\u00f3 o oposici\u00f3 al tractament i portabilitat mitjan\u00e7ant un escrit adre\u00e7at al centre educatiu (c. Sancho d&#8217;\u00c0vila,131-133, 08018 Barcelona), o b\u00e9 mitjan\u00e7ant un correu electr\u00f2nic dirigit a iticbcn@xtec.cat, indicant a l\u2019assumpte el seg\u00fcent text: \u201cTractament de dades\u201d.<\/span><\/td>\n<\/tr>\n<\/tbody>\n<\/table>\n<h2><span style=\"font-weight: 400;\">Borsa de treball<\/span><\/h2>\n<table>\n<tbody>\n<tr>\n<td colspan=\"2\"><b>Informaci\u00f3 b\u00e0sica sobre protecci\u00f3 de dades en compliment del Reglament General de Protecci\u00f3 de Dades (Reglament UE 2016\/679 del Parlament Europeu i del Consell, de 27 d&#8217;abril de 2016)<\/b><\/td>\n<\/tr>\n<tr>\n<td><b>Responsable<\/b><\/td>\n<td><span style=\"font-weight: 400;\">Direcci\u00f3 de l&#8217;Institut TIC de Barcelona.<\/span><\/td>\n<\/tr>\n<tr>\n<td><b>Finalitat<\/b><\/td>\n<td><span style=\"font-weight: 400;\">La finalitat \u00e9s la gesti\u00f3 de les ofertes de treball adre\u00e7ades per empreses al centre educatiu. Els usos previstos s\u00f3n posar en coneixement de l\u2019alumnat les ofertes adre\u00e7ades per part de les empreses, seguiment i control de les persones que s\u2019inscriuen a la borsa de treball. Estudis estad\u00edstics.<\/span><\/td>\n<\/tr>\n<tr>\n<td><b>Legitimaci\u00f3<\/b><\/td>\n<td><span style=\"font-weight: 400;\">Missi\u00f3 realitzada en inter\u00e8s p\u00fablic.<\/span><\/td>\n<\/tr>\n<tr>\n<td><b>Destinataris<\/b><\/td>\n<td><span style=\"font-weight: 400;\">No es fan cessions, excepte en els casos previstos per llei.<\/span><\/td>\n<\/tr>\n<tr>\n<td><b>Drets<\/b><\/td>\n<td><span style=\"font-weight: 400;\">Podeu exercir els drets d\u2019acc\u00e9s, rectificaci\u00f3, cancel\u00b7laci\u00f3, supressi\u00f3, limitaci\u00f3 o oposici\u00f3 al tractament i portabilitat mitjan\u00e7ant un escrit adre\u00e7at al centre educatiu (c. Sancho d&#8217;\u00c0vila,131-133, 08018 Barcelona), o b\u00e9 mitjan\u00e7ant un correu electr\u00f2nic dirigit a borsa.treball@iesjoandaustria.org, indicant a l\u2019assumpte el seg\u00fcent text: \u201cTractament de dades\u201d.<\/span><\/td>\n<\/tr>\n<\/tbody>\n<\/table>\n<h2><span style=\"font-weight: 400;\">Gesti\u00f3 econ\u00f2mica, contractaci\u00f3 i col\u00b7laboradors<\/span><\/h2>\n<table>\n<tbody>\n<tr>\n<td colspan=\"2\"><b>Informaci\u00f3 b\u00e0sica sobre protecci\u00f3 de dades en compliment del Reglament General de Protecci\u00f3 de Dades (Reglament UE 2016\/679 del Parlament Europeu i del Consell, de 27 d&#8217;abril de 2016)<\/b><\/td>\n<\/tr>\n<tr>\n<td><b>Responsable<\/b><\/td>\n<td><span style=\"font-weight: 400;\">Direcci\u00f3 de l&#8217;Institut TIC de Barcelona.<\/span><\/td>\n<\/tr>\n<tr>\n<td><b>Finalitat<\/b><\/td>\n<td><span style=\"font-weight: 400;\">La finalitat \u00e9s la gesti\u00f3 de les activitats de caire econ\u00f2mic, financer, comptable i de col\u00b7laboraci\u00f3 del centre educatiu. Els usos s\u00f3n la gesti\u00f3 de les dades dels prove\u00efdors i col\u00b7laboradors, gesti\u00f3 de pagaments, i altres possibles assist\u00e8ncies que comportin una despesa econ\u00f2mica.<\/span><\/td>\n<\/tr>\n<tr>\n<td><b>Legitimaci\u00f3<\/b><\/td>\n<td><span style=\"font-weight: 400;\">Missi\u00f3 realitzada en inter\u00e8s p\u00fablic.<\/span><\/td>\n<\/tr>\n<tr>\n<td><b>Destinataris<\/b><\/td>\n<td><span style=\"font-weight: 400;\">No es fan cessions, excepte en els casos previstos per llei.<\/span><\/td>\n<\/tr>\n<tr>\n<td><b>Drets<\/b><\/td>\n<td><span style=\"font-weight: 400;\">Podeu exercir els drets d\u2019acc\u00e9s, rectificaci\u00f3, cancel\u00b7laci\u00f3, supressi\u00f3, limitaci\u00f3 o oposici\u00f3 al tractament i portabilitat mitjan\u00e7ant un escrit adre\u00e7at al centre educatiu (c. Sancho d&#8217;\u00c0vila,131-133, 08018 Barcelona), o b\u00e9 mitjan\u00e7ant un correu electr\u00f2nic dirigit a iticbcn@xtec.cat, indicant a l\u2019assumpte el seg\u00fcent text: \u201cTractament de dades\u201d.<\/span><\/td>\n<\/tr>\n<\/tbody>\n<\/table>\n<h2><b>Alumnat<\/b><\/h2>\n<table>\n<tbody>\n<tr>\n<td colspan=\"2\"><b>Informaci\u00f3 b\u00e0sica sobre protecci\u00f3 de dades en compliment del Reglament General de Protecci\u00f3 de Dades (Reglament UE 2016\/679 del Parlament Europeu i del Consell, de 27 d&#8217;abril de 2016)<\/b><\/td>\n<\/tr>\n<tr>\n<td><b>Responsable<\/b><\/td>\n<td><span style=\"font-weight: 400;\">Direcci\u00f3 de l&#8217;Institut TIC de Barcelona.<\/span><\/td>\n<\/tr>\n<tr>\n<td><b>Finalitat<\/b><\/td>\n<td><span style=\"font-weight: 400;\">La finalitat \u00e9s la gesti\u00f3 de l\u2019acci\u00f3 educativa, l\u2019orientaci\u00f3 acad\u00e8mica i professional, l\u2019acci\u00f3 tutorial i de comunicaci\u00f3 amb les fam\u00edlies, l\u2019avaluaci\u00f3 objectiva del rendiment escolar, el comprom\u00eds de l\u2019alumnat i llurs fam\u00edlies en el proc\u00e9s educatiu. Els usos principals s\u00f3n els derivats de la gesti\u00f3 de l\u2019acci\u00f3 educativa i orientadora i l\u2019avaluaci\u00f3 objectiva del rendiment escolar.<\/span><\/td>\n<\/tr>\n<tr>\n<td><b>Legitimaci\u00f3<\/b><\/td>\n<td><span style=\"font-weight: 400;\">Missi\u00f3 realitzada en inter\u00e8s p\u00fablic.<\/span><\/td>\n<\/tr>\n<tr>\n<td><b>Destinataris<\/b><\/td>\n<td><span style=\"font-weight: 400;\">No es fan cessions, excepte en els casos previstos per llei i a l&#8217;AMPA, si s&#8217;ha autoritzat la cessi\u00f3 de dades a la matr\u00edcula.<\/span><\/td>\n<\/tr>\n<tr>\n<td><b>Drets<\/b><\/td>\n<td><span style=\"font-weight: 400;\">Podeu exercir els drets d\u2019acc\u00e9s, rectificaci\u00f3, cancel\u00b7laci\u00f3, supressi\u00f3, limitaci\u00f3 o oposici\u00f3 al tractament i portabilitat mitjan\u00e7ant un escrit adre\u00e7at al centre educatiu (c. Sancho d&#8217;\u00c0vila,131-133, 08018 Barcelona), o b\u00e9 mitjan\u00e7ant un correu electr\u00f2nic dirigit a iticbcn@xtec.cat, indicant a l\u2019assumpte el seg\u00fcent text: \u201cTractament de dades\u201d.<\/span><\/td>\n<\/tr>\n<\/tbody>\n<\/table>\n<h2><b>Personal del centre<\/b><\/h2>\n<table>\n<tbody>\n<tr>\n<td colspan=\"2\"><b>Informaci\u00f3 b\u00e0sica sobre protecci\u00f3 de dades en compliment del Reglament General de Protecci\u00f3 de Dades (Reglament UE 2016\/679 del Parlament Europeu i del Consell, de 27 d&#8217;abril de 2016)<\/b><\/td>\n<\/tr>\n<tr>\n<td><b>Responsable<\/b><\/td>\n<td><span style=\"font-weight: 400;\">Direcci\u00f3 de l&#8217;Institut TIC de Barcelona.<\/span><\/td>\n<\/tr>\n<tr>\n<td><b>Finalitat<\/b><\/td>\n<td><span style=\"font-weight: 400;\">La finalitat \u00e9s la gesti\u00f3 del personal del centre educatiu i de l\u2019alumnat en pr\u00e0ctiques i l\u2019acc\u00e9s als serveis digitals i telem\u00e0tics orientats a millorar el desenvolupament de l\u2019activitat educativa. Els usos s\u00f3n els derivats de la gesti\u00f3 del personal, assignaci\u00f3 de responsabilitats, seguiment de tasques, control horari, formaci\u00f3, avaluaci\u00f3 del pr\u00e0cticum de l\u2019alumnat que realitza les pr\u00e0ctiques en el centre educatiu, la provisi\u00f3 de claus d\u2019acc\u00e9s, autenticaci\u00f3 i autoritzaci\u00f3 d\u2019usuaris als serveis digitals i telem\u00e0tics esmentats i l\u2019explotaci\u00f3 estad\u00edstica i hist\u00f2rica.<\/span><\/td>\n<\/tr>\n<tr>\n<td><b>Legitimaci\u00f3<\/b><\/td>\n<td><span style=\"font-weight: 400;\">Missi\u00f3 realitzada en inter\u00e8s p\u00fablic.<\/span><\/td>\n<\/tr>\n<tr>\n<td><b>Destinataris<\/b><\/td>\n<td><span style=\"font-weight: 400;\">No es fan cessions, excepte en els casos previstos per llei.<\/span><\/td>\n<\/tr>\n<tr>\n<td><b>Drets<\/b><\/td>\n<td><span style=\"font-weight: 400;\">Podeu exercir els drets d\u2019acc\u00e9s, rectificaci\u00f3, cancel\u00b7laci\u00f3, supressi\u00f3, limitaci\u00f3 o oposici\u00f3 al tractament i portabilitat mitjan\u00e7ant un escrit adre\u00e7at al centre educatiu (c. Sancho d&#8217;\u00c0vila,131-133, 08018 Barcelona), o b\u00e9 mitjan\u00e7ant un correu electr\u00f2nic dirigit a iticbcn@xtec.cat, indicant a l\u2019assumpte el seg\u00fcent text: \u201cTractament de dades\u201d.<\/span><\/td>\n<\/tr>\n<\/tbody>\n<\/table>\n<h2><b>Jornades i actes de l&#8217;Institut TIC de Barcelona<\/b><\/h2>\n<table>\n<tbody>\n<tr>\n<td colspan=\"2\"><span style=\"font-weight: 400;\">Informaci\u00f3 b\u00e0sica sobre protecci\u00f3 de dades en compliment del Reglament General de Protecci\u00f3 de Dades (Reglament UE 2016\/679 del Parlament Europeu i del Consell, de 27 d&#8217;abril de 2016)<\/span><\/td>\n<\/tr>\n<tr>\n<td><span style=\"font-weight: 400;\">Responsable<\/span><\/td>\n<td><span style=\"font-weight: 400;\">Direcci\u00f3 de l&#8217;Institut TIC de Barcelona.<\/span><\/td>\n<\/tr>\n<tr>\n<td><span style=\"font-weight: 400;\">Finalitat<\/span><\/td>\n<td><span style=\"font-weight: 400;\">La finalitat \u00e9s difondre i promoure les jornades o actes organitzats per l&#8217;Institut TIC de Barcelona, i per gestionar la participaci\u00f3, la difusi\u00f3 i comunicaci\u00f3 de la informaci\u00f3 sobre la realitzaci\u00f3 de jornades i\/o actes, controlar l&#8217;assist\u00e8ncia de les persones que participen i emetre&#8217;n els certificats d&#8217;assist\u00e8ncia, si escau. Les jornades poden incloure la captaci\u00f3 i gravaci\u00f3 d&#8217;imatge i veu d&#8217;organitzadors i ponents per difondre l&#8217;activitat.<\/span><\/td>\n<\/tr>\n<tr>\n<td><span style=\"font-weight: 400;\">Legitimaci\u00f3<\/span><\/td>\n<td><span style=\"font-weight: 400;\">La base legal que permet tractar les vostres dades personals \u00e9s el vostre consentiment, el qual podeu retirar en qualsevol moment.<\/span><\/td>\n<\/tr>\n<tr>\n<td><span style=\"font-weight: 400;\">Destinataris<\/span><\/td>\n<td><span style=\"font-weight: 400;\">No es fan cessions, excepte en els casos previstos per llei.<\/span><\/td>\n<\/tr>\n<tr>\n<td><span style=\"font-weight: 400;\">Drets<\/span><\/td>\n<td><span style=\"font-weight: 400;\">Podeu exercir els drets d\u2019acc\u00e9s, rectificaci\u00f3, cancel\u00b7laci\u00f3, supressi\u00f3, limitaci\u00f3 o oposici\u00f3 al tractament i portabilitat mitjan\u00e7ant un escrit adre\u00e7at al centre educatiu (c. Sancho d&#8217;\u00c0vila,131-133, 08018 Barcelona), o b\u00e9 mitjan\u00e7ant un correu electr\u00f2nic dirigit a iticbcn@xtec.cat, indicant a l\u2019assumpte el seg\u00fcent text: \u201cTractament de dades\u201d.<\/span><\/td>\n<\/tr>\n<\/tbody>\n<\/table>\n<p>&nbsp;<\/p>\n","protected":false},"excerpt":{"rendered":"<p>El mes d\u2019abril de 2016 es va aprovar el Reglament (UE) 2016\/679 del Parlament i del Consell, de 27 d&#8217;abril de 2016, relatiu a la protecci\u00f3 de les persones f\u00edsiques pel que fa al tractament de dades personals i a la lliure circulaci\u00f3 d&#8217;aquestes dades,&hellip;  <a href=\"https:\/\/agora.xtec.cat\/iticbcn\/linstitut\/gestio-de-dades-de-caracter-personal\/\" title=\"Read Gesti\u00f3 de dades de car\u00e0cter personal\">Llegeix m\u00e9s\u00bb<\/a><\/p>\n","protected":false},"author":1,"featured_media":0,"parent":19,"menu_order":90,"comment_status":"closed","ping_status":"closed","template":"page-templates\/side-menu.php","meta":{"_bbp_topic_count":0,"_bbp_reply_count":0,"_bbp_total_topic_count":0,"_bbp_total_reply_count":0,"_bbp_voice_count":0,"_bbp_anonymous_reply_count":0,"_bbp_topic_count_hidden":0,"_bbp_reply_count_hidden":0,"_bbp_forum_subforum_count":0,"footnotes":""},"class_list":["post-598","page","type-page","status-publish","hentry"],"post_mailing_queue_ids":[],"_links":{"self":[{"href":"https:\/\/agora.xtec.cat\/iticbcn\/wp-json\/wp\/v2\/pages\/598","targetHints":{"allow":["GET"]}}],"collection":[{"href":"https:\/\/agora.xtec.cat\/iticbcn\/wp-json\/wp\/v2\/pages"}],"about":[{"href":"https:\/\/agora.xtec.cat\/iticbcn\/wp-json\/wp\/v2\/types\/page"}],"author":[{"embeddable":true,"href":"https:\/\/agora.xtec.cat\/iticbcn\/wp-json\/wp\/v2\/users\/1"}],"replies":[{"embeddable":true,"href":"https:\/\/agora.xtec.cat\/iticbcn\/wp-json\/wp\/v2\/comments?post=598"}],"version-history":[{"count":3,"href":"https:\/\/agora.xtec.cat\/iticbcn\/wp-json\/wp\/v2\/pages\/598\/revisions"}],"predecessor-version":[{"id":606,"href":"https:\/\/agora.xtec.cat\/iticbcn\/wp-json\/wp\/v2\/pages\/598\/revisions\/606"}],"up":[{"embeddable":true,"href":"https:\/\/agora.xtec.cat\/iticbcn\/wp-json\/wp\/v2\/pages\/19"}],"wp:attachment":[{"href":"https:\/\/agora.xtec.cat\/iticbcn\/wp-json\/wp\/v2\/media?parent=598"}],"curies":[{"name":"wp","href":"https:\/\/api.w.org\/{rel}","templated":true}]}}