{"id":46,"date":"2014-09-17T16:53:45","date_gmt":"2014-09-17T16:53:45","guid":{"rendered":"http:\/\/agora.xtec.cat\/iticbcn\/?page_id=46"},"modified":"2025-02-19T16:53:36","modified_gmt":"2025-02-19T15:53:36","slug":"organigrama","status":"publish","type":"page","link":"https:\/\/agora.xtec.cat\/iticbcn\/linstitut\/organigrama\/","title":{"rendered":"Organigrama"},"content":{"rendered":"<p>Els \u00f2rgans col\u00b7legiats del nostre centre s\u00f3n:<\/p>\n<ul>\n<li>El <a href=\"https:\/\/agora.xtec.cat\/iticbcn\/linstitut\/consell-escolar\/\" target=\"_blank\" rel=\"noopener\">Consell Escolar<\/a> del centre<\/li>\n<li>El Claustre del professorat, compost per tot el professorat assignat a l&#8217;Institut.<\/li>\n<\/ul>\n<p>Les <strong>depend\u00e8ncies funcionals<\/strong>, del personal que formem part de l&#8217;Institut TIC de Barcelona, es mostren en el seg\u00fcent esquema de depend\u00e8ncies (organigrama funcional), on la part central correspon als membres de l&#8217;equip directiu:<\/p>\n<p><a href=\"https:\/\/agora.xtec.cat\/iticbcn\/wp-content\/uploads\/usu2389\/2023\/11\/ITICBCN-Organigrama-funcional.png\"><img loading=\"lazy\" decoding=\"async\" class=\"aligncenter size-full wp-image-940\" src=\"https:\/\/agora.xtec.cat\/iticbcn\/wp-content\/uploads\/usu2389\/2023\/11\/ITICBCN-Organigrama-funcional.png\" alt=\"\" width=\"960\" height=\"540\" srcset=\"https:\/\/agora.xtec.cat\/iticbcn\/wp-content\/uploads\/usu2389\/2023\/11\/ITICBCN-Organigrama-funcional.png 960w, https:\/\/agora.xtec.cat\/iticbcn\/wp-content\/uploads\/usu2389\/2023\/11\/ITICBCN-Organigrama-funcional-300x169.png 300w, https:\/\/agora.xtec.cat\/iticbcn\/wp-content\/uploads\/usu2389\/2023\/11\/ITICBCN-Organigrama-funcional-768x432.png 768w\" sizes=\"auto, (max-width: 960px) 100vw, 960px\" \/><\/a><\/p>\n<p>L&#8217;\u00f2rgan de gesti\u00f3 del nostre Institut, al llarg del curs 2024-2025:<\/p>\n<p><a href=\"https:\/\/agora.xtec.cat\/iticbcn\/wp-content\/uploads\/usu2389\/2025\/01\/PGAC-Equip-directiu-24-25.png\"><img loading=\"lazy\" decoding=\"async\" class=\"aligncenter size-full wp-image-2271\" src=\"https:\/\/agora.xtec.cat\/iticbcn\/wp-content\/uploads\/usu2389\/2025\/01\/PGAC-Equip-directiu-24-25.png\" alt=\"\" width=\"960\" height=\"540\" srcset=\"https:\/\/agora.xtec.cat\/iticbcn\/wp-content\/uploads\/usu2389\/2025\/01\/PGAC-Equip-directiu-24-25.png 960w, https:\/\/agora.xtec.cat\/iticbcn\/wp-content\/uploads\/usu2389\/2025\/01\/PGAC-Equip-directiu-24-25-300x169.png 300w, https:\/\/agora.xtec.cat\/iticbcn\/wp-content\/uploads\/usu2389\/2025\/01\/PGAC-Equip-directiu-24-25-768x432.png 768w\" sizes=\"auto, (max-width: 960px) 100vw, 960px\" \/><\/a><\/p>\n","protected":false},"excerpt":{"rendered":"<p>Els \u00f2rgans col\u00b7legiats del nostre centre s\u00f3n:<\/p>\n<ul>\n<li>El <a href=\"https:\/\/agora.xtec.cat\/iticbcn\/linstitut\/consell-escolar\/\" target=\"_blank\" rel=\"noopener\">Consell Escolar<\/a> del centre<\/li>\n<li>El Claustre del professorat, compost per tot el professorat assignat a l&#8217;Institut.<\/li>\n<\/ul>\n<p>Les depend\u00e8ncies funcionals, del personal que formem part de l&#8217;Institut TIC de Barcelona, es mostren en el seg\u00fcent esquema de depend\u00e8ncies&hellip;  <a href=\"https:\/\/agora.xtec.cat\/iticbcn\/linstitut\/organigrama\/\" title=\"Read Organigrama\">Llegeix m\u00e9s\u00bb<\/a><\/p>\n","protected":false},"author":1,"featured_media":0,"parent":19,"menu_order":20,"comment_status":"closed","ping_status":"closed","template":"page-templates\/side-menu.php","meta":{"_bbp_topic_count":0,"_bbp_reply_count":0,"_bbp_total_topic_count":0,"_bbp_total_reply_count":0,"_bbp_voice_count":0,"_bbp_anonymous_reply_count":0,"_bbp_topic_count_hidden":0,"_bbp_reply_count_hidden":0,"_bbp_forum_subforum_count":0,"footnotes":""},"class_list":["post-46","page","type-page","status-publish","hentry"],"post_mailing_queue_ids":[],"_links":{"self":[{"href":"https:\/\/agora.xtec.cat\/iticbcn\/wp-json\/wp\/v2\/pages\/46","targetHints":{"allow":["GET"]}}],"collection":[{"href":"https:\/\/agora.xtec.cat\/iticbcn\/wp-json\/wp\/v2\/pages"}],"about":[{"href":"https:\/\/agora.xtec.cat\/iticbcn\/wp-json\/wp\/v2\/types\/page"}],"author":[{"embeddable":true,"href":"https:\/\/agora.xtec.cat\/iticbcn\/wp-json\/wp\/v2\/users\/1"}],"replies":[{"embeddable":true,"href":"https:\/\/agora.xtec.cat\/iticbcn\/wp-json\/wp\/v2\/comments?post=46"}],"version-history":[{"count":7,"href":"https:\/\/agora.xtec.cat\/iticbcn\/wp-json\/wp\/v2\/pages\/46\/revisions"}],"predecessor-version":[{"id":2272,"href":"https:\/\/agora.xtec.cat\/iticbcn\/wp-json\/wp\/v2\/pages\/46\/revisions\/2272"}],"up":[{"embeddable":true,"href":"https:\/\/agora.xtec.cat\/iticbcn\/wp-json\/wp\/v2\/pages\/19"}],"wp:attachment":[{"href":"https:\/\/agora.xtec.cat\/iticbcn\/wp-json\/wp\/v2\/media?parent=46"}],"curies":[{"name":"wp","href":"https:\/\/api.w.org\/{rel}","templated":true}]}}