{"id":43,"date":"2014-09-17T16:45:07","date_gmt":"2014-09-17T16:45:07","guid":{"rendered":"http:\/\/agora.xtec.cat\/iticbcn\/?page_id=43"},"modified":"2023-12-01T13:28:15","modified_gmt":"2023-12-01T12:28:15","slug":"consell-escolar","status":"publish","type":"page","link":"https:\/\/agora.xtec.cat\/iticbcn\/linstitut\/consell-escolar\/","title":{"rendered":"Consell Escolar"},"content":{"rendered":"<p>El Consell Escolar \u00e9s\u00a0<b>l\u2019\u00f2rgan col\u00b7legiat de participaci\u00f3 de la comunitat escolar en el govern del centre<\/b>. En el consell escolar hi ha representats tots els col\u00b7lectius que intervenen en la comunitat educativa i per aquesta ra\u00f3 \u00e9s molt important participar activament en l\u2019elecci\u00f3 dels seus membres.<\/p>\n<p>En el cas de l\u2019<b>Institut TIC de Barcelona<\/b>\u00a0la <strong>composici\u00f3<\/strong> del Consell Escolar \u00e9s la seg\u00fcent:<\/p>\n<ul>\n<li aria-level=\"1\"><strong>La<\/strong> persona que exerceix la direcci\u00f3 del centre.<\/li>\n<li aria-level=\"1\"><strong>La<\/strong> persona que exerceix el c\u00e0rrec de cap d\u2019estudis.<\/li>\n<li aria-level=\"1\"><strong>Una<\/strong> persona designada per <strong>l\u2019Ajuntament<\/strong> de Barcelona.<\/li>\n<li aria-level=\"1\"><strong>Una<\/strong> persona representant del <strong>PAS<\/strong>.<\/li>\n<li aria-level=\"1\"><strong>Cinc<\/strong> persones representants del <strong>claustre<\/strong> del professorat.<\/li>\n<li aria-level=\"1\"><strong>Tres<\/strong> persones representants de <strong>l\u2019alumnat<\/strong> del centre.<\/li>\n<li aria-level=\"1\"><strong>Dues<\/strong> persones representants dels <strong>responsables de l\u2019alumnat menor d\u2019edat<\/strong> (mares, pares, tutors\/res legals). En el sup\u00f2sit que es constitueixen al centre associacions d\u2019AFA l\u2019associaci\u00f3 m\u00e9s representativa, d\u2019acord amb el seu nombre d\u2019associats, designaria una d\u2019aquestes representants.<\/li>\n<li aria-level=\"1\">La persona que exerceix el c\u00e0rrec de la Secretari\/\u00e0ria del centre exercir\u00e0 el c\u00e0rrec de Secretari\/\u00e0ria del Consell (amb veu per\u00f2 sense vot); responsable de la redacci\u00f3 i l\u2019aixecament de les actes de les sessions.<\/li>\n<\/ul>\n<p><strong>Funcions<\/strong><\/p>\n<p>Corresponen al consell escolar les funcions seg\u00fcents:<\/p>\n<ul>\n<li>Aprovar el projecte educatiu i les modificacions corresponents per una majoria de tres cinquenes parts dels membres.<\/li>\n<li>Aprovar la programaci\u00f3 general anual del centre i avaluar-ne el desenvolupament i els resultats.<\/li>\n<li>Aprovar les propostes d&#8217;acords de corresponsabilitat, convenis i altres acords de col\u00b7laboraci\u00f3 del centre amb entitats o institucions.<\/li>\n<li>Aprovar les normes d&#8217;organitzaci\u00f3 i funcionament i les modificacions corresponents.<\/li>\n<li>Aprovar la carta de comprom\u00eds educatiu.<\/li>\n<li>Aprovar el pressupost del centre i el rendiment de comptes.<\/li>\n<li>Intervenir en el procediment d&#8217;admissi\u00f3 d&#8217;alumnes.<\/li>\n<li>Participar en el procediment de selecci\u00f3 i en la proposta de cessament del director o directora.<\/li>\n<li>Intervenir en la resoluci\u00f3 dels conflictes i, si escau, revisar les sancions als alumnes.<\/li>\n<li>Aprovar les directrius per a la programaci\u00f3 d&#8217;activitats escolars complement\u00e0ries i d&#8217;activitats extraescolars, i avaluar-ne el desenvolupament.<\/li>\n<li>Participar en les an\u00e0lisis i les avaluacions del funcionament general del centre i con\u00e8ixer l&#8217;evoluci\u00f3 del rendiment escolar.<\/li>\n<li>Aprovar els criteris de col\u00b7laboraci\u00f3 amb altres centres i amb l&#8217;entorn.<\/li>\n<li>Qualsevol altra que li sigui atribu\u00efda per les normes legals o reglament\u00e0ries.<\/li>\n<\/ul>\n","protected":false},"excerpt":{"rendered":"<p>El Consell Escolar \u00e9s\u00a0l\u2019\u00f2rgan col\u00b7legiat de participaci\u00f3 de la comunitat escolar en el govern del centre. En el consell escolar hi ha representats tots els col\u00b7lectius que intervenen en la comunitat educativa i per aquesta ra\u00f3 \u00e9s molt important participar activament en l\u2019elecci\u00f3 dels seus&hellip;  <a href=\"https:\/\/agora.xtec.cat\/iticbcn\/linstitut\/consell-escolar\/\" title=\"Read Consell Escolar\">Llegeix m\u00e9s\u00bb<\/a><\/p>\n","protected":false},"author":1,"featured_media":0,"parent":19,"menu_order":40,"comment_status":"closed","ping_status":"closed","template":"page-templates\/side-menu.php","meta":{"_bbp_topic_count":0,"_bbp_reply_count":0,"_bbp_total_topic_count":0,"_bbp_total_reply_count":0,"_bbp_voice_count":0,"_bbp_anonymous_reply_count":0,"_bbp_topic_count_hidden":0,"_bbp_reply_count_hidden":0,"_bbp_forum_subforum_count":0,"footnotes":""},"class_list":["post-43","page","type-page","status-publish","hentry"],"post_mailing_queue_ids":[],"_links":{"self":[{"href":"https:\/\/agora.xtec.cat\/iticbcn\/wp-json\/wp\/v2\/pages\/43","targetHints":{"allow":["GET"]}}],"collection":[{"href":"https:\/\/agora.xtec.cat\/iticbcn\/wp-json\/wp\/v2\/pages"}],"about":[{"href":"https:\/\/agora.xtec.cat\/iticbcn\/wp-json\/wp\/v2\/types\/page"}],"author":[{"embeddable":true,"href":"https:\/\/agora.xtec.cat\/iticbcn\/wp-json\/wp\/v2\/users\/1"}],"replies":[{"embeddable":true,"href":"https:\/\/agora.xtec.cat\/iticbcn\/wp-json\/wp\/v2\/comments?post=43"}],"version-history":[{"count":5,"href":"https:\/\/agora.xtec.cat\/iticbcn\/wp-json\/wp\/v2\/pages\/43\/revisions"}],"predecessor-version":[{"id":953,"href":"https:\/\/agora.xtec.cat\/iticbcn\/wp-json\/wp\/v2\/pages\/43\/revisions\/953"}],"up":[{"embeddable":true,"href":"https:\/\/agora.xtec.cat\/iticbcn\/wp-json\/wp\/v2\/pages\/19"}],"wp:attachment":[{"href":"https:\/\/agora.xtec.cat\/iticbcn\/wp-json\/wp\/v2\/media?parent=43"}],"curies":[{"name":"wp","href":"https:\/\/api.w.org\/{rel}","templated":true}]}}