{"id":3603,"date":"2026-05-07T13:22:10","date_gmt":"2026-05-07T11:22:10","guid":{"rendered":"https:\/\/agora.xtec.cat\/iticbcn\/?page_id=3603"},"modified":"2026-05-07T13:24:32","modified_gmt":"2026-05-07T11:24:32","slug":"ce-cloud","status":"publish","type":"page","link":"https:\/\/agora.xtec.cat\/iticbcn\/projecte-educatiu\/ce-cloud\/","title":{"rendered":"CE en Recursos i Serveis en el N\u00favol"},"content":{"rendered":"\n<p><strong>Qu\u00e8 estudiar\u00e9?<\/strong><\/p>\n\n\n\n<p>La compet\u00e8ncia general d&#8217;aquest curs d&#8217;especialitzaci\u00f3 consisteix a desplegar i administrar infraestructura en plataformes en el n\u00favol, gestionant recursos i serveis com ara computaci\u00f3, xarxa i comunicacions entre equips locals i sistemes en el n\u00favol, emmagatzematge d&#8217;informaci\u00f3 i bases de dades, automatitzant processos quan calgui, en condicions de ciberseguretat, complint la normativa aplicable en mat\u00e8ria de protecci\u00f3 de dades i propietat intel\u00b7lectual i industrial i la normativa vigent aplicable en mat\u00e8ria de prevenci\u00f3 de riscos laborals, aix\u00ed com els est\u00e0ndards de qualitat.<\/p>\n\n\n\n<p><strong>En quin horari?<\/strong><\/p>\n\n\n\n<p>El curs d&#8217;especialitzaci\u00f3 s&#8217;impartir\u00e0 en horari de tarda, a partir de les 17:00 h.<\/p>\n\n\n\n<p><strong>Objectius<\/strong><\/p>\n\n\n\n<p>Els objectius generals d&#8217;aquest curs s\u00f3n els seg\u00fcents:<\/p>\n\n\n\n<ul class=\"wp-block-list\">\n<li>Desplegar i configurar inicialment serveis en el n\u00favol, seleccionant la plataforma i els components m\u00e9s adequats segons les necessitats del projecte.<\/li>\n\n\n\n<li>Administrar recursos de computaci\u00f3 en el n\u00favol, garantint-ne el rendiment, la disponibilitat i l&#8217;escalabilitat.<\/li>\n\n\n\n<li>Administrar bases de dades i sistemes d&#8217;emmagatzematge d&#8217;informaci\u00f3 en entorns cloud.<\/li>\n\n\n\n<li>Administrar xarxes i comunicacions entre equips locals i sistemes en el n\u00favol, assegurant la connectivitat i la seguretat.<\/li>\n\n\n\n<li>Desplegar serveis administrats en el n\u00favol, automatitzant processos i optimitzant la gesti\u00f3 operativa.<\/li>\n\n\n\n<li>Aplicar mesures de ciberseguretat en el desplegament i administraci\u00f3 de recursos i serveis en el n\u00favol.<\/li>\n\n\n\n<li>Complir la normativa aplicable en mat\u00e8ria de protecci\u00f3 de dades i propietat intel\u00b7lectual i industrial en l&#8217;administraci\u00f3 de sistemes cloud.<\/li>\n\n\n\n<li>Aplicar la normativa vigent en mat\u00e8ria de prevenci\u00f3 de riscos laborals i est\u00e0ndards de qualitat en l&#8217;activitat professional.<\/li>\n\n\n\n<li>Adaptar-se a les noves situacions laborals originades per canvis tecnol\u00f2gics i organitzatius en la seva activitat laboral.<\/li>\n\n\n\n<li>Complir les tasques pr\u00f2pies del seu nivell amb autonomia i responsabilitat, efectuades de manera individual o com a membre d&#8217;un equip de treball.<\/li>\n\n\n\n<li>Comunicar-se efica\u00e7ment, respectant l&#8217;autonomia i la compet\u00e8ncia de les persones que intervenen en el seu \u00e0mbit de treball.<\/li>\n\n\n\n<li>Complir les normes de qualitat, d&#8217;accessibilitat universal i de disseny per a tothom que afecten la seva activitat professional.<\/li>\n\n\n\n<li>Actuar amb esperit emprenedor i iniciativa personal en l&#8217;elecci\u00f3 o aplicaci\u00f3 dels procediments de la seva activitat professional.<\/li>\n\n\n\n<li>Exercir els seus drets i complir amb les obligacions derivades de la seva activitat professional, d&#8217;acord amb el que estableix la legislaci\u00f3 vigent, participant activament en la vida econ\u00f2mica, social i cultural.<\/li>\n<\/ul>\n\n\n\n<p><strong>Estructura<\/strong><\/p>\n\n\n\n<p>Pla d&#8217;estudis<\/p>\n\n\n\n<ul class=\"wp-block-list\">\n<li>MP5160. Fonaments i configuraci\u00f3 inicial de serveis en el n\u00favol.<\/li>\n\n\n\n<li>MP5161. Administraci\u00f3 de recursos de computaci\u00f3 en el n\u00favol.<\/li>\n\n\n\n<li>MP5162. Administraci\u00f3 de bases de dades i emmagatzematge en el n\u00favol.<\/li>\n\n\n\n<li>MP5163. Administraci\u00f3 de xarxes en el n\u00favol.<\/li>\n\n\n\n<li>MP5164. Desplegament de serveis administrats en el n\u00favol.<\/li>\n<\/ul>\n\n\n\n<p>Durada total: 700 hores.<\/p>\n\n\n\n<p>Titulacions que donen acc\u00e9s<\/p>\n\n\n\n<ul class=\"wp-block-list\">\n<li>CFPS ICA0 Administraci\u00f3 de Sistemes Inform\u00e0tics en Xarxa<\/li>\n\n\n\n<li>CFPS ICB0 Desenvolupament d&#8217;Aplicacions Multiplataforma<\/li>\n\n\n\n<li>CFPS ICC0 Desenvolupament d&#8217;Aplicacions Web<\/li>\n\n\n\n<li>CFPS EEB0 Automatitzaci\u00f3 i Rob\u00f2tica Industrial<\/li>\n\n\n\n<li>CFPS EEC0 Manteniment Electr\u00f2nic<\/li>\n\n\n\n<li>CFPS EED0 Sistemes de Telecomunicacions i Inform\u00e0tics<\/li>\n\n\n\n<li>CFPS IMC0 Mecatr\u00f2nica Industrial<\/li>\n\n\n\n<li>CFPS FMD0 Programaci\u00f3 de la Producci\u00f3 en Fabricaci\u00f3 Mec\u00e0nica<\/li>\n<\/ul>\n\n\n\n<p><\/p>\n","protected":false},"excerpt":{"rendered":"<p>Qu\u00e8 estudiar\u00e9?<\/p>\n<p>La compet\u00e8ncia general d&#8217;aquest curs d&#8217;especialitzaci\u00f3 consisteix a desplegar i administrar infraestructura en plataformes en el n\u00favol, gestionant recursos i serveis com ara computaci\u00f3, xarxa i comunicacions entre equips locals i sistemes en el n\u00favol, emmagatzematge d&#8217;informaci\u00f3 i bases de dades, automatitzant processos quan&hellip;  <a href=\"https:\/\/agora.xtec.cat\/iticbcn\/projecte-educatiu\/ce-cloud\/\" title=\"Read CE en Recursos i Serveis en el N\u00favol\">Llegeix m\u00e9s\u00bb<\/a><\/p>\n","protected":false},"author":4,"featured_media":0,"parent":57,"menu_order":0,"comment_status":"closed","ping_status":"closed","template":"","meta":{"_bbp_topic_count":0,"_bbp_reply_count":0,"_bbp_total_topic_count":0,"_bbp_total_reply_count":0,"_bbp_voice_count":0,"_bbp_anonymous_reply_count":0,"_bbp_topic_count_hidden":0,"_bbp_reply_count_hidden":0,"_bbp_forum_subforum_count":0,"footnotes":""},"class_list":["post-3603","page","type-page","status-publish","hentry"],"post_mailing_queue_ids":[],"_links":{"self":[{"href":"https:\/\/agora.xtec.cat\/iticbcn\/wp-json\/wp\/v2\/pages\/3603","targetHints":{"allow":["GET"]}}],"collection":[{"href":"https:\/\/agora.xtec.cat\/iticbcn\/wp-json\/wp\/v2\/pages"}],"about":[{"href":"https:\/\/agora.xtec.cat\/iticbcn\/wp-json\/wp\/v2\/types\/page"}],"author":[{"embeddable":true,"href":"https:\/\/agora.xtec.cat\/iticbcn\/wp-json\/wp\/v2\/users\/4"}],"replies":[{"embeddable":true,"href":"https:\/\/agora.xtec.cat\/iticbcn\/wp-json\/wp\/v2\/comments?post=3603"}],"version-history":[{"count":4,"href":"https:\/\/agora.xtec.cat\/iticbcn\/wp-json\/wp\/v2\/pages\/3603\/revisions"}],"predecessor-version":[{"id":3657,"href":"https:\/\/agora.xtec.cat\/iticbcn\/wp-json\/wp\/v2\/pages\/3603\/revisions\/3657"}],"up":[{"embeddable":true,"href":"https:\/\/agora.xtec.cat\/iticbcn\/wp-json\/wp\/v2\/pages\/57"}],"wp:attachment":[{"href":"https:\/\/agora.xtec.cat\/iticbcn\/wp-json\/wp\/v2\/media?parent=3603"}],"curies":[{"name":"wp","href":"https:\/\/api.w.org\/{rel}","templated":true}]}}