{"id":3429,"date":"2026-02-13T14:49:27","date_gmt":"2026-02-13T13:49:27","guid":{"rendered":"https:\/\/agora.xtec.cat\/iticbcn\/?page_id=3429"},"modified":"2026-02-23T15:54:51","modified_gmt":"2026-02-23T14:54:51","slug":"mobilitat-alumnat-grau-mitja","status":"publish","type":"page","link":"https:\/\/agora.xtec.cat\/iticbcn\/international-mobility\/mobilitat-alumnat-grau-mitja\/","title":{"rendered":"Mobilitat d&#8217;alumnat GM i PFI"},"content":{"rendered":"<h3>Criteris de selecci\u00f3 d\u2019alumnat \u2013 Beques Erasmus+ VET KA121<\/h3>\n<ul>\n<li><span style=\"font-weight: 400;\">Les beques Erasmus+ s\u00f3n una ajuda econ\u00f2mica per dur a terme una estada formativa a l\u2019estranger, per la qual cosa, nom\u00e9s l\u2019alumnat que compleixi amb els requisits obligatoris pot sol\u00b7licitar-les.<\/span><\/li>\n<li style=\"font-weight: 400;\" aria-level=\"1\"><span style=\"font-weight: 400;\">Amb l\u2019objectiu d\u2019obtenir una previsi\u00f3 de l\u2019aprofitament de les estades, es far\u00e0 una valoraci\u00f3 pr\u00e8via basant-se en els seg\u00fcents criteris.\u00a0<\/span><\/li>\n<li style=\"font-weight: 400;\" aria-level=\"1\"><span style=\"font-weight: 400;\">Per optar a una beca Erasmus+ cal complir amb tots els requisits obligatoris i no haver rebut mai un expedient disciplinari.<\/span><\/li>\n<\/ul>\n<table style=\"width: 100%; height: 1002px;\">\n<tbody>\n<tr style=\"height: 23px;\">\n<td style=\"height: 23px;\"><b>Criteri<\/b><\/td>\n<td style=\"height: 23px;\" colspan=\"2\"><b>Concepte<\/b><\/td>\n<\/tr>\n<tr style=\"height: 23px;\">\n<td style=\"height: 23px;\"><b>1<\/b><\/td>\n<td style=\"height: 23px;\" colspan=\"2\"><b>Formaci\u00f3 en idiomes<\/b><\/td>\n<\/tr>\n<tr style=\"height: 23px;\">\n<td style=\"height: 184px;\" rowspan=\"8\">\u00a0<\/td>\n<td style=\"height: 23px;\"><b>Cal aportar titulaci\u00f3 oficial<\/b><\/td>\n<td style=\"height: 23px;\"><b>Puntuaci\u00f3<\/b><\/td>\n<\/tr>\n<tr style=\"height: 23px;\">\n<td style=\"height: 23px;\"><span style=\"font-weight: 400;\">nivell C1 del pa\u00eds de dest\u00ed<\/span><\/td>\n<td style=\"height: 23px;\"><span style=\"font-weight: 400;\">4 punts<\/span><\/td>\n<\/tr>\n<tr style=\"height: 23px;\">\n<td style=\"height: 23px;\"><span style=\"font-weight: 400;\">nivell B2 del pa\u00eds de dest\u00ed<\/span><\/td>\n<td style=\"height: 23px;\"><span style=\"font-weight: 400;\">3 punts<\/span><\/td>\n<\/tr>\n<tr style=\"height: 23px;\">\n<td style=\"height: 23px;\"><span style=\"font-weight: 400;\">nivell B1 del pa\u00eds de dest\u00ed\u00a0<\/span><\/td>\n<td style=\"height: 23px;\"><span style=\"font-weight: 400;\">2 punts<\/span><\/td>\n<\/tr>\n<tr style=\"height: 23px;\">\n<td style=\"height: 23px;\"><span style=\"font-weight: 400;\">nivell C1 angl\u00e8s (si no \u00e9s idioma pa\u00eds dest\u00ed)<\/span><\/td>\n<td style=\"height: 23px;\"><span style=\"font-weight: 400;\">3 punts<\/span><\/td>\n<\/tr>\n<tr style=\"height: 23px;\">\n<td style=\"height: 23px;\"><span style=\"font-weight: 400;\">nivell B2 angl\u00e8s (si no \u00e9s idioma pa\u00eds dest\u00ed)<\/span><\/td>\n<td style=\"height: 23px;\"><span style=\"font-weight: 400;\">2 punts<\/span><\/td>\n<\/tr>\n<tr style=\"height: 23px;\">\n<td style=\"height: 23px;\"><strong>nivell B1 angl\u00e8s o superar una prova interna<\/strong><\/td>\n<td style=\"height: 23px;\"><b>1 punt i requisit obligatori<\/b><\/td>\n<\/tr>\n<tr style=\"height: 23px;\">\n<td style=\"height: 23px;\">0,5 punts nivell B1 de qualsevol idioma\u00a0<\/td>\n<td style=\"height: 23px;\"><span style=\"font-weight: 400;\">de 0 a 1 punt (m\u00e0x 1 punt en total)<\/span><\/td>\n<\/tr>\n<tr style=\"height: 23px;\">\n<td style=\"height: 23px;\"><b>2<\/b><\/td>\n<td style=\"height: 23px;\" colspan=\"2\"><b>Altres estudis realitzats i finalitzats<\/b><\/td>\n<\/tr>\n<tr style=\"height: 23px;\">\n<td style=\"height: 92px;\" rowspan=\"4\">\u00a0<\/td>\n<td style=\"height: 23px;\"><b>Cal aportar titulaci\u00f3 oficial<\/b><\/td>\n<td style=\"height: 23px;\"><b>Puntuaci\u00f3<\/b><\/td>\n<\/tr>\n<tr style=\"height: 23px;\">\n<td style=\"height: 23px;\"><span style=\"font-weight: 400;\">estudis universitaris<\/span><\/td>\n<td style=\"height: 23px;\"><span style=\"font-weight: 400;\">2 punts<\/span><\/td>\n<\/tr>\n<tr style=\"height: 23px;\">\n<td style=\"height: 23px;\"><span style=\"font-weight: 400;\">t\u00edtol de CFGS<\/span><\/td>\n<td style=\"height: 23px;\"><span style=\"font-weight: 400;\">1 punt<\/span><\/td>\n<\/tr>\n<tr style=\"height: 23px;\">\n<td style=\"height: 23px;\"><span style=\"font-weight: 400;\">0,5 punts t\u00edtol CFGM<\/span><\/td>\n<td style=\"height: 23px;\"><span style=\"font-weight: 400;\">0,5 punt<\/span><\/td>\n<\/tr>\n<tr style=\"height: 23px;\">\n<td style=\"height: 23px;\"><b>3<\/b><\/td>\n<td style=\"height: 23px;\" colspan=\"2\"><b>Experi\u00e8ncia professional<\/b><\/td>\n<\/tr>\n<tr style=\"height: 23px;\">\n<td style=\"height: 289px;\" rowspan=\"3\">\u00a0<\/td>\n<td style=\"height: 23px;\"><b>Cal aportar l\u2019informe de vida laboral<\/b><\/td>\n<td style=\"height: 23px;\"><b>Puntuaci\u00f3<\/b><\/td>\n<\/tr>\n<tr style=\"height: 133px;\">\n<td style=\"height: 133px;\"><span style=\"font-weight: 400;\">Si t\u00e9 relaci\u00f3 amb els estudis actuals<\/span><\/td>\n<td style=\"height: 133px;\">\n<ul>\n<li style=\"font-weight: 400;\" aria-level=\"1\"><span style=\"font-weight: 400;\">2 punts\/any<\/span><\/li>\n<li style=\"font-weight: 400;\" aria-level=\"1\"><span style=\"font-weight: 400;\">0,1666 punts\/mes<\/span><\/li>\n<li style=\"font-weight: 400;\" aria-level=\"1\"><span style=\"font-weight: 400;\">M\u00e0xim 4 punts<\/span><\/li>\n<\/ul>\n<\/td>\n<\/tr>\n<tr style=\"height: 133px;\">\n<td style=\"height: 133px;\"><span style=\"font-weight: 400;\">Si no t\u00e9 relaci\u00f3 amb els estudis actuals<\/span><\/td>\n<td style=\"height: 133px;\">\n<ul>\n<li style=\"font-weight: 400;\" aria-level=\"1\"><span style=\"font-weight: 400;\">1 punt\/any<\/span><\/li>\n<li style=\"font-weight: 400;\" aria-level=\"1\"><span style=\"font-weight: 400;\">0,0833 punts\/mes\u00a0<\/span><\/li>\n<li style=\"font-weight: 400;\" aria-level=\"1\"><span style=\"font-weight: 400;\">M\u00e0xim 2 punts<\/span><\/li>\n<\/ul>\n<\/td>\n<\/tr>\n<tr style=\"height: 23px;\">\n<td style=\"height: 23px;\"><b>4<\/b><\/td>\n<td style=\"height: 23px;\" colspan=\"2\"><b>Informe de l\u2019equip docent \/ implicaci\u00f3<\/b><\/td>\n<\/tr>\n<tr style=\"height: 23px;\">\n<td style=\"height: 161px;\" rowspan=\"7\">\u00a0<\/td>\n<td style=\"height: 23px;\">\u00a0<\/td>\n<td style=\"height: 23px;\">\u00a0<\/td>\n<\/tr>\n<tr style=\"height: 23px;\">\n<td style=\"height: 23px;\"><b>Informe negatiu d\u2019incid\u00e8ncies<\/b><\/td>\n<td style=\"height: 23px;\"><b>requisit obligatori<\/b><\/td>\n<\/tr>\n<tr style=\"height: 23px;\">\n<td style=\"height: 23px;\"><span style=\"font-weight: 400;\">Iniciativa i participaci\u00f3 activa a classe<\/span><\/td>\n<td style=\"height: 23px;\"><span style=\"font-weight: 400;\">de 0 a 1 punt<\/span><\/td>\n<\/tr>\n<tr style=\"height: 23px;\">\n<td style=\"height: 23px;\"><b>Curr\u00edculum vitae amb format Europass<\/b><\/td>\n<td style=\"height: 23px;\"><b>requisit obligatori<\/b><\/td>\n<\/tr>\n<tr style=\"height: 23px;\">\n<td style=\"height: 23px;\"><span style=\"font-weight: 400;\">Entrevista amb l\u2019equip docent.<\/span><\/td>\n<td style=\"height: 23px;\"><span style=\"font-weight: 400;\">de 0 a 1 punt<\/span><\/td>\n<\/tr>\n<tr style=\"height: 23px;\">\n<td style=\"height: 23px;\"><span style=\"font-weight: 400;\">Empresa confirmada per dur a terme la FCT.<\/span><\/td>\n<td style=\"height: 23px;\"><span style=\"font-weight: 400;\">2 punts<\/span><\/td>\n<\/tr>\n<tr style=\"height: 23px;\">\n<td style=\"height: 23px;\"><b>Expedient acad\u00e8mic del 1r curs<\/b><\/td>\n<td style=\"height: 23px;\" colspan=\"2\"><b>Expedient acad\u00e8mic del 1r curs<\/b><\/td>\n<\/tr>\n<tr style=\"height: 23px;\">\n<td style=\"height: 92px;\" rowspan=\"4\">\u00a0<\/td>\n<td style=\"height: 23px;\"><b>Cal aportar el butllet\u00ed de notes de primer<\/b><\/td>\n<td style=\"height: 23px;\"><b>Puntuaci\u00f3<\/b><\/td>\n<\/tr>\n<tr style=\"height: 23px;\">\n<td style=\"height: 23px;\"><span style=\"font-weight: 400;\">tots els m\u00f2duls aprovats i mitjana notes &gt;= 8<\/span><\/td>\n<td style=\"height: 23px;\"><span style=\"font-weight: 400;\">4 punts<\/span><\/td>\n<\/tr>\n<tr style=\"height: 23px;\">\n<td style=\"height: 23px;\"><span style=\"font-weight: 400;\">tots els m\u00f2duls aprovats i mitjana notes &gt;= 7<\/span><\/td>\n<td style=\"height: 23px;\"><span style=\"font-weight: 400;\">2 punts<\/span><\/td>\n<\/tr>\n<tr style=\"height: 23px;\">\n<td style=\"height: 23px;\"><strong>tots els m\u00f2duls aprovats i mitjana notes &gt;= 6<\/strong><\/td>\n<td style=\"height: 23px;\"><b>requisit obligatori.<\/b><\/td>\n<\/tr>\n<tr style=\"height: 23px;\">\n<td style=\"height: 23px;\"><b>5<\/b><\/td>\n<td style=\"height: 23px;\" colspan=\"2\"><b>Altres (a valorar si s\u2019escau per l\u2019equip docent). M\u00e0xim 1 punt<\/b><\/td>\n<\/tr>\n<tr style=\"height: 46px;\">\n<td style=\"height: 46px;\">\u00a0<\/td>\n<td style=\"height: 46px;\" colspan=\"2\"><span style=\"font-weight: 400;\">Qualsevol altre m\u00e8rit que l\u2019alumne\/a vulgui que es consideri (estudis musicals, premis esportius o d\u2019altre mena, beques, etc) acompanyat de la documentaci\u00f3 adient.<\/span><\/td>\n<\/tr>\n<\/tbody>\n<\/table>\n<p><!--nextpage--><\/p>\n\n\n<figure class=\"wp-block-image size-large is-resized\"><a href=\"https:\/\/agora.xtec.cat\/iticbcn\/wp-content\/uploads\/usu2389\/2025\/02\/EN-Co-funded-by-the-EU_PANTONE-scaled.jpg\"><img loading=\"lazy\" decoding=\"async\" width=\"1024\" height=\"215\" src=\"https:\/\/agora.xtec.cat\/iticbcn\/wp-content\/uploads\/usu2389\/2025\/02\/EN-Co-funded-by-the-EU_PANTONE-1024x215.jpg\" alt=\"Co-funded-by-the-EU\" class=\"wp-image-2356\" style=\"width:257px\" srcset=\"https:\/\/agora.xtec.cat\/iticbcn\/wp-content\/uploads\/usu2389\/2025\/02\/EN-Co-funded-by-the-EU_PANTONE-1024x215.jpg 1024w, https:\/\/agora.xtec.cat\/iticbcn\/wp-content\/uploads\/usu2389\/2025\/02\/EN-Co-funded-by-the-EU_PANTONE-300x63.jpg 300w, https:\/\/agora.xtec.cat\/iticbcn\/wp-content\/uploads\/usu2389\/2025\/02\/EN-Co-funded-by-the-EU_PANTONE-768x161.jpg 768w, https:\/\/agora.xtec.cat\/iticbcn\/wp-content\/uploads\/usu2389\/2025\/02\/EN-Co-funded-by-the-EU_PANTONE-1536x322.jpg 1536w, https:\/\/agora.xtec.cat\/iticbcn\/wp-content\/uploads\/usu2389\/2025\/02\/EN-Co-funded-by-the-EU_PANTONE-2048x430.jpg 2048w\" sizes=\"auto, (max-width: 1024px) 100vw, 1024px\" \/><\/a><\/figure>\n","protected":false},"excerpt":{"rendered":"<p>Criteris de selecci\u00f3 d\u2019alumnat \u2013 Beques Erasmus+ VET KA121<\/p>\n<ul>\n<li>Les beques Erasmus+ s\u00f3n una ajuda econ\u00f2mica per dur a terme una estada formativa a l\u2019estranger, per la qual cosa, nom\u00e9s l\u2019alumnat que compleixi amb els requisits obligatoris pot sol\u00b7licitar-les.<\/li>\n<li style=\"font-weight: 400;\" aria-level=\"1\">Amb l\u2019objectiu d\u2019obtenir una previsi\u00f3&hellip;  <a href=\"https:\/\/agora.xtec.cat\/iticbcn\/international-mobility\/mobilitat-alumnat-grau-mitja\/\" title=\"Read Mobilitat d&#8217;alumnat GM i PFI\">Llegeix m\u00e9s\u00bb<\/a><br \/>\n","protected":false},"author":116,"featured_media":0,"parent":877,"menu_order":3,"comment_status":"closed","ping_status":"closed","template":"page-templates\/side-menu.php","meta":{"_bbp_topic_count":0,"_bbp_reply_count":0,"_bbp_total_topic_count":0,"_bbp_total_reply_count":0,"_bbp_voice_count":0,"_bbp_anonymous_reply_count":0,"_bbp_topic_count_hidden":0,"_bbp_reply_count_hidden":0,"_bbp_forum_subforum_count":0,"footnotes":""},"class_list":["post-3429","page","type-page","status-publish","hentry"],"post_mailing_queue_ids":[],"_links":{"self":[{"href":"https:\/\/agora.xtec.cat\/iticbcn\/wp-json\/wp\/v2\/pages\/3429","targetHints":{"allow":["GET"]}}],"collection":[{"href":"https:\/\/agora.xtec.cat\/iticbcn\/wp-json\/wp\/v2\/pages"}],"about":[{"href":"https:\/\/agora.xtec.cat\/iticbcn\/wp-json\/wp\/v2\/types\/page"}],"author":[{"embeddable":true,"href":"https:\/\/agora.xtec.cat\/iticbcn\/wp-json\/wp\/v2\/users\/116"}],"replies":[{"embeddable":true,"href":"https:\/\/agora.xtec.cat\/iticbcn\/wp-json\/wp\/v2\/comments?post=3429"}],"version-history":[{"count":6,"href":"https:\/\/agora.xtec.cat\/iticbcn\/wp-json\/wp\/v2\/pages\/3429\/revisions"}],"predecessor-version":[{"id":3452,"href":"https:\/\/agora.xtec.cat\/iticbcn\/wp-json\/wp\/v2\/pages\/3429\/revisions\/3452"}],"up":[{"embeddable":true,"href":"https:\/\/agora.xtec.cat\/iticbcn\/wp-json\/wp\/v2\/pages\/877"}],"wp:attachment":[{"href":"https:\/\/agora.xtec.cat\/iticbcn\/wp-json\/wp\/v2\/media?parent=3429"}],"curies":[{"name":"wp","href":"https:\/\/api.w.org\/{rel}","templated":true}]}}