{"id":3413,"date":"2026-02-09T16:21:57","date_gmt":"2026-02-09T15:21:57","guid":{"rendered":"https:\/\/agora.xtec.cat\/iticbcn\/?page_id=3413"},"modified":"2026-02-09T16:22:27","modified_gmt":"2026-02-09T15:22:27","slug":"formacio-ocupacional","status":"publish","type":"page","link":"https:\/\/agora.xtec.cat\/iticbcn\/projecte-educatiu\/formacio-ocupacional\/","title":{"rendered":"FORMACI\u00d3 OCUPACIONAL"},"content":{"rendered":"\n<h1 class=\"wp-block-heading\">Muntatge i Reparaci\u00f3 de Sistemes Microinform\u00e0tics<\/h1>\n\n\n\n<p>T\u00edtol oficial del Departament de Treball<\/p>\n\n\n\n<figure class=\"wp-block-image size-full\"><a href=\"https:\/\/agora.xtec.cat\/iticbcn\/wp-content\/uploads\/usu2389\/2026\/02\/image-1.png\"><img loading=\"lazy\" decoding=\"async\" width=\"1024\" height=\"1024\" src=\"https:\/\/agora.xtec.cat\/iticbcn\/wp-content\/uploads\/usu2389\/2026\/02\/image-1.png\" alt=\"\" class=\"wp-image-3415\" srcset=\"https:\/\/agora.xtec.cat\/iticbcn\/wp-content\/uploads\/usu2389\/2026\/02\/image-1.png 1024w, https:\/\/agora.xtec.cat\/iticbcn\/wp-content\/uploads\/usu2389\/2026\/02\/image-1-300x300.png 300w, https:\/\/agora.xtec.cat\/iticbcn\/wp-content\/uploads\/usu2389\/2026\/02\/image-1-150x150.png 150w, https:\/\/agora.xtec.cat\/iticbcn\/wp-content\/uploads\/usu2389\/2026\/02\/image-1-768x768.png 768w\" sizes=\"auto, (max-width: 1024px) 100vw, 1024px\" \/><\/a><\/figure>\n\n\n\n<p>Els <a href=\"https:\/\/serveiocupacio.gencat.cat\/ca\/persones\/vull-formar-me\/certificats-professionals\/\">certificats de professionalitat<\/a> s\u00f3n documents oficials que acrediten les compet\u00e8ncies professionals i garanteixen que la persona que l\u2019obt\u00e9 t\u00e9 els coneixements, les habilitats i les aptituds per desenvolupar una activitat laboral d\u2019acord amb les exig\u00e8ncies del mercat de treball.<\/p>\n\n\n\n<p>Aquest curs volem comen\u00e7ar a implantar el certificat de professionalitat de <strong>Muntatge i reparaci\u00f3 de sistemes microinform\u00e0tics<\/strong>, un certificat professional de <strong>nivell 2<\/strong> de la fam\u00edlia professional d\u2019Inform\u00e0tica i comunicacions adre\u00e7at principalment a persones en situaci\u00f3 d\u2019atur.<\/p>\n\n\n\n<p>T\u00e9 una durada total de 545 hores distribu\u00efdes en una formaci\u00f3 t\u00e8cnica (382 hores), una formaci\u00f3 complement\u00e0ria en prevenci\u00f3 de riscos laborals i inserci\u00f3 laboral (35 hores) i una formaci\u00f3 pr\u00e0ctica en centres de treball (128 hores).<\/p>\n\n\n\n<p><strong>Pla d\u2019estudis:<\/strong><\/p>\n\n\n\n<p>M\u00f2duls professionals al centre en horari de tarda:<\/p>\n\n\n\n<ul class=\"wp-block-list\">\n<li>Muntatge d\u2019equips microinform\u00e0tics (122 hores)<\/li>\n\n\n\n<li>Instal\u00b7laci\u00f3 i configuraci\u00f3 de sistemes operatius<\/li>\n\n\n\n<li>Reparaci\u00f3 d\u2019equipament microinform\u00e0tic<\/li>\n\n\n\n<li>Formaci\u00f3 complement\u00e0ria (35 hores)<\/li>\n<\/ul>\n\n\n\n<p>Modul de formaci\u00f3 pr\u00e0ctica en centres de treball (128 hores)<\/p>\n\n\n\n<p><strong>Calendari:<\/strong><\/p>\n\n\n\n<ul class=\"wp-block-list\">\n<li>Sessi\u00f3 informativa: Per concretar<\/li>\n\n\n\n<li>Prova d\u2019acc\u00e9s: Per concretar<\/li>\n\n\n\n<li>Data d\u2019inici prevista: 9 de mar\u00e7 de 2026<\/li>\n<\/ul>\n\n\n\n<p><strong>Compet\u00e8ncia general:<\/strong><\/p>\n\n\n\n<p>Muntar, reparar i ampliar equips i components que formen un sistema microinform\u00e0tic, verificar l&#8217;abs\u00e8ncia d&#8217;interfer\u00e8ncies entre aquests i assegurar-se que funcionin; aix\u00ed mateix, reaccionar davant de les avaries de maquinari i programari detectades i aplicar procediments correctius.<\/p>\n\n\n\n<p><strong>Qualificaci\u00f3 professional de refer\u00e8ncia:<\/strong><\/p>\n\n\n\n<p>IFC298_2 Muntatge i reparaci\u00f3 de sistemes microinform\u00e0tics (Reial decret 1201\/2007, de 14 de setembre).<\/p>\n\n\n\n<p><strong>Llocs de treball relacionats:<\/strong><\/p>\n\n\n\n<ul class=\"wp-block-list\">\n<li>T\u00e8cnic\/a en sistemes microinform\u00e0tics<\/li>\n\n\n\n<li>Instal\u00b7lador d\u2019equips microinform\u00e0tics<\/li>\n\n\n\n<li>Reparador d\u2019equips microinform\u00e0tics<\/li>\n\n\n\n<li>Reparador de perif\u00e8rics de sistemas microinform\u00e0tics<\/li>\n<\/ul>\n\n\n\n<p><strong>Requisits d\u2019acc\u00e9s:<\/strong><\/p>\n\n\n\n<ul class=\"wp-block-list\">\n<li>Graduat en educaci\u00f3 secund\u00e0ria obligat\u00f2ria o equivalent a efectes d&#8217;acc\u00e9s<\/li>\n\n\n\n<li>Certificat professional de nivell 2<\/li>\n\n\n\n<li>Certificat de compet\u00e8ncia (abans m\u00f2dul formatiu) incl\u00f2s en el certificat professional a fer<\/li>\n\n\n\n<li>Certificat professional de nivell 1 de la mateixa fam\u00edlia professional<\/li>\n\n\n\n<li>Haver superat un curs de formaci\u00f3 espec\u00edfic preparatori per a l&#8217;acc\u00e9s a cicles de grau mitj\u00e0 en centres p\u00fablics o privats autoritzats per l&#8217;administraci\u00f3 educativa<\/li>\n\n\n\n<li>Haver superat una prova d&#8217;acc\u00e9s a cicles formatius de grau mitj\u00e0<\/li>\n\n\n\n<li>Estar en possessi\u00f3 del t\u00e8cnic b\u00e0sic<\/li>\n\n\n\n<li>Haver superat la prova d&#8217;acc\u00e9s a la universitat per a majors de vint-i-cinc anys i\/o de quaranta-cinc anys<\/li>\n<\/ul>\n\n\n\n<p>Si el compliment d&#8217;aquests requisits no es pot acreditar documentalment, es podr\u00e0 accedir si s&#8217;han superat les proves d&#8217;avaluaci\u00f3 de les compet\u00e8ncies clau de nivell 2 o 3 depenent al nivell de qualificaci\u00f3 del certificat professional al qual es vol accedir.<\/p>\n\n\n\n<p><strong>M\u00e9s informaci\u00f3:&nbsp;<\/strong><\/p>\n\n\n\n<p>Portal web de <a href=\"https:\/\/treball.barcelonactiva.cat\/es\/certificats-professionals?p_p_id=cat_barcelonactiva_treball_activities_code_TreballActivitiesByCodePortlet_INSTANCE_mDwSPO2FeLq7&amp;p_p_lifecycle=2&amp;p_p_state=normal&amp;p_p_mode=view&amp;p_p_resource_id=downloadDocs&amp;p_p_cacheability=cacheLevelPage&amp;_cat_barcelonactiva_treball_activities_code_TreballActivitiesByCodePortlet_INSTANCE_mDwSPO2FeLq7_id=1053354\">barcelona activa<\/a><\/p>\n\n\n\n<p>Contacta amb:&nbsp;<\/p>\n\n\n\n<ul class=\"wp-block-list\">\n<li><a href=\"mailto:formacio@barcelonaactiva.cat\">formacio@barcelonaactiva.cat<\/a><\/li>\n\n\n\n<li><a href=\"mailto:jordi.quesada@iticbcn.cat\">jordi.quesada@iticbcn.cat<\/a>\u00a0<\/li>\n<\/ul>\n\n\n\n<figure class=\"wp-block-image size-large\"><a href=\"https:\/\/agora.xtec.cat\/iticbcn\/wp-content\/uploads\/usu2389\/2026\/02\/image.png\"><img loading=\"lazy\" decoding=\"async\" width=\"1024\" height=\"106\" src=\"https:\/\/agora.xtec.cat\/iticbcn\/wp-content\/uploads\/usu2389\/2026\/02\/image-1024x106.png\" alt=\"\" class=\"wp-image-3414\" srcset=\"https:\/\/agora.xtec.cat\/iticbcn\/wp-content\/uploads\/usu2389\/2026\/02\/image-1024x106.png 1024w, https:\/\/agora.xtec.cat\/iticbcn\/wp-content\/uploads\/usu2389\/2026\/02\/image-300x31.png 300w, https:\/\/agora.xtec.cat\/iticbcn\/wp-content\/uploads\/usu2389\/2026\/02\/image-768x79.png 768w, https:\/\/agora.xtec.cat\/iticbcn\/wp-content\/uploads\/usu2389\/2026\/02\/image-1536x158.png 1536w, https:\/\/agora.xtec.cat\/iticbcn\/wp-content\/uploads\/usu2389\/2026\/02\/image.png 1600w\" sizes=\"auto, (max-width: 1024px) 100vw, 1024px\" \/><\/a><\/figure>\n","protected":false},"excerpt":{"rendered":"<p>Muntatge i Reparaci\u00f3 de Sistemes Microinform\u00e0tics<\/p>\n<p>T\u00edtol oficial del Departament de Treball<\/p>\n<p><a href=\"https:\/\/agora.xtec.cat\/iticbcn\/wp-content\/uploads\/usu2389\/2026\/02\/image-1.png\"><\/a><\/p>\n<p>Els <a href=\"https:\/\/serveiocupacio.gencat.cat\/ca\/persones\/vull-formar-me\/certificats-professionals\/\">certificats de professionalitat<\/a> s\u00f3n documents oficials que acrediten les compet\u00e8ncies professionals i garanteixen que la persona que l\u2019obt\u00e9 t\u00e9 els coneixements, les habilitats i les aptituds per desenvolupar una activitat laboral d\u2019acord&hellip;  <a href=\"https:\/\/agora.xtec.cat\/iticbcn\/projecte-educatiu\/formacio-ocupacional\/\" title=\"Read FORMACI\u00d3 OCUPACIONAL\">Llegeix m\u00e9s\u00bb<\/a><\/p>\n","protected":false},"author":4,"featured_media":0,"parent":57,"menu_order":0,"comment_status":"closed","ping_status":"close","template":"page-templates\/side-menu.php","meta":{"_bbp_topic_count":0,"_bbp_reply_count":0,"_bbp_total_topic_count":0,"_bbp_total_reply_count":0,"_bbp_voice_count":0,"_bbp_anonymous_reply_count":0,"_bbp_topic_count_hidden":0,"_bbp_reply_count_hidden":0,"_bbp_forum_subforum_count":0,"footnotes":""},"class_list":["post-3413","page","type-page","status-publish","hentry"],"post_mailing_queue_ids":[],"_links":{"self":[{"href":"https:\/\/agora.xtec.cat\/iticbcn\/wp-json\/wp\/v2\/pages\/3413","targetHints":{"allow":["GET"]}}],"collection":[{"href":"https:\/\/agora.xtec.cat\/iticbcn\/wp-json\/wp\/v2\/pages"}],"about":[{"href":"https:\/\/agora.xtec.cat\/iticbcn\/wp-json\/wp\/v2\/types\/page"}],"author":[{"embeddable":true,"href":"https:\/\/agora.xtec.cat\/iticbcn\/wp-json\/wp\/v2\/users\/4"}],"replies":[{"embeddable":true,"href":"https:\/\/agora.xtec.cat\/iticbcn\/wp-json\/wp\/v2\/comments?post=3413"}],"version-history":[{"count":1,"href":"https:\/\/agora.xtec.cat\/iticbcn\/wp-json\/wp\/v2\/pages\/3413\/revisions"}],"predecessor-version":[{"id":3416,"href":"https:\/\/agora.xtec.cat\/iticbcn\/wp-json\/wp\/v2\/pages\/3413\/revisions\/3416"}],"up":[{"embeddable":true,"href":"https:\/\/agora.xtec.cat\/iticbcn\/wp-json\/wp\/v2\/pages\/57"}],"wp:attachment":[{"href":"https:\/\/agora.xtec.cat\/iticbcn\/wp-json\/wp\/v2\/media?parent=3413"}],"curies":[{"name":"wp","href":"https:\/\/api.w.org\/{rel}","templated":true}]}}