{"id":3378,"date":"2026-01-09T11:52:44","date_gmt":"2026-01-09T10:52:44","guid":{"rendered":"https:\/\/agora.xtec.cat\/iticbcn\/?page_id=3378"},"modified":"2026-02-19T13:35:26","modified_gmt":"2026-02-19T12:35:26","slug":"criteris-dhomologacio-de-proveidors-nous","status":"publish","type":"page","link":"https:\/\/agora.xtec.cat\/iticbcn\/linstitut\/criteris-dhomologacio-de-proveidors-nous\/","title":{"rendered":"Criteris d\u2019homologaci\u00f3 de prove\u00efdors nous"},"content":{"rendered":"\n<p>Tots els prove\u00efdors nous, dels quals la facturaci\u00f3 anual previsible sigui superior a 3.000 \u20ac, hauran de ser objecte del procediment d\u2019homologaci\u00f3.<\/p>\n\n\n\n<p>Els criteris que es tindran en compte en l\u2019homologaci\u00f3 seran els seg\u00fcents:<\/p>\n\n\n\n<ul class=\"wp-block-list\">\n<li>Preus i condicions econ\u00f2miques (En refer\u00e8ncia a d\u2019altres prove\u00efdors)<\/li>\n\n\n\n<li>Facilitat compra (Proximitat f\u00edsica o accessibilitat telef\u00f2nica, e-mail, fax, web)<\/li>\n\n\n\n<li>Atenci\u00f3 al client (Inclou servei post-venda)<\/li>\n\n\n\n<li>Qualitat productes o serveis<\/li>\n<\/ul>\n\n\n\n<p>Cadascun d\u2019aquests aspectes es puntuar\u00e0 sobre 10 i la puntuaci\u00f3 total m\u00ednima per obtenir l\u2019homologaci\u00f3 ser\u00e0 de 20 punts.<\/p>\n","protected":false},"excerpt":{"rendered":"<p>Tots els prove\u00efdors nous, dels quals la facturaci\u00f3 anual previsible sigui superior a 3.000 \u20ac, hauran de ser objecte del procediment d\u2019homologaci\u00f3.<\/p>\n<p>Els criteris que es tindran en compte en l\u2019homologaci\u00f3 seran els seg\u00fcents:<\/p>\n<ul class=\"wp-block-list\">\n<li>Preus i condicions econ\u00f2miques (En refer\u00e8ncia a d\u2019altres prove\u00efdors)<\/li>\n<li>Facilitat compra (Proximitat f\u00edsica&hellip;  <a href=\"https:\/\/agora.xtec.cat\/iticbcn\/linstitut\/criteris-dhomologacio-de-proveidors-nous\/\" title=\"Read Criteris d\u2019homologaci\u00f3 de prove\u00efdors nous\">Llegeix m\u00e9s\u00bb<\/a><br \/>\n","protected":false},"author":4,"featured_media":0,"parent":19,"menu_order":100,"comment_status":"closed","ping_status":"close","template":"page-templates\/side-menu.php","meta":{"_bbp_topic_count":0,"_bbp_reply_count":0,"_bbp_total_topic_count":0,"_bbp_total_reply_count":0,"_bbp_voice_count":0,"_bbp_anonymous_reply_count":0,"_bbp_topic_count_hidden":0,"_bbp_reply_count_hidden":0,"_bbp_forum_subforum_count":0,"footnotes":""},"class_list":["post-3378","page","type-page","status-publish","hentry"],"post_mailing_queue_ids":[],"_links":{"self":[{"href":"https:\/\/agora.xtec.cat\/iticbcn\/wp-json\/wp\/v2\/pages\/3378","targetHints":{"allow":["GET"]}}],"collection":[{"href":"https:\/\/agora.xtec.cat\/iticbcn\/wp-json\/wp\/v2\/pages"}],"about":[{"href":"https:\/\/agora.xtec.cat\/iticbcn\/wp-json\/wp\/v2\/types\/page"}],"author":[{"embeddable":true,"href":"https:\/\/agora.xtec.cat\/iticbcn\/wp-json\/wp\/v2\/users\/4"}],"replies":[{"embeddable":true,"href":"https:\/\/agora.xtec.cat\/iticbcn\/wp-json\/wp\/v2\/comments?post=3378"}],"version-history":[{"count":2,"href":"https:\/\/agora.xtec.cat\/iticbcn\/wp-json\/wp\/v2\/pages\/3378\/revisions"}],"predecessor-version":[{"id":3435,"href":"https:\/\/agora.xtec.cat\/iticbcn\/wp-json\/wp\/v2\/pages\/3378\/revisions\/3435"}],"up":[{"embeddable":true,"href":"https:\/\/agora.xtec.cat\/iticbcn\/wp-json\/wp\/v2\/pages\/19"}],"wp:attachment":[{"href":"https:\/\/agora.xtec.cat\/iticbcn\/wp-json\/wp\/v2\/media?parent=3378"}],"curies":[{"name":"wp","href":"https:\/\/api.w.org\/{rel}","templated":true}]}}