{"id":2804,"date":"2025-06-17T11:50:46","date_gmt":"2025-06-17T09:50:46","guid":{"rendered":"https:\/\/agora.xtec.cat\/iticbcn\/?page_id=2804"},"modified":"2025-06-23T08:46:46","modified_gmt":"2025-06-23T06:46:46","slug":"mobilitats","status":"publish","type":"page","link":"https:\/\/agora.xtec.cat\/iticbcn\/international-mobility\/mobilitats\/","title":{"rendered":"Recull d&#8217;experi\u00e8ncies"},"content":{"rendered":"\n<p class=\"has-small-font-size\">En aquest espai es mostren experi\u00e8ncies de mobilitat internacional a l&#8217;Institut TIC de Barcelona, des de l&#8217;any de la seva creaci\u00f3.&nbsp; S&#8217;inclouen estades d&#8217;alumnat i professorat, aix\u00ed com les visites que ens han fet des de centres d&#8217;altres pa\u00efsos.&nbsp;<\/p>\n\n\n\n<figure class=\"wp-block-image size-large\"><a href=\"https:\/\/agora.xtec.cat\/iticbcn\/wp-content\/uploads\/usu2389\/2025\/06\/ITIC_RETOCADA-scaled.jpg\"><img loading=\"lazy\" decoding=\"async\" width=\"1024\" height=\"576\" src=\"https:\/\/agora.xtec.cat\/iticbcn\/wp-content\/uploads\/usu2389\/2025\/06\/ITIC_RETOCADA-1024x576.jpg\" alt=\"\" class=\"wp-image-2874\" srcset=\"https:\/\/agora.xtec.cat\/iticbcn\/wp-content\/uploads\/usu2389\/2025\/06\/ITIC_RETOCADA-1024x576.jpg 1024w, https:\/\/agora.xtec.cat\/iticbcn\/wp-content\/uploads\/usu2389\/2025\/06\/ITIC_RETOCADA-300x169.jpg 300w, https:\/\/agora.xtec.cat\/iticbcn\/wp-content\/uploads\/usu2389\/2025\/06\/ITIC_RETOCADA-768x432.jpg 768w, https:\/\/agora.xtec.cat\/iticbcn\/wp-content\/uploads\/usu2389\/2025\/06\/ITIC_RETOCADA-1536x864.jpg 1536w, https:\/\/agora.xtec.cat\/iticbcn\/wp-content\/uploads\/usu2389\/2025\/06\/ITIC_RETOCADA-2048x1152.jpg 2048w\" sizes=\"auto, (max-width: 1024px) 100vw, 1024px\" \/><\/a><\/figure>\n\n\n\n<h2 class=\"wp-block-heading has-text-align-center\"><\/h2>\n\n\n\n<p><\/p>\n\n\n\n<p><\/p>\n","protected":false},"excerpt":{"rendered":"<p>En aquest espai es mostren experi\u00e8ncies de mobilitat internacional a l&#8217;Institut TIC de Barcelona, des de l&#8217;any de la seva creaci\u00f3.&nbsp; S&#8217;inclouen estades d&#8217;alumnat i professorat, aix\u00ed com les visites que ens han fet des de centres d&#8217;altres pa\u00efsos.&nbsp;<\/p>\n<p><a href=\"https:\/\/agora.xtec.cat\/iticbcn\/wp-content\/uploads\/usu2389\/2025\/06\/ITIC_RETOCADA-scaled.jpg\"><\/a><\/p>\n","protected":false},"author":116,"featured_media":2806,"parent":877,"menu_order":10,"comment_status":"closed","ping_status":"close","template":"page-templates\/side-menu.php","meta":{"_bbp_topic_count":0,"_bbp_reply_count":0,"_bbp_total_topic_count":0,"_bbp_total_reply_count":0,"_bbp_voice_count":0,"_bbp_anonymous_reply_count":0,"_bbp_topic_count_hidden":0,"_bbp_reply_count_hidden":0,"_bbp_forum_subforum_count":0,"footnotes":""},"class_list":["post-2804","page","type-page","status-publish","has-post-thumbnail","hentry"],"post_mailing_queue_ids":[],"_links":{"self":[{"href":"https:\/\/agora.xtec.cat\/iticbcn\/wp-json\/wp\/v2\/pages\/2804","targetHints":{"allow":["GET"]}}],"collection":[{"href":"https:\/\/agora.xtec.cat\/iticbcn\/wp-json\/wp\/v2\/pages"}],"about":[{"href":"https:\/\/agora.xtec.cat\/iticbcn\/wp-json\/wp\/v2\/types\/page"}],"author":[{"embeddable":true,"href":"https:\/\/agora.xtec.cat\/iticbcn\/wp-json\/wp\/v2\/users\/116"}],"replies":[{"embeddable":true,"href":"https:\/\/agora.xtec.cat\/iticbcn\/wp-json\/wp\/v2\/comments?post=2804"}],"version-history":[{"count":5,"href":"https:\/\/agora.xtec.cat\/iticbcn\/wp-json\/wp\/v2\/pages\/2804\/revisions"}],"predecessor-version":[{"id":2903,"href":"https:\/\/agora.xtec.cat\/iticbcn\/wp-json\/wp\/v2\/pages\/2804\/revisions\/2903"}],"up":[{"embeddable":true,"href":"https:\/\/agora.xtec.cat\/iticbcn\/wp-json\/wp\/v2\/pages\/877"}],"wp:featuredmedia":[{"embeddable":true,"href":"https:\/\/agora.xtec.cat\/iticbcn\/wp-json\/wp\/v2\/media\/2806"}],"wp:attachment":[{"href":"https:\/\/agora.xtec.cat\/iticbcn\/wp-json\/wp\/v2\/media?parent=2804"}],"curies":[{"name":"wp","href":"https:\/\/api.w.org\/{rel}","templated":true}]}}