{"id":2710,"date":"2025-05-06T19:16:27","date_gmt":"2025-05-06T17:16:27","guid":{"rendered":"https:\/\/agora.xtec.cat\/iticbcn\/?page_id=2710"},"modified":"2025-05-06T22:26:34","modified_gmt":"2025-05-06T20:26:34","slug":"ce-en-desenvolupament-daplicacions-en-llenguatge-python","status":"publish","type":"page","link":"https:\/\/agora.xtec.cat\/iticbcn\/projecte-educatiu\/ce-en-desenvolupament-daplicacions-en-llenguatge-python\/","title":{"rendered":"CE en Desenvolupament d\u2019Aplicacions en Llenguatge Python"},"content":{"rendered":"\n<h3 class=\"wp-block-heading\">Introducci\u00f3<\/h3>\n\n\n\n<h4 class=\"wp-block-heading\">Qu\u00e8 estudiar\u00e9?<\/h4>\n\n\n\n<p>La compet\u00e8ncia general d&#8217;aquest curs d&#8217;especialitzaci\u00f3 consisteix a desenvolupar aplicacions en llenguatge Python, optimitzant la programaci\u00f3, seleccionant l&#8217;arquitectura m\u00e9s adequada i verificant els resultats d&#8217;acord amb les solucions a implementar.<\/p>\n\n\n\n<h4 class=\"wp-block-heading\">En quin horari?<\/h4>\n\n\n\n<p>El curs d\u2019especialitzaci\u00f3 s\u2019impartir\u00e0 en horari de tarda, a partir de les 18:00 h.<\/p>\n\n\n\n<h3 class=\"wp-block-heading\">Objectius<\/h3>\n\n\n\n<p>Els objectius generals d\u2019aquest curs s\u00f3n els seg\u00fcents:<\/p>\n\n\n\n<ul class=\"wp-block-list\">\n<li>Analitzar propostes a resoldre amb Python identificant les dades sobre les quals s&#8217;opera i les estrat\u00e8gies conduents a la seva resoluci\u00f3.<\/li>\n\n\n\n<li>Indicar les solucions adoptades per a la resoluci\u00f3 dels problemes plantejats d&#8217;acord amb les estrat\u00e8gies definides.<\/li>\n\n\n\n<li>Desenvolupar els diagrames de flux corresponents a les solucions adoptades.<\/li>\n\n\n\n<li>Definir arquitectures de codi eficients.<\/li>\n\n\n\n<li>Aplicar conceptes de la programaci\u00f3 orientada a objectes.<\/li>\n\n\n\n<li>Aplicar bones pr\u00e0ctiques de programaci\u00f3 en el desenvolupament de les aplicacions.<\/li>\n\n\n\n<li>Aplicar correctament la sintaxi del llenguatge en les diverses expressions de programaci\u00f3.<\/li>\n\n\n\n<li>Realitzar proves parcials dels desenvolupaments de les aplicacions per verificar el funcionament correcte de les etapes interm\u00e8dies i possibilitar la depuraci\u00f3 del programa.<\/li>\n\n\n\n<li>Provar el funcionament del programa en diferents entorns d&#8217;acord amb el problema a resoldre i verificant que s&#8217;ajusta a les solucions adoptades.<\/li>\n\n\n\n<li>Organitzar i desenvolupar projectes gestors de clients utilitzant classes, proves unit\u00e0ries, persist\u00e8ncia i una interf\u00edcie gr\u00e0fica.<\/li>\n\n\n\n<li>Adaptar-se a les noves situacions laborals originades per canvis tecnol\u00f2gics i organitzatius en la seva activitat laboral.<\/li>\n\n\n\n<li>Complir les tasques pr\u00f2pies del seu nivell amb autonomia i responsabilitat, efectuades de manera individual o com a membre d&#8217;un equip de treball.<\/li>\n\n\n\n<li>Comunicar-se efica\u00e7ment, respectant l&#8217;autonomia i la compet\u00e8ncia de les persones que intervenen en el seu \u00e0mbit de treball.<\/li>\n\n\n\n<li>Complir les normes de qualitat, d&#8217;accessibilitat universal i de disseny per a tothom que afecten la seva activitat professional.<\/li>\n\n\n\n<li>Actuar amb esperit emprenedor i iniciativa personal en l&#8217;elecci\u00f3 o aplicaci\u00f3 dels procediments de la seva activitat professional.<\/li>\n\n\n\n<li>Exercir els seus drets i complir amb les obligacions derivades de la seva activitat professional, d&#8217;acord amb el que estableix la legislaci\u00f3 vigent, participant activament en la vida econ\u00f2mica, social i cultural.<\/li>\n<\/ul>\n\n\n\n<h3 class=\"wp-block-heading\">Estructura<\/h3>\n\n\n\n<h4 class=\"wp-block-heading\">Pla d\u2019estudis<\/h4>\n\n\n\n<ul class=\"wp-block-list\">\n<li>MP5098. Entorns i sintaxis en Python 33h (1 hora setmanal).<\/li>\n\n\n\n<li>MP5099. Estructures de control en Python 66h (2 hores setmanals).<\/li>\n\n\n\n<li>MP5100. Programaci\u00f3 orientada a objectes 132h (4 hores setmanals)<\/li>\n\n\n\n<li>MP5101. An\u00e0lisi de dades amb Python 99h (3 hores setmanals).<\/li>\n\n\n\n<li>MPC094. Projecte de Desenvolupament d\u2019Aplicacions en Llenguatge Python 100h (3 hores setmanals)<\/li>\n<\/ul>\n\n\n\n<h3 class=\"wp-block-heading\">Titulacions que donen acc\u00e9s<\/h3>\n\n\n\n<ul class=\"wp-block-list\">\n<li>CFPS ICA0 Administraci\u00f3 de sistemes inform\u00e0tics en xarxa<\/li>\n\n\n\n<li>CFPS ICB0 Desenvolupament d\u2019aplicacions multiplataforma<\/li>\n\n\n\n<li>CFPS ICC0 Desenvolupament d\u2019aplicacions web<\/li>\n\n\n\n<li>CFPS EEA0 Sistemes Electrot\u00e8cnics i Automatitzats<\/li>\n\n\n\n<li>CFPS EEB0 Automatitzaci\u00f3 i Rob\u00f2tica Industrial<\/li>\n\n\n\n<li>CFPS EEC0 Manteniment Electr\u00f2nic<\/li>\n\n\n\n<li>CFPS EED0 Sistemes de Telecomunicacions i Inform\u00e0tics<\/li>\n\n\n\n<li>CFPS EEE0 Electromedicina Cl\u00ednica<\/li>\n\n\n\n<li>CFPS IMA0 Manteniment d&#8217;Instal\u00b7lacions T\u00e8rmiques i de Fluids<\/li>\n\n\n\n<li>CFPS IMB0 Desenvolupament de Projectes d&#8217;Instal\u00b7lacions T\u00e8rmiques i de Fluids<\/li>\n\n\n\n<li>CFPS IMC0 Mecatr\u00f2nica Industrial<\/li>\n<\/ul>\n","protected":false},"excerpt":{"rendered":"<p>Introducci\u00f3<\/p>\n<p>Qu\u00e8 estudiar\u00e9?<\/p>\n<p>La compet\u00e8ncia general d&#8217;aquest curs d&#8217;especialitzaci\u00f3 consisteix a desenvolupar aplicacions en llenguatge Python, optimitzant la programaci\u00f3, seleccionant l&#8217;arquitectura m\u00e9s adequada i verificant els resultats d&#8217;acord amb les solucions a implementar.<\/p>\n<p>En quin horari?<\/p>\n<p>El curs d\u2019especialitzaci\u00f3 s\u2019impartir\u00e0 en horari de tarda, a partir de les 18:00&hellip;  <a href=\"https:\/\/agora.xtec.cat\/iticbcn\/projecte-educatiu\/ce-en-desenvolupament-daplicacions-en-llenguatge-python\/\" title=\"Read CE en Desenvolupament d\u2019Aplicacions en Llenguatge Python\">Llegeix m\u00e9s\u00bb<\/a><\/p>\n","protected":false},"author":4,"featured_media":0,"parent":57,"menu_order":70,"comment_status":"closed","ping_status":"close","template":"page-templates\/side-menu.php","meta":{"_bbp_topic_count":0,"_bbp_reply_count":0,"_bbp_total_topic_count":0,"_bbp_total_reply_count":0,"_bbp_voice_count":0,"_bbp_anonymous_reply_count":0,"_bbp_topic_count_hidden":0,"_bbp_reply_count_hidden":0,"_bbp_forum_subforum_count":0,"footnotes":""},"class_list":["post-2710","page","type-page","status-publish","hentry"],"post_mailing_queue_ids":[],"_links":{"self":[{"href":"https:\/\/agora.xtec.cat\/iticbcn\/wp-json\/wp\/v2\/pages\/2710","targetHints":{"allow":["GET"]}}],"collection":[{"href":"https:\/\/agora.xtec.cat\/iticbcn\/wp-json\/wp\/v2\/pages"}],"about":[{"href":"https:\/\/agora.xtec.cat\/iticbcn\/wp-json\/wp\/v2\/types\/page"}],"author":[{"embeddable":true,"href":"https:\/\/agora.xtec.cat\/iticbcn\/wp-json\/wp\/v2\/users\/4"}],"replies":[{"embeddable":true,"href":"https:\/\/agora.xtec.cat\/iticbcn\/wp-json\/wp\/v2\/comments?post=2710"}],"version-history":[{"count":4,"href":"https:\/\/agora.xtec.cat\/iticbcn\/wp-json\/wp\/v2\/pages\/2710\/revisions"}],"predecessor-version":[{"id":3604,"href":"https:\/\/agora.xtec.cat\/iticbcn\/wp-json\/wp\/v2\/pages\/2710\/revisions\/3604"}],"up":[{"embeddable":true,"href":"https:\/\/agora.xtec.cat\/iticbcn\/wp-json\/wp\/v2\/pages\/57"}],"wp:attachment":[{"href":"https:\/\/agora.xtec.cat\/iticbcn\/wp-json\/wp\/v2\/media?parent=2710"}],"curies":[{"name":"wp","href":"https:\/\/api.w.org\/{rel}","templated":true}]}}