{"id":27,"date":"2014-09-17T16:24:03","date_gmt":"2014-09-17T16:24:03","guid":{"rendered":"http:\/\/agora.xtec.cat\/iticbcn\/?page_id=27"},"modified":"2025-02-19T16:53:21","modified_gmt":"2025-02-19T15:53:21","slug":"historia","status":"publish","type":"page","link":"https:\/\/agora.xtec.cat\/iticbcn\/linstitut\/historia\/","title":{"rendered":"Hist\u00f2ria"},"content":{"rendered":"<p><strong>Any 2023<\/strong><\/p>\n<p>Les persones responsables del CEB (Consorci d\u2019Educaci\u00f3 de Barcelona), com a servei territorial del Departament d\u2019Educaci\u00f3 de Catalunya, dins del pla director d&#8217;ordenaci\u00f3 de l&#8217;oferta educativa de la ciutat de Barcelona aproven la creaci\u00f3 de l\u2019<b>Institut TIC de Barcelona<\/b> (Institut de Tecnologies de la Informaci\u00f3 i la Comunicaci\u00f3 de Barcelona).<\/p>\n<p>Aquest nou centre concentrar\u00e0 l&#8217;oferta educativa de formaci\u00f3 professional, de la fam\u00edlia d&#8217;<strong>Inform\u00e0tica i Comunicacions<\/strong>, de dos instituts de la ciutat de Barcelona: l&#8217;<a href=\"https:\/\/www.jaumebalmes.net\/\" target=\"_blank\" rel=\"noopener\">Institut <b>Jaume Balmes<\/b><\/a> i l&#8217;<a href=\"http:\/\/www.insjoandaustria.org\/\" target=\"_blank\" rel=\"noopener\">Institut <b>Joan d\u2019\u00c0ustria<\/b><\/a><b>, <\/b>que deixaran d\u2019oferir aquestes ofertes educatives en finalitzar el curs acad\u00e8mic 2022-2023.<\/p>\n<p>Es determina que <strong>en aquest nou centre s&#8217;ampliar\u00e0 l&#8217;oferta educativa dels dos centres d&#8217;origen<\/strong>, amb noves etapes i estudis, com els <strong>PFI<\/strong>, que no estaven implantats als instituts indicats.<\/p>\n<p><strong>Any 2024<\/strong><\/p>\n<p>D&#8217;acord amb el pla director de planificaci\u00f3 dels estudis d&#8217;FP, a la ciutat de Barcelona, a partir del curs 2024-2025 l&#8217;<strong>Institut TIC de Barcelona<\/strong> absorbeix tota l&#8217;oferta educativa -de la fam\u00edlia d&#8217;Inform\u00e0tica i Comunicacions- que s&#8217;oferia a l&#8217;<strong>Institut La Guineueta<\/strong>.<\/p>\n","protected":false},"excerpt":{"rendered":"<p>Any 2023<br \/>\nLes persones responsables del CEB (Consorci d\u2019Educaci\u00f3 de Barcelona), com a servei territorial del Departament d\u2019Educaci\u00f3 de Catalunya, dins del pla director d&#8217;ordenaci\u00f3 de l&#8217;oferta educativa de la ciutat de Barcelona aproven la creaci\u00f3 de l\u2019Institut TIC de Barcelona (Institut de Tecnologies de la&hellip;  <a href=\"https:\/\/agora.xtec.cat\/iticbcn\/linstitut\/historia\/\" title=\"Read Hist\u00f2ria\">Llegeix m\u00e9s\u00bb<\/a><\/p>\n","protected":false},"author":1,"featured_media":0,"parent":19,"menu_order":10,"comment_status":"closed","ping_status":"closed","template":"page-templates\/side-menu.php","meta":{"_bbp_topic_count":0,"_bbp_reply_count":0,"_bbp_total_topic_count":0,"_bbp_total_reply_count":0,"_bbp_voice_count":0,"_bbp_anonymous_reply_count":0,"_bbp_topic_count_hidden":0,"_bbp_reply_count_hidden":0,"_bbp_forum_subforum_count":0,"footnotes":""},"class_list":["post-27","page","type-page","status-publish","hentry"],"post_mailing_queue_ids":[],"_links":{"self":[{"href":"https:\/\/agora.xtec.cat\/iticbcn\/wp-json\/wp\/v2\/pages\/27","targetHints":{"allow":["GET"]}}],"collection":[{"href":"https:\/\/agora.xtec.cat\/iticbcn\/wp-json\/wp\/v2\/pages"}],"about":[{"href":"https:\/\/agora.xtec.cat\/iticbcn\/wp-json\/wp\/v2\/types\/page"}],"author":[{"embeddable":true,"href":"https:\/\/agora.xtec.cat\/iticbcn\/wp-json\/wp\/v2\/users\/1"}],"replies":[{"embeddable":true,"href":"https:\/\/agora.xtec.cat\/iticbcn\/wp-json\/wp\/v2\/comments?post=27"}],"version-history":[{"count":5,"href":"https:\/\/agora.xtec.cat\/iticbcn\/wp-json\/wp\/v2\/pages\/27\/revisions"}],"predecessor-version":[{"id":2288,"href":"https:\/\/agora.xtec.cat\/iticbcn\/wp-json\/wp\/v2\/pages\/27\/revisions\/2288"}],"up":[{"embeddable":true,"href":"https:\/\/agora.xtec.cat\/iticbcn\/wp-json\/wp\/v2\/pages\/19"}],"wp:attachment":[{"href":"https:\/\/agora.xtec.cat\/iticbcn\/wp-json\/wp\/v2\/media?parent=27"}],"curies":[{"name":"wp","href":"https:\/\/api.w.org\/{rel}","templated":true}]}}